{"id":23319,"date":"2024-04-16T08:48:43","date_gmt":"2024-04-16T06:48:43","guid":{"rendered":"https:\/\/www.cerege.fr\/?page_id=23319"},"modified":"2024-04-17T08:29:48","modified_gmt":"2024-04-17T06:29:48","slug":"colloques-du-cerege","status":"publish","type":"page","link":"https:\/\/www.cerege.fr\/fr\/formations\/enseignements-college-de-france\/colloques-du-cerege\/","title":{"rendered":"Colloque \u00ab Grotte Cosquer et Niveaux marins \u00bb"},"content":{"rendered":"\t\t<div data-elementor-type=\"wp-page\" data-elementor-id=\"23319\" class=\"elementor elementor-23319\" data-elementor-post-type=\"page\">\n\t\t\t\t\t\t<section class=\"elementor-section elementor-top-section elementor-element elementor-element-60fb5122 elementor-section-full_width elementor-section-height-min-height elementor-section-height-default elementor-section-items-middle\" data-id=\"60fb5122\" data-element_type=\"section\" data-e-type=\"section\" data-settings=\"{&quot;background_background&quot;:&quot;classic&quot;}\">\n\t\t\t\t\t\t<div class=\"elementor-container elementor-column-gap-default\">\n\t\t\t\t\t<div class=\"elementor-column elementor-col-100 elementor-top-column elementor-element elementor-element-68007c90\" data-id=\"68007c90\" data-element_type=\"column\" data-e-type=\"column\">\n\t\t\t<div class=\"elementor-widget-wrap\">\n\t\t\t\t\t\t\t<\/div>\n\t\t<\/div>\n\t\t\t\t\t<\/div>\n\t\t<\/section>\n\t\t\t\t<section class=\"elementor-section elementor-top-section elementor-element elementor-element-7c448c5d elementor-section-boxed elementor-section-height-default elementor-section-height-default\" data-id=\"7c448c5d\" data-element_type=\"section\" data-e-type=\"section\">\n\t\t\t\t\t\t<div class=\"elementor-container elementor-column-gap-default\">\n\t\t\t\t\t<div class=\"elementor-column elementor-col-100 elementor-top-column elementor-element elementor-element-7b0d951a\" data-id=\"7b0d951a\" data-element_type=\"column\" data-e-type=\"column\">\n\t\t\t<div class=\"elementor-widget-wrap elementor-element-populated\">\n\t\t\t\t\t\t<div class=\"elementor-element elementor-element-11514672 elementor-widget elementor-widget-shortcode\" data-id=\"11514672\" data-element_type=\"widget\" data-e-type=\"widget\" data-widget_type=\"shortcode.default\">\n\t\t\t\t<div class=\"elementor-widget-container\">\n\t\t\t\t\t\t\t<div class=\"elementor-shortcode\"><nav aria-label=\"breadcrumbs\">\n            <div class=\"breadcrumb-container theme1\">\n                <ol>\n                                    <\/ol>\n            <\/div>\n        <\/nav>    <script type=\"application\/ld+json\">\n        {\n            \"@context\": \"http:\/\/schema.org\",\n            \"@type\": \"BreadcrumbList\",\n            \"itemListElement\": [\n                            ]\n        }\n    <\/script>\n   \n    <script>\n            <\/script>\n<\/div>\n\t\t\t\t\t\t<\/div>\n\t\t\t\t<\/div>\n\t\t\t\t<div class=\"elementor-element elementor-element-39953f3a elementor-widget elementor-widget-heading\" data-id=\"39953f3a\" data-element_type=\"widget\" data-e-type=\"widget\" data-widget_type=\"heading.default\">\n\t\t\t\t<div class=\"elementor-widget-container\">\n\t\t\t\t\t<h1 class=\"elementor-heading-title elementor-size-default\">Colloque \u00ab Grotte Cosquer et Niveaux marins \u00bb<\/h1>\t\t\t\t<\/div>\n\t\t\t\t<\/div>\n\t\t\t\t<section class=\"elementor-section elementor-inner-section elementor-element elementor-element-4571935 elementor-section-boxed elementor-section-height-default elementor-section-height-default\" data-id=\"4571935\" data-element_type=\"section\" data-e-type=\"section\">\n\t\t\t\t\t\t<div class=\"elementor-container elementor-column-gap-default\">\n\t\t\t\t\t<div class=\"elementor-column elementor-col-50 elementor-inner-column elementor-element elementor-element-fee0dbe\" data-id=\"fee0dbe\" data-element_type=\"column\" data-e-type=\"column\">\n\t\t\t<div class=\"elementor-widget-wrap elementor-element-populated\">\n\t\t\t\t\t\t<div class=\"elementor-element elementor-element-81781ad elementor-widget elementor-widget-text-editor\" data-id=\"81781ad\" data-element_type=\"widget\" data-e-type=\"widget\" data-widget_type=\"text-editor.default\">\n\t\t\t\t<div class=\"elementor-widget-container\">\n\t\t\t\t\t\t\t\t\t<h2><span style=\"font-weight: normal;\">\u00ab Les enjeux de la mont\u00e9e des mers \u00bb<\/span><\/h2><p><b>9 septembre 2021, Amphith\u00e9\u00e2tre du MUCEM, Marseille<\/b>. <br \/>Organis\u00e9 par Aix-Marseille Universit\u00e9 et le Coll\u00e8ge de France en partenariat avec Kleber Rossillon<\/p><p>Kleber Rossillon (Cosquer M\u00e9diterrann\u00e9e) <br \/><a href=\"https:\/\/www.youtube.com\/watch?v=GgRsqpIWACc\" target=\"_blank\" rel=\"noopener\"><em>\u00ab Accueil et introduction \u00bb<\/em><\/a><\/p><p>Edouard Bard (Coll\u00e8ge de France &amp; CEREGE) <br \/><a href=\"https:\/\/www.youtube.com\/watch?v=SdGqp35hAP4\" target=\"_blank\" rel=\"noopener\"><em>\u00abIntroduction du colloque sur les enjeux de la mont\u00e9e des mers \u00bb<\/em><\/a><\/p><p>C\u00e9cile Miramont (Aix Marseille Universit\u00e9 &amp; IMBE)<em> <br \/><a href=\"https:\/\/www.youtube.com\/watch?v=hvD_QNqgdU8\" target=\"_blank\" rel=\"noopener\">\u00ab L\u2019histoire des paysages en Provence depuis la derni\u00e8re glaciation \u00bb<\/a><\/em><\/p><p>Jean-Jacques Hublin (Coll\u00e8ge de France &amp; Institut Max Planck de Leipzig) <br \/><a href=\"https:\/\/www.youtube.com\/watch?v=-zpcwy7vEtM\" target=\"_blank\" rel=\"noopener\"><em>\u00abCons\u00e9quences pour l\u2019esp\u00e8ce humaine de la fin de la p\u00e9riode glaciaire \u00bb<\/em><\/a><\/p><p>Michel Philippe (Universit\u00e9 de Tours &amp; CITERES-LAT) <br \/><a href=\"https:\/\/www.youtube.com\/watch?v=f0ebctDQrA4\" target=\"_blank\" rel=\"noopener\"><em>\u00ab Premi\u00e8res navigations europ\u00e9ennes : \u00e9tat des connaissances et perspectives de recherche \u00bb<\/em><\/a><\/p><p>Catherine Ritz (CNRS &amp; IGE de Grenoble) <br \/><em><a href=\"https:\/\/www.youtube.com\/watch?v=9tFu0Eg8vOI\" target=\"_blank\" rel=\"noopener\">\u00ab Cartographie de la couverture glaciaire du globe au dernier maximum glaciaire \u00bb<\/a><\/em><\/p><p>Edouard Bard (Coll\u00e8ge de France &amp; CEREGE) <br \/><a href=\"https:\/\/www.youtube.com\/watch?v=Dcya5-q_eqQ\" target=\"_blank\" rel=\"noopener\"><em>\u00ab La mont\u00e9e du niveau marin et ses causes depuis le dernier maximum glaciaire \u00bb<\/em><\/a><\/p><p>Christophe Morhange (Aix Marseille Universit\u00e9 &amp; CEREGE) <br \/><a href=\"https:\/\/www.youtube.com\/watch?v=aIhYjeNYE9E\" target=\"_blank\" rel=\"noopener\"><em>\u00ab G\u00e9oarch\u00e9ologie du niveau marin. Du d\u00e9ni \u00e0 l&#8217;obsession ? \u00bb<\/em><\/a><\/p><p>Anny Cazenave (CNES &amp; LEGOS de Toulouse)<br \/><em><a href=\"https:\/\/www.youtube.com\/watch?v=r7_6T59TlnQ\" target=\"_blank\" rel=\"noopener\"> \u00ab La mont\u00e9e de la mer : constat et pr\u00e9visions \u00bb<\/a><\/em><\/p><p>Virginie Duvat (Universit\u00e9 de La Rochelle &amp; LIENSs) <br \/><a href=\"https:\/\/www.youtube.com\/watch?v=Jhm5g9AiT28\" target=\"_blank\" rel=\"noopener\"><em>\u00ab En quoi l&#8217;\u00e9l\u00e9vation du niveau marin menace-t-elle les espaces c\u00f4tiers et insulaires de devenir inhabitables? \u00bb<\/em><\/a><\/p><p>Bruno Arfib (Aix Marseille Universit\u00e9 &amp; CEREGE) <br \/><a href=\"https:\/\/www.youtube.com\/watch?v=XQIwvJ7SjYY\" target=\"_blank\" rel=\"noopener\"><em>\u00ab L&#8217;adaptation du karst de la grotte Cosquer aux variations du niveau de l\u2019eau\u00bb<\/em><\/a><\/p>\t\t\t\t\t\t\t\t<\/div>\n\t\t\t\t<\/div>\n\t\t\t\t\t<\/div>\n\t\t<\/div>\n\t\t\t\t<div class=\"elementor-column elementor-col-50 elementor-inner-column elementor-element elementor-element-f65f550\" data-id=\"f65f550\" data-element_type=\"column\" data-e-type=\"column\">\n\t\t\t<div class=\"elementor-widget-wrap elementor-element-populated\">\n\t\t\t\t\t\t<div class=\"elementor-element elementor-element-29ef02f elementor-widget elementor-widget-image\" data-id=\"29ef02f\" data-element_type=\"widget\" data-e-type=\"widget\" data-widget_type=\"image.default\">\n\t\t\t\t<div class=\"elementor-widget-container\">\n\t\t\t\t\t\t\t\t\t\t\t\t\t\t\t\t<a href=\"https:\/\/www.cerege.fr\/wp-admin\/post.php?post=3513&#038;action=elementor\">\n\t\t\t\t\t\t\t<img fetchpriority=\"high\" decoding=\"async\" width=\"800\" height=\"600\" src=\"https:\/\/www.cerege.fr\/wp-content\/uploads\/2024\/04\/Panneau_des_chevaux_-_Cosquer_Mediterranee-1024x768.jpg\" class=\"attachment-large size-large wp-image-23344\" alt=\"\" srcset=\"https:\/\/www.cerege.fr\/wp-content\/uploads\/2024\/04\/Panneau_des_chevaux_-_Cosquer_Mediterranee-1024x768.jpg 1024w, https:\/\/www.cerege.fr\/wp-content\/uploads\/2024\/04\/Panneau_des_chevaux_-_Cosquer_Mediterranee-300x225.jpg 300w, https:\/\/www.cerege.fr\/wp-content\/uploads\/2024\/04\/Panneau_des_chevaux_-_Cosquer_Mediterranee-768x576.jpg 768w, https:\/\/www.cerege.fr\/wp-content\/uploads\/2024\/04\/Panneau_des_chevaux_-_Cosquer_Mediterranee-1536x1152.jpg 1536w, https:\/\/www.cerege.fr\/wp-content\/uploads\/2024\/04\/Panneau_des_chevaux_-_Cosquer_Mediterranee-16x12.jpg 16w, https:\/\/www.cerege.fr\/wp-content\/uploads\/2024\/04\/Panneau_des_chevaux_-_Cosquer_Mediterranee-1320x990.jpg 1320w, https:\/\/www.cerege.fr\/wp-content\/uploads\/2024\/04\/Panneau_des_chevaux_-_Cosquer_Mediterranee.jpg 1920w\" sizes=\"(max-width: 800px) 100vw, 800px\" \/>\t\t\t\t\t\t\t\t<\/a>\n\t\t\t\t\t\t\t\t\t\t\t\t\t\t\t<\/div>\n\t\t\t\t<\/div>\n\t\t\t\t\t<\/div>\n\t\t<\/div>\n\t\t\t\t\t<\/div>\n\t\t<\/section>\n\t\t\t\t\t<\/div>\n\t\t<\/div>\n\t\t\t\t\t<\/div>\n\t\t<\/section>\n\t\t\t\t<\/div>\n\t\t","protected":false},"excerpt":{"rendered":"<p>Colloque \u00ab Grotte Cosquer et Niveaux marins \u00bb \u00ab Les enjeux de la mont\u00e9e des mers \u00bb 9 septembre 2021, Amphith\u00e9\u00e2tre du MUCEM, Marseille. Organis\u00e9 par Aix-Marseille Universit\u00e9 et le [&hellip;]<\/p>\n","protected":false},"author":551,"featured_media":23320,"parent":18270,"menu_order":0,"comment_status":"closed","ping_status":"closed","template":"","meta":{"_acf_changed":false,"footnotes":""},"class_list":["post-23319","page","type-page","status-publish","has-post-thumbnail","hentry"],"acf":[],"publishpress_future_action":{"enabled":false,"date":"2026-05-11 10:52:09","action":"change-status","newStatus":"draft","terms":[],"taxonomy":"","extraData":[]},"publishpress_future_workflow_manual_trigger":{"enabledWorkflows":[]},"_links":{"self":[{"href":"https:\/\/www.cerege.fr\/fr\/wp-json\/wp\/v2\/pages\/23319","targetHints":{"allow":["GET"]}}],"collection":[{"href":"https:\/\/www.cerege.fr\/fr\/wp-json\/wp\/v2\/pages"}],"about":[{"href":"https:\/\/www.cerege.fr\/fr\/wp-json\/wp\/v2\/types\/page"}],"author":[{"embeddable":true,"href":"https:\/\/www.cerege.fr\/fr\/wp-json\/wp\/v2\/users\/551"}],"replies":[{"embeddable":true,"href":"https:\/\/www.cerege.fr\/fr\/wp-json\/wp\/v2\/comments?post=23319"}],"version-history":[{"count":5,"href":"https:\/\/www.cerege.fr\/fr\/wp-json\/wp\/v2\/pages\/23319\/revisions"}],"predecessor-version":[{"id":23381,"href":"https:\/\/www.cerege.fr\/fr\/wp-json\/wp\/v2\/pages\/23319\/revisions\/23381"}],"up":[{"embeddable":true,"href":"https:\/\/www.cerege.fr\/fr\/wp-json\/wp\/v2\/pages\/18270"}],"wp:featuredmedia":[{"embeddable":true,"href":"https:\/\/www.cerege.fr\/fr\/wp-json\/wp\/v2\/media\/23320"}],"wp:attachment":[{"href":"https:\/\/www.cerege.fr\/fr\/wp-json\/wp\/v2\/media?parent=23319"}],"curies":[{"name":"wp","href":"https:\/\/api.w.org\/{rel}","templated":true}]}}