{"id":23351,"date":"2024-04-16T13:57:06","date_gmt":"2024-04-16T11:57:06","guid":{"rendered":"https:\/\/www.cerege.fr\/?page_id=23351"},"modified":"2024-04-17T08:28:31","modified_gmt":"2024-04-17T06:28:31","slug":"colloque-radiocarbone-cosmonucleides-et-prehistoire","status":"publish","type":"page","link":"https:\/\/www.cerege.fr\/fr\/formations\/enseignements-college-de-france\/colloque-radiocarbone-cosmonucleides-et-prehistoire\/","title":{"rendered":"Colloque Radiocarbone, cosmonucl\u00e9ides et pr\u00e9histoire"},"content":{"rendered":"\t\t<div data-elementor-type=\"wp-page\" data-elementor-id=\"23351\" class=\"elementor elementor-23351\" data-elementor-post-type=\"page\">\n\t\t\t\t\t\t<section class=\"elementor-section elementor-top-section elementor-element elementor-element-60fb5122 elementor-section-full_width elementor-section-height-min-height elementor-section-height-default elementor-section-items-middle\" data-id=\"60fb5122\" data-element_type=\"section\" data-e-type=\"section\" data-settings=\"{&quot;background_background&quot;:&quot;classic&quot;}\">\n\t\t\t\t\t\t<div class=\"elementor-container elementor-column-gap-default\">\n\t\t\t\t\t<div class=\"elementor-column elementor-col-100 elementor-top-column elementor-element elementor-element-68007c90\" data-id=\"68007c90\" data-element_type=\"column\" data-e-type=\"column\">\n\t\t\t<div class=\"elementor-widget-wrap\">\n\t\t\t\t\t\t\t<\/div>\n\t\t<\/div>\n\t\t\t\t\t<\/div>\n\t\t<\/section>\n\t\t\t\t<section class=\"elementor-section elementor-top-section elementor-element elementor-element-7c448c5d elementor-section-boxed elementor-section-height-default elementor-section-height-default\" data-id=\"7c448c5d\" data-element_type=\"section\" data-e-type=\"section\">\n\t\t\t\t\t\t<div class=\"elementor-container elementor-column-gap-default\">\n\t\t\t\t\t<div class=\"elementor-column elementor-col-100 elementor-top-column elementor-element elementor-element-7b0d951a\" data-id=\"7b0d951a\" data-element_type=\"column\" data-e-type=\"column\">\n\t\t\t<div class=\"elementor-widget-wrap elementor-element-populated\">\n\t\t\t\t\t\t<div class=\"elementor-element elementor-element-11514672 elementor-widget elementor-widget-shortcode\" data-id=\"11514672\" data-element_type=\"widget\" data-e-type=\"widget\" data-widget_type=\"shortcode.default\">\n\t\t\t\t<div class=\"elementor-widget-container\">\n\t\t\t\t\t\t\t<div class=\"elementor-shortcode\"><nav aria-label=\"breadcrumbs\">\n            <div class=\"breadcrumb-container theme1\">\n                <ol>\n                                    <\/ol>\n            <\/div>\n        <\/nav>    <script type=\"application\/ld+json\">\n        {\n            \"@context\": \"http:\/\/schema.org\",\n            \"@type\": \"BreadcrumbList\",\n            \"itemListElement\": [\n                            ]\n        }\n    <\/script>\n   \n    <script>\n            <\/script>\n<\/div>\n\t\t\t\t\t\t<\/div>\n\t\t\t\t<\/div>\n\t\t\t\t<div class=\"elementor-element elementor-element-39953f3a elementor-widget elementor-widget-heading\" data-id=\"39953f3a\" data-element_type=\"widget\" data-e-type=\"widget\" data-widget_type=\"heading.default\">\n\t\t\t\t<div class=\"elementor-widget-container\">\n\t\t\t\t\t<h1 class=\"elementor-heading-title elementor-size-default\">Colloque Radiocarbone, cosmonucl\u00e9ides et pr\u00e9histoire<\/h1>\t\t\t\t<\/div>\n\t\t\t\t<\/div>\n\t\t\t\t<section class=\"elementor-section elementor-inner-section elementor-element elementor-element-4571935 elementor-section-boxed elementor-section-height-default elementor-section-height-default\" data-id=\"4571935\" data-element_type=\"section\" data-e-type=\"section\">\n\t\t\t\t\t\t<div class=\"elementor-container elementor-column-gap-default\">\n\t\t\t\t\t<div class=\"elementor-column elementor-col-50 elementor-inner-column elementor-element elementor-element-fee0dbe\" data-id=\"fee0dbe\" data-element_type=\"column\" data-e-type=\"column\">\n\t\t\t<div class=\"elementor-widget-wrap elementor-element-populated\">\n\t\t\t\t\t\t<div class=\"elementor-element elementor-element-81781ad elementor-widget elementor-widget-text-editor\" data-id=\"81781ad\" data-element_type=\"widget\" data-e-type=\"widget\" data-widget_type=\"text-editor.default\">\n\t\t\t\t<div class=\"elementor-widget-container\">\n\t\t\t\t\t\t\t\t\t<div class=\"\"><h2><span style=\"font-weight: normal;\">\u00ab Le radiocarbone et les autres cosmonucl\u00e9ides pour la pr\u00e9histoire\u00a0\u00bb<\/span><\/h2><div class=\"\"><strong>23 novembre 2021, CEREGE, Technop\u00f4le de l\u2019Arbois, Aix-en-Provence.<\/strong> <br \/>Organis\u00e9 par Aix-Marseille Universit\u00e9 et le Coll\u00e8ge de France en partenariat avec Refrain.<\/div><div class=\"\">\u00a0<\/div><div class=\"\"><div class=\"\">Edouard Bard &amp; Christine Hatt\u00e9: <a href=\"https:\/\/www.youtube.com\/watch?v=QvUQOktYMJU\" target=\"_blank\" rel=\"noopener\"><em>Introduction<\/em><\/a><\/div><\/div><div class=\"\">\u00a0<\/div><div class=\"\"><div class=\"\">Edouard Bard (Coll\u00e8ge de France &amp; CEREGE): <a href=\"https:\/\/www.youtube.com\/watch?v=XPb17YgMdOQ\" target=\"_blank\" rel=\"noopener\"><em>Dilatation et contraction du temps radiocarbone, IntCal20 &amp; 24<\/em><\/a><\/div><\/div><div class=\"\"><div class=\"\">\u00a0<\/div><div class=\"\"><div class=\"\">Carole Fritz (CNRS &amp; TRACE, MSHS de Toulouse): <a href=\"https:\/\/www.youtube.com\/watch?v=kyWAxOTBvlI\" target=\"_blank\" rel=\"noopener\"><em>L&#8217;art pal\u00e9olithique, chronologie et nouveaux paradigmes<\/em><\/a><\/div><\/div><div class=\"\">\u00a0<\/div><div class=\"\"><div class=\"\">Eric Bo\u00ebda (Universit\u00e9 Paris-Nanterre, \u00e9quipe ANTET ArScAn): <em><a href=\"https:\/\/www.youtube.com\/watch?v=p_py3yT9fTY\" target=\"_blank\" rel=\"noopener\">La pr\u00e9sence humaine durant le Pl\u00e9istoc\u00e8ne r\u00e9cent en Am\u00e9rique du sud : \u00e9tat des connaissances et perspectives<\/a><\/em><\/div><\/div><div class=\"\">\u00a0<\/div><div class=\"\"><div class=\"\">Isabelle Th\u00e9ry (CNRS &amp; CEPAM, Nice) <a href=\"https:\/\/www.youtube.com\/watch?v=jyV0lZ7rcMU\" target=\"_blank\" rel=\"noopener\"><em>\u00ab Des changements culturels aux changements environnementaux : apport du couplage anthracologie \/ analyses \u220213C pour l\u2019\u00e9tude des sites pal\u00e9olithiques\u00a0\u00bb<\/em><\/a><\/div><\/div><div class=\"\">\u00a0<\/div><div class=\"\"><div class=\"\">Philippe Fosse (CNRS &amp; LAMPEA, Aix) <br \/><a href=\"https:\/\/www.youtube.com\/watch?v=Uq4NlAa5Qwo\" target=\"_blank\" rel=\"noopener\"><em>\u00ab L&#8217;extinction des pr\u00e9dateurs au Pl\u00e9istoc\u00e8ne sup\u00e9rieur : \u00e9l\u00e9ments de chronologie directe et indirecte \u00bb<\/em><\/a><\/div><\/div><div class=\"\">\u00a0<\/div><div class=\"\"><div class=\"\">Thibaut Devi\u00e8se (AMU &amp; CEREGE, Aix) <br \/><em><a href=\"https:\/\/www.youtube.com\/watch?v=ui6epFjj1Pw\" target=\"_blank\" rel=\"noopener\">\u00ab Implications des datations au radiocarbone sur acides amin\u00e9s sp\u00e9cifiques pour les \u00e9tudes anthropologiques et fauniques en pr\u00e9histoire \u00bb<\/a><\/em><\/div><\/div><div class=\"\">\u00a0<\/div><div class=\"\"><div class=\"\">Jean-Philip Brugal (CNRS &amp; LAMPEA, Aix) <em><a href=\"https:\/\/www.youtube.com\/watch?v=JfTdFf40Xw8\" target=\"_blank\" rel=\"noopener\">\u00ab Les communaut\u00e9s de grands mammif\u00e8res au Pl\u00e9istoc\u00e8ne inf\u00e9rieur et moyen: \u00e9tat des lieux g\u00e9o-biochronologique et contexte culturel \u00bb<\/a><\/em><\/div><\/div><div class=\"\">\u00a0<\/div><div class=\"\"><div class=\"\">R\u00e9gis Braucher (CNRS &amp; CEREGE, Aix) <br \/><em><a href=\"https:\/\/www.youtube.com\/watch?v=_lNmfn9Ijgk\" target=\"_blank\" rel=\"noopener\">\u00ab Datation par cosmonucl\u00e9ides, principes et exemples en Afrique \u00bb<\/a><\/em><\/div><\/div><div class=\"\">\u00a0<\/div><div class=\"\">Anne-Elisabeth Lebatard (CNRS &amp; CEREGE) <br \/><a href=\"https:\/\/www.youtube.com\/watch?v=Nfi9Z_QmV6w\" target=\"_blank\" rel=\"noopener\"><em>\u00ab Datation par cosmonucl\u00e9ides, exemples de sites en Asie \u00bb<\/em><\/a><\/div><\/div><\/div>\t\t\t\t\t\t\t\t<\/div>\n\t\t\t\t<\/div>\n\t\t\t\t\t<\/div>\n\t\t<\/div>\n\t\t\t\t<div class=\"elementor-column elementor-col-50 elementor-inner-column elementor-element elementor-element-f65f550\" data-id=\"f65f550\" data-element_type=\"column\" data-e-type=\"column\">\n\t\t\t<div class=\"elementor-widget-wrap elementor-element-populated\">\n\t\t\t\t\t\t<div class=\"elementor-element elementor-element-026c602 elementor-widget elementor-widget-image\" data-id=\"026c602\" data-element_type=\"widget\" data-e-type=\"widget\" data-widget_type=\"image.default\">\n\t\t\t\t<div class=\"elementor-widget-container\">\n\t\t\t\t\t\t\t\t\t\t\t\t\t\t\t\t<a href=\"https:\/\/www.cerege.fr\/wp-admin\/post.php?post=3513&#038;action=elementor\">\n\t\t\t\t\t\t\t<img fetchpriority=\"high\" decoding=\"async\" width=\"800\" height=\"600\" src=\"https:\/\/www.cerege.fr\/wp-content\/uploads\/2024\/04\/Chauvet-Edouard-1024x768.jpg\" class=\"attachment-large size-large wp-image-23343\" alt=\"\" srcset=\"https:\/\/www.cerege.fr\/wp-content\/uploads\/2024\/04\/Chauvet-Edouard-1024x768.jpg 1024w, https:\/\/www.cerege.fr\/wp-content\/uploads\/2024\/04\/Chauvet-Edouard-300x225.jpg 300w, https:\/\/www.cerege.fr\/wp-content\/uploads\/2024\/04\/Chauvet-Edouard-768x576.jpg 768w, https:\/\/www.cerege.fr\/wp-content\/uploads\/2024\/04\/Chauvet-Edouard-1536x1152.jpg 1536w, https:\/\/www.cerege.fr\/wp-content\/uploads\/2024\/04\/Chauvet-Edouard-scaled.jpg 2048w, https:\/\/www.cerege.fr\/wp-content\/uploads\/2024\/04\/Chauvet-Edouard-16x12.jpg 16w, https:\/\/www.cerege.fr\/wp-content\/uploads\/2024\/04\/Chauvet-Edouard-1320x990.jpg 1320w\" sizes=\"(max-width: 800px) 100vw, 800px\" \/>\t\t\t\t\t\t\t\t<\/a>\n\t\t\t\t\t\t\t\t\t\t\t\t\t\t\t<\/div>\n\t\t\t\t<\/div>\n\t\t\t\t\t<\/div>\n\t\t<\/div>\n\t\t\t\t\t<\/div>\n\t\t<\/section>\n\t\t\t\t\t<\/div>\n\t\t<\/div>\n\t\t\t\t\t<\/div>\n\t\t<\/section>\n\t\t\t\t<\/div>\n\t\t","protected":false},"excerpt":{"rendered":"<p>Colloque Radiocarbone, cosmonucl\u00e9ides et pr\u00e9histoire \u00ab Le radiocarbone et les autres cosmonucl\u00e9ides pour la pr\u00e9histoire\u00a0\u00bb 23 novembre 2021, CEREGE, Technop\u00f4le de l\u2019Arbois, Aix-en-Provence. Organis\u00e9 par Aix-Marseille Universit\u00e9 et le Coll\u00e8ge [&hellip;]<\/p>\n","protected":false},"author":551,"featured_media":23377,"parent":18270,"menu_order":0,"comment_status":"closed","ping_status":"closed","template":"","meta":{"_acf_changed":false,"footnotes":""},"class_list":["post-23351","page","type-page","status-publish","has-post-thumbnail","hentry"],"acf":[],"publishpress_future_action":{"enabled":false,"date":"2026-05-11 10:51:56","action":"change-status","newStatus":"draft","terms":[],"taxonomy":"","extraData":[]},"publishpress_future_workflow_manual_trigger":{"enabledWorkflows":[]},"_links":{"self":[{"href":"https:\/\/www.cerege.fr\/fr\/wp-json\/wp\/v2\/pages\/23351","targetHints":{"allow":["GET"]}}],"collection":[{"href":"https:\/\/www.cerege.fr\/fr\/wp-json\/wp\/v2\/pages"}],"about":[{"href":"https:\/\/www.cerege.fr\/fr\/wp-json\/wp\/v2\/types\/page"}],"author":[{"embeddable":true,"href":"https:\/\/www.cerege.fr\/fr\/wp-json\/wp\/v2\/users\/551"}],"replies":[{"embeddable":true,"href":"https:\/\/www.cerege.fr\/fr\/wp-json\/wp\/v2\/comments?post=23351"}],"version-history":[{"count":5,"href":"https:\/\/www.cerege.fr\/fr\/wp-json\/wp\/v2\/pages\/23351\/revisions"}],"predecessor-version":[{"id":23378,"href":"https:\/\/www.cerege.fr\/fr\/wp-json\/wp\/v2\/pages\/23351\/revisions\/23378"}],"up":[{"embeddable":true,"href":"https:\/\/www.cerege.fr\/fr\/wp-json\/wp\/v2\/pages\/18270"}],"wp:featuredmedia":[{"embeddable":true,"href":"https:\/\/www.cerege.fr\/fr\/wp-json\/wp\/v2\/media\/23377"}],"wp:attachment":[{"href":"https:\/\/www.cerege.fr\/fr\/wp-json\/wp\/v2\/media?parent=23351"}],"curies":[{"name":"wp","href":"https:\/\/api.w.org\/{rel}","templated":true}]}}