{"id":28368,"date":"2025-10-16T10:58:00","date_gmt":"2025-10-16T08:58:00","guid":{"rendered":"https:\/\/www.cerege.fr\/?page_id=28368"},"modified":"2025-11-12T09:43:59","modified_gmt":"2025-11-12T08:43:59","slug":"focus-lucas-longour","status":"publish","type":"page","link":"https:\/\/www.cerege.fr\/fr\/focus-lucas-longour\/","title":{"rendered":"FOCUS | Lucas Longour"},"content":{"rendered":"\t\t<div data-elementor-type=\"wp-page\" data-elementor-id=\"28368\" class=\"elementor elementor-28368\" data-elementor-post-type=\"page\">\n\t\t\t\t\t\t<section class=\"elementor-section elementor-top-section elementor-element elementor-element-6a49233 elementor-section-boxed elementor-section-height-default elementor-section-height-default\" data-id=\"6a49233\" data-element_type=\"section\" data-e-type=\"section\">\n\t\t\t\t\t\t<div class=\"elementor-container elementor-column-gap-default\">\n\t\t\t\t\t<div class=\"elementor-column elementor-col-100 elementor-top-column elementor-element elementor-element-165deb2\" data-id=\"165deb2\" data-element_type=\"column\" data-e-type=\"column\">\n\t\t\t<div class=\"elementor-widget-wrap elementor-element-populated\">\n\t\t\t\t\t\t<div class=\"elementor-element elementor-element-1dd50ed elementor-widget elementor-widget-heading\" data-id=\"1dd50ed\" data-element_type=\"widget\" data-e-type=\"widget\" data-widget_type=\"heading.default\">\n\t\t\t\t<div class=\"elementor-widget-container\">\n\t\t\t\t\t<h4 class=\"elementor-heading-title elementor-size-default\">Ing\u00e9nieur en sciences de l'information g\u00e9ographique<\/h4>\t\t\t\t<\/div>\n\t\t\t\t<\/div>\n\t\t\t\t<section class=\"elementor-section elementor-inner-section elementor-element elementor-element-b74a224 elementor-section-boxed elementor-section-height-default elementor-section-height-default\" data-id=\"b74a224\" data-element_type=\"section\" data-e-type=\"section\">\n\t\t\t\t\t\t<div class=\"elementor-container elementor-column-gap-default\">\n\t\t\t\t\t<div class=\"elementor-column elementor-col-50 elementor-inner-column elementor-element elementor-element-14444cc\" data-id=\"14444cc\" data-element_type=\"column\" data-e-type=\"column\">\n\t\t\t<div class=\"elementor-widget-wrap elementor-element-populated\">\n\t\t\t\t\t\t<div class=\"elementor-element elementor-element-7273409 elementor-widget__width-initial elementor-widget elementor-widget-image\" data-id=\"7273409\" data-element_type=\"widget\" data-e-type=\"widget\" data-widget_type=\"image.default\">\n\t\t\t\t<div class=\"elementor-widget-container\">\n\t\t\t\t\t\t\t\t\t\t\t\t\t\t\t<img fetchpriority=\"high\" decoding=\"async\" width=\"800\" height=\"800\" src=\"https:\/\/www.cerege.fr\/wp-content\/uploads\/2025\/10\/Focus-Lucas-Longour-1-1024x1024.png\" class=\"attachment-large size-large wp-image-28370\" alt=\"\" srcset=\"https:\/\/www.cerege.fr\/wp-content\/uploads\/2025\/10\/Focus-Lucas-Longour-1-1024x1024.png 1024w, https:\/\/www.cerege.fr\/wp-content\/uploads\/2025\/10\/Focus-Lucas-Longour-1-300x300.png 300w, https:\/\/www.cerege.fr\/wp-content\/uploads\/2025\/10\/Focus-Lucas-Longour-1-150x150.png 150w, https:\/\/www.cerege.fr\/wp-content\/uploads\/2025\/10\/Focus-Lucas-Longour-1-768x768.png 768w, https:\/\/www.cerege.fr\/wp-content\/uploads\/2025\/10\/Focus-Lucas-Longour-1-12x12.png 12w, https:\/\/www.cerege.fr\/wp-content\/uploads\/2025\/10\/Focus-Lucas-Longour-1.png 1200w\" sizes=\"(max-width: 800px) 100vw, 800px\" \/>\t\t\t\t\t\t\t\t\t\t\t\t\t\t\t<\/div>\n\t\t\t\t<\/div>\n\t\t\t\t\t<\/div>\n\t\t<\/div>\n\t\t\t\t<div class=\"elementor-column elementor-col-50 elementor-inner-column elementor-element elementor-element-e31511f\" data-id=\"e31511f\" data-element_type=\"column\" data-e-type=\"column\">\n\t\t\t<div class=\"elementor-widget-wrap elementor-element-populated\">\n\t\t\t\t\t\t<div class=\"elementor-element elementor-element-6c6255f elementor-widget elementor-widget-spacer\" data-id=\"6c6255f\" data-element_type=\"widget\" data-e-type=\"widget\" data-widget_type=\"spacer.default\">\n\t\t\t\t<div class=\"elementor-widget-container\">\n\t\t\t\t\t\t\t<div class=\"elementor-spacer\">\n\t\t\t<div class=\"elementor-spacer-inner\"><\/div>\n\t\t<\/div>\n\t\t\t\t\t\t<\/div>\n\t\t\t\t<\/div>\n\t\t\t\t<div class=\"elementor-element elementor-element-6d9324a elementor-widget elementor-widget-text-editor\" data-id=\"6d9324a\" data-element_type=\"widget\" data-e-type=\"widget\" data-widget_type=\"text-editor.default\">\n\t\t\t\t<div class=\"elementor-widget-container\">\n\t\t\t\t\t\t\t\t\t<div><strong>Mon parcours m\u2019a conduit du m\u00e9tier de g\u00e9om\u00e8tre-topographe \u00e0 celui de sp\u00e9cialiste en traitement de donn\u00e9es spatiales, avec un passage par la sant\u00e9 publique et les syst\u00e8mes d\u2019information g\u00e9ographique (SIG) territoriaux. Aujourd\u2019hui, je travaille sur la plateforme SiG\u00c9O, \u00e0 l\u2019interface entre les campagnes de terrain, l\u2019acquisition 3D et le traitement de donn\u00e9es pour les \u00e9quipes de recherche du laboratoire.<\/strong><\/div>\t\t\t\t\t\t\t\t<\/div>\n\t\t\t\t<\/div>\n\t\t\t\t<div class=\"elementor-element elementor-element-ba0bbdb elementor-align-left elementor-widget elementor-widget-button\" data-id=\"ba0bbdb\" data-element_type=\"widget\" data-e-type=\"widget\" data-widget_type=\"button.default\">\n\t\t\t\t<div class=\"elementor-widget-container\">\n\t\t\t\t\t\t\t\t\t<div class=\"elementor-button-wrapper\">\n\t\t\t\t\t<a class=\"elementor-button elementor-button-link elementor-size-sm\" href=\"https:\/\/www.cerege.fr\/fr\/cerege\/lucas-longour\/\">\n\t\t\t\t\t\t<span class=\"elementor-button-content-wrapper\">\n\t\t\t\t\t\t\t\t\t<span class=\"elementor-button-text\">Voir son profil<\/span>\n\t\t\t\t\t<\/span>\n\t\t\t\t\t<\/a>\n\t\t\t\t<\/div>\n\t\t\t\t\t\t\t\t<\/div>\n\t\t\t\t<\/div>\n\t\t\t\t\t<\/div>\n\t\t<\/div>\n\t\t\t\t\t<\/div>\n\t\t<\/section>\n\t\t\t\t<div class=\"elementor-element elementor-element-028f209 elementor-widget-divider--view-line elementor-widget elementor-widget-divider\" data-id=\"028f209\" data-element_type=\"widget\" data-e-type=\"widget\" data-widget_type=\"divider.default\">\n\t\t\t\t<div class=\"elementor-widget-container\">\n\t\t\t\t\t\t\t<div class=\"elementor-divider\">\n\t\t\t<span class=\"elementor-divider-separator\">\n\t\t\t\t\t\t<\/span>\n\t\t<\/div>\n\t\t\t\t\t\t<\/div>\n\t\t\t\t<\/div>\n\t\t\t\t<div class=\"elementor-element elementor-element-8d61d06 elementor-widget elementor-widget-heading\" data-id=\"8d61d06\" data-element_type=\"widget\" data-e-type=\"widget\" data-widget_type=\"heading.default\">\n\t\t\t\t<div class=\"elementor-widget-container\">\n\t\t\t\t\t<h2 class=\"elementor-heading-title elementor-size-default\">De la topographie \u00e0 la g\u00e9om\u00e9trique<\/h2>\t\t\t\t<\/div>\n\t\t\t\t<\/div>\n\t\t\t\t<div class=\"elementor-element elementor-element-a4dc347 elementor-widget elementor-widget-text-editor\" data-id=\"a4dc347\" data-element_type=\"widget\" data-e-type=\"widget\" data-widget_type=\"text-editor.default\">\n\t\t\t\t<div class=\"elementor-widget-container\">\n\t\t\t\t\t\t\t\t\t<p style=\"font-weight: 400;\">J\u2019ai commenc\u00e9 par un bac pro puis un BTS en g\u00e9om\u00e8tre-topographe. Ce que j\u2019aimais, c\u2019\u00e9tait le terrain, le travail pr\u00e9cis, les mesures concr\u00e8tes. Mais assez vite, j\u2019ai eu envie de comprendre ce qu\u2019on pouvait faire d\u2019autre avec ces donn\u00e9es. C\u2019est ce qui m\u2019a amen\u00e9 \u00e0 faire une licence professionnelle en g\u00e9omatique \u00e0 La Rochelle. J\u2019y ai d\u00e9couvert l\u2019imagerie satellite, SIG, le d\u00e9veloppement <em>open source<\/em>, la manipulation de bases de donn\u00e9es g\u00e9ospatiales\u2026 C\u2019\u00e9tait un univers compl\u00e8tement nouveau. J\u2019ai vu que la donn\u00e9e pouvait \u00eatre utilis\u00e9e autrement, dans des contextes beaucoup plus larges, comme la recherche ou l\u2019aide \u00e0 la d\u00e9cision.<\/p><p style=\"font-weight: 400;\">C\u2019est pendant cette formation que j\u2019ai commenc\u00e9 \u00e0 m\u2019int\u00e9resser au lien entre g\u00e9omatique et sant\u00e9 publique. J\u2019avais postul\u00e9 pour un stage \u00e0 l\u2019IRD, qui n\u2019a finalement pas pu se faire, mais le contact est rest\u00e9. Quelques mois plus tard, on m\u2019a recontact\u00e9 pour une mission de six mois\u2026 qui s\u2019est transform\u00e9e en trois ans de collaboration.<\/p>\t\t\t\t\t\t\t\t<\/div>\n\t\t\t\t<\/div>\n\t\t\t\t<div class=\"elementor-element elementor-element-dd14621 elementor-widget elementor-widget-heading\" data-id=\"dd14621\" data-element_type=\"widget\" data-e-type=\"widget\" data-widget_type=\"heading.default\">\n\t\t\t\t<div class=\"elementor-widget-container\">\n\t\t\t\t\t<h2 class=\"elementor-heading-title elementor-size-default\">Trois ans \u00e0 l\u2019IRD : imagerie satellite et sant\u00e9 publique<\/h2>\t\t\t\t<\/div>\n\t\t\t\t<\/div>\n\t\t\t\t<section class=\"elementor-section elementor-inner-section elementor-element elementor-element-7fda588 elementor-section-boxed elementor-section-height-default elementor-section-height-default\" data-id=\"7fda588\" data-element_type=\"section\" data-e-type=\"section\">\n\t\t\t\t\t\t<div class=\"elementor-container elementor-column-gap-default\">\n\t\t\t\t\t<div class=\"elementor-column elementor-col-50 elementor-inner-column elementor-element elementor-element-3f7a6ca\" data-id=\"3f7a6ca\" data-element_type=\"column\" data-e-type=\"column\">\n\t\t\t<div class=\"elementor-widget-wrap elementor-element-populated\">\n\t\t\t\t\t\t<div class=\"elementor-element elementor-element-2add3a9 elementor--h-position-center elementor--v-position-middle elementor-arrows-position-inside elementor-pagination-position-inside elementor-widget elementor-widget-slides\" data-id=\"2add3a9\" data-element_type=\"widget\" data-e-type=\"widget\" data-settings=\"{&quot;navigation&quot;:&quot;both&quot;,&quot;autoplay&quot;:&quot;yes&quot;,&quot;pause_on_hover&quot;:&quot;yes&quot;,&quot;pause_on_interaction&quot;:&quot;yes&quot;,&quot;autoplay_speed&quot;:5000,&quot;infinite&quot;:&quot;yes&quot;,&quot;transition&quot;:&quot;slide&quot;,&quot;transition_speed&quot;:500}\" data-widget_type=\"slides.default\">\n\t\t\t\t<div class=\"elementor-widget-container\">\n\t\t\t\t\t\t\t\t\t<div class=\"elementor-swiper\">\n\t\t\t\t\t<div class=\"elementor-slides-wrapper elementor-main-swiper swiper\" role=\"region\" aria-roledescription=\"carousel\" aria-label=\"Diapositives\" dir=\"ltr\" data-animation=\"fadeInUp\">\n\t\t\t\t<div class=\"swiper-wrapper elementor-slides\">\n\t\t\t\t\t\t\t\t\t\t<div class=\"elementor-repeater-item-30993fc swiper-slide\" role=\"group\" aria-roledescription=\"slide\"><div class=\"swiper-slide-bg\" role=\"img\" aria-label=\"FOCUS - Lucas Longour - 2\"><\/div><div class=\"swiper-slide-inner\" ><div class=\"swiper-slide-contents\"><\/div><\/div><\/div><div class=\"elementor-repeater-item-7cfcbf5 swiper-slide\" role=\"group\" aria-roledescription=\"slide\"><div class=\"swiper-slide-bg\" role=\"img\" aria-label=\"FOCUS - Lucas Longour - 3\"><\/div><div class=\"swiper-slide-inner\" ><div class=\"swiper-slide-contents\"><\/div><\/div><\/div><div class=\"elementor-repeater-item-1d505e3 swiper-slide\" role=\"group\" aria-roledescription=\"slide\"><div class=\"swiper-slide-bg\" role=\"img\" aria-label=\"FOCUS - Lucas Longour - 4\"><\/div><div class=\"swiper-slide-inner\" ><div class=\"swiper-slide-contents\"><\/div><\/div><\/div><div class=\"elementor-repeater-item-0c9d893 swiper-slide\" role=\"group\" aria-roledescription=\"slide\"><div class=\"swiper-slide-bg\" role=\"img\" aria-label=\"FOCUS - Lucas Longour - 5\"><\/div><div class=\"swiper-slide-inner\" ><div class=\"swiper-slide-contents\"><\/div><\/div><\/div>\t\t\t\t<\/div>\n\t\t\t\t\t\t\t\t\t\t\t\t\t\t\t<div class=\"elementor-swiper-button elementor-swiper-button-prev\" role=\"button\" tabindex=\"0\" aria-label=\"Diapositive pr\u00e9c\u00e9dente\">\n\t\t\t\t\t\t\t<i aria-hidden=\"true\" class=\"eicon-chevron-left\"><\/i>\t\t\t\t\t\t<\/div>\n\t\t\t\t\t\t<div class=\"elementor-swiper-button elementor-swiper-button-next\" role=\"button\" tabindex=\"0\" aria-label=\"Diapositive suivante\">\n\t\t\t\t\t\t\t<i aria-hidden=\"true\" class=\"eicon-chevron-right\"><\/i>\t\t\t\t\t\t<\/div>\n\t\t\t\t\t\t\t\t\t\t\t\t\t\t\t\t<div class=\"swiper-pagination\"><\/div>\n\t\t\t\t\t\t\t\t\t\t\t\t<\/div>\n\t\t\t\t<\/div>\n\t\t\t\t\t\t\t\t<\/div>\n\t\t\t\t<\/div>\n\t\t\t\t\t<\/div>\n\t\t<\/div>\n\t\t\t\t<div class=\"elementor-column elementor-col-50 elementor-inner-column elementor-element elementor-element-4fb6414\" data-id=\"4fb6414\" data-element_type=\"column\" data-e-type=\"column\">\n\t\t\t<div class=\"elementor-widget-wrap elementor-element-populated\">\n\t\t\t\t\t\t<div class=\"elementor-element elementor-element-a46a222 elementor-widget__width-initial elementor-widget elementor-widget-text-editor\" data-id=\"a46a222\" data-element_type=\"widget\" data-e-type=\"widget\" data-widget_type=\"text-editor.default\">\n\t\t\t\t<div class=\"elementor-widget-container\">\n\t\t\t\t\t\t\t\t\t<p>\u00c0 l\u2019IRD, j\u2019ai travaill\u00e9 au sein de l\u2019UMR ESPACE-DEV dans une \u00e9quipe de G\u00e9ographie de la Sant\u00e9 (GeoHealth) bas\u00e9 \u00e0 l\u2019Institut Pasteur du Cambodge \u00e0 Phnom Penh, sur des projets liant environnement et \u00e9pid\u00e9miologie, notamment au Cambodge. L\u2019id\u00e9e \u00e9tait de produire des indicateurs \u00e0 partir d\u2019images satellite (Sentinel-2 principalement), pour alimenter des mod\u00e8les d\u2019analyse du risque de transmission de maladies comme le paludisme. J\u2019utilisais de nombreux indices multispectraux , des donn\u00e9es de pluviom\u00e9trie ou de temp\u00e9rature, et je les mettais en forme pour que les chercheurs puissent les int\u00e9grer dans leurs mod\u00e8les statistiques.<\/p>\t\t\t\t\t\t\t\t<\/div>\n\t\t\t\t<\/div>\n\t\t\t\t\t<\/div>\n\t\t<\/div>\n\t\t\t\t\t<\/div>\n\t\t<\/section>\n\t\t\t\t<div class=\"elementor-element elementor-element-9d4c7de elementor-widget elementor-widget-text-editor\" data-id=\"9d4c7de\" data-element_type=\"widget\" data-e-type=\"widget\" data-widget_type=\"text-editor.default\">\n\t\t\t\t<div class=\"elementor-widget-container\">\n\t\t\t\t\t\t\t\t\t<p>Je ne faisais pas l\u2019analyse \u00e9pid\u00e9miologique en tant que telle, mais je jouais un r\u00f4le important dans le traitement et la structuration des donn\u00e9es. Mon objectif, c\u2019\u00e9tait de rendre ces donn\u00e9es accessibles, coh\u00e9rentes et r\u00e9utilisables.\u00a0Par exemple, je mettais en place des outils de visualisation ou de t\u00e9l\u00e9chargement simplifi\u00e9s, pour que les chercheurs puissent facilement travailler dessus, sans avoir besoin de ma\u00eetriser toute la cha\u00eene technique.<\/p><p style=\"font-weight: 400;\">Par ailleurs j\u2019ai eu la chance de participer au lancement d\u2019un laboratoire d\u2019expertise en T\u00e9l\u00e9d\u00e9tection \u00e0 l\u2019Institut de Technologie du Cambodge \u00e0 Phnom Penh o\u00f9 j\u2019ai initialis\u00e9 la partie technique avec plusieurs de mes coll\u00e8gues de l\u2019ITC et d\u2019ESPACE-DEV.<\/p>\t\t\t\t\t\t\t\t<\/div>\n\t\t\t\t<\/div>\n\t\t\t\t<div class=\"elementor-element elementor-element-a935f16 elementor-widget elementor-widget-heading\" data-id=\"a935f16\" data-element_type=\"widget\" data-e-type=\"widget\" data-widget_type=\"heading.default\">\n\t\t\t\t<div class=\"elementor-widget-container\">\n\t\t\t\t\t<h2 class=\"elementor-heading-title elementor-size-default\">Une exp\u00e9rience territoriale, puis le retour \u00e0 la recherche<\/h2>\t\t\t\t<\/div>\n\t\t\t\t<\/div>\n\t\t\t\t<div class=\"elementor-element elementor-element-b5c903e elementor-widget elementor-widget-text-editor\" data-id=\"b5c903e\" data-element_type=\"widget\" data-e-type=\"widget\" data-widget_type=\"text-editor.default\">\n\t\t\t\t<div class=\"elementor-widget-container\">\n\t\t\t\t\t\t\t\t\t<p style=\"font-weight: 400;\">Apr\u00e8s l\u2019IRD, j\u2019ai travaill\u00e9 un an \u00e0 la ville de Strasbourg, dans un grand service de g\u00e9omatique. C\u2019\u00e9tait formateur : l\u2019\u00e9quipe \u00e9tait importante (plus de 30 personnes), et les donn\u00e9es tr\u00e8s fines. J\u2019ai appris \u00e0 travailler sur des syst\u00e8mes bien rod\u00e9s, avec un vrai souci de qualit\u00e9, notamment pour les plans topographiques. Mais il me manquait l\u2019interdisciplinarit\u00e9. J\u2019avais envie de revenir dans un environnement de recherche, avec des projets plus vari\u00e9s, plus exploratoires. C\u2019est \u00e0 ce moment-l\u00e0 que j\u2019ai d\u00e9couvert l\u2019offre du CEREGE.<\/p><p style=\"font-weight: 400;\">Le laboratoire cherchait quelqu\u2019un pour renforcer sa plateforme SIG\u00e9o. Le poste m\u2019int\u00e9ressait parce qu\u2019il r\u00e9unissait plusieurs de mes comp\u00e9tences : le terrain, le traitement de donn\u00e9es, le d\u00e9veloppement, le lien avec les chercheurs.<\/p>\t\t\t\t\t\t\t\t<\/div>\n\t\t\t\t<\/div>\n\t\t\t\t<div class=\"elementor-element elementor-element-b26a2cf elementor-widget-divider--view-line elementor-widget elementor-widget-divider\" data-id=\"b26a2cf\" data-element_type=\"widget\" data-e-type=\"widget\" data-widget_type=\"divider.default\">\n\t\t\t\t<div class=\"elementor-widget-container\">\n\t\t\t\t\t\t\t<div class=\"elementor-divider\">\n\t\t\t<span class=\"elementor-divider-separator\">\n\t\t\t\t\t\t<\/span>\n\t\t<\/div>\n\t\t\t\t\t\t<\/div>\n\t\t\t\t<\/div>\n\t\t\t\t<div class=\"elementor-element elementor-element-4974230 elementor-widget elementor-widget-heading\" data-id=\"4974230\" data-element_type=\"widget\" data-e-type=\"widget\" data-widget_type=\"heading.default\">\n\t\t\t\t<div class=\"elementor-widget-container\">\n\t\t\t\t\t<h2 class=\"elementor-heading-title elementor-size-default\">Mon poste aujourd\u2019hui au CEREGE<\/h2>\t\t\t\t<\/div>\n\t\t\t\t<\/div>\n\t\t\t\t<section class=\"elementor-section elementor-inner-section elementor-element elementor-element-4f5b1d6 elementor-section-boxed elementor-section-height-default elementor-section-height-default\" data-id=\"4f5b1d6\" data-element_type=\"section\" data-e-type=\"section\">\n\t\t\t\t\t\t<div class=\"elementor-container elementor-column-gap-default\">\n\t\t\t\t\t<div class=\"elementor-column elementor-col-50 elementor-inner-column elementor-element elementor-element-25e96c7\" data-id=\"25e96c7\" data-element_type=\"column\" data-e-type=\"column\">\n\t\t\t<div class=\"elementor-widget-wrap elementor-element-populated\">\n\t\t\t\t\t\t<div class=\"elementor-element elementor-element-715cdba elementor-widget elementor-widget-text-editor\" data-id=\"715cdba\" data-element_type=\"widget\" data-e-type=\"widget\" data-widget_type=\"text-editor.default\">\n\t\t\t\t<div class=\"elementor-widget-container\">\n\t\t\t\t\t\t\t\t\t<p style=\"font-weight: 400;\">Je suis arriv\u00e9 au CEREGE il y a quelques mois. Je travaille au sein de la plateforme SiG\u00c9O, qui regroupe les activit\u00e9s de g\u00e9omatique, de topographie, de photogramm\u00e9trie et de mod\u00e9lisation 3D. Je suis sollicit\u00e9 par diff\u00e9rentes \u00e9quipes, sur des projets qui vont de la cartographie de terrain \u00e0 la production de mod\u00e8les num\u00e9riques complexes.<\/p><p style=\"font-weight: 400;\">Je participe aux campagnes, au positionnement, \u00e0 l\u2019organisation des prises de vue, au traitement des images et au post-traitement et bient\u00f4t \u00e0 l\u2019acquisition par drone suite \u00e0 ma formation de t\u00e9l\u00e9pilote effectu\u00e9e cet \u00e9t\u00e9. J\u2019utilise souvent Metashape pour la photogramm\u00e9trie, QGIS pour la cartographie, et diff\u00e9rents scripts Python ou R pour le traitement des donn\u00e9es. Je travaille aussi sur l\u2019archivage, le tri, et la mise en forme et du partage des donn\u00e9es produites. Le but, c\u2019est qu\u2019elles soient exploitables facilement par les chercheurs.<\/p>\t\t\t\t\t\t\t\t<\/div>\n\t\t\t\t<\/div>\n\t\t\t\t\t<\/div>\n\t\t<\/div>\n\t\t\t\t<div class=\"elementor-column elementor-col-50 elementor-inner-column elementor-element elementor-element-b92e6b1\" data-id=\"b92e6b1\" data-element_type=\"column\" data-e-type=\"column\">\n\t\t\t<div class=\"elementor-widget-wrap elementor-element-populated\">\n\t\t\t\t\t\t<div class=\"elementor-element elementor-element-167718c elementor--h-position-center elementor--v-position-middle elementor-arrows-position-inside elementor-pagination-position-inside elementor-widget elementor-widget-slides\" data-id=\"167718c\" data-element_type=\"widget\" data-e-type=\"widget\" data-settings=\"{&quot;navigation&quot;:&quot;both&quot;,&quot;autoplay&quot;:&quot;yes&quot;,&quot;pause_on_hover&quot;:&quot;yes&quot;,&quot;pause_on_interaction&quot;:&quot;yes&quot;,&quot;autoplay_speed&quot;:5000,&quot;infinite&quot;:&quot;yes&quot;,&quot;transition&quot;:&quot;slide&quot;,&quot;transition_speed&quot;:500}\" data-widget_type=\"slides.default\">\n\t\t\t\t<div class=\"elementor-widget-container\">\n\t\t\t\t\t\t\t\t\t<div class=\"elementor-swiper\">\n\t\t\t\t\t<div class=\"elementor-slides-wrapper elementor-main-swiper swiper\" role=\"region\" aria-roledescription=\"carousel\" aria-label=\"Diapositives\" dir=\"ltr\" data-animation=\"fadeInUp\">\n\t\t\t\t<div class=\"swiper-wrapper elementor-slides\">\n\t\t\t\t\t\t\t\t\t\t<div class=\"elementor-repeater-item-1a50446 swiper-slide\" role=\"group\" aria-roledescription=\"slide\"><div class=\"swiper-slide-bg\" role=\"img\" aria-label=\"FOCUS - Lucas Longour - 6\"><\/div><div class=\"swiper-slide-inner\" ><div class=\"swiper-slide-contents\"><\/div><\/div><\/div><div class=\"elementor-repeater-item-45f7c3a swiper-slide\" role=\"group\" aria-roledescription=\"slide\"><div class=\"swiper-slide-bg\" role=\"img\" aria-label=\"FOCUS - Lucas Longour - 7\"><\/div><div class=\"swiper-slide-inner\" ><div class=\"swiper-slide-contents\"><\/div><\/div><\/div>\t\t\t\t<\/div>\n\t\t\t\t\t\t\t\t\t\t\t\t\t\t\t<div class=\"elementor-swiper-button elementor-swiper-button-prev\" role=\"button\" tabindex=\"0\" aria-label=\"Diapositive pr\u00e9c\u00e9dente\">\n\t\t\t\t\t\t\t<i aria-hidden=\"true\" class=\"eicon-chevron-left\"><\/i>\t\t\t\t\t\t<\/div>\n\t\t\t\t\t\t<div class=\"elementor-swiper-button elementor-swiper-button-next\" role=\"button\" tabindex=\"0\" aria-label=\"Diapositive suivante\">\n\t\t\t\t\t\t\t<i aria-hidden=\"true\" class=\"eicon-chevron-right\"><\/i>\t\t\t\t\t\t<\/div>\n\t\t\t\t\t\t\t\t\t\t\t\t\t\t\t\t<div class=\"swiper-pagination\"><\/div>\n\t\t\t\t\t\t\t\t\t\t\t\t<\/div>\n\t\t\t\t<\/div>\n\t\t\t\t\t\t\t\t<\/div>\n\t\t\t\t<\/div>\n\t\t\t\t\t<\/div>\n\t\t<\/div>\n\t\t\t\t\t<\/div>\n\t\t<\/section>\n\t\t\t\t<div class=\"elementor-element elementor-element-75b3271 elementor-widget elementor-widget-heading\" data-id=\"75b3271\" data-element_type=\"widget\" data-e-type=\"widget\" data-widget_type=\"heading.default\">\n\t\t\t\t<div class=\"elementor-widget-container\">\n\t\t\t\t\t<h2 class=\"elementor-heading-title elementor-size-default\">Structurer, documenter, transmettre<\/h2>\t\t\t\t<\/div>\n\t\t\t\t<\/div>\n\t\t\t\t<div class=\"elementor-element elementor-element-2f35f95 elementor-widget elementor-widget-text-editor\" data-id=\"2f35f95\" data-element_type=\"widget\" data-e-type=\"widget\" data-widget_type=\"text-editor.default\">\n\t\t\t\t<div class=\"elementor-widget-container\">\n\t\t\t\t\t\t\t\t\t<p style=\"font-weight: 400;\">Ce que j\u2019apporte, au-del\u00e0 des outils, c\u2019est une m\u00e9thode. Je mets beaucoup d\u2019attention \u00e0 la structuration des m\u00e9tadonn\u00e9es\u202f: qui a produit la donn\u00e9e, quand, avec quels outils, dans quelles conditions. C\u2019est essentiel pour que les donn\u00e9es soient r\u00e9utilisables \u00e0 moyen ou long terme. J\u2019essaie aussi de penser les outils en fonction des utilisateurs finaux : pas seulement les chercheurs, mais aussi les \u00e9tudiants ou les partenaires ext\u00e9rieurs.<\/p><p style=\"font-weight: 400;\">On travaille aussi sur des projets de visualisation immersive, en r\u00e9alit\u00e9 virtuelle. Par exemple, on a produit une mod\u00e9lisation d\u2019un site de terrain qui est ensuite utilis\u00e9e dans des formations. C\u2019est utile pour les \u00e9tudiants qui n\u2019ont pas pu participer \u00e0 la campagne, ou pour documenter une zone avant qu\u2019elle ne soit modifi\u00e9e.<\/p><p style=\"font-weight: 400;\">Aujourd\u2019hui, j\u2019ai envie de continuer \u00e0 me former et \u00e0 approfondir certaines th\u00e9matiques. Il y a deux axes qui m\u2019int\u00e9ressent particuli\u00e8rement :<\/p><ul style=\"font-weight: 400;\"><li>D\u2019abord, la haute pr\u00e9cision \u00e0 petite \u00e9chelle, notamment en photogramm\u00e9trie. Je veux am\u00e9liorer la qualit\u00e9 des relev\u00e9s 3D, affiner les techniques de prise de vue, et comprendre comment d\u00e9tecter des microreliefs, des textures, des fissures.<\/li><li>Ensuite, le traitement de s\u00e9ries temporelles issues d\u2019images satellites. J\u2019aimerais r\u00e9utiliser ce que j\u2019ai appris \u00e0 l\u2019IRD pour suivre des dynamiques environnementales, comme l\u2019\u00e9rosion, la s\u00e9dimentation ou les changements de couverture v\u00e9g\u00e9tale.<\/li><\/ul><p>\u00a0<\/p><p style=\"font-weight: 400;\">Je suis aussi int\u00e9ress\u00e9 par la formation. J\u2019aimerais proposer des modules ou des ateliers pour les doctorants et les chercheurs du labo, autour des outils SIG, de la photogramm\u00e9trie ou de la structuration des donn\u00e9es. Je crois beaucoup \u00e0 l\u2019id\u00e9e de transmission, surtout sur des sujets tr\u00e8s techniques.<\/p>\t\t\t\t\t\t\t\t<\/div>\n\t\t\t\t<\/div>\n\t\t\t\t\t<\/div>\n\t\t<\/div>\n\t\t\t\t\t<\/div>\n\t\t<\/section>\n\t\t\t\t<\/div>\n\t\t","protected":false},"excerpt":{"rendered":"<p>Ing\u00e9nieur en sciences de l&#8217;information g\u00e9ographique Mon parcours m\u2019a conduit du m\u00e9tier de g\u00e9om\u00e8tre-topographe \u00e0 celui de sp\u00e9cialiste en traitement de donn\u00e9es spatiales, avec un passage par la sant\u00e9 publique [&hellip;]<\/p>\n","protected":false},"author":817,"featured_media":0,"parent":0,"menu_order":0,"comment_status":"closed","ping_status":"closed","template":"","meta":{"_acf_changed":false,"footnotes":""},"class_list":["post-28368","page","type-page","status-publish","hentry"],"acf":[],"publishpress_future_action":{"enabled":false,"date":"2026-05-17 17:39:47","action":"change-status","newStatus":"draft","terms":[],"taxonomy":"","extraData":[]},"publishpress_future_workflow_manual_trigger":{"enabledWorkflows":[]},"_links":{"self":[{"href":"https:\/\/www.cerege.fr\/fr\/wp-json\/wp\/v2\/pages\/28368","targetHints":{"allow":["GET"]}}],"collection":[{"href":"https:\/\/www.cerege.fr\/fr\/wp-json\/wp\/v2\/pages"}],"about":[{"href":"https:\/\/www.cerege.fr\/fr\/wp-json\/wp\/v2\/types\/page"}],"author":[{"embeddable":true,"href":"https:\/\/www.cerege.fr\/fr\/wp-json\/wp\/v2\/users\/817"}],"replies":[{"embeddable":true,"href":"https:\/\/www.cerege.fr\/fr\/wp-json\/wp\/v2\/comments?post=28368"}],"version-history":[{"count":5,"href":"https:\/\/www.cerege.fr\/fr\/wp-json\/wp\/v2\/pages\/28368\/revisions"}],"predecessor-version":[{"id":28526,"href":"https:\/\/www.cerege.fr\/fr\/wp-json\/wp\/v2\/pages\/28368\/revisions\/28526"}],"wp:attachment":[{"href":"https:\/\/www.cerege.fr\/fr\/wp-json\/wp\/v2\/media?parent=28368"}],"curies":[{"name":"wp","href":"https:\/\/api.w.org\/{rel}","templated":true}]}}