{"id":2910,"date":"2022-09-02T12:20:42","date_gmt":"2022-09-02T10:20:42","guid":{"rendered":"https:\/\/www.cerege.fr\/?page_id=2910"},"modified":"2022-09-02T12:20:42","modified_gmt":"2022-09-02T10:20:42","slug":"theses-environnement-durable-2","status":"publish","type":"page","link":"https:\/\/www.cerege.fr\/fr\/sciences\/environnement-durable\/theses-environnement-durable-2\/","title":{"rendered":"Th\u00e8ses Environnement Durable"},"content":{"rendered":"\t\t<div data-elementor-type=\"wp-page\" data-elementor-id=\"2910\" class=\"elementor elementor-2910\" data-elementor-post-type=\"page\">\n\t\t\t\t\t\t<section class=\"elementor-section elementor-top-section elementor-element elementor-element-34cd025e elementor-section-full_width elementor-section-height-min-height elementor-section-height-default elementor-section-items-middle\" data-id=\"34cd025e\" data-element_type=\"section\" data-e-type=\"section\" data-settings=\"{&quot;background_background&quot;:&quot;classic&quot;}\">\n\t\t\t\t\t\t<div class=\"elementor-container elementor-column-gap-default\">\n\t\t\t\t\t<div class=\"elementor-column elementor-col-100 elementor-top-column elementor-element elementor-element-6f36e39b\" data-id=\"6f36e39b\" data-element_type=\"column\" data-e-type=\"column\">\n\t\t\t<div class=\"elementor-widget-wrap\">\n\t\t\t\t\t\t\t<\/div>\n\t\t<\/div>\n\t\t\t\t\t<\/div>\n\t\t<\/section>\n\t\t\t\t<section class=\"elementor-section elementor-top-section elementor-element elementor-element-40339c37 elementor-section-boxed elementor-section-height-default elementor-section-height-default\" data-id=\"40339c37\" data-element_type=\"section\" data-e-type=\"section\">\n\t\t\t\t\t\t<div class=\"elementor-container elementor-column-gap-default\">\n\t\t\t\t\t<div class=\"elementor-column elementor-col-100 elementor-top-column elementor-element elementor-element-567a2160\" data-id=\"567a2160\" data-element_type=\"column\" data-e-type=\"column\">\n\t\t\t<div class=\"elementor-widget-wrap elementor-element-populated\">\n\t\t\t\t\t\t<div class=\"elementor-element elementor-element-784cd0eb elementor-widget elementor-widget-shortcode\" data-id=\"784cd0eb\" data-element_type=\"widget\" data-e-type=\"widget\" data-widget_type=\"shortcode.default\">\n\t\t\t\t<div class=\"elementor-widget-container\">\n\t\t\t\t\t\t\t<div class=\"elementor-shortcode\"><nav aria-label=\"breadcrumbs\">\n            <div class=\"breadcrumb-container theme1\">\n                <ol>\n                                    <\/ol>\n            <\/div>\n        <\/nav>    <script type=\"application\/ld+json\">\n        {\n            \"@context\": \"http:\/\/schema.org\",\n            \"@type\": \"BreadcrumbList\",\n            \"itemListElement\": [\n                            ]\n        }\n    <\/script>\n   \n    <script>\n            <\/script>\n<\/div>\n\t\t\t\t\t\t<\/div>\n\t\t\t\t<\/div>\n\t\t\t\t<div class=\"elementor-element elementor-element-6c944201 elementor-widget elementor-widget-text-editor\" data-id=\"6c944201\" data-element_type=\"widget\" data-e-type=\"widget\" data-widget_type=\"text-editor.default\">\n\t\t\t\t<div class=\"elementor-widget-container\">\n\t\t\t\t\t\t\t\t\t<p class=\"rtecenter\" style=\"text-align: center;\"><em>Si vous souhaitez rejoindre notre \u00e9quipe sur un projet doctoral,\u00a0\u00a0n&#8217;h\u00e9sitez pas \u00e0 contacter\u00a0les scientifiques membres\u00a0\u00a0<strong><a href=\"https:\/\/www.cerege.fr\/sciences\/climat\/equipe-climat\/\">ici<\/a><\/strong>.<\/em><\/p><p class=\"rtecenter\" style=\"text-align: center;\"><em>La plupart des projets d\u00e9butent au printemps mais peuvent \u00e9galement \u00eatre ouverts \u00e0 d&#8217;autres p\u00e9riodes de l&#8217;ann\u00e9e.<\/em><\/p>\t\t\t\t\t\t\t\t<\/div>\n\t\t\t\t<\/div>\n\t\t\t\t\t<\/div>\n\t\t<\/div>\n\t\t\t\t\t<\/div>\n\t\t<\/section>\n\t\t\t\t<section class=\"elementor-section elementor-top-section elementor-element elementor-element-111c341f elementor-section-full_width elementor-section-height-default elementor-section-height-default\" data-id=\"111c341f\" data-element_type=\"section\" data-e-type=\"section\">\n\t\t\t\t\t\t<div class=\"elementor-container elementor-column-gap-default\">\n\t\t\t\t\t<div class=\"elementor-column elementor-col-100 elementor-top-column elementor-element elementor-element-41527e14\" data-id=\"41527e14\" data-element_type=\"column\" data-e-type=\"column\">\n\t\t\t<div class=\"elementor-widget-wrap elementor-element-populated\">\n\t\t\t\t\t\t<div class=\"elementor-element elementor-element-26e44159 elementor-widget elementor-widget-heading\" data-id=\"26e44159\" data-element_type=\"widget\" data-e-type=\"widget\" data-widget_type=\"heading.default\">\n\t\t\t\t<div class=\"elementor-widget-container\">\n\t\t\t\t\t<h2 class=\"elementor-heading-title elementor-size-default\">Th\u00e8ses sur le climat 2020 - 2023<\/h2>\t\t\t\t<\/div>\n\t\t\t\t<\/div>\n\t\t\t\t<section class=\"elementor-section elementor-inner-section elementor-element elementor-element-58b0cca5 elementor-section-full_width elementor-section-height-default elementor-section-height-default\" data-id=\"58b0cca5\" data-element_type=\"section\" data-e-type=\"section\">\n\t\t\t\t\t\t<div class=\"elementor-container elementor-column-gap-wider\">\n\t\t\t\t\t<div class=\"elementor-column elementor-col-100 elementor-inner-column elementor-element elementor-element-694dd99c\" data-id=\"694dd99c\" data-element_type=\"column\" data-e-type=\"column\">\n\t\t\t<div class=\"elementor-widget-wrap elementor-element-populated\">\n\t\t\t\t\t\t<div class=\"elementor-element elementor-element-21dd877b elementor-widget__width-initial science_image_box eael-infobox-shape-square eael-infobox-hover-img-shape-square elementor-widget elementor-widget-eael-info-box\" data-id=\"21dd877b\" data-element_type=\"widget\" data-e-type=\"widget\" data-widget_type=\"eael-info-box.default\">\n\t\t\t\t<div class=\"elementor-widget-container\">\n\t\t\t\t\t            <a href=\"https:\/\/www.cerege.fr\/fr\/author\/souleyman-abba\/\">\n\t            <div class=\"eael-infobox icon-on-top\">\n\t            <div class=\"infobox-icon\">\n\n                            <img decoding=\"async\" src=\"https:\/\/www.cerege.fr\/wp-content\/plugins\/elementor\/assets\/images\/placeholder.png\" alt=\"\">\n            \n            \n            \n        <\/div>\n            <div class=\"infobox-content\">\n                    <div class=\"infobox-title-section\">\n                <h3 class=\"title\">Souleyman ABBA<\/h3>            <\/div>\n            <div><p style=\"text-align: left\"><strong>Fonctionnement hydrologique, g\u00e9ochimique et isotopique des lacs volcaniques du plateau de l&#8217;Adamoua (Nord-Cameroun)<\/strong><\/p><p style=\"text-align: left\">Encadrement:\u00a0<a href=\"https:\/\/www.cerege.fr\/fr\/users\/bruno-hamelin\">Bruno Hamelin<\/a>\u00a0(CEREGE),\u00a0<a href=\"https:\/\/www.cerege.fr\/fr\/users\/pierre-deschamps\">Pierre Deschamps<\/a>\u00a0(CEREGE),\u00a0<a href=\"https:\/\/www.cerege.fr\/fr\/users\/yannick-garcin\">Yannick Garcin<\/a>\u00a0(AMU) et Benjamin Ngounou Ngatcha (Universit\u00e9 de NGAOUNDERE, Cameroun)<\/p><\/div>        <\/div>\n            <\/div>\n\n\t\t            <\/a>\n\t\t\t\t\t\t<\/div>\n\t\t\t\t<\/div>\n\t\t\t\t<div class=\"elementor-element elementor-element-30ce835e elementor-widget__width-initial science_image_box eael-infobox-shape-square eael-infobox-hover-img-shape-square elementor-widget elementor-widget-eael-info-box\" data-id=\"30ce835e\" data-element_type=\"widget\" data-e-type=\"widget\" data-widget_type=\"eael-info-box.default\">\n\t\t\t\t<div class=\"elementor-widget-container\">\n\t\t\t\t\t            <a href=\"http:\/\/\">\n\t            <div class=\"eael-infobox icon-on-top\">\n\t            <div class=\"infobox-icon\">\n\n                            <img decoding=\"async\" src=\"https:\/\/www.cerege.fr\/wp-content\/plugins\/elementor\/assets\/images\/placeholder.png\" alt=\"\">\n            \n            \n            \n        <\/div>\n            <div class=\"infobox-content\">\n                    <div class=\"infobox-title-section\">\n                <h3 class=\"title\">Nom du doctorant<\/h3>            <\/div>\n            <div><p>Lorem ipsum dolor sit amet, consectetur adipiscing elit. Morbi tincidunt, ipsum blandit sagittis volutpat, lorem lectus interdum massa, quis efficitur leo diam at est. Maecenas facilisis tellus nec diam congue sodales.<\/p><\/div>        <\/div>\n            <\/div>\n\n\t\t            <\/a>\n\t\t\t\t\t\t<\/div>\n\t\t\t\t<\/div>\n\t\t\t\t<div class=\"elementor-element elementor-element-7a2eaca elementor-widget__width-initial science_image_box eael-infobox-shape-square eael-infobox-hover-img-shape-square elementor-widget elementor-widget-eael-info-box\" data-id=\"7a2eaca\" data-element_type=\"widget\" data-e-type=\"widget\" data-widget_type=\"eael-info-box.default\">\n\t\t\t\t<div class=\"elementor-widget-container\">\n\t\t\t\t\t            <a href=\"http:\/\/\">\n\t            <div class=\"eael-infobox icon-on-top\">\n\t            <div class=\"infobox-icon\">\n\n                            <img decoding=\"async\" src=\"https:\/\/www.cerege.fr\/wp-content\/plugins\/elementor\/assets\/images\/placeholder.png\" alt=\"\">\n            \n            \n            \n        <\/div>\n            <div class=\"infobox-content\">\n                    <div class=\"infobox-title-section\">\n                <h3 class=\"title\">Nom du doctorant<\/h3>            <\/div>\n            <div><p>Lorem ipsum dolor sit amet, consectetur adipiscing elit. Morbi tincidunt, ipsum blandit sagittis volutpat, lorem lectus interdum massa, quis efficitur leo diam at est. Maecenas facilisis tellus nec diam congue sodales.<\/p><\/div>        <\/div>\n            <\/div>\n\n\t\t            <\/a>\n\t\t\t\t\t\t<\/div>\n\t\t\t\t<\/div>\n\t\t\t\t<div class=\"elementor-element elementor-element-791077bb elementor-widget__width-initial science_image_box eael-infobox-shape-square eael-infobox-hover-img-shape-square elementor-widget elementor-widget-eael-info-box\" data-id=\"791077bb\" data-element_type=\"widget\" data-e-type=\"widget\" data-widget_type=\"eael-info-box.default\">\n\t\t\t\t<div class=\"elementor-widget-container\">\n\t\t\t\t\t            <a href=\"http:\/\/\">\n\t            <div class=\"eael-infobox icon-on-top\">\n\t            <div class=\"infobox-icon\">\n\n                            <img decoding=\"async\" src=\"https:\/\/www.cerege.fr\/wp-content\/plugins\/elementor\/assets\/images\/placeholder.png\" alt=\"\">\n            \n            \n            \n        <\/div>\n            <div class=\"infobox-content\">\n                    <div class=\"infobox-title-section\">\n                <h3 class=\"title\">Nom du doctorant<\/h3>            <\/div>\n            <div><p>Lorem ipsum dolor sit amet, consectetur adipiscing elit. Morbi tincidunt, ipsum blandit sagittis volutpat, lorem lectus interdum massa, quis efficitur leo diam at est. Maecenas facilisis tellus nec diam congue sodales.<\/p><\/div>        <\/div>\n            <\/div>\n\n\t\t            <\/a>\n\t\t\t\t\t\t<\/div>\n\t\t\t\t<\/div>\n\t\t\t\t<div class=\"elementor-element elementor-element-700f8bc0 elementor-widget__width-initial science_image_box eael-infobox-shape-square eael-infobox-hover-img-shape-square elementor-widget elementor-widget-eael-info-box\" data-id=\"700f8bc0\" data-element_type=\"widget\" data-e-type=\"widget\" data-widget_type=\"eael-info-box.default\">\n\t\t\t\t<div class=\"elementor-widget-container\">\n\t\t\t\t\t            <a href=\"http:\/\/\">\n\t            <div class=\"eael-infobox icon-on-top\">\n\t            <div class=\"infobox-icon\">\n\n                            <img decoding=\"async\" src=\"https:\/\/www.cerege.fr\/wp-content\/plugins\/elementor\/assets\/images\/placeholder.png\" alt=\"\">\n            \n            \n            \n        <\/div>\n            <div class=\"infobox-content\">\n                    <div class=\"infobox-title-section\">\n                <h3 class=\"title\">Nom du doctorant<\/h3>            <\/div>\n            <div><p>Lorem ipsum dolor sit amet, consectetur adipiscing elit. Morbi tincidunt, ipsum blandit sagittis volutpat, lorem lectus interdum massa, quis efficitur leo diam at est. Maecenas facilisis tellus nec diam congue sodales.<\/p><\/div>        <\/div>\n            <\/div>\n\n\t\t            <\/a>\n\t\t\t\t\t\t<\/div>\n\t\t\t\t<\/div>\n\t\t\t\t<div class=\"elementor-element elementor-element-6bcd847d elementor-widget__width-initial science_image_box eael-infobox-shape-square eael-infobox-hover-img-shape-square elementor-widget elementor-widget-eael-info-box\" data-id=\"6bcd847d\" data-element_type=\"widget\" data-e-type=\"widget\" data-widget_type=\"eael-info-box.default\">\n\t\t\t\t<div class=\"elementor-widget-container\">\n\t\t\t\t\t            <a href=\"http:\/\/\">\n\t            <div class=\"eael-infobox icon-on-top\">\n\t            <div class=\"infobox-icon\">\n\n                            <img decoding=\"async\" src=\"https:\/\/www.cerege.fr\/wp-content\/plugins\/elementor\/assets\/images\/placeholder.png\" alt=\"\">\n            \n            \n            \n        <\/div>\n            <div class=\"infobox-content\">\n                    <div class=\"infobox-title-section\">\n                <h3 class=\"title\">Nom du doctorant<\/h3>            <\/div>\n            <div><p>Lorem ipsum dolor sit amet, consectetur adipiscing elit. Morbi tincidunt, ipsum blandit sagittis volutpat, lorem lectus interdum massa, quis efficitur leo diam at est. Maecenas facilisis tellus nec diam congue sodales.<\/p><\/div>        <\/div>\n            <\/div>\n\n\t\t            <\/a>\n\t\t\t\t\t\t<\/div>\n\t\t\t\t<\/div>\n\t\t\t\t\t<\/div>\n\t\t<\/div>\n\t\t\t\t\t<\/div>\n\t\t<\/section>\n\t\t\t\t\t<\/div>\n\t\t<\/div>\n\t\t\t\t\t<\/div>\n\t\t<\/section>\n\t\t\t\t<\/div>\n\t\t","protected":false},"excerpt":{"rendered":"<p>Si vous souhaitez rejoindre notre \u00e9quipe sur un projet doctoral,\u00a0\u00a0n&#8217;h\u00e9sitez pas \u00e0 contacter\u00a0les scientifiques membres\u00a0\u00a0ici. La plupart des projets d\u00e9butent au printemps mais peuvent \u00e9galement \u00eatre ouverts \u00e0 d&#8217;autres p\u00e9riodes [&hellip;]<\/p>\n","protected":false},"author":551,"featured_media":0,"parent":829,"menu_order":27,"comment_status":"closed","ping_status":"closed","template":"","meta":{"_acf_changed":false,"footnotes":""},"class_list":["post-2910","page","type-page","status-publish","hentry"],"acf":[],"publishpress_future_action":{"enabled":false,"date":"2026-04-25 10:39:43","action":"change-status","newStatus":"draft","terms":[],"taxonomy":"","extraData":[]},"publishpress_future_workflow_manual_trigger":{"enabledWorkflows":[]},"_links":{"self":[{"href":"https:\/\/www.cerege.fr\/fr\/wp-json\/wp\/v2\/pages\/2910","targetHints":{"allow":["GET"]}}],"collection":[{"href":"https:\/\/www.cerege.fr\/fr\/wp-json\/wp\/v2\/pages"}],"about":[{"href":"https:\/\/www.cerege.fr\/fr\/wp-json\/wp\/v2\/types\/page"}],"author":[{"embeddable":true,"href":"https:\/\/www.cerege.fr\/fr\/wp-json\/wp\/v2\/users\/551"}],"replies":[{"embeddable":true,"href":"https:\/\/www.cerege.fr\/fr\/wp-json\/wp\/v2\/comments?post=2910"}],"version-history":[{"count":1,"href":"https:\/\/www.cerege.fr\/fr\/wp-json\/wp\/v2\/pages\/2910\/revisions"}],"predecessor-version":[{"id":2911,"href":"https:\/\/www.cerege.fr\/fr\/wp-json\/wp\/v2\/pages\/2910\/revisions\/2911"}],"up":[{"embeddable":true,"href":"https:\/\/www.cerege.fr\/fr\/wp-json\/wp\/v2\/pages\/829"}],"wp:attachment":[{"href":"https:\/\/www.cerege.fr\/fr\/wp-json\/wp\/v2\/media?parent=2910"}],"curies":[{"name":"wp","href":"https:\/\/api.w.org\/{rel}","templated":true}]}}