{"id":29198,"date":"2026-04-14T14:19:32","date_gmt":"2026-04-14T12:19:32","guid":{"rendered":"https:\/\/www.cerege.fr\/?page_id=29198"},"modified":"2026-04-14T15:04:00","modified_gmt":"2026-04-14T13:04:00","slug":"highlights","status":"publish","type":"page","link":"https:\/\/www.cerege.fr\/fr\/communication\/highlights\/","title":{"rendered":"Highlights"},"content":{"rendered":"\t\t<div data-elementor-type=\"wp-page\" data-elementor-id=\"29198\" class=\"elementor elementor-29198\" data-elementor-post-type=\"page\">\n\t\t\t\t\t\t<section class=\"elementor-section elementor-top-section elementor-element elementor-element-72f7032 elementor-section-boxed elementor-section-height-default elementor-section-height-default\" data-id=\"72f7032\" data-element_type=\"section\" data-e-type=\"section\">\n\t\t\t\t\t\t<div class=\"elementor-container elementor-column-gap-default\">\n\t\t\t\t\t<div class=\"elementor-column elementor-col-100 elementor-top-column elementor-element elementor-element-a53a329\" data-id=\"a53a329\" data-element_type=\"column\" data-e-type=\"column\">\n\t\t\t<div class=\"elementor-widget-wrap elementor-element-populated\">\n\t\t\t\t\t\t<div class=\"elementor-element elementor-element-7338436 elementor-widget elementor-widget-text-editor\" data-id=\"7338436\" data-element_type=\"widget\" data-e-type=\"widget\" data-widget_type=\"text-editor.default\">\n\t\t\t\t<div class=\"elementor-widget-container\">\n\t\t\t\t\t\t\t\t\t<p class=\"p1\">Les <span class=\"s1\">Highlights du <\/span><span class=\"s2\">CEREGE<\/span> proposent une synth\u00e8se des activit\u00e9s et r\u00e9alisations de l\u2019UMR, structur\u00e9e autour de ses principaux axes : recherche, formation, \u00e9quipements et institutionnel.<\/p><p class=\"p1\">Pens\u00e9s \u00e0 la fois comme un support de documentation et comme un document visuel, ils offrent une lecture synth\u00e9tique et illustr\u00e9e des travaux du laboratoire. Ils permettent de d\u00e9couvrir plus directement la diversit\u00e9 des activit\u00e9s du CEREGE et d\u2019en appr\u00e9hender l\u2019identit\u00e9 scientifique, les dynamiques collectives et les engagements.<\/p>\t\t\t\t\t\t\t\t<\/div>\n\t\t\t\t<\/div>\n\t\t\t\t<div class=\"elementor-element elementor-element-a1a46bf elementor-widget-divider--view-line elementor-widget elementor-widget-divider\" data-id=\"a1a46bf\" data-element_type=\"widget\" data-e-type=\"widget\" data-widget_type=\"divider.default\">\n\t\t\t\t<div class=\"elementor-widget-container\">\n\t\t\t\t\t\t\t<div class=\"elementor-divider\">\n\t\t\t<span class=\"elementor-divider-separator\">\n\t\t\t\t\t\t<\/span>\n\t\t<\/div>\n\t\t\t\t\t\t<\/div>\n\t\t\t\t<\/div>\n\t\t\t\t<div class=\"elementor-element elementor-element-17e5d94 elementor--h-position-center elementor--v-position-middle elementor-arrows-position-inside elementor-pagination-position-inside elementor-widget elementor-widget-slides\" data-id=\"17e5d94\" data-element_type=\"widget\" data-e-type=\"widget\" data-settings=\"{&quot;navigation&quot;:&quot;both&quot;,&quot;autoplay&quot;:&quot;yes&quot;,&quot;pause_on_hover&quot;:&quot;yes&quot;,&quot;pause_on_interaction&quot;:&quot;yes&quot;,&quot;autoplay_speed&quot;:5000,&quot;infinite&quot;:&quot;yes&quot;,&quot;transition&quot;:&quot;slide&quot;,&quot;transition_speed&quot;:500}\" data-widget_type=\"slides.default\">\n\t\t\t\t<div class=\"elementor-widget-container\">\n\t\t\t\t\t\t\t\t\t<div class=\"elementor-swiper\">\n\t\t\t\t\t<div class=\"elementor-slides-wrapper elementor-main-swiper swiper\" role=\"region\" aria-roledescription=\"carousel\" aria-label=\"Diapositives\" dir=\"ltr\" data-animation=\"fadeInUp\">\n\t\t\t\t<div class=\"swiper-wrapper elementor-slides\">\n\t\t\t\t\t\t\t\t\t\t<div class=\"elementor-repeater-item-2e7f026 swiper-slide\" role=\"group\" aria-roledescription=\"slide\"><div class=\"swiper-slide-bg\" role=\"img\" aria-label=\"Nuit \u00e9toil\u00e9e sur le Marion Dufresne \u2013 Oc\u00e9an Indien\"><\/div><a class=\"swiper-slide-inner\" href=\"https:\/\/nuage.osupytheas.fr\/s\/CExLr7fHeb7cnwa\" target=\"_blank\" rel=\"noopener\"><div class=\"swiper-slide-contents\"><div class=\"elementor-slide-heading\">Highlights<\/div><div class=\"elementor-slide-description\">2024 \u00b7 2025<\/div><div  class=\"elementor-button elementor-slide-button elementor-size-sm\">D\u00e9couvrez la premi\u00e8re \u00e9dition !<\/div><\/div><\/a><\/div>\t\t\t\t<\/div>\n\t\t\t\t\t\t\t<\/div>\n\t\t\t\t<\/div>\n\t\t\t\t\t\t\t\t<\/div>\n\t\t\t\t<\/div>\n\t\t\t\t\t<\/div>\n\t\t<\/div>\n\t\t\t\t\t<\/div>\n\t\t<\/section>\n\t\t\t\t<\/div>\n\t\t","protected":false},"excerpt":{"rendered":"<p>Les Highlights du CEREGE proposent une synth\u00e8se des activit\u00e9s et r\u00e9alisations de l\u2019UMR, structur\u00e9e autour de ses principaux axes : recherche, formation, \u00e9quipements et institutionnel. Pens\u00e9s \u00e0 la fois comme [&hellip;]<\/p>\n","protected":false},"author":817,"featured_media":0,"parent":820,"menu_order":0,"comment_status":"closed","ping_status":"closed","template":"","meta":{"_acf_changed":false,"footnotes":""},"class_list":["post-29198","page","type-page","status-publish","hentry"],"acf":[],"publishpress_future_action":{"enabled":false,"date":"2026-04-22 01:23:27","action":"change-status","newStatus":"draft","terms":[],"taxonomy":"","extraData":[]},"publishpress_future_workflow_manual_trigger":{"enabledWorkflows":[]},"_links":{"self":[{"href":"https:\/\/www.cerege.fr\/fr\/wp-json\/wp\/v2\/pages\/29198","targetHints":{"allow":["GET"]}}],"collection":[{"href":"https:\/\/www.cerege.fr\/fr\/wp-json\/wp\/v2\/pages"}],"about":[{"href":"https:\/\/www.cerege.fr\/fr\/wp-json\/wp\/v2\/types\/page"}],"author":[{"embeddable":true,"href":"https:\/\/www.cerege.fr\/fr\/wp-json\/wp\/v2\/users\/817"}],"replies":[{"embeddable":true,"href":"https:\/\/www.cerege.fr\/fr\/wp-json\/wp\/v2\/comments?post=29198"}],"version-history":[{"count":4,"href":"https:\/\/www.cerege.fr\/fr\/wp-json\/wp\/v2\/pages\/29198\/revisions"}],"predecessor-version":[{"id":29215,"href":"https:\/\/www.cerege.fr\/fr\/wp-json\/wp\/v2\/pages\/29198\/revisions\/29215"}],"up":[{"embeddable":true,"href":"https:\/\/www.cerege.fr\/fr\/wp-json\/wp\/v2\/pages\/820"}],"wp:attachment":[{"href":"https:\/\/www.cerege.fr\/fr\/wp-json\/wp\/v2\/media?parent=29198"}],"curies":[{"name":"wp","href":"https:\/\/api.w.org\/{rel}","templated":true}]}}