{"id":3630,"date":"2022-09-20T08:57:37","date_gmt":"2022-09-20T06:57:37","guid":{"rendered":"https:\/\/www.cerege.fr\/?page_id=3630"},"modified":"2023-07-12T10:00:05","modified_gmt":"2023-07-12T08:00:05","slug":"focus","status":"publish","type":"page","link":"https:\/\/www.cerege.fr\/fr\/focus\/","title":{"rendered":"FOCUS Julie Losen"},"content":{"rendered":"\t\t<div data-elementor-type=\"wp-page\" data-elementor-id=\"3630\" class=\"elementor elementor-3630\" data-elementor-post-type=\"page\">\n\t\t\t\t\t\t<section class=\"elementor-section elementor-top-section elementor-element elementor-element-6c402838 elementor-section-full_width elementor-section-height-min-height elementor-section-height-default elementor-section-items-middle\" data-id=\"6c402838\" data-element_type=\"section\" data-e-type=\"section\" data-settings=\"{&quot;background_background&quot;:&quot;classic&quot;}\">\n\t\t\t\t\t\t<div class=\"elementor-container elementor-column-gap-default\">\n\t\t\t\t\t<div class=\"elementor-column elementor-col-100 elementor-top-column elementor-element elementor-element-3ef47859\" data-id=\"3ef47859\" data-element_type=\"column\" data-e-type=\"column\">\n\t\t\t<div class=\"elementor-widget-wrap\">\n\t\t\t\t\t\t\t<\/div>\n\t\t<\/div>\n\t\t\t\t\t<\/div>\n\t\t<\/section>\n\t\t\t\t<section class=\"elementor-section elementor-top-section elementor-element elementor-element-5217884e elementor-section-boxed elementor-section-height-default elementor-section-height-default\" data-id=\"5217884e\" data-element_type=\"section\" data-e-type=\"section\">\n\t\t\t\t\t\t<div class=\"elementor-container elementor-column-gap-default\">\n\t\t\t\t\t<div class=\"elementor-column elementor-col-100 elementor-top-column elementor-element elementor-element-7c218427\" data-id=\"7c218427\" data-element_type=\"column\" data-e-type=\"column\">\n\t\t\t<div class=\"elementor-widget-wrap elementor-element-populated\">\n\t\t\t\t\t\t<div class=\"elementor-element elementor-element-b5ea463 elementor-widget elementor-widget-shortcode\" data-id=\"b5ea463\" data-element_type=\"widget\" data-e-type=\"widget\" data-widget_type=\"shortcode.default\">\n\t\t\t\t<div class=\"elementor-widget-container\">\n\t\t\t\t\t\t\t<div class=\"elementor-shortcode\"><nav aria-label=\"breadcrumbs\">\n            <div class=\"breadcrumb-container theme1\">\n                <ol>\n                                    <\/ol>\n            <\/div>\n        <\/nav>    <script type=\"application\/ld+json\">\n        {\n            \"@context\": \"http:\/\/schema.org\",\n            \"@type\": \"BreadcrumbList\",\n            \"itemListElement\": [\n                            ]\n        }\n    <\/script>\n   \n    <script>\n            <\/script>\n<\/div>\n\t\t\t\t\t\t<\/div>\n\t\t\t\t<\/div>\n\t\t\t\t<div class=\"elementor-element elementor-element-b8c8c23 elementor-widget elementor-widget-heading\" data-id=\"b8c8c23\" data-element_type=\"widget\" data-e-type=\"widget\" data-widget_type=\"heading.default\">\n\t\t\t\t<div class=\"elementor-widget-container\">\n\t\t\t\t\t<h2 class=\"elementor-heading-title elementor-size-default\">Un mois sur le terrain au Kirghizistan et Kazakhstan avec Julie Losen, Doctorante Terre &amp; Plan\u00e8te au CEREGE.<\/h2>\t\t\t\t<\/div>\n\t\t\t\t<\/div>\n\t\t\t\t<section class=\"elementor-section elementor-inner-section elementor-element elementor-element-e94c96b elementor-section-boxed elementor-section-height-default elementor-section-height-default\" data-id=\"e94c96b\" data-element_type=\"section\" data-e-type=\"section\">\n\t\t\t\t\t\t<div class=\"elementor-container elementor-column-gap-wide\">\n\t\t\t\t\t<div class=\"elementor-column elementor-col-50 elementor-inner-column elementor-element elementor-element-2bff8c2d\" data-id=\"2bff8c2d\" data-element_type=\"column\" data-e-type=\"column\">\n\t\t\t<div class=\"elementor-widget-wrap elementor-element-populated\">\n\t\t\t\t\t\t<div class=\"elementor-element elementor-element-48a9d520 elementor-widget elementor-widget-text-editor\" data-id=\"48a9d520\" data-element_type=\"widget\" data-e-type=\"widget\" data-widget_type=\"text-editor.default\">\n\t\t\t\t<div class=\"elementor-widget-container\">\n\t\t\t\t\t\t\t\t\t<p><strong><img fetchpriority=\"high\" decoding=\"async\" class=\"size-medium wp-image-3637 alignleft\" src=\"https:\/\/www.cerege.fr\/wp-content\/uploads\/2022\/09\/Lac-Kaindy_Kazakhstan-169x300.jpg\" alt=\"\" width=\"169\" height=\"300\" srcset=\"https:\/\/www.cerege.fr\/wp-content\/uploads\/2022\/09\/Lac-Kaindy_Kazakhstan-169x300.jpg 169w, https:\/\/www.cerege.fr\/wp-content\/uploads\/2022\/09\/Lac-Kaindy_Kazakhstan-576x1024.jpg 576w, https:\/\/www.cerege.fr\/wp-content\/uploads\/2022\/09\/Lac-Kaindy_Kazakhstan-768x1365.jpg 768w, https:\/\/www.cerege.fr\/wp-content\/uploads\/2022\/09\/Lac-Kaindy_Kazakhstan-864x1536.jpg 864w, https:\/\/www.cerege.fr\/wp-content\/uploads\/2022\/09\/Lac-Kaindy_Kazakhstan-scaled.jpg 1152w, https:\/\/www.cerege.fr\/wp-content\/uploads\/2022\/09\/Lac-Kaindy_Kazakhstan-7x12.jpg 7w\" sizes=\"(max-width: 169px) 100vw, 169px\" \/>Au Kazakhstan, dater l\u2019activit\u00e9 sismique par l\u2019\u00e9tude des arbres et des lacs<br \/><\/strong><\/p><p>D\u00e9but Juillet 2022: Dans le cadre du projet CASAC (Cernes d\u2019arbres et S\u00e9ismes en Asie Centrale) financ\u00e9 par la f\u00e9d\u00e9ration de recherche Eccorev, le but de la mission de l\u2019\u00e9quipe autour de la th\u00e8se de <a href=\"https:\/\/www.cerege.fr\/fr\/author\/julie-losen\/\" target=\"_blank\" rel=\"noopener\">Julie Losen<\/a> (Magali Rizza &#8211; CEREGE, C\u00e9cile Miramont, Elodie Brisset, Lenka Brousset, Fred Guidal, Fred Guiter- IMBE) est de dater l\u2019activit\u00e9 sismique des failles actives dans la r\u00e9gion du Tien Shan, notamment au Kazakhstan.<\/p><p>\u00a0Il s&#8217;est agi pour l&#8217;\u00e9quipe d&#8217;\u00e9chantillonner des arbres et des lacs susceptibles d\u2019avoir \u00e9t\u00e9 impact\u00e9 par des tremblements de terre. Ils sont en fait comme la m\u00e9moire de leur environnement\u2026 <\/p><p>Pour se faire, un certains nombres d\u2019arbres \u00e0 proximit\u00e9 de la faille et d\u2019autres plus \u00e9loign\u00e9s non affect\u00e9s par les s\u00e9ismes ont \u00e9t\u00e9 \u00e9chantillonn\u00e9s par l\u2019interm\u00e9diaire de petites carottes dans les troncs. &#8220;<em>Pendant ce temps, nous avons ouvert une tranch\u00e9e pal\u00e9o-sismologique sur un petit replat pour voir la faille en coupe. Nous avons \u00e9galement pu pr\u00e9lever des \u00e9chantillons de roches sur des moraines d\u00e9form\u00e9es par celle-ci.<\/em>&#8221; explique Julie.<\/p>\t\t\t\t\t\t\t\t<\/div>\n\t\t\t\t<\/div>\n\t\t\t\t\t<\/div>\n\t\t<\/div>\n\t\t\t\t<div class=\"elementor-column elementor-col-50 elementor-inner-column elementor-element elementor-element-281ed81\" data-id=\"281ed81\" data-element_type=\"column\" data-e-type=\"column\">\n\t\t\t<div class=\"elementor-widget-wrap elementor-element-populated\">\n\t\t\t\t\t\t<div class=\"elementor-element elementor-element-4a43ad17 elementor-widget elementor-widget-image\" data-id=\"4a43ad17\" data-element_type=\"widget\" data-e-type=\"widget\" data-widget_type=\"image.default\">\n\t\t\t\t<div class=\"elementor-widget-container\">\n\t\t\t\t\t\t\t\t\t\t\t\t\t\t\t<img decoding=\"async\" width=\"400\" height=\"250\" src=\"https:\/\/www.cerege.fr\/wp-content\/uploads\/2022\/09\/Valle\u0301e_Korumdy-Kensu.jpg\" class=\"attachment-large size-large wp-image-3644\" alt=\"\" srcset=\"https:\/\/www.cerege.fr\/wp-content\/uploads\/2022\/09\/Valle\u0301e_Korumdy-Kensu.jpg 400w, https:\/\/www.cerege.fr\/wp-content\/uploads\/2022\/09\/Valle\u0301e_Korumdy-Kensu-300x188.jpg 300w, https:\/\/www.cerege.fr\/wp-content\/uploads\/2022\/09\/Valle\u0301e_Korumdy-Kensu-18x12.jpg 18w\" sizes=\"(max-width: 400px) 100vw, 400px\" \/>\t\t\t\t\t\t\t\t\t\t\t\t\t\t\t<\/div>\n\t\t\t\t<\/div>\n\t\t\t\t<div class=\"elementor-element elementor-element-326ba7e elementor-widget elementor-widget-image\" data-id=\"326ba7e\" data-element_type=\"widget\" data-e-type=\"widget\" data-widget_type=\"image.default\">\n\t\t\t\t<div class=\"elementor-widget-container\">\n\t\t\t\t\t\t\t\t\t\t\t\t\t\t\t<img decoding=\"async\" width=\"400\" height=\"250\" src=\"https:\/\/www.cerege.fr\/wp-content\/uploads\/2022\/09\/Tranchee_Korumdy-Kensu-1.jpg\" class=\"attachment-large size-large wp-image-3643\" alt=\"\" srcset=\"https:\/\/www.cerege.fr\/wp-content\/uploads\/2022\/09\/Tranchee_Korumdy-Kensu-1.jpg 400w, https:\/\/www.cerege.fr\/wp-content\/uploads\/2022\/09\/Tranchee_Korumdy-Kensu-1-300x188.jpg 300w, https:\/\/www.cerege.fr\/wp-content\/uploads\/2022\/09\/Tranchee_Korumdy-Kensu-1-18x12.jpg 18w\" sizes=\"(max-width: 400px) 100vw, 400px\" \/>\t\t\t\t\t\t\t\t\t\t\t\t\t\t\t<\/div>\n\t\t\t\t<\/div>\n\t\t\t\t\t<\/div>\n\t\t<\/div>\n\t\t\t\t\t<\/div>\n\t\t<\/section>\n\t\t\t\t<section class=\"elementor-section elementor-inner-section elementor-element elementor-element-28d30ad2 elementor-section-boxed elementor-section-height-default elementor-section-height-default\" data-id=\"28d30ad2\" data-element_type=\"section\" data-e-type=\"section\">\n\t\t\t\t\t\t<div class=\"elementor-container elementor-column-gap-wide\">\n\t\t\t\t\t<div class=\"elementor-column elementor-col-50 elementor-inner-column elementor-element elementor-element-4557a475\" data-id=\"4557a475\" data-element_type=\"column\" data-e-type=\"column\">\n\t\t\t<div class=\"elementor-widget-wrap elementor-element-populated\">\n\t\t\t\t\t\t<div class=\"elementor-element elementor-element-5ab9c914 elementor-widget elementor-widget-image\" data-id=\"5ab9c914\" data-element_type=\"widget\" data-e-type=\"widget\" data-widget_type=\"image.default\">\n\t\t\t\t<div class=\"elementor-widget-container\">\n\t\t\t\t\t\t\t\t\t\t\t\t\t\t\t<img loading=\"lazy\" decoding=\"async\" width=\"400\" height=\"250\" src=\"https:\/\/www.cerege.fr\/wp-content\/uploads\/2022\/09\/Lac_glissement_terrain_Beshkiol_Kirghizstan.jpg\" class=\"attachment-large size-large wp-image-3650\" alt=\"\" srcset=\"https:\/\/www.cerege.fr\/wp-content\/uploads\/2022\/09\/Lac_glissement_terrain_Beshkiol_Kirghizstan.jpg 400w, https:\/\/www.cerege.fr\/wp-content\/uploads\/2022\/09\/Lac_glissement_terrain_Beshkiol_Kirghizstan-300x188.jpg 300w, https:\/\/www.cerege.fr\/wp-content\/uploads\/2022\/09\/Lac_glissement_terrain_Beshkiol_Kirghizstan-18x12.jpg 18w\" sizes=\"(max-width: 400px) 100vw, 400px\" \/>\t\t\t\t\t\t\t\t\t\t\t\t\t\t\t<\/div>\n\t\t\t\t<\/div>\n\t\t\t\t<div class=\"elementor-element elementor-element-e74cd51 elementor-widget elementor-widget-image\" data-id=\"e74cd51\" data-element_type=\"widget\" data-e-type=\"widget\" data-widget_type=\"image.default\">\n\t\t\t\t<div class=\"elementor-widget-container\">\n\t\t\t\t\t\t\t\t\t\t\t\t\t\t\t<img loading=\"lazy\" decoding=\"async\" width=\"800\" height=\"267\" src=\"https:\/\/www.cerege.fr\/wp-content\/uploads\/2022\/09\/Panorama_Naryn_2022_3-1024x342.jpg\" class=\"attachment-large size-large wp-image-3639\" alt=\"\" srcset=\"https:\/\/www.cerege.fr\/wp-content\/uploads\/2022\/09\/Panorama_Naryn_2022_3-1024x342.jpg 1024w, https:\/\/www.cerege.fr\/wp-content\/uploads\/2022\/09\/Panorama_Naryn_2022_3-300x100.jpg 300w, https:\/\/www.cerege.fr\/wp-content\/uploads\/2022\/09\/Panorama_Naryn_2022_3-768x257.jpg 768w, https:\/\/www.cerege.fr\/wp-content\/uploads\/2022\/09\/Panorama_Naryn_2022_3-1536x513.jpg 1536w, https:\/\/www.cerege.fr\/wp-content\/uploads\/2022\/09\/Panorama_Naryn_2022_3-scaled.jpg 2048w, https:\/\/www.cerege.fr\/wp-content\/uploads\/2022\/09\/Panorama_Naryn_2022_3-18x6.jpg 18w\" sizes=\"(max-width: 800px) 100vw, 800px\" \/>\t\t\t\t\t\t\t\t\t\t\t\t\t\t\t<\/div>\n\t\t\t\t<\/div>\n\t\t\t\t<div class=\"elementor-element elementor-element-d3380e7 elementor-widget elementor-widget-image\" data-id=\"d3380e7\" data-element_type=\"widget\" data-e-type=\"widget\" data-widget_type=\"image.default\">\n\t\t\t\t<div class=\"elementor-widget-container\">\n\t\t\t\t\t\t\t\t\t\t\t\t\t\t\t<img loading=\"lazy\" decoding=\"async\" width=\"800\" height=\"147\" src=\"https:\/\/www.cerege.fr\/wp-content\/uploads\/2022\/09\/Panorama_Naryn_2022_2-1024x188.jpg\" class=\"attachment-large size-large wp-image-3638\" alt=\"\" srcset=\"https:\/\/www.cerege.fr\/wp-content\/uploads\/2022\/09\/Panorama_Naryn_2022_2-1024x188.jpg 1024w, https:\/\/www.cerege.fr\/wp-content\/uploads\/2022\/09\/Panorama_Naryn_2022_2-300x55.jpg 300w, https:\/\/www.cerege.fr\/wp-content\/uploads\/2022\/09\/Panorama_Naryn_2022_2-768x141.jpg 768w, https:\/\/www.cerege.fr\/wp-content\/uploads\/2022\/09\/Panorama_Naryn_2022_2-1536x282.jpg 1536w, https:\/\/www.cerege.fr\/wp-content\/uploads\/2022\/09\/Panorama_Naryn_2022_2-scaled.jpg 2048w, https:\/\/www.cerege.fr\/wp-content\/uploads\/2022\/09\/Panorama_Naryn_2022_2-18x3.jpg 18w\" sizes=\"(max-width: 800px) 100vw, 800px\" \/>\t\t\t\t\t\t\t\t\t\t\t\t\t\t\t<\/div>\n\t\t\t\t<\/div>\n\t\t\t\t\t<\/div>\n\t\t<\/div>\n\t\t\t\t<div class=\"elementor-column elementor-col-50 elementor-inner-column elementor-element elementor-element-7a9c92a0\" data-id=\"7a9c92a0\" data-element_type=\"column\" data-e-type=\"column\">\n\t\t\t<div class=\"elementor-widget-wrap elementor-element-populated\">\n\t\t\t\t\t\t<div class=\"elementor-element elementor-element-2b49e834 elementor-widget elementor-widget-text-editor\" data-id=\"2b49e834\" data-element_type=\"widget\" data-e-type=\"widget\" data-widget_type=\"text-editor.default\">\n\t\t\t\t<div class=\"elementor-widget-container\">\n\t\t\t\t\t\t\t\t\t<p><strong>Au Kirghizstan, comprendre l\u2019histoire et pr\u00e9venir les risques par l\u2019analyse<\/strong><\/p><p>Une semaine plus tard, la mission de terrain se poursuit au Kirghizstan, le long de la rivi\u00e8re Naryn, dans la cha\u00eene du Tien Shan avec Magali Rizza, Maxime Henriquet, Alexis Nutz (CEREGE) et Mathieu Schuster (EOST). Dans cette r\u00e9gion, les tremblements de terre et les glissements de terrain constituent des risques majeurs pour les soci\u00e9t\u00e9s et les \u00e9conomies. Des travaux ant\u00e9rieurs le long de la rivi\u00e8re Naryn attribuaient l\u2019endiguement de la rivi\u00e8re dans le pass\u00e9 au m\u00e9ga glissement de terrain de Beshkiol, cr\u00e9ant ainsi un lac de 70 km de long.<br \/><br \/><\/p><p>Julie pr\u00e9cise qu\u2019<em>\u00ab afin de d\u00e9terminer l\u2019\u00e2ge des s\u00e9diments lacustres et donc indirectement des diff\u00e9rents \u00e9v\u00e9nements de glissements de terrain, nous avons r\u00e9colt\u00e9s des \u00e9chantillons qui seront dat\u00e9s par luminescence (OSL) et 14C sur certaines unit\u00e9s s\u00e9dimentaires r\u00e9parties dans le bassin et proche du glissement \u00bb<\/em>.<\/p><p>Gr\u00e2ce \u00e0 l&#8217;analyse d&#8217;images satellitaires et drones ainsi que des Mod\u00e8les Num\u00e9riques de Terrain associ\u00e9s, une cartographie d\u00e9taill\u00e9e du bassin a pu \u00eatre r\u00e9alis\u00e9e r\u00e9v\u00e9lant de nombreux d\u00e9p\u00f4ts fluviaux et lacustres ainsi que des pal\u00e9o-rivages d&#8217;anciens lacs pr\u00e9serv\u00e9s en amont de ce glissement de terrain.<\/p><p>La prospection de terrain ainsi que les coupes stratigraphiques observ\u00e9es ont permis de montrer que, contrairement \u00e0 ce que l\u2019on pensait, au moins deux \u00e9pisodes majeurs d\u2019endiguement ont eu lieu formant ainsi deux lacs majeurs dans cette r\u00e9gion.<\/p>\t\t\t\t\t\t\t\t<\/div>\n\t\t\t\t<\/div>\n\t\t\t\t\t<\/div>\n\t\t<\/div>\n\t\t\t\t\t<\/div>\n\t\t<\/section>\n\t\t\t\t<section class=\"elementor-section elementor-inner-section elementor-element elementor-element-77775eb1 elementor-section-boxed elementor-section-height-default elementor-section-height-default\" data-id=\"77775eb1\" data-element_type=\"section\" data-e-type=\"section\">\n\t\t\t\t\t\t<div class=\"elementor-container elementor-column-gap-wide\">\n\t\t\t\t\t<div class=\"elementor-column elementor-col-50 elementor-inner-column elementor-element elementor-element-347b98ad\" data-id=\"347b98ad\" data-element_type=\"column\" data-e-type=\"column\">\n\t\t\t<div class=\"elementor-widget-wrap elementor-element-populated\">\n\t\t\t\t\t\t<div class=\"elementor-element elementor-element-3589592b elementor-widget elementor-widget-text-editor\" data-id=\"3589592b\" data-element_type=\"widget\" data-e-type=\"widget\" data-widget_type=\"text-editor.default\">\n\t\t\t\t<div class=\"elementor-widget-container\">\n\t\t\t\t\t\t\t\t\t<p><strong>Se concerter avec ses pairs pour la poursuite des recherches<\/strong><\/p>\n<p>La th\u00e8se de Julie s\u2019inscrit \u00e9galement dans un projet de l\u2019OTAN intitul\u00e9 <em><strong>\u00abEarthquake Hazard and Environmental Security in Kazakhstan and Kyrgyzstan\u00bb<\/strong><\/em> ayant pour objectif de d\u00e9terminer plus pr\u00e9cis\u00e9ment les al\u00e9as naturels dans cette r\u00e9gion du monde.<\/p>\n<p>Un workshop avec l\u2019\u00e9quipe internationale (Magali Rizza -CEREGE, R. Walker, R. Arrowsmith et I. Pierce &#8211; OTAN) cl\u00f4ture cette mission d\u2019un mois, offrant une chance de d\u00e9velopper une activit\u00e9 de recherche et de formation pour le projet en poursuivant les recherches ant\u00e9rieures le long de la zone de rupture du s\u00e9isme de 1911 dans la vall\u00e9e de Chon Aksu.<\/p>\t\t\t\t\t\t\t\t<\/div>\n\t\t\t\t<\/div>\n\t\t\t\t\t<\/div>\n\t\t<\/div>\n\t\t\t\t<div class=\"elementor-column elementor-col-50 elementor-inner-column elementor-element elementor-element-34eb2445\" data-id=\"34eb2445\" data-element_type=\"column\" data-e-type=\"column\">\n\t\t\t<div class=\"elementor-widget-wrap elementor-element-populated\">\n\t\t\t\t\t\t<div class=\"elementor-element elementor-element-cf8d4fd elementor-widget elementor-widget-image\" data-id=\"cf8d4fd\" data-element_type=\"widget\" data-e-type=\"widget\" data-widget_type=\"image.default\">\n\t\t\t\t<div class=\"elementor-widget-container\">\n\t\t\t\t\t\t\t\t\t\t\t\t\t\t\t<img loading=\"lazy\" decoding=\"async\" width=\"400\" height=\"250\" src=\"https:\/\/www.cerege.fr\/wp-content\/uploads\/2022\/09\/Description_zone2faille_M.-Rizza-.jpg\" class=\"attachment-large size-large wp-image-3654\" alt=\"\" srcset=\"https:\/\/www.cerege.fr\/wp-content\/uploads\/2022\/09\/Description_zone2faille_M.-Rizza-.jpg 400w, https:\/\/www.cerege.fr\/wp-content\/uploads\/2022\/09\/Description_zone2faille_M.-Rizza--300x188.jpg 300w, https:\/\/www.cerege.fr\/wp-content\/uploads\/2022\/09\/Description_zone2faille_M.-Rizza--18x12.jpg 18w\" sizes=\"(max-width: 400px) 100vw, 400px\" \/>\t\t\t\t\t\t\t\t\t\t\t\t\t\t\t<\/div>\n\t\t\t\t<\/div>\n\t\t\t\t\t<\/div>\n\t\t<\/div>\n\t\t\t\t\t<\/div>\n\t\t<\/section>\n\t\t\t\t<div class=\"elementor-element elementor-element-0175960 elementor-widget elementor-widget-spacer\" data-id=\"0175960\" data-element_type=\"widget\" data-e-type=\"widget\" data-widget_type=\"spacer.default\">\n\t\t\t\t<div class=\"elementor-widget-container\">\n\t\t\t\t\t\t\t<div class=\"elementor-spacer\">\n\t\t\t<div class=\"elementor-spacer-inner\"><\/div>\n\t\t<\/div>\n\t\t\t\t\t\t<\/div>\n\t\t\t\t<\/div>\n\t\t\t\t<div class=\"elementor-element elementor-element-3fdb860 elementor-widget elementor-widget-button\" data-id=\"3fdb860\" data-element_type=\"widget\" data-e-type=\"widget\" data-widget_type=\"button.default\">\n\t\t\t\t<div class=\"elementor-widget-container\">\n\t\t\t\t\t\t\t\t\t<div class=\"elementor-button-wrapper\">\n\t\t\t\t\t<a class=\"elementor-button elementor-button-link elementor-size-sm\" href=\"\" target=\"_blank\">\n\t\t\t\t\t\t<span class=\"elementor-button-content-wrapper\">\n\t\t\t\t\t\t\t\t\t<span class=\"elementor-button-text\">Vers le profil de Julie LOSEN<\/span>\n\t\t\t\t\t<\/span>\n\t\t\t\t\t<\/a>\n\t\t\t\t<\/div>\n\t\t\t\t\t\t\t\t<\/div>\n\t\t\t\t<\/div>\n\t\t\t\t<div class=\"elementor-element elementor-element-0b847fa elementor-widget elementor-widget-spacer\" data-id=\"0b847fa\" data-element_type=\"widget\" data-e-type=\"widget\" data-widget_type=\"spacer.default\">\n\t\t\t\t<div class=\"elementor-widget-container\">\n\t\t\t\t\t\t\t<div class=\"elementor-spacer\">\n\t\t\t<div class=\"elementor-spacer-inner\"><\/div>\n\t\t<\/div>\n\t\t\t\t\t\t<\/div>\n\t\t\t\t<\/div>\n\t\t\t\t\t<\/div>\n\t\t<\/div>\n\t\t\t\t\t<\/div>\n\t\t<\/section>\n\t\t\t\t<\/div>\n\t\t","protected":false},"excerpt":{"rendered":"<p>Un mois sur le terrain au Kirghizistan et Kazakhstan avec Julie Losen, Doctorante Terre &amp; Plan\u00e8te au CEREGE. Au Kazakhstan, dater l\u2019activit\u00e9 sismique par l\u2019\u00e9tude des arbres et des lacs [&hellip;]<\/p>\n","protected":false},"author":551,"featured_media":3648,"parent":0,"menu_order":0,"comment_status":"closed","ping_status":"closed","template":"","meta":{"_acf_changed":false,"footnotes":""},"class_list":["post-3630","page","type-page","status-publish","has-post-thumbnail","hentry"],"acf":[],"publishpress_future_action":{"enabled":false,"date":"2026-05-02 14:36:06","action":"change-status","newStatus":"draft","terms":[],"taxonomy":"","extraData":[]},"publishpress_future_workflow_manual_trigger":{"enabledWorkflows":[]},"_links":{"self":[{"href":"https:\/\/www.cerege.fr\/fr\/wp-json\/wp\/v2\/pages\/3630","targetHints":{"allow":["GET"]}}],"collection":[{"href":"https:\/\/www.cerege.fr\/fr\/wp-json\/wp\/v2\/pages"}],"about":[{"href":"https:\/\/www.cerege.fr\/fr\/wp-json\/wp\/v2\/types\/page"}],"author":[{"embeddable":true,"href":"https:\/\/www.cerege.fr\/fr\/wp-json\/wp\/v2\/users\/551"}],"replies":[{"embeddable":true,"href":"https:\/\/www.cerege.fr\/fr\/wp-json\/wp\/v2\/comments?post=3630"}],"version-history":[{"count":5,"href":"https:\/\/www.cerege.fr\/fr\/wp-json\/wp\/v2\/pages\/3630\/revisions"}],"predecessor-version":[{"id":20041,"href":"https:\/\/www.cerege.fr\/fr\/wp-json\/wp\/v2\/pages\/3630\/revisions\/20041"}],"wp:featuredmedia":[{"embeddable":true,"href":"https:\/\/www.cerege.fr\/fr\/wp-json\/wp\/v2\/media\/3648"}],"wp:attachment":[{"href":"https:\/\/www.cerege.fr\/fr\/wp-json\/wp\/v2\/media?parent=3630"}],"curies":[{"name":"wp","href":"https:\/\/api.w.org\/{rel}","templated":true}]}}