{"id":4184,"date":"2022-09-23T11:09:12","date_gmt":"2022-09-23T09:09:12","guid":{"rendered":"https:\/\/www.cerege.fr\/?page_id=4184"},"modified":"2023-01-18T17:46:18","modified_gmt":"2023-01-18T16:46:18","slug":"planetologie","status":"publish","type":"page","link":"https:\/\/www.cerege.fr\/fr\/sciences\/terre-et-planetes\/planetologie\/","title":{"rendered":"Plan\u00e9tologie"},"content":{"rendered":"\t\t<div data-elementor-type=\"wp-page\" data-elementor-id=\"4184\" class=\"elementor elementor-4184\" data-elementor-post-type=\"page\">\n\t\t\t\t\t\t<section class=\"elementor-section elementor-top-section elementor-element elementor-element-168c89d4 elementor-section-full_width elementor-section-height-min-height elementor-section-height-default elementor-section-items-middle\" data-id=\"168c89d4\" data-element_type=\"section\" data-e-type=\"section\" data-settings=\"{&quot;background_background&quot;:&quot;classic&quot;}\">\n\t\t\t\t\t\t<div class=\"elementor-container elementor-column-gap-default\">\n\t\t\t\t\t<div class=\"elementor-column elementor-col-100 elementor-top-column elementor-element elementor-element-568937b6\" data-id=\"568937b6\" data-element_type=\"column\" data-e-type=\"column\">\n\t\t\t<div class=\"elementor-widget-wrap\">\n\t\t\t\t\t\t\t<\/div>\n\t\t<\/div>\n\t\t\t\t\t<\/div>\n\t\t<\/section>\n\t\t\t\t<section class=\"elementor-section elementor-top-section elementor-element elementor-element-7ea65fab elementor-section-boxed elementor-section-height-default elementor-section-height-default\" data-id=\"7ea65fab\" data-element_type=\"section\" data-e-type=\"section\">\n\t\t\t\t\t\t<div class=\"elementor-container elementor-column-gap-default\">\n\t\t\t\t\t<div class=\"elementor-column elementor-col-100 elementor-top-column elementor-element elementor-element-14211fa5\" data-id=\"14211fa5\" data-element_type=\"column\" data-e-type=\"column\">\n\t\t\t<div class=\"elementor-widget-wrap elementor-element-populated\">\n\t\t\t\t\t\t<div class=\"elementor-element elementor-element-2a5c0afc elementor-widget elementor-widget-shortcode\" data-id=\"2a5c0afc\" data-element_type=\"widget\" data-e-type=\"widget\" data-widget_type=\"shortcode.default\">\n\t\t\t\t<div class=\"elementor-widget-container\">\n\t\t\t\t\t\t\t<div class=\"elementor-shortcode\"><nav aria-label=\"breadcrumbs\">\n            <div class=\"breadcrumb-container theme1\">\n                <ol>\n                                    <\/ol>\n            <\/div>\n        <\/nav>    <script type=\"application\/ld+json\">\n        {\n            \"@context\": \"http:\/\/schema.org\",\n            \"@type\": \"BreadcrumbList\",\n            \"itemListElement\": [\n                            ]\n        }\n    <\/script>\n   \n    <script>\n            <\/script>\n<\/div>\n\t\t\t\t\t\t<\/div>\n\t\t\t\t<\/div>\n\t\t\t\t<section class=\"elementor-section elementor-inner-section elementor-element elementor-element-787ada32 elementor-section-boxed elementor-section-height-default elementor-section-height-default\" data-id=\"787ada32\" data-element_type=\"section\" data-e-type=\"section\">\n\t\t\t\t\t\t<div class=\"elementor-container elementor-column-gap-wide\">\n\t\t\t\t\t<div class=\"elementor-column elementor-col-50 elementor-inner-column elementor-element elementor-element-1012a1c4\" data-id=\"1012a1c4\" data-element_type=\"column\" data-e-type=\"column\">\n\t\t\t<div class=\"elementor-widget-wrap elementor-element-populated\">\n\t\t\t\t\t\t<div class=\"elementor-element elementor-element-1e3a5169 elementor-widget elementor-widget-text-editor\" data-id=\"1e3a5169\" data-element_type=\"widget\" data-e-type=\"widget\" data-widget_type=\"text-editor.default\">\n\t\t\t\t<div class=\"elementor-widget-container\">\n\t\t\t\t\t\t\t\t\t<h2 class=\"Standard\"><span style=\"font-weight: normal;\">\u00c9tudier les corps du syst\u00e8me solaire pour comprendre son histoire<\/span><\/h2><p class=\"Standard\"><br \/>Notre groupe s\u2019int\u00e9resse aux corps solides du syst\u00e8me solaire : petits corps (ast\u00e9ro\u00efdes), plan\u00e8tes (Mars, Terre) et leurs satellites (Lune).<\/p><p class=\"Textbody\">Nos activit\u00e9s de recherche s\u2019\u00e9tendent depuis la formation de ces corps dans le disque protoplan\u00e9taire il y a 4.5 milliards d\u2019ann\u00e9es, jusqu\u2019\u00e0 des ph\u00e9nom\u00e8nes r\u00e9cents (impacts sur les surfaces plan\u00e9taires\u00a0: crat\u00e8res et \u00e9jectas associ\u00e9s), en passant par l\u2019\u00e9volution des petits corps (alt\u00e9ration aqueuse, m\u00e9tamorphisme thermique, structure interne).<\/p><p class=\"Textbody\">Nous utilisons divers outils pour lire l\u2019histoire du syst\u00e8me solaire enregistr\u00e9e dans les m\u00e9t\u00e9orites, les microm\u00e9t\u00e9orites, les surfaces plan\u00e9taires et leurs structures d\u2019impact\u00a0: g\u00e9ophysique de terrain, pal\u00e9omagn\u00e9tisme, g\u00e9ochimie isotopique (isotopes de l\u2019oxyg\u00e8ne, nucl\u00e9ides cosmog\u00e9niques), g\u00e9ologie, p\u00e9trographie, min\u00e9ralogie et g\u00e9ochimie.<\/p><p class=\"Textbody\">Ces activit\u00e9s s\u2019inscrivent notamment dans le cadre de l\u2019institut ORIGINES, qui vise \u00e0 f\u00e9d\u00e9rer les activit\u00e9s de chercheurs issus de diff\u00e9rents laboratoires d\u2019AMU autour de projets interdisciplinaires. De plus, l&#8217;\u00e9quipe Terre et Plan\u00e8tes abrite une collection majeure de m\u00e9t\u00e9orites, microm\u00e9t\u00e9orites, impactites (tectites&#8230;).<\/p>\t\t\t\t\t\t\t\t<\/div>\n\t\t\t\t<\/div>\n\t\t\t\t\t<\/div>\n\t\t<\/div>\n\t\t\t\t<div class=\"elementor-column elementor-col-50 elementor-inner-column elementor-element elementor-element-667a5431\" data-id=\"667a5431\" data-element_type=\"column\" data-e-type=\"column\">\n\t\t\t<div class=\"elementor-widget-wrap elementor-element-populated\">\n\t\t\t\t\t\t<div class=\"elementor-element elementor-element-4cf992c1 elementor-widget elementor-widget-image\" data-id=\"4cf992c1\" data-element_type=\"widget\" data-e-type=\"widget\" data-widget_type=\"image.default\">\n\t\t\t\t<div class=\"elementor-widget-container\">\n\t\t\t\t\t\t\t\t\t\t\t\t\t\t\t<img fetchpriority=\"high\" decoding=\"async\" width=\"800\" height=\"554\" src=\"https:\/\/www.cerege.fr\/wp-content\/uploads\/2022\/09\/pave_axe5-1024x709.jpeg\" class=\"attachment-large size-large wp-image-4108\" alt=\"\" srcset=\"https:\/\/www.cerege.fr\/wp-content\/uploads\/2022\/09\/pave_axe5-1024x709.jpeg 1024w, https:\/\/www.cerege.fr\/wp-content\/uploads\/2022\/09\/pave_axe5-300x208.jpeg 300w, https:\/\/www.cerege.fr\/wp-content\/uploads\/2022\/09\/pave_axe5-768x532.jpeg 768w, https:\/\/www.cerege.fr\/wp-content\/uploads\/2022\/09\/pave_axe5-18x12.jpeg 18w, https:\/\/www.cerege.fr\/wp-content\/uploads\/2022\/09\/pave_axe5.jpeg 1300w\" sizes=\"(max-width: 800px) 100vw, 800px\" \/>\t\t\t\t\t\t\t\t\t\t\t\t\t\t\t<\/div>\n\t\t\t\t<\/div>\n\t\t\t\t<div class=\"elementor-element elementor-element-487246e gallery-spacing-custom elementor-widget elementor-widget-image-gallery\" data-id=\"487246e\" data-element_type=\"widget\" data-e-type=\"widget\" data-widget_type=\"image-gallery.default\">\n\t\t\t\t<div class=\"elementor-widget-container\">\n\t\t\t\t\t\t\t<div class=\"elementor-image-gallery\">\n\t\t\t<div id='gallery-1' class='gallery galleryid-4184 gallery-columns-3 gallery-size-medium'><figure class='gallery-item'>\n\t\t\t<div class='gallery-icon landscape'>\n\t\t\t\t<a data-elementor-open-lightbox=\"yes\" data-elementor-lightbox-slideshow=\"487246e\" data-elementor-lightbox-title=\"CEREGE_meteorite_j157\" data-e-action-hash=\"#elementor-action%3Aaction%3Dlightbox%26settings%3DeyJpZCI6NDMxMSwidXJsIjoiaHR0cHM6XC9cL3d3dy5jZXJlZ2UuZnJcL3dwLWNvbnRlbnRcL3VwbG9hZHNcLzIwMjJcLzA5XC9DRVJFR0VfbWV0ZW9yaXRlX2oxNTcuanBlZyIsInNsaWRlc2hvdyI6IjQ4NzI0NmUifQ%3D%3D\" href='https:\/\/www.cerege.fr\/wp-content\/uploads\/2022\/09\/CEREGE_meteorite_j157.jpeg'><img decoding=\"async\" width=\"300\" height=\"201\" src=\"https:\/\/www.cerege.fr\/wp-content\/uploads\/2022\/09\/CEREGE_meteorite_j157-300x201.jpeg\" class=\"attachment-medium size-medium\" alt=\"\" srcset=\"https:\/\/www.cerege.fr\/wp-content\/uploads\/2022\/09\/CEREGE_meteorite_j157-300x201.jpeg 300w, https:\/\/www.cerege.fr\/wp-content\/uploads\/2022\/09\/CEREGE_meteorite_j157-18x12.jpeg 18w, https:\/\/www.cerege.fr\/wp-content\/uploads\/2022\/09\/CEREGE_meteorite_j157.jpeg 320w\" sizes=\"(max-width: 300px) 100vw, 300px\" \/><\/a>\n\t\t\t<\/div><\/figure><figure class='gallery-item'>\n\t\t\t<div class='gallery-icon landscape'>\n\t\t\t\t<a data-elementor-open-lightbox=\"yes\" data-elementor-lightbox-slideshow=\"487246e\" data-elementor-lightbox-title=\"CEREGE_geophysics_tatarstan\" data-e-action-hash=\"#elementor-action%3Aaction%3Dlightbox%26settings%3DeyJpZCI6NDMxMCwidXJsIjoiaHR0cHM6XC9cL3d3dy5jZXJlZ2UuZnJcL3dwLWNvbnRlbnRcL3VwbG9hZHNcLzIwMjJcLzA5XC9DRVJFR0VfZ2VvcGh5c2ljc190YXRhcnN0YW4uanBlZyIsInNsaWRlc2hvdyI6IjQ4NzI0NmUifQ%3D%3D\" href='https:\/\/www.cerege.fr\/wp-content\/uploads\/2022\/09\/CEREGE_geophysics_tatarstan.jpeg'><img decoding=\"async\" width=\"300\" height=\"200\" src=\"https:\/\/www.cerege.fr\/wp-content\/uploads\/2022\/09\/CEREGE_geophysics_tatarstan-300x200.jpeg\" class=\"attachment-medium size-medium\" alt=\"\" srcset=\"https:\/\/www.cerege.fr\/wp-content\/uploads\/2022\/09\/CEREGE_geophysics_tatarstan-300x200.jpeg 300w, https:\/\/www.cerege.fr\/wp-content\/uploads\/2022\/09\/CEREGE_geophysics_tatarstan-18x12.jpeg 18w, https:\/\/www.cerege.fr\/wp-content\/uploads\/2022\/09\/CEREGE_geophysics_tatarstan.jpeg 639w\" sizes=\"(max-width: 300px) 100vw, 300px\" \/><\/a>\n\t\t\t<\/div><\/figure><figure class='gallery-item'>\n\t\t\t<div class='gallery-icon landscape'>\n\t\t\t\t<a data-elementor-open-lightbox=\"yes\" data-elementor-lightbox-slideshow=\"487246e\" data-elementor-lightbox-title=\"CEREGE_geophysics_tatarstan\" data-e-action-hash=\"#elementor-action%3Aaction%3Dlightbox%26settings%3DeyJpZCI6NDMwOSwidXJsIjoiaHR0cHM6XC9cL3d3dy5jZXJlZ2UuZnJcL3dwLWNvbnRlbnRcL3VwbG9hZHNcLzIwMjJcLzA5XC9DRVJFR0VfZmllbGRfd29ya19hcmN0aWMuanBlZyIsInNsaWRlc2hvdyI6IjQ4NzI0NmUifQ%3D%3D\" href='https:\/\/www.cerege.fr\/wp-content\/uploads\/2022\/09\/CEREGE_field_work_arctic.jpeg'><img loading=\"lazy\" decoding=\"async\" width=\"300\" height=\"200\" src=\"https:\/\/www.cerege.fr\/wp-content\/uploads\/2022\/09\/CEREGE_field_work_arctic-300x200.jpeg\" class=\"attachment-medium size-medium\" alt=\"\" srcset=\"https:\/\/www.cerege.fr\/wp-content\/uploads\/2022\/09\/CEREGE_field_work_arctic-300x200.jpeg 300w, https:\/\/www.cerege.fr\/wp-content\/uploads\/2022\/09\/CEREGE_field_work_arctic-18x12.jpeg 18w, https:\/\/www.cerege.fr\/wp-content\/uploads\/2022\/09\/CEREGE_field_work_arctic.jpeg 640w\" sizes=\"(max-width: 300px) 100vw, 300px\" \/><\/a>\n\t\t\t<\/div><\/figure><figure class='gallery-item'>\n\t\t\t<div class='gallery-icon landscape'>\n\t\t\t\t<a data-elementor-open-lightbox=\"yes\" data-elementor-lightbox-slideshow=\"487246e\" data-elementor-lightbox-title=\"CEREGE_chondrulem29\" data-e-action-hash=\"#elementor-action%3Aaction%3Dlightbox%26settings%3DeyJpZCI6NDMwOCwidXJsIjoiaHR0cHM6XC9cL3d3dy5jZXJlZ2UuZnJcL3dwLWNvbnRlbnRcL3VwbG9hZHNcLzIwMjJcLzA5XC9DRVJFR0VfY2hvbmRydWxlbTI5LmpwZWciLCJzbGlkZXNob3ciOiI0ODcyNDZlIn0%3D\" href='https:\/\/www.cerege.fr\/wp-content\/uploads\/2022\/09\/CEREGE_chondrulem29.jpeg'><img loading=\"lazy\" decoding=\"async\" width=\"300\" height=\"200\" src=\"https:\/\/www.cerege.fr\/wp-content\/uploads\/2022\/09\/CEREGE_chondrulem29-300x200.jpeg\" class=\"attachment-medium size-medium\" alt=\"\" srcset=\"https:\/\/www.cerege.fr\/wp-content\/uploads\/2022\/09\/CEREGE_chondrulem29-300x200.jpeg 300w, https:\/\/www.cerege.fr\/wp-content\/uploads\/2022\/09\/CEREGE_chondrulem29-18x12.jpeg 18w, https:\/\/www.cerege.fr\/wp-content\/uploads\/2022\/09\/CEREGE_chondrulem29.jpeg 640w\" sizes=\"(max-width: 300px) 100vw, 300px\" \/><\/a>\n\t\t\t<\/div><\/figure><figure class='gallery-item'>\n\t\t\t<div class='gallery-icon landscape'>\n\t\t\t\t<a data-elementor-open-lightbox=\"yes\" data-elementor-lightbox-slideshow=\"487246e\" data-elementor-lightbox-title=\"CEREGE_atacama_search\" data-e-action-hash=\"#elementor-action%3Aaction%3Dlightbox%26settings%3DeyJpZCI6NDMwNywidXJsIjoiaHR0cHM6XC9cL3d3dy5jZXJlZ2UuZnJcL3dwLWNvbnRlbnRcL3VwbG9hZHNcLzIwMjJcLzA5XC9DRVJFR0VfYXRhY2FtYV9zZWFyY2guanBlZyIsInNsaWRlc2hvdyI6IjQ4NzI0NmUifQ%3D%3D\" href='https:\/\/www.cerege.fr\/wp-content\/uploads\/2022\/09\/CEREGE_atacama_search.jpeg'><img loading=\"lazy\" decoding=\"async\" width=\"300\" height=\"200\" src=\"https:\/\/www.cerege.fr\/wp-content\/uploads\/2022\/09\/CEREGE_atacama_search-300x200.jpeg\" class=\"attachment-medium size-medium\" alt=\"\" srcset=\"https:\/\/www.cerege.fr\/wp-content\/uploads\/2022\/09\/CEREGE_atacama_search-300x200.jpeg 300w, https:\/\/www.cerege.fr\/wp-content\/uploads\/2022\/09\/CEREGE_atacama_search-18x12.jpeg 18w, https:\/\/www.cerege.fr\/wp-content\/uploads\/2022\/09\/CEREGE_atacama_search.jpeg 639w\" sizes=\"(max-width: 300px) 100vw, 300px\" \/><\/a>\n\t\t\t<\/div><\/figure><figure class='gallery-item'>\n\t\t\t<div class='gallery-icon landscape'>\n\t\t\t\t<a data-elementor-open-lightbox=\"yes\" data-elementor-lightbox-slideshow=\"487246e\" data-elementor-lightbox-title=\"CEREGE_atacama_search\" data-e-action-hash=\"#elementor-action%3Aaction%3Dlightbox%26settings%3DeyJpZCI6NDMwNiwidXJsIjoiaHR0cHM6XC9cL3d3dy5jZXJlZ2UuZnJcL3dwLWNvbnRlbnRcL3VwbG9hZHNcLzIwMjJcLzA5XC9DRVJFR0VfYXJjdGljX2RyaWxsaW5nLmpwZWciLCJzbGlkZXNob3ciOiI0ODcyNDZlIn0%3D\" href='https:\/\/www.cerege.fr\/wp-content\/uploads\/2022\/09\/CEREGE_arctic_drilling.jpeg'><img loading=\"lazy\" decoding=\"async\" width=\"300\" height=\"200\" src=\"https:\/\/www.cerege.fr\/wp-content\/uploads\/2022\/09\/CEREGE_arctic_drilling-300x200.jpeg\" class=\"attachment-medium size-medium\" alt=\"\" srcset=\"https:\/\/www.cerege.fr\/wp-content\/uploads\/2022\/09\/CEREGE_arctic_drilling-300x200.jpeg 300w, https:\/\/www.cerege.fr\/wp-content\/uploads\/2022\/09\/CEREGE_arctic_drilling-18x12.jpeg 18w, https:\/\/www.cerege.fr\/wp-content\/uploads\/2022\/09\/CEREGE_arctic_drilling.jpeg 480w\" sizes=\"(max-width: 300px) 100vw, 300px\" \/><\/a>\n\t\t\t<\/div><\/figure>\n\t\t<\/div>\n\t\t<\/div>\n\t\t\t\t\t\t<\/div>\n\t\t\t\t<\/div>\n\t\t\t\t<div class=\"elementor-element elementor-element-56ba8c5d elementor-widget elementor-widget-text-editor\" data-id=\"56ba8c5d\" data-element_type=\"widget\" data-e-type=\"widget\" data-widget_type=\"text-editor.default\">\n\t\t\t\t<div class=\"elementor-widget-container\">\n\t\t\t\t\t\t\t\t\t<h3 style=\"padding-left: 40px;\"><span style=\"font-weight: normal;\"><span style=\"color: #0f72bb;\">Projets<\/span><\/span><\/h3><ul><li><p>2021-2025\u00a0: <strong>ET-Megafires<\/strong> (ANR, Rochette)<em> <br \/>Megafeux tropicaux<\/em><em> g<\/em><em>\u00e9n\u00e9r\u00e9s par les impacts d&#8217;ast\u00e9roides producteurs de tectites au Quaternaire<br \/><\/em><a href=\"https:\/\/anr.fr\/Project-ANR-21-CE49-0014\" target=\"_blank\" rel=\"noopener\">anr.fr\/Project-ANR-21-CE49-0014<\/a><\/p><\/li><li><p>2021-2023\u00a0: <strong>FAMES<\/strong> (Marie Sklodwoska-Curie, Maurel)<br \/><em>Fondamentaux et applications du magn\u00e9tisme extraterrestre<\/em><\/p><\/li><li><p>2021-2021: <strong>Cosmoflux<\/strong> (CNRS, Gattacceca) <br \/><em>Meteorite flux to the Earth<\/em><\/p><\/li><li><p>2016-2021\u00a0: <strong>MARSPRIME<\/strong> (ANR, Rochette) <br \/><em>Environnement primitif de mars<\/em><\/p><\/li><li><p>2022-2026\u00a0: <a href=\"https:\/\/www.cerege.fr\/equipements\/investissements-davenir\/e-diamant\/\"><strong>e-Diamant<\/strong> <\/a>(Equipex+, Gattacceca) <br \/><em>D\u00e9veloppement au CEREGE d\u2019un syst\u00e8me de microscopie magn\u00e9tique (Quantum Diamond Microscope) pour des applications \u00e0 l\u2019\u00e9tude des roches extraterrestres<\/em><\/p><\/li><li><p>2021-2024\u00a0: <strong>Geoimpact<\/strong> (CNES, Quesnel)<br \/><em>\u00c9tude g\u00e9ophysique et morphologique des structures d\u2019impact terrestres<\/em><\/p><\/li><\/ul>\t\t\t\t\t\t\t\t<\/div>\n\t\t\t\t<\/div>\n\t\t\t\t\t<\/div>\n\t\t<\/div>\n\t\t\t\t\t<\/div>\n\t\t<\/section>\n\t\t\t\t\t<\/div>\n\t\t<\/div>\n\t\t\t\t\t<\/div>\n\t\t<\/section>\n\t\t\t\t<\/div>\n\t\t","protected":false},"excerpt":{"rendered":"<p>\u00c9tudier les corps du syst\u00e8me solaire pour comprendre son histoire Notre groupe s\u2019int\u00e9resse aux corps solides du syst\u00e8me solaire : petits corps (ast\u00e9ro\u00efdes), plan\u00e8tes (Mars, Terre) et leurs satellites (Lune). [&hellip;]<\/p>\n","protected":false},"author":551,"featured_media":1873,"parent":827,"menu_order":0,"comment_status":"closed","ping_status":"closed","template":"","meta":{"_acf_changed":false,"footnotes":""},"class_list":["post-4184","page","type-page","status-publish","has-post-thumbnail","hentry"],"acf":[],"publishpress_future_action":{"enabled":false,"date":"2026-05-11 10:58:31","action":"change-status","newStatus":"draft","terms":[],"taxonomy":"","extraData":[]},"publishpress_future_workflow_manual_trigger":{"enabledWorkflows":[]},"_links":{"self":[{"href":"https:\/\/www.cerege.fr\/fr\/wp-json\/wp\/v2\/pages\/4184","targetHints":{"allow":["GET"]}}],"collection":[{"href":"https:\/\/www.cerege.fr\/fr\/wp-json\/wp\/v2\/pages"}],"about":[{"href":"https:\/\/www.cerege.fr\/fr\/wp-json\/wp\/v2\/types\/page"}],"author":[{"embeddable":true,"href":"https:\/\/www.cerege.fr\/fr\/wp-json\/wp\/v2\/users\/551"}],"replies":[{"embeddable":true,"href":"https:\/\/www.cerege.fr\/fr\/wp-json\/wp\/v2\/comments?post=4184"}],"version-history":[{"count":5,"href":"https:\/\/www.cerege.fr\/fr\/wp-json\/wp\/v2\/pages\/4184\/revisions"}],"predecessor-version":[{"id":15879,"href":"https:\/\/www.cerege.fr\/fr\/wp-json\/wp\/v2\/pages\/4184\/revisions\/15879"}],"up":[{"embeddable":true,"href":"https:\/\/www.cerege.fr\/fr\/wp-json\/wp\/v2\/pages\/827"}],"wp:featuredmedia":[{"embeddable":true,"href":"https:\/\/www.cerege.fr\/fr\/wp-json\/wp\/v2\/media\/1873"}],"wp:attachment":[{"href":"https:\/\/www.cerege.fr\/fr\/wp-json\/wp\/v2\/media?parent=4184"}],"curies":[{"name":"wp","href":"https:\/\/api.w.org\/{rel}","templated":true}]}}