{"id":5397,"date":"2022-10-19T11:52:10","date_gmt":"2022-10-19T09:52:10","guid":{"rendered":"https:\/\/www.cerege.fr\/?page_id=5397"},"modified":"2025-05-06T14:58:47","modified_gmt":"2025-05-06T12:58:47","slug":"musee-et-collections-de-paleontologie","status":"publish","type":"page","link":"https:\/\/www.cerege.fr\/fr\/communication\/musee-et-collections-de-paleontologie\/","title":{"rendered":"Mus\u00e9e et collections de pal\u00e9ontologie"},"content":{"rendered":"\t\t<div data-elementor-type=\"wp-page\" data-elementor-id=\"5397\" class=\"elementor elementor-5397\" data-elementor-post-type=\"page\">\n\t\t\t\t\t\t<section class=\"elementor-section elementor-top-section elementor-element elementor-element-6839fca7 elementor-section-full_width elementor-section-height-min-height elementor-section-height-default elementor-section-items-middle\" data-id=\"6839fca7\" data-element_type=\"section\" data-e-type=\"section\" data-settings=\"{&quot;background_background&quot;:&quot;classic&quot;}\">\n\t\t\t\t\t\t<div class=\"elementor-container elementor-column-gap-default\">\n\t\t\t\t\t<div class=\"elementor-column elementor-col-100 elementor-top-column elementor-element elementor-element-13a8dd5a\" data-id=\"13a8dd5a\" data-element_type=\"column\" data-e-type=\"column\">\n\t\t\t<div class=\"elementor-widget-wrap\">\n\t\t\t\t\t\t\t<\/div>\n\t\t<\/div>\n\t\t\t\t\t<\/div>\n\t\t<\/section>\n\t\t\t\t<section class=\"elementor-section elementor-top-section elementor-element elementor-element-47c9aa7d elementor-section-boxed elementor-section-height-default elementor-section-height-default\" data-id=\"47c9aa7d\" data-element_type=\"section\" data-e-type=\"section\">\n\t\t\t\t\t\t<div class=\"elementor-container elementor-column-gap-default\">\n\t\t\t\t\t<div class=\"elementor-column elementor-col-100 elementor-top-column elementor-element elementor-element-32e7a644\" data-id=\"32e7a644\" data-element_type=\"column\" data-e-type=\"column\">\n\t\t\t<div class=\"elementor-widget-wrap elementor-element-populated\">\n\t\t\t\t\t\t<div class=\"elementor-element elementor-element-76442999 elementor-widget elementor-widget-shortcode\" data-id=\"76442999\" data-element_type=\"widget\" data-e-type=\"widget\" data-widget_type=\"shortcode.default\">\n\t\t\t\t<div class=\"elementor-widget-container\">\n\t\t\t\t\t\t\t<div class=\"elementor-shortcode\"><nav aria-label=\"breadcrumbs\">\n            <div class=\"breadcrumb-container theme1\">\n                <ol>\n                                    <\/ol>\n            <\/div>\n        <\/nav>    <script type=\"application\/ld+json\">\n        {\n            \"@context\": \"http:\/\/schema.org\",\n            \"@type\": \"BreadcrumbList\",\n            \"itemListElement\": [\n                            ]\n        }\n    <\/script>\n   \n    <script>\n            <\/script>\n<\/div>\n\t\t\t\t\t\t<\/div>\n\t\t\t\t<\/div>\n\t\t\t\t<section class=\"elementor-section elementor-inner-section elementor-element elementor-element-2f4546b1 elementor-section-boxed elementor-section-height-default elementor-section-height-default\" data-id=\"2f4546b1\" data-element_type=\"section\" data-e-type=\"section\">\n\t\t\t\t\t\t<div class=\"elementor-container elementor-column-gap-wide\">\n\t\t\t\t\t<div class=\"elementor-column elementor-col-50 elementor-inner-column elementor-element elementor-element-421ec730\" data-id=\"421ec730\" data-element_type=\"column\" data-e-type=\"column\">\n\t\t\t<div class=\"elementor-widget-wrap elementor-element-populated\">\n\t\t\t\t\t\t<div class=\"elementor-element elementor-element-3abc97ef elementor-widget elementor-widget-text-editor\" data-id=\"3abc97ef\" data-element_type=\"widget\" data-e-type=\"widget\" data-widget_type=\"text-editor.default\">\n\t\t\t\t<div class=\"elementor-widget-container\">\n\t\t\t\t\t\t\t\t\t<h2><span style=\"font-weight: normal;\">Le mus\u00e9e<br \/><\/span><\/h2><p>Le mus\u00e9e r\u00e9unit des fossiles \u2013 invert\u00e9br\u00e9s, vert\u00e9br\u00e9s et v\u00e9g\u00e9taux \u2013 r\u00e9colt\u00e9s en Provence, depuis plus d&#8217;un si\u00e8cle.<\/p><p>Le centre de Saint-Charles d&#8217;Aix\u2013Marseille universit\u00e9 est le berceau de la premi\u00e8re facult\u00e9 des sciences de Marseille (construite en 1911). Le b\u00e2timent des Sciences naturelles o\u00f9 se situe le mus\u00e9e, a conserv\u00e9 le style architectural classique qu&#8217;avait dessin\u00e9 l&#8217;architecte Victor-Auguste Blavette. Les pi\u00e8ces sont expos\u00e9es dans l&#8217;atmosph\u00e8re des cabinets d&#8217;\u00e9tudes des naturalistes de jadis.<\/p><p>Le mus\u00e9e est d\u00e9sormais ouvert au public, aux \u00e9tudiants et aux scolaires passionn\u00e9s de pal\u00e9ontologie afin de :<\/p><ul><li>Reconstituer gr\u00e2ce aux archives fossiles expos\u00e9es, 305 millions d&#8217;ann\u00e9es d&#8217;histoire de la vie en Provence<\/li><li>Comprendre comment se sont form\u00e9s les roches et les terrains de la Provence<\/li><li>Discuter avec les chercheurs de la th\u00e9orie de l&#8217;\u00e9volution, des grandes crises biologiques, des environnements du pass\u00e9, de la biodiversit\u00e9 et de la l\u00e9gislation visant \u00e0 r\u00e9glementer les fouilles pal\u00e9ontologiques et le commerce des fossiles<\/li><li>Admirer quelques fossiles remarquables, comme les ammonites d\u00e9roul\u00e9es du Cr\u00e9tac\u00e9 de la B\u00e9doule, les rudistes du Cr\u00e9tac\u00e9 d&#8217;Orgon et de la Cadi\u00e8re-d&#8217;Azur, des \u0153ufs de dinosaures du massif de la Sainte-Victoire, une tortue fossile de l&#8217;\u00c9oc\u00e8ne d&#8217;Aix-en-Provence et bien d&#8217;autres fossiles ou microfossiles tout aussi riches d&#8217;int\u00e9r\u00eat scientifique et esth\u00e9tique.<\/li><\/ul><h2><span style=\"font-weight: normal;\">Les collections<\/span><\/h2><p>Le fonds des collections de la pal\u00e9ontologie d&#8217;Aix-Marseille universit\u00e9 compte plus de 300000 sp\u00e9cimens macro-pal\u00e9ontologiques et plus de 30000 cellules micro-pal\u00e9ontologiques. Il comprend :<\/p><ul><li>une collection de g\u00e9ologie r\u00e9gionale<\/li><li>une collection g\u00e9n\u00e9rale stratigraphique et syst\u00e9matique qui fait office de r\u00e9serve pour l\u2019enseignement ; occasionnellement utilis\u00e9e pour la recherche,<br \/>une collection recherche macro-pal\u00e9ontologique<\/li><li>une collection micro-pal\u00e9ontologique o\u00f9 dominent les foraminif\u00e8res benthiques et les ostracodes<\/li><li>une typoth\u00e8que, riche de plus de 1000 sp\u00e9cimens types ou figur\u00e9s,<br \/>des collections historiques de vert\u00e9br\u00e9s c\u00e9nozo\u00efques (collection Vasseur), en d\u00e9p\u00f4t au mus\u00e9um d\u2019histoire naturelle de Marseille.<\/li><\/ul><h2><span style=\"font-weight: normal;\">La recherche<br \/><\/span><\/h2><p>Les sp\u00e9cimens des collections sont libres d\u2019acc\u00e8s dans les locaux ou en emprunt, hors types et figur\u00e9s, pour les chercheurs de monde entier. Cette derni\u00e8re dizaine d\u2019ann\u00e9es, des sp\u00e9cimens ont \u00e9t\u00e9 \u00e9tudi\u00e9es par des universitaires d\u2019Espagne, de Norv\u00e8ge, d\u2019Italie, des \u00c9tats-Unis, du Pakistan, etc.<\/p><h2><span style=\"font-weight: normal;\">La diffusion<\/span><\/h2><p>Les principaux visiteurs du mus\u00e9e sont les \u00e9l\u00e8ves d\u2019\u00e9coles \u00e9l\u00e9mentaires, de coll\u00e8ges et de lyc\u00e9es<br \/>Les visites des collections de pal\u00e9ontologie sont coupl\u00e9es avec l\u2019histoire g\u00e9ologique de la Provence au cours du temps<br \/>Le mus\u00e9e ouvre \u00e9galement ses portes \u00e0 tous les groupes et personnes amateurs, \u00e9rudits, curieux et passionn\u00e9s lors des journ\u00e9es du patrimoine, la f\u00eate de la science et la nuit des mus\u00e9es.<\/p><h2><span style=\"font-weight: normal;\">L&#8217;enseignement<\/span><\/h2><p>Le mus\u00e9e, les salles de collections ainsi que la salle de cours\u2013travaux pratiques Gaston-Casimir Vasseur \u2013 riche d&#8217;environ 3000 sp\u00e9cimens \u2013 appartenant au patrimoine pal\u00e9ontologique p\u00e9dagogique servent aux enseignements de pal\u00e9ontologie dispens\u00e9s au sein d&#8217;Aix\u2013Marseille universit\u00e9 par ses deux enseignants\u2013chercheurs : Bertrand Martin-Garin et Baptiste Such\u00e9ras-Marx<\/p>\t\t\t\t\t\t\t\t<\/div>\n\t\t\t\t<\/div>\n\t\t\t\t\t<\/div>\n\t\t<\/div>\n\t\t\t\t<div class=\"elementor-column elementor-col-50 elementor-inner-column elementor-element elementor-element-65889cf1\" data-id=\"65889cf1\" data-element_type=\"column\" data-e-type=\"column\">\n\t\t\t<div class=\"elementor-widget-wrap elementor-element-populated\">\n\t\t\t\t\t\t<div class=\"elementor-element elementor-element-373e491b elementor-widget elementor-widget-image\" data-id=\"373e491b\" data-element_type=\"widget\" data-e-type=\"widget\" data-widget_type=\"image.default\">\n\t\t\t\t<div class=\"elementor-widget-container\">\n\t\t\t\t\t\t\t\t\t\t\t\t\t\t\t<img fetchpriority=\"high\" decoding=\"async\" width=\"800\" height=\"500\" src=\"https:\/\/www.cerege.fr\/wp-content\/uploads\/2022\/10\/Musee_1-1024x640.jpg\" class=\"attachment-large size-large wp-image-5451\" alt=\"\" srcset=\"https:\/\/www.cerege.fr\/wp-content\/uploads\/2022\/10\/Musee_1-1024x640.jpg 1024w, https:\/\/www.cerege.fr\/wp-content\/uploads\/2022\/10\/Musee_1-300x188.jpg 300w, https:\/\/www.cerege.fr\/wp-content\/uploads\/2022\/10\/Musee_1-768x480.jpg 768w, https:\/\/www.cerege.fr\/wp-content\/uploads\/2022\/10\/Musee_1-1536x960.jpg 1536w, https:\/\/www.cerege.fr\/wp-content\/uploads\/2022\/10\/Musee_1-scaled.jpg 2048w, https:\/\/www.cerege.fr\/wp-content\/uploads\/2022\/10\/Musee_1-18x12.jpg 18w, https:\/\/www.cerege.fr\/wp-content\/uploads\/2022\/10\/Musee_1-1320x825.jpg 1320w\" sizes=\"(max-width: 800px) 100vw, 800px\" \/>\t\t\t\t\t\t\t\t\t\t\t\t\t\t\t<\/div>\n\t\t\t\t<\/div>\n\t\t\t\t<div class=\"elementor-element elementor-element-71a0a229 gallery-spacing-custom elementor-widget elementor-widget-image-gallery\" data-id=\"71a0a229\" data-element_type=\"widget\" data-e-type=\"widget\" data-widget_type=\"image-gallery.default\">\n\t\t\t\t<div class=\"elementor-widget-container\">\n\t\t\t\t\t\t\t<div class=\"elementor-image-gallery\">\n\t\t\t<div id='gallery-1' class='gallery galleryid-5397 gallery-columns-2 gallery-size-large'><figure class='gallery-item'>\n\t\t\t<div class='gallery-icon landscape'>\n\t\t\t\t<a data-elementor-open-lightbox=\"yes\" data-elementor-lightbox-slideshow=\"71a0a229\" data-elementor-lightbox-title=\"Muse\u0301e_Paleo_CEREGE\" data-e-action-hash=\"#elementor-action%3Aaction%3Dlightbox%26settings%3DeyJpZCI6NTQ1NCwidXJsIjoiaHR0cHM6XC9cL3d3dy5jZXJlZ2UuZnJcL3dwLWNvbnRlbnRcL3VwbG9hZHNcLzIwMjJcLzEwXC9NdXNlXHUwMzAxZV9QYWxlb19DRVJFR0UuanBnIiwic2xpZGVzaG93IjoiNzFhMGEyMjkifQ%3D%3D\" href='https:\/\/www.cerege.fr\/wp-content\/uploads\/2022\/10\/Muse\u0301e_Paleo_CEREGE.jpg'><img decoding=\"async\" width=\"376\" height=\"235\" src=\"https:\/\/www.cerege.fr\/wp-content\/uploads\/2022\/10\/Muse\u0301e_Paleo_CEREGE.jpg\" class=\"attachment-large size-large\" alt=\"\" srcset=\"https:\/\/www.cerege.fr\/wp-content\/uploads\/2022\/10\/Muse\u0301e_Paleo_CEREGE.jpg 376w, https:\/\/www.cerege.fr\/wp-content\/uploads\/2022\/10\/Muse\u0301e_Paleo_CEREGE-300x188.jpg 300w, https:\/\/www.cerege.fr\/wp-content\/uploads\/2022\/10\/Muse\u0301e_Paleo_CEREGE-18x12.jpg 18w\" sizes=\"(max-width: 376px) 100vw, 376px\" \/><\/a>\n\t\t\t<\/div><\/figure>\n\t\t<\/div>\n\t\t<\/div>\n\t\t\t\t\t\t<\/div>\n\t\t\t\t<\/div>\n\t\t\t\t<div class=\"elementor-element elementor-element-6f3fef7 elementor-widget elementor-widget-image\" data-id=\"6f3fef7\" data-element_type=\"widget\" data-e-type=\"widget\" data-widget_type=\"image.default\">\n\t\t\t\t<div class=\"elementor-widget-container\">\n\t\t\t\t\t\t\t\t\t\t\t\t\t\t\t<img decoding=\"async\" width=\"800\" height=\"238\" src=\"https:\/\/www.cerege.fr\/wp-content\/uploads\/2022\/10\/Logo_Museum_CEREGE-1024x304.webp\" class=\"attachment-large size-large wp-image-5450\" alt=\"\" srcset=\"https:\/\/www.cerege.fr\/wp-content\/uploads\/2022\/10\/Logo_Museum_CEREGE-1024x304.webp 1024w, https:\/\/www.cerege.fr\/wp-content\/uploads\/2022\/10\/Logo_Museum_CEREGE-300x89.webp 300w, https:\/\/www.cerege.fr\/wp-content\/uploads\/2022\/10\/Logo_Museum_CEREGE-768x228.webp 768w, https:\/\/www.cerege.fr\/wp-content\/uploads\/2022\/10\/Logo_Museum_CEREGE-18x5.webp 18w, https:\/\/www.cerege.fr\/wp-content\/uploads\/2022\/10\/Logo_Museum_CEREGE.webp 1200w\" sizes=\"(max-width: 800px) 100vw, 800px\" \/>\t\t\t\t\t\t\t\t\t\t\t\t\t\t\t<\/div>\n\t\t\t\t<\/div>\n\t\t\t\t<div class=\"elementor-element elementor-element-305e588 elementor-widget elementor-widget-text-editor\" data-id=\"305e588\" data-element_type=\"widget\" data-e-type=\"widget\" data-widget_type=\"text-editor.default\">\n\t\t\t\t<div class=\"elementor-widget-container\">\n\t\t\t\t\t\t\t\t\t<h2><span style=\"font-weight: normal;\"><span style=\"color: #476fe6;\">Contact<\/span><br \/><\/span><\/h2><p><a href=\"https:\/\/www.cerege.fr\/fr\/cerege\/bertrand-martin-garin\/\"><b>Bertrand <\/b><b>Martin-Garin <\/b><\/a><br \/><i>Ma\u00eetre de conf\u00e9rences en pal\u00e9ontologie et en biologie marine<br \/><\/i>Conservateur du mus\u00e9e et des collections de pal\u00e9ontologie<\/p><p><b>Jean <\/b><b>Philip <\/b><br \/><i>Professeur <\/i><i>\u00e9m\u00e9rite, pal\u00e9ontologue et <\/i><i>s\u00e9dimentologue<\/i><\/p><p><b>Axel Arnoux<\/b> <br \/><em>Adjoint technique <\/em>Photographe en pal\u00e9ontologie, assistant de conservation<\/p><p><a href=\"https:\/\/martin-garin.wixsite.com\/paleontologie-amu\/collections\" target=\"_blank\" rel=\"noopener\">Site web Mus\u00e9e et collections de pal\u00e9ontologie<\/a><\/p><p><strong>CEREGE Saint-Charles<\/strong><br \/>3 place Victor Hugo<br \/>13 003 Marseille\u00a0<br \/>+33 (0)4 13 55 12 36<br \/><a href=\"mailto:mdp@cerege.fr\">mdp@cerege.fr<\/a><\/p>\t\t\t\t\t\t\t\t<\/div>\n\t\t\t\t<\/div>\n\t\t\t\t\t<\/div>\n\t\t<\/div>\n\t\t\t\t\t<\/div>\n\t\t<\/section>\n\t\t\t\t\t<\/div>\n\t\t<\/div>\n\t\t\t\t\t<\/div>\n\t\t<\/section>\n\t\t\t\t<\/div>\n\t\t","protected":false},"excerpt":{"rendered":"<p>Le mus\u00e9e Le mus\u00e9e r\u00e9unit des fossiles \u2013 invert\u00e9br\u00e9s, vert\u00e9br\u00e9s et v\u00e9g\u00e9taux \u2013 r\u00e9colt\u00e9s en Provence, depuis plus d&#8217;un si\u00e8cle. Le centre de Saint-Charles d&#8217;Aix\u2013Marseille universit\u00e9 est le berceau de [&hellip;]<\/p>\n","protected":false},"author":551,"featured_media":5403,"parent":820,"menu_order":0,"comment_status":"closed","ping_status":"closed","template":"","meta":{"_acf_changed":false,"footnotes":""},"class_list":["post-5397","page","type-page","status-publish","has-post-thumbnail","hentry"],"acf":[],"publishpress_future_action":{"enabled":false,"date":"2026-05-11 22:22:49","action":"change-status","newStatus":"draft","terms":[],"taxonomy":"","extraData":[]},"publishpress_future_workflow_manual_trigger":{"enabledWorkflows":[]},"_links":{"self":[{"href":"https:\/\/www.cerege.fr\/fr\/wp-json\/wp\/v2\/pages\/5397","targetHints":{"allow":["GET"]}}],"collection":[{"href":"https:\/\/www.cerege.fr\/fr\/wp-json\/wp\/v2\/pages"}],"about":[{"href":"https:\/\/www.cerege.fr\/fr\/wp-json\/wp\/v2\/types\/page"}],"author":[{"embeddable":true,"href":"https:\/\/www.cerege.fr\/fr\/wp-json\/wp\/v2\/users\/551"}],"replies":[{"embeddable":true,"href":"https:\/\/www.cerege.fr\/fr\/wp-json\/wp\/v2\/comments?post=5397"}],"version-history":[{"count":5,"href":"https:\/\/www.cerege.fr\/fr\/wp-json\/wp\/v2\/pages\/5397\/revisions"}],"predecessor-version":[{"id":27635,"href":"https:\/\/www.cerege.fr\/fr\/wp-json\/wp\/v2\/pages\/5397\/revisions\/27635"}],"up":[{"embeddable":true,"href":"https:\/\/www.cerege.fr\/fr\/wp-json\/wp\/v2\/pages\/820"}],"wp:featuredmedia":[{"embeddable":true,"href":"https:\/\/www.cerege.fr\/fr\/wp-json\/wp\/v2\/media\/5403"}],"wp:attachment":[{"href":"https:\/\/www.cerege.fr\/fr\/wp-json\/wp\/v2\/media?parent=5397"}],"curies":[{"name":"wp","href":"https:\/\/api.w.org\/{rel}","templated":true}]}}