{"id":5587,"date":"2022-10-21T09:03:20","date_gmt":"2022-10-21T07:03:20","guid":{"rendered":"https:\/\/www.cerege.fr\/?page_id=5587"},"modified":"2022-10-21T09:33:57","modified_gmt":"2022-10-21T07:33:57","slug":"supports-et-medias-techniques","status":"publish","type":"page","link":"https:\/\/www.cerege.fr\/fr\/communication\/supports-et-medias-techniques\/","title":{"rendered":"Supports et m\u00e9dias techniques"},"content":{"rendered":"\t\t<div data-elementor-type=\"wp-page\" data-elementor-id=\"5587\" class=\"elementor elementor-5587\" data-elementor-post-type=\"page\">\n\t\t\t\t\t\t<section class=\"elementor-section elementor-top-section elementor-element elementor-element-5c998fb6 elementor-section-full_width elementor-section-height-min-height elementor-section-height-default elementor-section-items-middle\" data-id=\"5c998fb6\" data-element_type=\"section\" data-e-type=\"section\" data-settings=\"{&quot;background_background&quot;:&quot;classic&quot;}\">\n\t\t\t\t\t\t<div class=\"elementor-container elementor-column-gap-default\">\n\t\t\t\t\t<div class=\"elementor-column elementor-col-100 elementor-top-column elementor-element elementor-element-602d4108\" data-id=\"602d4108\" data-element_type=\"column\" data-e-type=\"column\">\n\t\t\t<div class=\"elementor-widget-wrap\">\n\t\t\t\t\t\t\t<\/div>\n\t\t<\/div>\n\t\t\t\t\t<\/div>\n\t\t<\/section>\n\t\t\t\t<section class=\"elementor-section elementor-top-section elementor-element elementor-element-6139fdbf elementor-section-boxed elementor-section-height-default elementor-section-height-default\" data-id=\"6139fdbf\" data-element_type=\"section\" data-e-type=\"section\">\n\t\t\t\t\t\t<div class=\"elementor-container elementor-column-gap-default\">\n\t\t\t\t\t<div class=\"elementor-column elementor-col-100 elementor-top-column elementor-element elementor-element-77f0c180\" data-id=\"77f0c180\" data-element_type=\"column\" data-e-type=\"column\">\n\t\t\t<div class=\"elementor-widget-wrap elementor-element-populated\">\n\t\t\t\t\t\t<div class=\"elementor-element elementor-element-33d1cc7f elementor-widget elementor-widget-shortcode\" data-id=\"33d1cc7f\" data-element_type=\"widget\" data-e-type=\"widget\" data-widget_type=\"shortcode.default\">\n\t\t\t\t<div class=\"elementor-widget-container\">\n\t\t\t\t\t\t\t<div class=\"elementor-shortcode\"><nav aria-label=\"breadcrumbs\">\n            <div class=\"breadcrumb-container theme1\">\n                <ol>\n                                    <\/ol>\n            <\/div>\n        <\/nav>    <script type=\"application\/ld+json\">\n        {\n            \"@context\": \"http:\/\/schema.org\",\n            \"@type\": \"BreadcrumbList\",\n            \"itemListElement\": [\n                            ]\n        }\n    <\/script>\n   \n    <script>\n            <\/script>\n<\/div>\n\t\t\t\t\t\t<\/div>\n\t\t\t\t<\/div>\n\t\t\t\t<section class=\"elementor-section elementor-inner-section elementor-element elementor-element-44c9ffbf elementor-section-boxed elementor-section-height-default elementor-section-height-default\" data-id=\"44c9ffbf\" data-element_type=\"section\" data-e-type=\"section\">\n\t\t\t\t\t\t<div class=\"elementor-container elementor-column-gap-wide\">\n\t\t\t\t\t<div class=\"elementor-column elementor-col-50 elementor-inner-column elementor-element elementor-element-6f381982\" data-id=\"6f381982\" data-element_type=\"column\" data-e-type=\"column\">\n\t\t\t<div class=\"elementor-widget-wrap elementor-element-populated\">\n\t\t\t\t\t\t<div class=\"elementor-element elementor-element-54cb7eb7 elementor-widget elementor-widget-text-editor\" data-id=\"54cb7eb7\" data-element_type=\"widget\" data-e-type=\"widget\" data-widget_type=\"text-editor.default\">\n\t\t\t\t<div class=\"elementor-widget-container\">\n\t\t\t\t\t\t\t\t\t<p>Logiciels, codes Open Source, vid\u00e9os techniques&#8230;Autant d&#8217;outils d&#8217;aide \u00e0 l&#8217;analyse et aux repr\u00e9sentations des donn\u00e9es des travaux de recherche scientifique que le CEREGE met \u00e0 disposition.<\/p><h2><span style=\"font-weight: normal;\"><a href=\"https:\/\/modelwiki.cerege.fr\/serveur-dapplications\/\" target=\"_blank\" rel=\"noopener\">Logiciels et codes Open Source<\/a><br \/><\/span><\/h2><p>Galerie multim\u00e9dia<\/p><p>\u00a0<\/p>\t\t\t\t\t\t\t\t<\/div>\n\t\t\t\t<\/div>\n\t\t\t\t\t<\/div>\n\t\t<\/div>\n\t\t\t\t<div class=\"elementor-column elementor-col-50 elementor-inner-column elementor-element elementor-element-bba4f41\" data-id=\"bba4f41\" data-element_type=\"column\" data-e-type=\"column\">\n\t\t\t<div class=\"elementor-widget-wrap elementor-element-populated\">\n\t\t\t\t\t\t<div class=\"elementor-element elementor-element-bdb34dd elementor-widget elementor-widget-image\" data-id=\"bdb34dd\" data-element_type=\"widget\" data-e-type=\"widget\" data-widget_type=\"image.default\">\n\t\t\t\t<div class=\"elementor-widget-container\">\n\t\t\t\t\t\t\t\t\t\t\t\t\t\t\t<img fetchpriority=\"high\" decoding=\"async\" width=\"800\" height=\"600\" src=\"https:\/\/www.cerege.fr\/wp-content\/uploads\/2022\/07\/P1070713-1024x768.jpg\" class=\"attachment-large size-large wp-image-1695\" alt=\"\" srcset=\"https:\/\/www.cerege.fr\/wp-content\/uploads\/2022\/07\/P1070713-1024x768.jpg 1024w, https:\/\/www.cerege.fr\/wp-content\/uploads\/2022\/07\/P1070713-300x225.jpg 300w, https:\/\/www.cerege.fr\/wp-content\/uploads\/2022\/07\/P1070713-768x576.jpg 768w, https:\/\/www.cerege.fr\/wp-content\/uploads\/2022\/07\/P1070713-1536x1152.jpg 1536w, https:\/\/www.cerege.fr\/wp-content\/uploads\/2022\/07\/P1070713-16x12.jpg 16w, https:\/\/www.cerege.fr\/wp-content\/uploads\/2022\/07\/P1070713.jpg 2048w\" sizes=\"(max-width: 800px) 100vw, 800px\" \/>\t\t\t\t\t\t\t\t\t\t\t\t\t\t\t<\/div>\n\t\t\t\t<\/div>\n\t\t\t\t<div class=\"elementor-element elementor-element-15a7fd31 gallery-spacing-custom elementor-widget elementor-widget-image-gallery\" data-id=\"15a7fd31\" data-element_type=\"widget\" data-e-type=\"widget\" data-widget_type=\"image-gallery.default\">\n\t\t\t\t<div class=\"elementor-widget-container\">\n\t\t\t\t\t\t\t<div class=\"elementor-image-gallery\">\n\t\t\t<div id='gallery-1' class='gallery galleryid-5587 gallery-columns-2 gallery-size-large'><figure class='gallery-item'>\n\t\t\t<div class='gallery-icon landscape'>\n\t\t\t\t<a data-elementor-open-lightbox=\"yes\" data-elementor-lightbox-slideshow=\"15a7fd31\" data-elementor-lightbox-title=\"Vieillissement_lasure_chambre_climatique\" data-e-action-hash=\"#elementor-action%3Aaction%3Dlightbox%26settings%3DeyJpZCI6Mzk1MSwidXJsIjoiaHR0cHM6XC9cL3d3dy5jZXJlZ2UuZnJcL3dwLWNvbnRlbnRcL3VwbG9hZHNcLzIwMjJcLzA5XC9WaWVpbGxpc3NlbWVudF9sYXN1cmVfY2hhbWJyZV9jbGltYXRpcXVlLmpwZyIsInNsaWRlc2hvdyI6IjE1YTdmZDMxIn0%3D\" href=\"https:\/\/www.cerege.fr\/wp-content\/uploads\/2022\/09\/Vieillissement_lasure_chambre_climatique.jpg\"><img decoding=\"async\" width=\"800\" height=\"554\" src=\"https:\/\/www.cerege.fr\/wp-content\/uploads\/2022\/09\/Vieillissement_lasure_chambre_climatique-1024x709.jpg\" class=\"attachment-large size-large\" alt=\"\" srcset=\"https:\/\/www.cerege.fr\/wp-content\/uploads\/2022\/09\/Vieillissement_lasure_chambre_climatique-1024x709.jpg 1024w, https:\/\/www.cerege.fr\/wp-content\/uploads\/2022\/09\/Vieillissement_lasure_chambre_climatique-300x208.jpg 300w, https:\/\/www.cerege.fr\/wp-content\/uploads\/2022\/09\/Vieillissement_lasure_chambre_climatique-768x532.jpg 768w, https:\/\/www.cerege.fr\/wp-content\/uploads\/2022\/09\/Vieillissement_lasure_chambre_climatique-18x12.jpg 18w, https:\/\/www.cerege.fr\/wp-content\/uploads\/2022\/09\/Vieillissement_lasure_chambre_climatique.jpg 1300w\" sizes=\"(max-width: 800px) 100vw, 800px\" \/><\/a>\n\t\t\t<\/div><\/figure><figure class='gallery-item'>\n\t\t\t<div class='gallery-icon landscape'>\n\t\t\t\t<a data-elementor-open-lightbox=\"yes\" data-elementor-lightbox-slideshow=\"15a7fd31\" data-elementor-lightbox-title=\"@CEREGE_these_quero\" data-e-action-hash=\"#elementor-action%3Aaction%3Dlightbox%26settings%3DeyJpZCI6Mzk1MCwidXJsIjoiaHR0cHM6XC9cL3d3dy5jZXJlZ2UuZnJcL3dwLWNvbnRlbnRcL3VwbG9hZHNcLzIwMjJcLzA5XC9RdWFsaXRlX2Rlc19zb2xzLWUxNjc4OTcxMzM3NjgwLmpwZyIsInNsaWRlc2hvdyI6IjE1YTdmZDMxIn0%3D\" href=\"https:\/\/www.cerege.fr\/wp-content\/uploads\/2022\/09\/Qualite_des_sols-e1678971337680.jpg\"><img decoding=\"async\" width=\"800\" height=\"554\" src=\"https:\/\/www.cerege.fr\/wp-content\/uploads\/2022\/09\/Qualite_des_sols-1024x709.jpg\" class=\"attachment-large size-large\" alt=\"\" aria-describedby=\"gallery-1-3950\" srcset=\"https:\/\/www.cerege.fr\/wp-content\/uploads\/2022\/09\/Qualite_des_sols-1024x709.jpg 1024w, https:\/\/www.cerege.fr\/wp-content\/uploads\/2022\/09\/Qualite_des_sols-e1678971337680-300x208.jpg 300w, https:\/\/www.cerege.fr\/wp-content\/uploads\/2022\/09\/Qualite_des_sols-768x532.jpg 768w, https:\/\/www.cerege.fr\/wp-content\/uploads\/2022\/09\/Qualite_des_sols-e1678971337680-18x12.jpg 18w, https:\/\/www.cerege.fr\/wp-content\/uploads\/2022\/09\/Qualite_des_sols-e1678971337680.jpg 361w\" sizes=\"(max-width: 800px) 100vw, 800px\" \/><\/a>\n\t\t\t<\/div>\n\t\t\t\t<figcaption class='wp-caption-text gallery-caption' id='gallery-1-3950'>\n\t\t\t\tSol\u00e8ne QUERO, 2022. Evolution de la dynamique du carbone d&#8217;un ar\u00e9nosol m\u00e9diterran\u00e9en lors d&#8217;un changement d&#8217;usage for\u00eat\/vigne, de l&#8217;\u00e9chelle du m\u00e8tre \u00e0 celle de la centaine de nanom\u00e8tres\n\t\t\t\t<\/figcaption><\/figure><figure class='gallery-item'>\n\t\t\t<div class='gallery-icon landscape'>\n\t\t\t\t<a data-elementor-open-lightbox=\"yes\" data-elementor-lightbox-slideshow=\"15a7fd31\" data-elementor-lightbox-title=\"Oued_el Heimer_Maroc_ residus_ fonderie\" data-e-action-hash=\"#elementor-action%3Aaction%3Dlightbox%26settings%3DeyJpZCI6Mzk0OSwidXJsIjoiaHR0cHM6XC9cL3d3dy5jZXJlZ2UuZnJcL3dwLWNvbnRlbnRcL3VwbG9hZHNcLzIwMjJcLzA5XC9PdWVkX2VsLUhlaW1lcl9NYXJvY18tcmVzaWR1c18tZm9uZGVyaWUuanBnIiwic2xpZGVzaG93IjoiMTVhN2ZkMzEifQ%3D%3D\" href=\"https:\/\/www.cerege.fr\/wp-content\/uploads\/2022\/09\/Oued_el-Heimer_Maroc_-residus_-fonderie.jpg\"><img loading=\"lazy\" decoding=\"async\" width=\"800\" height=\"554\" src=\"https:\/\/www.cerege.fr\/wp-content\/uploads\/2022\/09\/Oued_el-Heimer_Maroc_-residus_-fonderie-1024x709.jpg\" class=\"attachment-large size-large\" alt=\"\" srcset=\"https:\/\/www.cerege.fr\/wp-content\/uploads\/2022\/09\/Oued_el-Heimer_Maroc_-residus_-fonderie-1024x709.jpg 1024w, https:\/\/www.cerege.fr\/wp-content\/uploads\/2022\/09\/Oued_el-Heimer_Maroc_-residus_-fonderie-300x208.jpg 300w, https:\/\/www.cerege.fr\/wp-content\/uploads\/2022\/09\/Oued_el-Heimer_Maroc_-residus_-fonderie-768x532.jpg 768w, https:\/\/www.cerege.fr\/wp-content\/uploads\/2022\/09\/Oued_el-Heimer_Maroc_-residus_-fonderie-18x12.jpg 18w, https:\/\/www.cerege.fr\/wp-content\/uploads\/2022\/09\/Oued_el-Heimer_Maroc_-residus_-fonderie.jpg 1300w\" sizes=\"(max-width: 800px) 100vw, 800px\" \/><\/a>\n\t\t\t<\/div><\/figure><figure class='gallery-item'>\n\t\t\t<div class='gallery-icon landscape'>\n\t\t\t\t<a data-elementor-open-lightbox=\"yes\" data-elementor-lightbox-slideshow=\"15a7fd31\" data-elementor-lightbox-title=\"Axe2ED_innovations_environnement\" data-e-action-hash=\"#elementor-action%3Aaction%3Dlightbox%26settings%3DeyJpZCI6Mzk1MiwidXJsIjoiaHR0cHM6XC9cL3d3dy5jZXJlZ2UuZnJcL3dwLWNvbnRlbnRcL3VwbG9hZHNcLzIwMjJcLzA5XC9BeGUyRURfaW5ub3ZhdGlvbnNfZW52aXJvbm5lbWVudC0yLmpwZyIsInNsaWRlc2hvdyI6IjE1YTdmZDMxIn0%3D\" href=\"https:\/\/www.cerege.fr\/wp-content\/uploads\/2022\/09\/Axe2ED_innovations_environnement-2.jpg\"><img loading=\"lazy\" decoding=\"async\" width=\"800\" height=\"554\" src=\"https:\/\/www.cerege.fr\/wp-content\/uploads\/2022\/09\/Axe2ED_innovations_environnement-2-1024x709.jpg\" class=\"attachment-large size-large\" alt=\"\" srcset=\"https:\/\/www.cerege.fr\/wp-content\/uploads\/2022\/09\/Axe2ED_innovations_environnement-2-1024x709.jpg 1024w, https:\/\/www.cerege.fr\/wp-content\/uploads\/2022\/09\/Axe2ED_innovations_environnement-2-300x208.jpg 300w, https:\/\/www.cerege.fr\/wp-content\/uploads\/2022\/09\/Axe2ED_innovations_environnement-2-768x532.jpg 768w, https:\/\/www.cerege.fr\/wp-content\/uploads\/2022\/09\/Axe2ED_innovations_environnement-2-18x12.jpg 18w, https:\/\/www.cerege.fr\/wp-content\/uploads\/2022\/09\/Axe2ED_innovations_environnement-2.jpg 1300w\" sizes=\"(max-width: 800px) 100vw, 800px\" \/><\/a>\n\t\t\t<\/div><\/figure>\n\t\t<\/div>\n\t\t<\/div>\n\t\t\t\t\t\t<\/div>\n\t\t\t\t<\/div>\n\t\t\t\t<div class=\"elementor-element elementor-element-da830ef elementor-widget elementor-widget-text-editor\" data-id=\"da830ef\" data-element_type=\"widget\" data-e-type=\"widget\" data-widget_type=\"text-editor.default\">\n\t\t\t\t<div class=\"elementor-widget-container\">\n\t\t\t\t\t\t\t\t\t<h3 style=\"padding-left: 40px;\"><span style=\"font-weight: normal;\"><span style=\"color: #0f72bb;\">Projets<\/span><\/span><\/h3><ul><li>2020-2024:<strong> Projet H2020 SABYNA : <\/strong><em>Simple, robust and cost-effective approaches to guide\u00a0industry in the development of safer nanomaterials and nano-enabled products.<\/em> <a href=\"https:\/\/www.sabyna.eu\/\" target=\"_blank\" rel=\"noopener\">www.sabyna.eu<\/a><\/li><li>2021-2025 : <strong>Projet ANR RECALL<\/strong> &#8211; <em><em>Sustainable RECovery of vALuable metaLs in bauxite residue<\/em><\/em><p>\u00a0<\/p><\/li><li>2022-2025 : <strong>Projet Europ\u00e9en LEAP-RE RESTART<\/strong> &#8211; <em><em>REcycling of spent Li-ion batteries and end-life photovoltaic panels: From the development of metal recovery processes to the implementation of a START-up<\/em><\/em><p>\u00a0<\/p><\/li><li>2020-2023 : <strong>Programme national Carnot Eau et Environnement NEREIDE<\/strong> &#8211; <em><em>Solutions bas\u00e9es sur la Nature pour l\u2019Epuration et la R\u00e9utilisation d\u2019Eau us\u00e9e vers une Irrigation DurablE<\/em><\/em><p>\u00a0<\/p><\/li><li>2020-2023 : <strong>Projet Institut ITEM <em>RhizoCarbone+<\/em><\/strong> &#8211; <em><em>Stimuler le continuum plantes-microorganismes-min\u00e9raux pour stocker du carbone dans les sols<\/em><\/em><p>\u00a0<\/p><\/li><li>2020-2023 : <strong>Projet Institut ITEM <em>Bioextract<\/em><\/strong> :<br \/><em>Le BIOmim\u00e9tisme au service <\/em><em><em>de l\u2019EXTRACtion des Terres rares issues de sources secondaires.<\/em><\/em><p>\u00a0<\/p><\/li><li>2021-2026\u00a0: <strong>Projet NSF Accelnet INFRAMES:<\/strong><em><em> Network of Networks to Advance International Efforts for Sustainable Materials<\/em><\/em><p>\u00a0<\/p><\/li><li>2020-2025\u00a0: <strong>Laboratoire Mixte International IRD AMIR\u00a0:<\/strong><em><em> Activit\u00e9 Mini\u00e8re Responsable au Maroc\u00a0: Enjeux, D\u00e9fis, Solutions<\/em><\/em><p>\u00a0<\/p><\/li><li><strong>EVALVIE : projet ADEME -porteur IECP:<br \/><\/strong><em>\u00c9valuation de la vuln\u00e9rabilit\u00e9 environnementale et sanitaire d\u2019un territoire en lien avec l\u2019activit\u00e9 anthropique et la diversit\u00e9 des milieux<\/em><p>\u00a0<\/p><\/li><\/ul>\t\t\t\t\t\t\t\t<\/div>\n\t\t\t\t<\/div>\n\t\t\t\t\t<\/div>\n\t\t<\/div>\n\t\t\t\t\t<\/div>\n\t\t<\/section>\n\t\t\t\t\t<\/div>\n\t\t<\/div>\n\t\t\t\t\t<\/div>\n\t\t<\/section>\n\t\t\t\t<\/div>\n\t\t","protected":false},"excerpt":{"rendered":"<p>Logiciels, codes Open Source, vid\u00e9os techniques&#8230;Autant d&#8217;outils d&#8217;aide \u00e0 l&#8217;analyse et aux repr\u00e9sentations des donn\u00e9es des travaux de recherche scientifique que le CEREGE met \u00e0 disposition. Logiciels et codes Open [&hellip;]<\/p>\n","protected":false},"author":551,"featured_media":0,"parent":820,"menu_order":0,"comment_status":"closed","ping_status":"closed","template":"","meta":{"_acf_changed":false,"footnotes":""},"class_list":["post-5587","page","type-page","status-publish","hentry"],"acf":[],"publishpress_future_action":{"enabled":false,"date":"2026-05-11 10:58:35","action":"change-status","newStatus":"draft","terms":[],"taxonomy":"","extraData":[]},"publishpress_future_workflow_manual_trigger":{"enabledWorkflows":[]},"_links":{"self":[{"href":"https:\/\/www.cerege.fr\/fr\/wp-json\/wp\/v2\/pages\/5587","targetHints":{"allow":["GET"]}}],"collection":[{"href":"https:\/\/www.cerege.fr\/fr\/wp-json\/wp\/v2\/pages"}],"about":[{"href":"https:\/\/www.cerege.fr\/fr\/wp-json\/wp\/v2\/types\/page"}],"author":[{"embeddable":true,"href":"https:\/\/www.cerege.fr\/fr\/wp-json\/wp\/v2\/users\/551"}],"replies":[{"embeddable":true,"href":"https:\/\/www.cerege.fr\/fr\/wp-json\/wp\/v2\/comments?post=5587"}],"version-history":[{"count":5,"href":"https:\/\/www.cerege.fr\/fr\/wp-json\/wp\/v2\/pages\/5587\/revisions"}],"predecessor-version":[{"id":5598,"href":"https:\/\/www.cerege.fr\/fr\/wp-json\/wp\/v2\/pages\/5587\/revisions\/5598"}],"up":[{"embeddable":true,"href":"https:\/\/www.cerege.fr\/fr\/wp-json\/wp\/v2\/pages\/820"}],"wp:attachment":[{"href":"https:\/\/www.cerege.fr\/fr\/wp-json\/wp\/v2\/media?parent=5587"}],"curies":[{"name":"wp","href":"https:\/\/api.w.org\/{rel}","templated":true}]}}