{"id":5930,"date":"2022-10-24T16:23:35","date_gmt":"2022-10-24T14:23:35","guid":{"rendered":"https:\/\/www.cerege.fr\/?page_id=5930"},"modified":"2023-01-02T10:14:58","modified_gmt":"2023-01-02T09:14:58","slug":"shormosat","status":"publish","type":"page","link":"https:\/\/www.cerege.fr\/fr\/sciences\/terre-et-planetes\/projets-terre-et-planete\/shormosat\/","title":{"rendered":"SHORMOSAT"},"content":{"rendered":"\t\t<div data-elementor-type=\"wp-page\" data-elementor-id=\"5930\" class=\"elementor elementor-5930\" data-elementor-post-type=\"page\">\n\t\t\t\t\t\t<section class=\"elementor-section elementor-top-section elementor-element elementor-element-38989f05 elementor-section-full_width elementor-section-height-min-height elementor-section-height-default elementor-section-items-middle\" data-id=\"38989f05\" data-element_type=\"section\" data-e-type=\"section\" data-settings=\"{&quot;background_background&quot;:&quot;classic&quot;}\">\n\t\t\t\t\t\t<div class=\"elementor-container elementor-column-gap-default\">\n\t\t\t\t\t<div class=\"elementor-column elementor-col-100 elementor-top-column elementor-element elementor-element-2507a52\" data-id=\"2507a52\" data-element_type=\"column\" data-e-type=\"column\">\n\t\t\t<div class=\"elementor-widget-wrap\">\n\t\t\t\t\t\t\t<\/div>\n\t\t<\/div>\n\t\t\t\t\t<\/div>\n\t\t<\/section>\n\t\t\t\t<section class=\"elementor-section elementor-top-section elementor-element elementor-element-4b236274 elementor-section-boxed elementor-section-height-default elementor-section-height-default\" data-id=\"4b236274\" data-element_type=\"section\" data-e-type=\"section\">\n\t\t\t\t\t\t<div class=\"elementor-container elementor-column-gap-default\">\n\t\t\t\t\t<div class=\"elementor-column elementor-col-100 elementor-top-column elementor-element elementor-element-609ddf04\" data-id=\"609ddf04\" data-element_type=\"column\" data-e-type=\"column\">\n\t\t\t<div class=\"elementor-widget-wrap elementor-element-populated\">\n\t\t\t\t\t\t<div class=\"elementor-element elementor-element-1d0075f7 elementor-widget elementor-widget-shortcode\" data-id=\"1d0075f7\" data-element_type=\"widget\" data-e-type=\"widget\" data-widget_type=\"shortcode.default\">\n\t\t\t\t<div class=\"elementor-widget-container\">\n\t\t\t\t\t\t\t<div class=\"elementor-shortcode\"><nav aria-label=\"breadcrumbs\">\n            <div class=\"breadcrumb-container theme1\">\n                <ol>\n                                    <\/ol>\n            <\/div>\n        <\/nav>    <script type=\"application\/ld+json\">\n        {\n            \"@context\": \"http:\/\/schema.org\",\n            \"@type\": \"BreadcrumbList\",\n            \"itemListElement\": [\n                            ]\n        }\n    <\/script>\n   \n    <script>\n            <\/script>\n<\/div>\n\t\t\t\t\t\t<\/div>\n\t\t\t\t<\/div>\n\t\t\t\t<section class=\"elementor-section elementor-inner-section elementor-element elementor-element-60ce3357 elementor-section-boxed elementor-section-height-default elementor-section-height-default\" data-id=\"60ce3357\" data-element_type=\"section\" data-e-type=\"section\">\n\t\t\t\t\t\t<div class=\"elementor-container elementor-column-gap-wide\">\n\t\t\t\t\t<div class=\"elementor-column elementor-col-50 elementor-inner-column elementor-element elementor-element-421e9b09\" data-id=\"421e9b09\" data-element_type=\"column\" data-e-type=\"column\">\n\t\t\t<div class=\"elementor-widget-wrap elementor-element-populated\">\n\t\t\t\t\t\t<div class=\"elementor-element elementor-element-2917881e elementor-widget elementor-widget-text-editor\" data-id=\"2917881e\" data-element_type=\"widget\" data-e-type=\"widget\" data-widget_type=\"text-editor.default\">\n\t\t\t\t<div class=\"elementor-widget-container\">\n\t\t\t\t\t\t\t\t\t<p>Dans SHORMOSAT, nous allons utiliser un mod\u00e8le hydride d\u2019\u00e9volution du trait de c\u00f4te \u00e0 l\u2019\u00e9tat de l\u2019art (LX-Shore) et des techniques adapt\u00e9es d\u2019assimilation de donn\u00e9es en s\u2019appuyant sur plus de 35 ans de donn\u00e9es de traits de c\u00f4t\u00e9 provenant de l\u2019imagerie satellitaire. Le projet vise \u00e0 appr\u00e9hender l\u2019\u00e9volution du trait de c\u00f4te, les principaux processus moteurs et les for\u00e7ages, et \u00e0 explorer le futur des plages o\u00f9 l\u2019espace d\u2019accommodation \u00e0 l\u2019arri\u00e8re est limit\u00e9, par exemple, par des ouvrages c\u00f4tiers.<\/p><p>Ce cadre th\u00e9orique sera appliqu\u00e9 \u00e0 sept sites nationaux et internationaux soigneusement s\u00e9lectionn\u00e9s, distribu\u00e9s sur trois continents et suivis par notre consortium et nos collaborateurs internationaux. Ces sites sont repr\u00e9sentatifs des trois environnements de littoraux sableux les plus r\u00e9pandus dans le monde\u00a0:<\/p><p>(i) les plages de baie (O(1 km)) avec diff\u00e9rents degr\u00e9s d\u2019exposition aux vagues incidentes et de bypass s\u00e9dimentaire au large des \u00e9pis ou des cap rocheux,<\/p><p>(ii) les deltas domin\u00e9s par les vagues (O(10-100 km)),<\/p><p>(iii) les grandes barri\u00e8res s\u00e9dimentaires (O(100 km)) interrompues par des embouchures tidales ou estuariennes.<\/p><p>Nous am\u00e9liorerons le mod\u00e8le LX-Shore et \u00e9tendrons son champ d\u2019application, en incluant le bypass s\u00e9dimentaire d\u2019obstacles, les sources s\u00e9dimentaires, un module d\u2019\u00e9volution du profil de plage et un nouveau module de vagues. Plus globalement, SHORMOSAT apportera un \u00e9clairage nouveau sur les \u00e9volutions pluri-d\u00e9cennales, pass\u00e9es et futures, du trait de c\u00f4te et des possibles changements de trajectoires dans un contexte de changement climatique et d\u2019augmentation des pressions anthropiques avec des implications majeures pour la soci\u00e9t\u00e9 et la gestion de la bande c\u00f4ti\u00e8re, en d\u00e9veloppant et appliquant des techniques de traitement d\u2019image avanc\u00e9es.<\/p>\t\t\t\t\t\t\t\t<\/div>\n\t\t\t\t<\/div>\n\t\t\t\t\t<\/div>\n\t\t<\/div>\n\t\t\t\t<div class=\"elementor-column elementor-col-50 elementor-inner-column elementor-element elementor-element-da3a964\" data-id=\"da3a964\" data-element_type=\"column\" data-e-type=\"column\">\n\t\t\t<div class=\"elementor-widget-wrap elementor-element-populated\">\n\t\t\t\t\t\t<div class=\"elementor-element elementor-element-5ec880d8 elementor-widget elementor-widget-text-editor\" data-id=\"5ec880d8\" data-element_type=\"widget\" data-e-type=\"widget\" data-widget_type=\"text-editor.default\">\n\t\t\t\t<div class=\"elementor-widget-container\">\n\t\t\t\t\t\t\t\t\t<h2><span style=\"font-weight: normal;\">2022 : SHORMOSAT<\/span><\/h2><p>Responsable CEREGE: <a href=\"https:\/\/www.cerege.fr\/fr\/author\/edward-anthony\/\" target=\"_blank\" rel=\"noopener\">E.J. Anthony<\/a><strong><br \/><\/strong><\/p><p><em>Comprendre et pr\u00e9dire l\u2019\u00e9volution du trait de c\u00f4te, les principaux processus moteurs\u00a0et les for\u00e7ages<\/em><\/p><p class=\"Standard\"><strong>Partenaires<\/strong> :<br \/><a href=\"https:\/\/www.epoc.u-bordeaux.fr\/\" target=\"_blank\" rel=\"noopener\"><strong>EPOC<\/strong><\/a> (PI B. Castelle), leader du projet<br \/><a href=\"https:\/\/www.brgm.fr\/en\" target=\"_blank\" rel=\"noopener\"><strong>BRGM<\/strong><\/a> (PI D. Idier)<br \/><a href=\"https:\/\/www.cerege.fr\/en\"><strong>CEREGE<\/strong><\/a> <\/p>\t\t\t\t\t\t\t\t<\/div>\n\t\t\t\t<\/div>\n\t\t\t\t<div class=\"elementor-element elementor-element-28a1fb1 elementor-widget elementor-widget-image\" data-id=\"28a1fb1\" data-element_type=\"widget\" data-e-type=\"widget\" data-widget_type=\"image.default\">\n\t\t\t\t<div class=\"elementor-widget-container\">\n\t\t\t\t\t\t\t\t\t\t\t\t\t\t\t<img fetchpriority=\"high\" decoding=\"async\" width=\"800\" height=\"241\" src=\"https:\/\/www.cerege.fr\/wp-content\/uploads\/2023\/01\/Shormosat1-1024x309.jpg\" class=\"attachment-large size-large wp-image-12814\" alt=\"\" srcset=\"https:\/\/www.cerege.fr\/wp-content\/uploads\/2023\/01\/Shormosat1-1024x309.jpg 1024w, https:\/\/www.cerege.fr\/wp-content\/uploads\/2023\/01\/Shormosat1-300x90.jpg 300w, https:\/\/www.cerege.fr\/wp-content\/uploads\/2023\/01\/Shormosat1-768x232.jpg 768w, https:\/\/www.cerege.fr\/wp-content\/uploads\/2023\/01\/Shormosat1-18x5.jpg 18w, https:\/\/www.cerege.fr\/wp-content\/uploads\/2023\/01\/Shormosat1.jpg 1108w\" sizes=\"(max-width: 800px) 100vw, 800px\" \/>\t\t\t\t\t\t\t\t\t\t\t\t\t\t\t<\/div>\n\t\t\t\t<\/div>\n\t\t\t\t<div class=\"elementor-element elementor-element-44288758 gallery-spacing-custom elementor-widget elementor-widget-image-gallery\" data-id=\"44288758\" data-element_type=\"widget\" data-e-type=\"widget\" data-widget_type=\"image-gallery.default\">\n\t\t\t\t<div class=\"elementor-widget-container\">\n\t\t\t\t\t\t\t<div class=\"elementor-image-gallery\">\n\t\t\t<div id='gallery-1' class='gallery galleryid-5930 gallery-columns-2 gallery-size-medium'><figure class='gallery-item'>\n\t\t\t<div class='gallery-icon landscape'>\n\t\t\t\t<a data-elementor-open-lightbox=\"yes\" data-elementor-lightbox-slideshow=\"44288758\" data-elementor-lightbox-title=\"Shormosat3bis\" data-e-action-hash=\"#elementor-action%3Aaction%3Dlightbox%26settings%3DeyJpZCI6NTgxMSwidXJsIjoiaHR0cHM6XC9cL3d3dy5jZXJlZ2UuZnJcL3dwLWNvbnRlbnRcL3VwbG9hZHNcLzIwMjJcLzEwXC9TaG9ybW9zYXQzYmlzLTEuanBnIiwic2xpZGVzaG93IjoiNDQyODg3NTgifQ%3D%3D\" href=\"https:\/\/www.cerege.fr\/wp-content\/uploads\/2022\/10\/Shormosat3bis-1.jpg\"><img decoding=\"async\" width=\"210\" height=\"142\" src=\"https:\/\/www.cerege.fr\/wp-content\/uploads\/2022\/10\/Shormosat3bis-1.jpg\" class=\"attachment-medium size-medium\" alt=\"\" srcset=\"https:\/\/www.cerege.fr\/wp-content\/uploads\/2022\/10\/Shormosat3bis-1.jpg 210w, https:\/\/www.cerege.fr\/wp-content\/uploads\/2022\/10\/Shormosat3bis-1-18x12.jpg 18w\" sizes=\"(max-width: 210px) 100vw, 210px\" \/><\/a>\n\t\t\t<\/div><\/figure><figure class='gallery-item'>\n\t\t\t<div class='gallery-icon landscape'>\n\t\t\t\t<a data-elementor-open-lightbox=\"yes\" data-elementor-lightbox-slideshow=\"44288758\" data-elementor-lightbox-title=\"Shormosat4bis\" data-e-action-hash=\"#elementor-action%3Aaction%3Dlightbox%26settings%3DeyJpZCI6NTgxMCwidXJsIjoiaHR0cHM6XC9cL3d3dy5jZXJlZ2UuZnJcL3dwLWNvbnRlbnRcL3VwbG9hZHNcLzIwMjJcLzEwXC9TaG9ybW9zYXQ0YmlzLmpwZyIsInNsaWRlc2hvdyI6IjQ0Mjg4NzU4In0%3D\" href=\"https:\/\/www.cerege.fr\/wp-content\/uploads\/2022\/10\/Shormosat4bis.jpg\"><img decoding=\"async\" width=\"286\" height=\"193\" src=\"https:\/\/www.cerege.fr\/wp-content\/uploads\/2022\/10\/Shormosat4bis.jpg\" class=\"attachment-medium size-medium\" alt=\"\" srcset=\"https:\/\/www.cerege.fr\/wp-content\/uploads\/2022\/10\/Shormosat4bis.jpg 286w, https:\/\/www.cerege.fr\/wp-content\/uploads\/2022\/10\/Shormosat4bis-18x12.jpg 18w\" sizes=\"(max-width: 286px) 100vw, 286px\" \/><\/a>\n\t\t\t<\/div><\/figure><figure class='gallery-item'>\n\t\t\t<div class='gallery-icon landscape'>\n\t\t\t\t<a data-elementor-open-lightbox=\"yes\" data-elementor-lightbox-slideshow=\"44288758\" data-elementor-lightbox-title=\"Shormosat2bis\" data-e-action-hash=\"#elementor-action%3Aaction%3Dlightbox%26settings%3DeyJpZCI6NTgwOCwidXJsIjoiaHR0cHM6XC9cL3d3dy5jZXJlZ2UuZnJcL3dwLWNvbnRlbnRcL3VwbG9hZHNcLzIwMjJcLzEwXC9TaG9ybW9zYXQyYmlzLmpwZyIsInNsaWRlc2hvdyI6IjQ0Mjg4NzU4In0%3D\" href=\"https:\/\/www.cerege.fr\/wp-content\/uploads\/2022\/10\/Shormosat2bis.jpg\"><img loading=\"lazy\" decoding=\"async\" width=\"265\" height=\"179\" src=\"https:\/\/www.cerege.fr\/wp-content\/uploads\/2022\/10\/Shormosat2bis.jpg\" class=\"attachment-medium size-medium\" alt=\"\" srcset=\"https:\/\/www.cerege.fr\/wp-content\/uploads\/2022\/10\/Shormosat2bis.jpg 265w, https:\/\/www.cerege.fr\/wp-content\/uploads\/2022\/10\/Shormosat2bis-18x12.jpg 18w\" sizes=\"(max-width: 265px) 100vw, 265px\" \/><\/a>\n\t\t\t<\/div><\/figure><figure class='gallery-item'>\n\t\t\t<div class='gallery-icon landscape'>\n\t\t\t\t<a data-elementor-open-lightbox=\"yes\" data-elementor-lightbox-slideshow=\"44288758\" data-elementor-lightbox-title=\"Shormosat6\" data-e-action-hash=\"#elementor-action%3Aaction%3Dlightbox%26settings%3DeyJpZCI6NTgwNiwidXJsIjoiaHR0cHM6XC9cL3d3dy5jZXJlZ2UuZnJcL3dwLWNvbnRlbnRcL3VwbG9hZHNcLzIwMjJcLzEwXC9TaG9ybW9zYXQ2LmpwZyIsInNsaWRlc2hvdyI6IjQ0Mjg4NzU4In0%3D\" href=\"https:\/\/www.cerege.fr\/wp-content\/uploads\/2022\/10\/Shormosat6.jpg\"><img loading=\"lazy\" decoding=\"async\" width=\"300\" height=\"191\" src=\"https:\/\/www.cerege.fr\/wp-content\/uploads\/2022\/10\/Shormosat6-300x191.jpg\" class=\"attachment-medium size-medium\" alt=\"\" srcset=\"https:\/\/www.cerege.fr\/wp-content\/uploads\/2022\/10\/Shormosat6-300x191.jpg 300w, https:\/\/www.cerege.fr\/wp-content\/uploads\/2022\/10\/Shormosat6-18x12.jpg 18w, https:\/\/www.cerege.fr\/wp-content\/uploads\/2022\/10\/Shormosat6.jpg 353w\" sizes=\"(max-width: 300px) 100vw, 300px\" \/><\/a>\n\t\t\t<\/div><\/figure>\n\t\t<\/div>\n\t\t<\/div>\n\t\t\t\t\t\t<\/div>\n\t\t\t\t<\/div>\n\t\t\t\t<div class=\"elementor-element elementor-element-17d371d elementor-widget elementor-widget-image\" data-id=\"17d371d\" data-element_type=\"widget\" data-e-type=\"widget\" data-widget_type=\"image.default\">\n\t\t\t\t<div class=\"elementor-widget-container\">\n\t\t\t\t\t\t\t\t\t\t\t\t\t\t\t<img loading=\"lazy\" decoding=\"async\" width=\"454\" height=\"127\" src=\"https:\/\/www.cerege.fr\/wp-content\/uploads\/2022\/10\/Shormosat5.jpg\" class=\"attachment-large size-large wp-image-5805\" alt=\"\" srcset=\"https:\/\/www.cerege.fr\/wp-content\/uploads\/2022\/10\/Shormosat5.jpg 454w, https:\/\/www.cerege.fr\/wp-content\/uploads\/2022\/10\/Shormosat5-300x84.jpg 300w, https:\/\/www.cerege.fr\/wp-content\/uploads\/2022\/10\/Shormosat5-18x5.jpg 18w\" sizes=\"(max-width: 454px) 100vw, 454px\" \/>\t\t\t\t\t\t\t\t\t\t\t\t\t\t\t<\/div>\n\t\t\t\t<\/div>\n\t\t\t\t\t<\/div>\n\t\t<\/div>\n\t\t\t\t\t<\/div>\n\t\t<\/section>\n\t\t\t\t<div class=\"elementor-element elementor-element-787a79fd elementor-widget elementor-widget-spacer\" data-id=\"787a79fd\" data-element_type=\"widget\" data-e-type=\"widget\" data-widget_type=\"spacer.default\">\n\t\t\t\t<div class=\"elementor-widget-container\">\n\t\t\t\t\t\t\t<div class=\"elementor-spacer\">\n\t\t\t<div class=\"elementor-spacer-inner\"><\/div>\n\t\t<\/div>\n\t\t\t\t\t\t<\/div>\n\t\t\t\t<\/div>\n\t\t\t\t\t<\/div>\n\t\t<\/div>\n\t\t\t\t\t<\/div>\n\t\t<\/section>\n\t\t\t\t<\/div>\n\t\t","protected":false},"excerpt":{"rendered":"<p>Dans SHORMOSAT, nous allons utiliser un mod\u00e8le hydride d\u2019\u00e9volution du trait de c\u00f4te \u00e0 l\u2019\u00e9tat de l\u2019art (LX-Shore) et des techniques adapt\u00e9es d\u2019assimilation de donn\u00e9es en s\u2019appuyant sur plus de [&hellip;]<\/p>\n","protected":false},"author":551,"featured_media":1873,"parent":4210,"menu_order":0,"comment_status":"closed","ping_status":"closed","template":"","meta":{"_acf_changed":false,"footnotes":""},"class_list":["post-5930","page","type-page","status-publish","has-post-thumbnail","hentry"],"acf":[],"publishpress_future_action":{"enabled":false,"date":"2026-05-02 11:45:22","action":"change-status","newStatus":"draft","terms":[],"taxonomy":"","extraData":[]},"publishpress_future_workflow_manual_trigger":{"enabledWorkflows":[]},"_links":{"self":[{"href":"https:\/\/www.cerege.fr\/fr\/wp-json\/wp\/v2\/pages\/5930","targetHints":{"allow":["GET"]}}],"collection":[{"href":"https:\/\/www.cerege.fr\/fr\/wp-json\/wp\/v2\/pages"}],"about":[{"href":"https:\/\/www.cerege.fr\/fr\/wp-json\/wp\/v2\/types\/page"}],"author":[{"embeddable":true,"href":"https:\/\/www.cerege.fr\/fr\/wp-json\/wp\/v2\/users\/551"}],"replies":[{"embeddable":true,"href":"https:\/\/www.cerege.fr\/fr\/wp-json\/wp\/v2\/comments?post=5930"}],"version-history":[{"count":5,"href":"https:\/\/www.cerege.fr\/fr\/wp-json\/wp\/v2\/pages\/5930\/revisions"}],"predecessor-version":[{"id":12817,"href":"https:\/\/www.cerege.fr\/fr\/wp-json\/wp\/v2\/pages\/5930\/revisions\/12817"}],"up":[{"embeddable":true,"href":"https:\/\/www.cerege.fr\/fr\/wp-json\/wp\/v2\/pages\/4210"}],"wp:featuredmedia":[{"embeddable":true,"href":"https:\/\/www.cerege.fr\/fr\/wp-json\/wp\/v2\/media\/1873"}],"wp:attachment":[{"href":"https:\/\/www.cerege.fr\/fr\/wp-json\/wp\/v2\/media?parent=5930"}],"curies":[{"name":"wp","href":"https:\/\/api.w.org\/{rel}","templated":true}]}}