{"id":6933,"date":"2022-10-27T11:11:02","date_gmt":"2022-10-27T09:11:02","guid":{"rendered":"https:\/\/www.cerege.fr\/?page_id=6933"},"modified":"2024-02-07T15:36:06","modified_gmt":"2024-02-07T14:36:06","slug":"lmi-amir","status":"publish","type":"page","link":"https:\/\/www.cerege.fr\/fr\/sciences\/environnement-durable\/projets-environnement-durable\/lmi-amir\/","title":{"rendered":"LMI AMIR"},"content":{"rendered":"\t\t<div data-elementor-type=\"wp-page\" data-elementor-id=\"6933\" class=\"elementor elementor-6933\" data-elementor-post-type=\"page\">\n\t\t\t\t\t\t<section class=\"elementor-section elementor-top-section elementor-element elementor-element-50723c8b elementor-section-full_width elementor-section-height-min-height elementor-section-height-default elementor-section-items-middle\" data-id=\"50723c8b\" data-element_type=\"section\" data-e-type=\"section\" data-settings=\"{&quot;background_background&quot;:&quot;classic&quot;}\">\n\t\t\t\t\t\t<div class=\"elementor-container elementor-column-gap-default\">\n\t\t\t\t\t<div class=\"elementor-column elementor-col-100 elementor-top-column elementor-element elementor-element-361a40e5\" data-id=\"361a40e5\" data-element_type=\"column\" data-e-type=\"column\">\n\t\t\t<div class=\"elementor-widget-wrap\">\n\t\t\t\t\t\t\t<\/div>\n\t\t<\/div>\n\t\t\t\t\t<\/div>\n\t\t<\/section>\n\t\t\t\t<section class=\"elementor-section elementor-top-section elementor-element elementor-element-35f01c81 elementor-section-boxed elementor-section-height-default elementor-section-height-default\" data-id=\"35f01c81\" data-element_type=\"section\" data-e-type=\"section\">\n\t\t\t\t\t\t<div class=\"elementor-container elementor-column-gap-default\">\n\t\t\t\t\t<div class=\"elementor-column elementor-col-100 elementor-top-column elementor-element elementor-element-681c886\" data-id=\"681c886\" data-element_type=\"column\" data-e-type=\"column\">\n\t\t\t<div class=\"elementor-widget-wrap elementor-element-populated\">\n\t\t\t\t\t\t<div class=\"elementor-element elementor-element-663c36e9 elementor-widget elementor-widget-shortcode\" data-id=\"663c36e9\" data-element_type=\"widget\" data-e-type=\"widget\" data-widget_type=\"shortcode.default\">\n\t\t\t\t<div class=\"elementor-widget-container\">\n\t\t\t\t\t\t\t<div class=\"elementor-shortcode\"><nav aria-label=\"breadcrumbs\">\n            <div class=\"breadcrumb-container theme1\">\n                <ol>\n                                    <\/ol>\n            <\/div>\n        <\/nav>    <script type=\"application\/ld+json\">\n        {\n            \"@context\": \"http:\/\/schema.org\",\n            \"@type\": \"BreadcrumbList\",\n            \"itemListElement\": [\n                            ]\n        }\n    <\/script>\n   \n    <script>\n            <\/script>\n<\/div>\n\t\t\t\t\t\t<\/div>\n\t\t\t\t<\/div>\n\t\t\t\t<section class=\"elementor-section elementor-inner-section elementor-element elementor-element-12d51fc4 elementor-section-boxed elementor-section-height-default elementor-section-height-default\" data-id=\"12d51fc4\" data-element_type=\"section\" data-e-type=\"section\">\n\t\t\t\t\t\t<div class=\"elementor-container elementor-column-gap-wide\">\n\t\t\t\t\t<div class=\"elementor-column elementor-col-50 elementor-inner-column elementor-element elementor-element-1a49db66\" data-id=\"1a49db66\" data-element_type=\"column\" data-e-type=\"column\">\n\t\t\t<div class=\"elementor-widget-wrap elementor-element-populated\">\n\t\t\t\t\t\t<div class=\"elementor-element elementor-element-77d92ff4 elementor-widget elementor-widget-text-editor\" data-id=\"77d92ff4\" data-element_type=\"widget\" data-e-type=\"widget\" data-widget_type=\"text-editor.default\">\n\t\t\t\t<div class=\"elementor-widget-container\">\n\t\t\t\t\t\t\t\t\t<p>L\u2019\u00e9quipe Environnent Durable du CEREGE est fortement impliqu\u00e9e sur des activit\u00e9s au Maroc et notamment gr\u00e2ce au dynamisme et outils de l\u2019Institut de Recherche pour le D\u00e9veloppement (IRD).\u00a0Parmi les\u00a0actions d\u00e9velopp\u00e9es autour des ressources naturelles et des \u00e9nergies renouvelables\u00a0par l\u2019IRD, l\u2019\u00e9quipe a initi\u00e9 une collaboration avec la jeune \u00e9quipe associ\u00e9e \u00e0 l\u2019IRD (JEAI) PHYTOMET\u00a0dans le cadre d\u2019un AAP interne du CEREGE (APIC 2019) qui s\u2019est concr\u00e9tis\u00e9 par la naissance d\u2019un laboratoire mixte international (LMI) en 2020: Activit\u00e9s Mini\u00e8res Responsables au Maroc\u00a0: Enjeux, D\u00e9fis, Solutions<\/p><h2><span style=\"font-weight: normal;\">Contexte<\/span><\/h2><p>La forte croissance continue de la demande mondiale en minerais a doubl\u00e9 depuis les ann\u00e9es 90, en partie li\u00e9e au d\u00e9veloppement technologique et \u00e0 celui des infrastructures. La hausse des prix concomitante des mati\u00e8res premi\u00e8res favorise l\u2019accroissement intensif des activit\u00e9s mini\u00e8res en particulier dans les pays m\u00e9diterran\u00e9ens et ceux de la ceinture tropicale. Or ces dynamiques d\u2019exploitation s\u2019inscrivent dans des processus \u00e9conomiques mondiaux, et l\u2019extraction des ressources mini\u00e8res primaires comporte de nombreux risques \u00e9cologiques, \u00e9conomiques et sociaux. Les risques incluent les impacts locaux (\u00e9cosyst\u00e8mes, biodiversit\u00e9, aquif\u00e8res, \u00e9conomie de syndrome hollandais, perte d\u2019identit\u00e9 culturelle et coh\u00e9sion sociale, sante\u0301 des populations, in\u00e9galit\u00e9s) et globaux (Gaz \u00e0 effet de serre &#8211; GES). Elles participent \u00e9galement des questionnements fondamentaux qui interrogent la durabilit\u00e9 environnementale et sociale de la croissance, la r\u00e9duction des in\u00e9galit\u00e9s et de la pauvrete\u0301, et les reconfigurations de la citoyennete\u0301.<\/p><p>D\u00e9sormais, les entreprises mini\u00e8res sont enjointes de participer directement au bien-\u00eatre des soci\u00e9t\u00e9s du fait de la responsabilit\u00e9 sociale qui leur est aujourd&#8217;hui reconnue mais aussi du fait de nouvelles injonctions \u00e0 pr\u00e9venir et r\u00e9duire les impacts n\u00e9gatifs li\u00e9s \u00e0 leurs activit\u00e9s (ODD, 2015).<\/p><h2><span style=\"font-weight: normal;\">Enjeux<\/span><\/h2><p>La diversit\u00e9 et la variabilit\u00e9 des enjeux et d\u00e9fis que doivent relever les projets miniers tout au long de leur mise en \u0153uvre rendent ne\u0301cessaire de conside\u0301rer les activit\u00e9s mini\u00e8res sur l&#8217;ensemble de leur cycle de vie.<\/p><p>Les solutions\u00a0 pour re\u0301soudre ces d\u00e9fis de\u0301pendent des contextes g\u00e9ologiques (nature des gisements et des processus d\u2019exploitation et traitement) mais aussi environnementaux, \u00e9conomiques, politiques et culturels.<\/p><p>Toutefois, contribuer \u00e0 atteindre l\u2019objectif global d\u2019accompagner l\u2019activite\u0301 mini\u00e8re dans une perspective de responsabilite\u0301 croissante, d\u2019am\u00e9liorer la gouvernance des projets, de r\u00e9duire leurs impacts n\u00e9gatifs, de restaurer les environnements d\u00e9grad\u00e9s, mais \u00e9galement d&#8217;interroger les mod\u00e8les de d\u00e9veloppement, d&#8217;informer les populations et de favoriser le dialogue entre les acteurs, demande une implication plus forte et plus interdisciplinaire de la science : l\u2019approche holistique du LMI AMIR contribue \u00e0 produire les connaissances ne\u0301cessaires, favorise leur diffusion au plus grand nombre et contribue ainsi au dialogue entre les acteurs\u00a0 tout en proposant des solutions concr\u00e8tes qui puissent \u00eatre choisies et accept\u00e9es par la majorite\u0301 des acteurs.<\/p><h2><span style=\"font-weight: normal;\">Objectifs de recherche<\/span><\/h2><p>Contribuer \u00e0 atteindre l\u2019objectif global d\u2019accompagner l\u2019activit\u00e9 mini\u00e8re dans une perspective de responsabilit\u00e9 croissante, d&#8217;interrogation des mod\u00e8les de d\u00e9veloppement, de r\u00e9duction des impacts n\u00e9gatifs, de restauration des environnements d\u00e9grad\u00e9s, de promotion de l&#8217;information et du dialogue. Le LMI a aussi pour objectif une implication plus forte et plus interdisciplinaire de la science : l\u2019approche holistique du LMI AMIR contribue \u00e0 produire les connaissances n\u00e9cessaires,\u00a0 et permet de proposer des solutions concr\u00e8tes et accept\u00e9es par la majorit\u00e9 des acteurs.<\/p>\t\t\t\t\t\t\t\t<\/div>\n\t\t\t\t<\/div>\n\t\t\t\t\t<\/div>\n\t\t<\/div>\n\t\t\t\t<div class=\"elementor-column elementor-col-50 elementor-inner-column elementor-element elementor-element-3fee5c6e\" data-id=\"3fee5c6e\" data-element_type=\"column\" data-e-type=\"column\">\n\t\t\t<div class=\"elementor-widget-wrap elementor-element-populated\">\n\t\t\t\t\t\t<div class=\"elementor-element elementor-element-7181842 elementor-widget elementor-widget-text-editor\" data-id=\"7181842\" data-element_type=\"widget\" data-e-type=\"widget\" data-widget_type=\"text-editor.default\">\n\t\t\t\t<div class=\"elementor-widget-container\">\n\t\t\t\t\t\t\t\t\t<h2><span style=\"font-weight: normal;\">2020-2024 : LMI AMIR<br \/><\/span><\/h2><p><em>Laboratoire Mixte International &#8211; IRD autour des Activit\u00e9s Mini\u00e8res Responsables au Maroc\u00a0: Enjeux, D\u00e9fis et Solutions\u00a0<\/em><\/p><p><a href=\"https:\/\/www.ird.fr\/lmi-amir-activite-miniere-responsable-au-maroc-enjeux-defis-et-solutions\" target=\"_blank\" rel=\"noopener\">Site Web<\/a><\/p><p><strong>Financement<\/strong> : IRD<\/p><p><strong>Responsables CEREGE<\/strong> : <br \/><a href=\"https:\/\/www.cerege.fr\/fr\/author\/fabrice-colin\/\" target=\"_blank\" rel=\"noopener\">Fabrice Colin <\/a>et<a href=\"https:\/\/www.cerege.fr\/fr\/author\/clement-levard\/\" target=\"_blank\" rel=\"noopener\"> Cl\u00e9ment Levard<\/a><\/p><p><strong>Partenaires<\/strong> :<\/p><ul><li>Biotechnologie et Physiologie V\u00e9g\u00e9tales (BioPV) du Centre de Recherche en Biotechnologies Ve\u0301ge\u0301tale et Microbienne, Biodiversite\u0301\u0301 et Environnement de la Facult\u00e9 des Sciences de l&#8217;Universit\u00e9 Mohamed V de Rabat<\/li><li>Centre d\u2019e\u0301tude et de recherche en ame\u0301nagement et urbanisme de l&#8217;Institut National d\u2019Architecture et d\u2019Urbanisme de Rabat.<\/li><li>P\u00f4le de recherche pour l&#8217;organisation et la diffusion de l&#8217;information g\u00e9ographique \u00b7 Unit\u00e9 Mixte de Recherche, Aubervilliers, France<\/li><\/ul>\t\t\t\t\t\t\t\t<\/div>\n\t\t\t\t<\/div>\n\t\t\t\t<div class=\"elementor-element elementor-element-4e90c239 elementor-widget elementor-widget-image\" data-id=\"4e90c239\" data-element_type=\"widget\" data-e-type=\"widget\" data-widget_type=\"image.default\">\n\t\t\t\t<div class=\"elementor-widget-container\">\n\t\t\t\t\t\t\t\t\t\t\t\t\t\t\t<img fetchpriority=\"high\" decoding=\"async\" width=\"800\" height=\"540\" src=\"https:\/\/www.cerege.fr\/wp-content\/uploads\/2022\/11\/LMI-AMIR-1024x691.png\" class=\"attachment-large size-large wp-image-8087\" alt=\"\" srcset=\"https:\/\/www.cerege.fr\/wp-content\/uploads\/2022\/11\/LMI-AMIR-1024x691.png 1024w, https:\/\/www.cerege.fr\/wp-content\/uploads\/2022\/11\/LMI-AMIR-300x203.png 300w, https:\/\/www.cerege.fr\/wp-content\/uploads\/2022\/11\/LMI-AMIR-768x519.png 768w, https:\/\/www.cerege.fr\/wp-content\/uploads\/2022\/11\/LMI-AMIR-1536x1037.png 1536w, https:\/\/www.cerege.fr\/wp-content\/uploads\/2022\/11\/LMI-AMIR-18x12.png 18w, https:\/\/www.cerege.fr\/wp-content\/uploads\/2022\/11\/LMI-AMIR-1320x891.png 1320w, https:\/\/www.cerege.fr\/wp-content\/uploads\/2022\/11\/LMI-AMIR.png 2026w\" sizes=\"(max-width: 800px) 100vw, 800px\" \/>\t\t\t\t\t\t\t\t\t\t\t\t\t\t\t<\/div>\n\t\t\t\t<\/div>\n\t\t\t\t<div class=\"elementor-element elementor-element-3ac4fb34 gallery-spacing-custom elementor-widget elementor-widget-image-gallery\" data-id=\"3ac4fb34\" data-element_type=\"widget\" data-e-type=\"widget\" data-widget_type=\"image-gallery.default\">\n\t\t\t\t<div class=\"elementor-widget-container\">\n\t\t\t\t\t\t\t<div class=\"elementor-image-gallery\">\n\t\t\t<div id='gallery-1' class='gallery galleryid-6933 gallery-columns-2 gallery-size-medium'><figure class='gallery-item'>\n\t\t\t<div class='gallery-icon landscape'>\n\t\t\t\t<a data-elementor-open-lightbox=\"yes\" data-elementor-lightbox-slideshow=\"3ac4fb34\" data-elementor-lightbox-title=\"Logo LMI AMIR\" data-e-action-hash=\"#elementor-action%3Aaction%3Dlightbox%26settings%3DeyJpZCI6ODA5NSwidXJsIjoiaHR0cHM6XC9cL3d3dy5jZXJlZ2UuZnJcL3dwLWNvbnRlbnRcL3VwbG9hZHNcLzIwMjJcLzExXC9Mb2dvLUxNSS1BTUlSLnBuZyIsInNsaWRlc2hvdyI6IjNhYzRmYjM0In0%3D\" href=\"https:\/\/www.cerege.fr\/wp-content\/uploads\/2022\/11\/Logo-LMI-AMIR.png\"><img decoding=\"async\" width=\"300\" height=\"141\" src=\"https:\/\/www.cerege.fr\/wp-content\/uploads\/2022\/11\/Logo-LMI-AMIR-300x141.png\" class=\"attachment-medium size-medium\" alt=\"\" srcset=\"https:\/\/www.cerege.fr\/wp-content\/uploads\/2022\/11\/Logo-LMI-AMIR-300x141.png 300w, https:\/\/www.cerege.fr\/wp-content\/uploads\/2022\/11\/Logo-LMI-AMIR-18x8.png 18w, https:\/\/www.cerege.fr\/wp-content\/uploads\/2022\/11\/Logo-LMI-AMIR.png 632w\" sizes=\"(max-width: 300px) 100vw, 300px\" \/><\/a>\n\t\t\t<\/div><\/figure><figure class='gallery-item'>\n\t\t\t<div class='gallery-icon landscape'>\n\t\t\t\t<a data-elementor-open-lightbox=\"yes\" data-elementor-lightbox-slideshow=\"3ac4fb34\" data-elementor-lightbox-title=\"Oued_el Heimer_Maroc_ residus_ fonderie\" data-e-action-hash=\"#elementor-action%3Aaction%3Dlightbox%26settings%3DeyJpZCI6Mzk0OSwidXJsIjoiaHR0cHM6XC9cL3d3dy5jZXJlZ2UuZnJcL3dwLWNvbnRlbnRcL3VwbG9hZHNcLzIwMjJcLzA5XC9PdWVkX2VsLUhlaW1lcl9NYXJvY18tcmVzaWR1c18tZm9uZGVyaWUuanBnIiwic2xpZGVzaG93IjoiM2FjNGZiMzQifQ%3D%3D\" href=\"https:\/\/www.cerege.fr\/wp-content\/uploads\/2022\/09\/Oued_el-Heimer_Maroc_-residus_-fonderie.jpg\"><img decoding=\"async\" width=\"300\" height=\"208\" src=\"https:\/\/www.cerege.fr\/wp-content\/uploads\/2022\/09\/Oued_el-Heimer_Maroc_-residus_-fonderie-300x208.jpg\" class=\"attachment-medium size-medium\" alt=\"\" srcset=\"https:\/\/www.cerege.fr\/wp-content\/uploads\/2022\/09\/Oued_el-Heimer_Maroc_-residus_-fonderie-300x208.jpg 300w, https:\/\/www.cerege.fr\/wp-content\/uploads\/2022\/09\/Oued_el-Heimer_Maroc_-residus_-fonderie-1024x709.jpg 1024w, https:\/\/www.cerege.fr\/wp-content\/uploads\/2022\/09\/Oued_el-Heimer_Maroc_-residus_-fonderie-768x532.jpg 768w, https:\/\/www.cerege.fr\/wp-content\/uploads\/2022\/09\/Oued_el-Heimer_Maroc_-residus_-fonderie-18x12.jpg 18w, https:\/\/www.cerege.fr\/wp-content\/uploads\/2022\/09\/Oued_el-Heimer_Maroc_-residus_-fonderie.jpg 1300w\" sizes=\"(max-width: 300px) 100vw, 300px\" \/><\/a>\n\t\t\t<\/div><\/figure>\n\t\t<\/div>\n\t\t<\/div>\n\t\t\t\t\t\t<\/div>\n\t\t\t\t<\/div>\n\t\t\t\t\t<\/div>\n\t\t<\/div>\n\t\t\t\t\t<\/div>\n\t\t<\/section>\n\t\t\t\t<div class=\"elementor-element elementor-element-1c4ee1b elementor-widget elementor-widget-spacer\" data-id=\"1c4ee1b\" data-element_type=\"widget\" data-e-type=\"widget\" data-widget_type=\"spacer.default\">\n\t\t\t\t<div class=\"elementor-widget-container\">\n\t\t\t\t\t\t\t<div class=\"elementor-spacer\">\n\t\t\t<div class=\"elementor-spacer-inner\"><\/div>\n\t\t<\/div>\n\t\t\t\t\t\t<\/div>\n\t\t\t\t<\/div>\n\t\t\t\t<div class=\"elementor-element elementor-element-6158f3fc elementor-widget elementor-widget-spacer\" data-id=\"6158f3fc\" data-element_type=\"widget\" data-e-type=\"widget\" data-widget_type=\"spacer.default\">\n\t\t\t\t<div class=\"elementor-widget-container\">\n\t\t\t\t\t\t\t<div class=\"elementor-spacer\">\n\t\t\t<div class=\"elementor-spacer-inner\"><\/div>\n\t\t<\/div>\n\t\t\t\t\t\t<\/div>\n\t\t\t\t<\/div>\n\t\t\t\t\t<\/div>\n\t\t<\/div>\n\t\t\t\t\t<\/div>\n\t\t<\/section>\n\t\t\t\t<\/div>\n\t\t","protected":false},"excerpt":{"rendered":"<p>L\u2019\u00e9quipe Environnent Durable du CEREGE est fortement impliqu\u00e9e sur des activit\u00e9s au Maroc et notamment gr\u00e2ce au dynamisme et outils de l\u2019Institut de Recherche pour le D\u00e9veloppement (IRD).\u00a0Parmi les\u00a0actions d\u00e9velopp\u00e9es [&hellip;]<\/p>\n","protected":false},"author":551,"featured_media":8182,"parent":846,"menu_order":0,"comment_status":"closed","ping_status":"closed","template":"","meta":{"_acf_changed":false,"footnotes":""},"class_list":["post-6933","page","type-page","status-publish","has-post-thumbnail","hentry"],"acf":[],"publishpress_future_action":{"enabled":false,"date":"2026-05-12 18:39:06","action":"change-status","newStatus":"draft","terms":[],"taxonomy":"","extraData":[]},"publishpress_future_workflow_manual_trigger":{"enabledWorkflows":[]},"_links":{"self":[{"href":"https:\/\/www.cerege.fr\/fr\/wp-json\/wp\/v2\/pages\/6933","targetHints":{"allow":["GET"]}}],"collection":[{"href":"https:\/\/www.cerege.fr\/fr\/wp-json\/wp\/v2\/pages"}],"about":[{"href":"https:\/\/www.cerege.fr\/fr\/wp-json\/wp\/v2\/types\/page"}],"author":[{"embeddable":true,"href":"https:\/\/www.cerege.fr\/fr\/wp-json\/wp\/v2\/users\/551"}],"replies":[{"embeddable":true,"href":"https:\/\/www.cerege.fr\/fr\/wp-json\/wp\/v2\/comments?post=6933"}],"version-history":[{"count":5,"href":"https:\/\/www.cerege.fr\/fr\/wp-json\/wp\/v2\/pages\/6933\/revisions"}],"predecessor-version":[{"id":22313,"href":"https:\/\/www.cerege.fr\/fr\/wp-json\/wp\/v2\/pages\/6933\/revisions\/22313"}],"up":[{"embeddable":true,"href":"https:\/\/www.cerege.fr\/fr\/wp-json\/wp\/v2\/pages\/846"}],"wp:featuredmedia":[{"embeddable":true,"href":"https:\/\/www.cerege.fr\/fr\/wp-json\/wp\/v2\/media\/8182"}],"wp:attachment":[{"href":"https:\/\/www.cerege.fr\/fr\/wp-json\/wp\/v2\/media?parent=6933"}],"curies":[{"name":"wp","href":"https:\/\/api.w.org\/{rel}","templated":true}]}}