{"id":6952,"date":"2022-10-27T11:45:20","date_gmt":"2022-10-27T09:45:20","guid":{"rendered":"https:\/\/www.cerege.fr\/?page_id=6952"},"modified":"2022-11-28T12:45:39","modified_gmt":"2022-11-28T11:45:39","slug":"recall","status":"publish","type":"page","link":"https:\/\/www.cerege.fr\/fr\/sciences\/environnement-durable\/projets-environnement-durable\/recall\/","title":{"rendered":"RECALL"},"content":{"rendered":"\t\t<div data-elementor-type=\"wp-page\" data-elementor-id=\"6952\" class=\"elementor elementor-6952\" data-elementor-post-type=\"page\">\n\t\t\t\t\t\t<section class=\"elementor-section elementor-top-section elementor-element elementor-element-1c3f12fe elementor-section-full_width elementor-section-height-min-height elementor-section-height-default elementor-section-items-middle\" data-id=\"1c3f12fe\" data-element_type=\"section\" data-e-type=\"section\" data-settings=\"{&quot;background_background&quot;:&quot;classic&quot;}\">\n\t\t\t\t\t\t<div class=\"elementor-container elementor-column-gap-default\">\n\t\t\t\t\t<div class=\"elementor-column elementor-col-100 elementor-top-column elementor-element elementor-element-455f8b59\" data-id=\"455f8b59\" data-element_type=\"column\" data-e-type=\"column\">\n\t\t\t<div class=\"elementor-widget-wrap\">\n\t\t\t\t\t\t\t<\/div>\n\t\t<\/div>\n\t\t\t\t\t<\/div>\n\t\t<\/section>\n\t\t\t\t<section class=\"elementor-section elementor-top-section elementor-element elementor-element-52eae9fe elementor-section-boxed elementor-section-height-default elementor-section-height-default\" data-id=\"52eae9fe\" data-element_type=\"section\" data-e-type=\"section\">\n\t\t\t\t\t\t<div class=\"elementor-container elementor-column-gap-default\">\n\t\t\t\t\t<div class=\"elementor-column elementor-col-100 elementor-top-column elementor-element elementor-element-4d079a7e\" data-id=\"4d079a7e\" data-element_type=\"column\" data-e-type=\"column\">\n\t\t\t<div class=\"elementor-widget-wrap elementor-element-populated\">\n\t\t\t\t\t\t<div class=\"elementor-element elementor-element-3ef6c4cf elementor-widget elementor-widget-shortcode\" data-id=\"3ef6c4cf\" data-element_type=\"widget\" data-e-type=\"widget\" data-widget_type=\"shortcode.default\">\n\t\t\t\t<div class=\"elementor-widget-container\">\n\t\t\t\t\t\t\t<div class=\"elementor-shortcode\"><nav aria-label=\"breadcrumbs\">\n            <div class=\"breadcrumb-container theme1\">\n                <ol>\n                                    <\/ol>\n            <\/div>\n        <\/nav>    <script type=\"application\/ld+json\">\n        {\n            \"@context\": \"http:\/\/schema.org\",\n            \"@type\": \"BreadcrumbList\",\n            \"itemListElement\": [\n                            ]\n        }\n    <\/script>\n   \n    <script>\n            <\/script>\n<\/div>\n\t\t\t\t\t\t<\/div>\n\t\t\t\t<\/div>\n\t\t\t\t<section class=\"elementor-section elementor-inner-section elementor-element elementor-element-7b88b5a5 elementor-section-boxed elementor-section-height-default elementor-section-height-default\" data-id=\"7b88b5a5\" data-element_type=\"section\" data-e-type=\"section\">\n\t\t\t\t\t\t<div class=\"elementor-container elementor-column-gap-wide\">\n\t\t\t\t\t<div class=\"elementor-column elementor-col-50 elementor-inner-column elementor-element elementor-element-2deb003d\" data-id=\"2deb003d\" data-element_type=\"column\" data-e-type=\"column\">\n\t\t\t<div class=\"elementor-widget-wrap elementor-element-populated\">\n\t\t\t\t\t\t<div class=\"elementor-element elementor-element-5809e707 elementor-widget elementor-widget-text-editor\" data-id=\"5809e707\" data-element_type=\"widget\" data-e-type=\"widget\" data-widget_type=\"text-editor.default\">\n\t\t\t\t<div class=\"elementor-widget-container\">\n\t\t\t\t\t\t\t\t\t<p>Dans un contexte d\u2019\u00e9conomie circulaire, le projet interdisciplinaire RECALL vise \u00e0 d\u00e9velopper des processus durables pour r\u00e9cup\u00e9rer le fer et les m\u00e9taux critiques \u00e0 partir de r\u00e9sidus de bauxite tout en explorant l&#8217;impact \u00e9conomique du proc\u00e9d\u00e9 d\u00e9velopp\u00e9 en termes de bien-\u00eatre social dans lequel les impacts potentiels sur l&#8217;environnement et la sant\u00e9 sont pris en compte.<\/p><h2><span style=\"font-weight: normal;\">Enjeux<br \/><\/span><\/h2><p>Avec une population mondiale estim\u00e9e \u00e0 plus de 9 milliards d&#8217;habitants en 2050, la demande de mati\u00e8res premi\u00e8res augmente rapidement. Dans ce contexte, la Commission europ\u00e9enne a identifi\u00e9 un certain nombre de mat\u00e9riaux confront\u00e9s \u00e0 des d\u00e9fis sp\u00e9cifiques. Parmi ceux-ci, l&#8217;acc\u00e8s \u00e0 certaines mati\u00e8res premi\u00e8res (y compris les m\u00e9taux critiques) a \u00e9t\u00e9 identifi\u00e9 comme une pr\u00e9occupation mondiale croissante face \u00e0 des conflits g\u00e9ostrat\u00e9giques complexes. Une p\u00e9nurie de ces mat\u00e9riaux pourrait constituer un frein pour le d\u00e9ploiement de plusieurs technologies strat\u00e9giques, notamment le num\u00e9rique et les \u00e9nergies renouvelables qui contiennent de nombreux m\u00e9taux critiques, dont les \u00e9l\u00e9ments de terres rares.<\/p><p>Au-del\u00e0 des m\u00e9taux critiques, toutes les ressources min\u00e9rales sont confront\u00e9es \u00e0 une augmentation sans pr\u00e9c\u00e9dent de la demande, y compris les m\u00e9taux de base soulignant ainsi le besoin urgent d&#8217;identifier des strat\u00e9gies d&#8217;exploitation mini\u00e8re durables qui pr\u00e9servent les r\u00e9serves naturelles et l&#8217;environnement. Un changement de paradigme est n\u00e9cessaire pour identifier des sources et des strat\u00e9gies d&#8217;extraction alternatives. En particulier, dans le cadre d&#8217;une \u00e9conomie circulaire, il est urgent de produire ces m\u00e9taux critiques \u00e0 partir de sources secondaires tels que les produits en fin de vie, les r\u00e9sidus miniers, les d\u00e9chets urbains et industriels.<\/p><p>Parmi les sources secondaires, les d\u00e9chets \u00e9lectroniques ont fait l&#8217;objet de nombreuses recherches car ils contiennent souvent des concentrations \u00e9lev\u00e9es en m\u00e9taux critiques. Bien que moins \u00e9tudi\u00e9, les d\u00e9chets miniers et industriels contiennent des concentrations critiques plus faibles mais sont produits dans des volumes tellement importants que l\u2019extraction des m\u00e9taux critiques qu\u2019ils contiennent pourrait largement satisfaire la demande annuelle actuelle. Par exemple, on estime que la production annuelle mondiale de r\u00e9sidus de bauxite provenant de la production d&#8217;alumine est d&#8217;environ 150 millions de tonnes. Avec une concentration moyenne en terres rares d&#8217;environ 1 000 mg\/kg dans les r\u00e9sidus de bauxite, environ 150 000 tonnes de ces m\u00e9taux pourraient \u00eatre extraites chaque ann\u00e9e, soit plus que la production mondiale en 2016 (126 000 tonnes).<\/p><h2><span style=\"font-weight: normal;\">Objectifs<\/span><\/h2><p>Dans un contexte d\u2019\u00e9conomie circulaire, le projet interdisciplinaire RECALL vise \u00e0 d\u00e9velopper des processus durables pour r\u00e9cup\u00e9rer le fer et les m\u00e9taux critiques (terres rares, gallium et scandium) \u00e0 partir de r\u00e9sidus de bauxite tout en explorant l&#8217;impact \u00e9conomique du proc\u00e9d\u00e9 d\u00e9velopp\u00e9 en termes de bien-\u00eatre social dans lequel les impacts potentiels sur l&#8217;environnement et la sant\u00e9 sont pris en compte.<\/p><p>Le projet RECALL repose sur cinq WP qui visent \u00e0 d\u00e9velopper des proc\u00e9d\u00e9s d&#8217;extraction s\u00e9quentielle pour les m\u00e9taux critiques (WP2) et le fer (WP3) sur la base d&#8217;une caract\u00e9risation approfondie des r\u00e9sidus \u00e0 diff\u00e9rentes \u00e9tapes du proc\u00e9d\u00e9 (WP1).<\/p><p>Des proxys de biomol\u00e9cules naturelles seront utilis\u00e9es comme extractants dans des conditions douces. Le WP4 quantifiera la r\u00e9duction des externalit\u00e9s n\u00e9gatives (par exemple, les impacts environnementaux et sanitaires du processus que nous d\u00e9velopperons) par rapport aux protocoles hydro-pyro-m\u00e9tallurgiques traditionnels, et guidera les processus d\u00e9velopp\u00e9s dans WP2 et WP3 via des boucles de r\u00e9troaction.<\/p><p>Nous pensons que la prise en compte du bien-\u00eatre social, qui va bien au-del\u00e0 des performances techniques du proc\u00e9d\u00e9, ouvrira la voie \u00e0 la valorisation industrielle d&#8217;un d\u00e9chet controvers\u00e9 qui est actuellement peu ou pas valoris\u00e9. En particulier, nous pensons que cette approche interdisciplinaire nous permettra de mieux anticiper les probl\u00e8mes de march\u00e9 qui pourraient emp\u00eacher la mont\u00e9e en puissance de la technologie.<\/p><p>Enfin, WP5 propose entre autre une action innovante de sensibilisation envers la soci\u00e9t\u00e9 avec la conception et la construction d&#8217;un module d&#8217;exposition sur le concept de \u00ab mine urbaine \u00bb dans le cadre d&#8217;une exposition grand public sur l&#8217;\u00e9conomie circulaire.<\/p>\t\t\t\t\t\t\t\t<\/div>\n\t\t\t\t<\/div>\n\t\t\t\t<div class=\"elementor-element elementor-element-3945264 elementor-widget elementor-widget-image\" data-id=\"3945264\" data-element_type=\"widget\" data-e-type=\"widget\" data-widget_type=\"image.default\">\n\t\t\t\t<div class=\"elementor-widget-container\">\n\t\t\t\t\t\t\t\t\t\t\t\t\t\t\t<img fetchpriority=\"high\" decoding=\"async\" width=\"800\" height=\"405\" src=\"https:\/\/www.cerege.fr\/wp-content\/uploads\/2022\/11\/schema-RECALL-1024x519.png\" class=\"attachment-large size-large wp-image-8059\" alt=\"\" srcset=\"https:\/\/www.cerege.fr\/wp-content\/uploads\/2022\/11\/schema-RECALL-1024x519.png 1024w, https:\/\/www.cerege.fr\/wp-content\/uploads\/2022\/11\/schema-RECALL-300x152.png 300w, https:\/\/www.cerege.fr\/wp-content\/uploads\/2022\/11\/schema-RECALL-768x389.png 768w, https:\/\/www.cerege.fr\/wp-content\/uploads\/2022\/11\/schema-RECALL-1536x778.png 1536w, https:\/\/www.cerege.fr\/wp-content\/uploads\/2022\/11\/schema-RECALL.png 2048w, https:\/\/www.cerege.fr\/wp-content\/uploads\/2022\/11\/schema-RECALL-18x9.png 18w, https:\/\/www.cerege.fr\/wp-content\/uploads\/2022\/11\/schema-RECALL-1320x668.png 1320w\" sizes=\"(max-width: 800px) 100vw, 800px\" \/>\t\t\t\t\t\t\t\t\t\t\t\t\t\t\t<\/div>\n\t\t\t\t<\/div>\n\t\t\t\t\t<\/div>\n\t\t<\/div>\n\t\t\t\t<div class=\"elementor-column elementor-col-50 elementor-inner-column elementor-element elementor-element-45c4a021\" data-id=\"45c4a021\" data-element_type=\"column\" data-e-type=\"column\">\n\t\t\t<div class=\"elementor-widget-wrap elementor-element-populated\">\n\t\t\t\t\t\t<div class=\"elementor-element elementor-element-1b034334 elementor-widget elementor-widget-text-editor\" data-id=\"1b034334\" data-element_type=\"widget\" data-e-type=\"widget\" data-widget_type=\"text-editor.default\">\n\t\t\t\t<div class=\"elementor-widget-container\">\n\t\t\t\t\t\t\t\t\t<h2><span style=\"font-weight: normal;\">2021-2025 : RECALL<\/span><\/h2><p><em>Extraction durable de m\u00e9taux de valeur dans les r\u00e9sidus de bauxite<\/em><\/p><p><a href=\"https:\/\/anr.fr\/Projet-ANR-20-CE04-0007\" target=\"_blank\" rel=\"noopener\">Site web<\/a><\/p><p><strong>Financement<\/strong> : ANR<\/p><p><strong>Responsable CEREGE<\/strong> : <br \/><a href=\"https:\/\/www.cerege.fr\/fr\/author\/clement-levard\/\" target=\"_blank\" rel=\"noopener\">Cl\u00e9ment Levard<\/a><\/p><p class=\"Standard\"><strong>Partenaires<\/strong> :<\/p><ul><li>HYMAG&#8217;IN, Grenoble<\/li><li>ICSM Institut de Chimie S\u00e9parative de Marcoule, Marcoule<\/li><li>AMSE Aix Marseille School of economics, Marseille<\/li><\/ul>\t\t\t\t\t\t\t\t<\/div>\n\t\t\t\t<\/div>\n\t\t\t\t<div class=\"elementor-element elementor-element-760e7cd2 elementor-widget elementor-widget-image\" data-id=\"760e7cd2\" data-element_type=\"widget\" data-e-type=\"widget\" data-widget_type=\"image.default\">\n\t\t\t\t<div class=\"elementor-widget-container\">\n\t\t\t\t\t\t\t\t\t\t\t\t\t\t\t<img decoding=\"async\" width=\"400\" height=\"250\" src=\"https:\/\/www.cerege.fr\/wp-content\/uploads\/2022\/09\/these_pierre_tamba_oulare.jpg\" class=\"attachment-large size-large wp-image-3619\" alt=\"\" srcset=\"https:\/\/www.cerege.fr\/wp-content\/uploads\/2022\/09\/these_pierre_tamba_oulare.jpg 400w, https:\/\/www.cerege.fr\/wp-content\/uploads\/2022\/09\/these_pierre_tamba_oulare-300x188.jpg 300w, https:\/\/www.cerege.fr\/wp-content\/uploads\/2022\/09\/these_pierre_tamba_oulare-18x12.jpg 18w\" sizes=\"(max-width: 400px) 100vw, 400px\" \/>\t\t\t\t\t\t\t\t\t\t\t\t\t\t\t<\/div>\n\t\t\t\t<\/div>\n\t\t\t\t<div class=\"elementor-element elementor-element-4849d4ee gallery-spacing-custom elementor-widget elementor-widget-image-gallery\" data-id=\"4849d4ee\" data-element_type=\"widget\" data-e-type=\"widget\" data-widget_type=\"image-gallery.default\">\n\t\t\t\t<div class=\"elementor-widget-container\">\n\t\t\t\t\t\t\t<div class=\"elementor-image-gallery\">\n\t\t\t<div id='gallery-1' class='gallery galleryid-6952 gallery-columns-2 gallery-size-medium'><figure class='gallery-item'>\n\t\t\t<div class='gallery-icon landscape'>\n\t\t\t\t<a data-elementor-open-lightbox=\"yes\" data-elementor-lightbox-slideshow=\"4849d4ee\" data-elementor-lightbox-title=\"Mange garri Keller\" data-e-action-hash=\"#elementor-action%3Aaction%3Dlightbox%26settings%3DeyJpZCI6OTQxMywidXJsIjoiaHR0cHM6XC9cL3d3dy5jZXJlZ2UuZnJcL3dwLWNvbnRlbnRcL3VwbG9hZHNcLzIwMjJcLzExXC8wMTQtTWFuZ2UtZ2FycmktS2VsbGVyLXNjYWxlZC5qcGciLCJzbGlkZXNob3ciOiI0ODQ5ZDRlZSJ9\" href=\"https:\/\/www.cerege.fr\/wp-content\/uploads\/2022\/11\/014-Mange-garri-Keller-scaled.jpg\"><img decoding=\"async\" width=\"300\" height=\"200\" src=\"https:\/\/www.cerege.fr\/wp-content\/uploads\/2022\/11\/014-Mange-garri-Keller-300x200.jpg\" class=\"attachment-medium size-medium\" alt=\"\" srcset=\"https:\/\/www.cerege.fr\/wp-content\/uploads\/2022\/11\/014-Mange-garri-Keller-300x200.jpg 300w, https:\/\/www.cerege.fr\/wp-content\/uploads\/2022\/11\/014-Mange-garri-Keller-1024x682.jpg 1024w, https:\/\/www.cerege.fr\/wp-content\/uploads\/2022\/11\/014-Mange-garri-Keller-768x512.jpg 768w, https:\/\/www.cerege.fr\/wp-content\/uploads\/2022\/11\/014-Mange-garri-Keller-1536x1024.jpg 1536w, https:\/\/www.cerege.fr\/wp-content\/uploads\/2022\/11\/014-Mange-garri-Keller-scaled.jpg 2048w, https:\/\/www.cerege.fr\/wp-content\/uploads\/2022\/11\/014-Mange-garri-Keller-18x12.jpg 18w, https:\/\/www.cerege.fr\/wp-content\/uploads\/2022\/11\/014-Mange-garri-Keller-1320x880.jpg 1320w\" sizes=\"(max-width: 300px) 100vw, 300px\" \/><\/a>\n\t\t\t<\/div><\/figure><figure class='gallery-item'>\n\t\t\t<div class='gallery-icon landscape'>\n\t\t\t\t<a data-elementor-open-lightbox=\"yes\" data-elementor-lightbox-slideshow=\"4849d4ee\" data-elementor-lightbox-title=\"Vitrolles boues rouges Keller\" data-e-action-hash=\"#elementor-action%3Aaction%3Dlightbox%26settings%3DeyJpZCI6OTQxNCwidXJsIjoiaHR0cHM6XC9cL3d3dy5jZXJlZ2UuZnJcL3dwLWNvbnRlbnRcL3VwbG9hZHNcLzIwMjJcLzExXC8wNTYtVml0cm9sbGVzLWJvdWVzLXJvdWdlcy1LZWxsZXItc2NhbGVkLmpwZyIsInNsaWRlc2hvdyI6IjQ4NDlkNGVlIn0%3D\" href=\"https:\/\/www.cerege.fr\/wp-content\/uploads\/2022\/11\/056-Vitrolles-boues-rouges-Keller-scaled.jpg\"><img loading=\"lazy\" decoding=\"async\" width=\"300\" height=\"210\" src=\"https:\/\/www.cerege.fr\/wp-content\/uploads\/2022\/11\/056-Vitrolles-boues-rouges-Keller-300x210.jpg\" class=\"attachment-medium size-medium\" alt=\"\" aria-describedby=\"gallery-1-9414\" srcset=\"https:\/\/www.cerege.fr\/wp-content\/uploads\/2022\/11\/056-Vitrolles-boues-rouges-Keller-300x210.jpg 300w, https:\/\/www.cerege.fr\/wp-content\/uploads\/2022\/11\/056-Vitrolles-boues-rouges-Keller-1024x717.jpg 1024w, https:\/\/www.cerege.fr\/wp-content\/uploads\/2022\/11\/056-Vitrolles-boues-rouges-Keller-768x538.jpg 768w, https:\/\/www.cerege.fr\/wp-content\/uploads\/2022\/11\/056-Vitrolles-boues-rouges-Keller-1536x1075.jpg 1536w, https:\/\/www.cerege.fr\/wp-content\/uploads\/2022\/11\/056-Vitrolles-boues-rouges-Keller-scaled.jpg 2048w, https:\/\/www.cerege.fr\/wp-content\/uploads\/2022\/11\/056-Vitrolles-boues-rouges-Keller-18x12.jpg 18w, https:\/\/www.cerege.fr\/wp-content\/uploads\/2022\/11\/056-Vitrolles-boues-rouges-Keller-1320x924.jpg 1320w\" sizes=\"(max-width: 300px) 100vw, 300px\" \/><\/a>\n\t\t\t<\/div>\n\t\t\t\t<figcaption class='wp-caption-text gallery-caption' id='gallery-1-9414'>\n\t\t\t\tClaire LALLEMAND, 2023. Extraction s\u00e9lective de m\u00e9taux critiques (terres rares, scandium et yttrium) \u00e0 partir de r\u00e9sidu de bauxite par des acides organiques bio-inspir\u00e9s.\n\t\t\t\t<\/figcaption><\/figure>\n\t\t<\/div>\n\t\t<\/div>\n\t\t\t\t\t\t<\/div>\n\t\t\t\t<\/div>\n\t\t\t\t\t<\/div>\n\t\t<\/div>\n\t\t\t\t\t<\/div>\n\t\t<\/section>\n\t\t\t\t<div class=\"elementor-element elementor-element-65d21c78 elementor-widget elementor-widget-spacer\" data-id=\"65d21c78\" data-element_type=\"widget\" data-e-type=\"widget\" data-widget_type=\"spacer.default\">\n\t\t\t\t<div class=\"elementor-widget-container\">\n\t\t\t\t\t\t\t<div class=\"elementor-spacer\">\n\t\t\t<div class=\"elementor-spacer-inner\"><\/div>\n\t\t<\/div>\n\t\t\t\t\t\t<\/div>\n\t\t\t\t<\/div>\n\t\t\t\t<div class=\"elementor-element elementor-element-38f7c825 elementor-widget elementor-widget-spacer\" data-id=\"38f7c825\" data-element_type=\"widget\" data-e-type=\"widget\" data-widget_type=\"spacer.default\">\n\t\t\t\t<div class=\"elementor-widget-container\">\n\t\t\t\t\t\t\t<div class=\"elementor-spacer\">\n\t\t\t<div class=\"elementor-spacer-inner\"><\/div>\n\t\t<\/div>\n\t\t\t\t\t\t<\/div>\n\t\t\t\t<\/div>\n\t\t\t\t\t<\/div>\n\t\t<\/div>\n\t\t\t\t\t<\/div>\n\t\t<\/section>\n\t\t\t\t<\/div>\n\t\t","protected":false},"excerpt":{"rendered":"<p>Dans un contexte d\u2019\u00e9conomie circulaire, le projet interdisciplinaire RECALL vise \u00e0 d\u00e9velopper des processus durables pour r\u00e9cup\u00e9rer le fer et les m\u00e9taux critiques \u00e0 partir de r\u00e9sidus de bauxite tout [&hellip;]<\/p>\n","protected":false},"author":551,"featured_media":8182,"parent":846,"menu_order":0,"comment_status":"closed","ping_status":"closed","template":"","meta":{"_acf_changed":false,"footnotes":""},"class_list":["post-6952","page","type-page","status-publish","has-post-thumbnail","hentry"],"acf":[],"publishpress_future_action":{"enabled":false,"date":"2026-04-19 16:17:49","action":"change-status","newStatus":"draft","terms":[],"taxonomy":"","extraData":[]},"publishpress_future_workflow_manual_trigger":{"enabledWorkflows":[]},"_links":{"self":[{"href":"https:\/\/www.cerege.fr\/fr\/wp-json\/wp\/v2\/pages\/6952","targetHints":{"allow":["GET"]}}],"collection":[{"href":"https:\/\/www.cerege.fr\/fr\/wp-json\/wp\/v2\/pages"}],"about":[{"href":"https:\/\/www.cerege.fr\/fr\/wp-json\/wp\/v2\/types\/page"}],"author":[{"embeddable":true,"href":"https:\/\/www.cerege.fr\/fr\/wp-json\/wp\/v2\/users\/551"}],"replies":[{"embeddable":true,"href":"https:\/\/www.cerege.fr\/fr\/wp-json\/wp\/v2\/comments?post=6952"}],"version-history":[{"count":5,"href":"https:\/\/www.cerege.fr\/fr\/wp-json\/wp\/v2\/pages\/6952\/revisions"}],"predecessor-version":[{"id":9569,"href":"https:\/\/www.cerege.fr\/fr\/wp-json\/wp\/v2\/pages\/6952\/revisions\/9569"}],"up":[{"embeddable":true,"href":"https:\/\/www.cerege.fr\/fr\/wp-json\/wp\/v2\/pages\/846"}],"wp:featuredmedia":[{"embeddable":true,"href":"https:\/\/www.cerege.fr\/fr\/wp-json\/wp\/v2\/media\/8182"}],"wp:attachment":[{"href":"https:\/\/www.cerege.fr\/fr\/wp-json\/wp\/v2\/media?parent=6952"}],"curies":[{"name":"wp","href":"https:\/\/api.w.org\/{rel}","templated":true}]}}