{"id":7047,"date":"2022-10-27T15:50:52","date_gmt":"2022-10-27T13:50:52","guid":{"rendered":"https:\/\/www.cerege.fr\/?page_id=7047"},"modified":"2025-04-01T12:17:15","modified_gmt":"2025-04-01T10:17:15","slug":"anr-delta","status":"publish","type":"page","link":"https:\/\/www.cerege.fr\/fr\/sciences\/climat\/projets-climat\/anr-delta\/","title":{"rendered":"ANR DELTA"},"content":{"rendered":"\t\t<div data-elementor-type=\"wp-page\" data-elementor-id=\"7047\" class=\"elementor elementor-7047\" data-elementor-post-type=\"page\">\n\t\t\t\t\t\t<section class=\"elementor-section elementor-top-section elementor-element elementor-element-4e1fe117 elementor-section-full_width elementor-section-height-min-height elementor-section-height-default elementor-section-items-middle\" data-id=\"4e1fe117\" data-element_type=\"section\" data-e-type=\"section\" data-settings=\"{&quot;background_background&quot;:&quot;classic&quot;}\">\n\t\t\t\t\t\t<div class=\"elementor-container elementor-column-gap-default\">\n\t\t\t\t\t<div class=\"elementor-column elementor-col-100 elementor-top-column elementor-element elementor-element-2e756e1f\" data-id=\"2e756e1f\" data-element_type=\"column\" data-e-type=\"column\">\n\t\t\t<div class=\"elementor-widget-wrap\">\n\t\t\t\t\t\t\t<\/div>\n\t\t<\/div>\n\t\t\t\t\t<\/div>\n\t\t<\/section>\n\t\t\t\t<section class=\"elementor-section elementor-top-section elementor-element elementor-element-3c398d10 elementor-section-boxed elementor-section-height-default elementor-section-height-default\" data-id=\"3c398d10\" data-element_type=\"section\" data-e-type=\"section\">\n\t\t\t\t\t\t<div class=\"elementor-container elementor-column-gap-default\">\n\t\t\t\t\t<div class=\"elementor-column elementor-col-100 elementor-top-column elementor-element elementor-element-7a5b1e1f\" data-id=\"7a5b1e1f\" data-element_type=\"column\" data-e-type=\"column\">\n\t\t\t<div class=\"elementor-widget-wrap elementor-element-populated\">\n\t\t\t\t\t\t<div class=\"elementor-element elementor-element-70d088a6 elementor-widget elementor-widget-shortcode\" data-id=\"70d088a6\" data-element_type=\"widget\" data-e-type=\"widget\" data-widget_type=\"shortcode.default\">\n\t\t\t\t<div class=\"elementor-widget-container\">\n\t\t\t\t\t\t\t<div class=\"elementor-shortcode\"><nav aria-label=\"breadcrumbs\">\n            <div class=\"breadcrumb-container theme1\">\n                <ol>\n                                    <\/ol>\n            <\/div>\n        <\/nav>    <script type=\"application\/ld+json\">\n        {\n            \"@context\": \"http:\/\/schema.org\",\n            \"@type\": \"BreadcrumbList\",\n            \"itemListElement\": [\n                            ]\n        }\n    <\/script>\n   \n    <script>\n            <\/script>\n<\/div>\n\t\t\t\t\t\t<\/div>\n\t\t\t\t<\/div>\n\t\t\t\t<section class=\"elementor-section elementor-inner-section elementor-element elementor-element-50e3d72 elementor-section-boxed elementor-section-height-default elementor-section-height-default\" data-id=\"50e3d72\" data-element_type=\"section\" data-e-type=\"section\">\n\t\t\t\t\t\t<div class=\"elementor-container elementor-column-gap-wide\">\n\t\t\t\t\t<div class=\"elementor-column elementor-col-50 elementor-inner-column elementor-element elementor-element-76d99556\" data-id=\"76d99556\" data-element_type=\"column\" data-e-type=\"column\">\n\t\t\t<div class=\"elementor-widget-wrap elementor-element-populated\">\n\t\t\t\t\t\t<div class=\"elementor-element elementor-element-449f4a62 elementor-widget elementor-widget-text-editor\" data-id=\"449f4a62\" data-element_type=\"widget\" data-e-type=\"widget\" data-widget_type=\"text-editor.default\">\n\t\t\t\t<div class=\"elementor-widget-container\">\n\t\t\t\t\t\t\t\t\t<p>Compte tenu du r\u00e9chauffement climatique en cours, la contribution de l&#8217;inlandsis de l&#8217;Antarctique oriental \u00e0 l&#8217;\u00e9l\u00e9vation du niveau de la mer au cours des prochains si\u00e8cles est largement inconnue et a \u00e9t\u00e9 identifi\u00e9e comme une lacune critique dans les connaissances par le Groupe d&#8217;experts intergouvernemental sur l&#8217;\u00e9volution du climat.<\/p><p>Dans ce contexte, un effet de seuil majeur pour la r\u00e9cession est constitu\u00e9 par les marges de grandes zones de basses terres comme le bassin de Wilkes. <br \/>La compr\u00e9hension des phases de d\u00e9glaciation pass\u00e9es depuis le Dernier Maximum Glaciaire (~23 ka BP) fournit une base pour comprendre le comportement dynamique du SIEA et mieux anticiper son \u00e9volution future \u00e0 l&#8217;aide de mod\u00e8les num\u00e9riques.<\/p><p>Dans ce projet, une collaboration entre g\u00e9ologues, glaciologues et mod\u00e9lisateurs vise \u00e0 \u00e9tudier la r\u00e9ponse dynamique de l&#8217;EAIS au r\u00e9chauffement climatique dans une zone bordant le bassin de Wilkes, en Terre Ad\u00e9lie. Les donn\u00e9es obtenues serviront de base \u00e0 une mod\u00e9lisation innovante des fluctuations du SIEA, de sa sensibilit\u00e9 au r\u00e9chauffement climatique et de sa contribution \u00e0 l&#8217;\u00e9l\u00e9vation du niveau de la mer.<\/p>\t\t\t\t\t\t\t\t<\/div>\n\t\t\t\t<\/div>\n\t\t\t\t\t<\/div>\n\t\t<\/div>\n\t\t\t\t<div class=\"elementor-column elementor-col-50 elementor-inner-column elementor-element elementor-element-64d10b4\" data-id=\"64d10b4\" data-element_type=\"column\" data-e-type=\"column\">\n\t\t\t<div class=\"elementor-widget-wrap elementor-element-populated\">\n\t\t\t\t\t\t<div class=\"elementor-element elementor-element-4e89a4c8 elementor-widget elementor-widget-text-editor\" data-id=\"4e89a4c8\" data-element_type=\"widget\" data-e-type=\"widget\" data-widget_type=\"text-editor.default\">\n\t\t\t\t<div class=\"elementor-widget-container\">\n\t\t\t\t\t\t\t\t\t<h2><span style=\"font-weight: normal;\">2022-2026 : ANR DELTA<br \/><\/span><\/h2><p>Responsable CEREGE : <br \/><strong><a href=\"https:\/\/www.cerege.fr\/fr\/author\/vincent-jomelli\/\" target=\"_blank\" rel=\"noopener\">Vincent Jomelli<\/a><br \/><br \/><\/strong><em>Long term Glacier Dynamics in East Antarctica and impact on sea level rise <\/em><\/p><p class=\"Standard\"><strong>Partenaires<\/strong> : CEREGE, IGE, LSCE<\/p>\t\t\t\t\t\t\t\t<\/div>\n\t\t\t\t<\/div>\n\t\t\t\t<div class=\"elementor-element elementor-element-4de48427 elementor-widget elementor-widget-image\" data-id=\"4de48427\" data-element_type=\"widget\" data-e-type=\"widget\" data-widget_type=\"image.default\">\n\t\t\t\t<div class=\"elementor-widget-container\">\n\t\t\t\t\t\t\t\t\t\t\t\t\t\t\t<img fetchpriority=\"high\" decoding=\"async\" width=\"800\" height=\"500\" src=\"https:\/\/www.cerege.fr\/wp-content\/uploads\/2022\/11\/DELTA1BIS-1024x640.jpg\" class=\"attachment-large size-large wp-image-8032\" alt=\"\" srcset=\"https:\/\/www.cerege.fr\/wp-content\/uploads\/2022\/11\/DELTA1BIS-1024x640.jpg 1024w, https:\/\/www.cerege.fr\/wp-content\/uploads\/2022\/11\/DELTA1BIS-300x188.jpg 300w, https:\/\/www.cerege.fr\/wp-content\/uploads\/2022\/11\/DELTA1BIS-768x480.jpg 768w, https:\/\/www.cerege.fr\/wp-content\/uploads\/2022\/11\/DELTA1BIS-18x12.jpg 18w, https:\/\/www.cerege.fr\/wp-content\/uploads\/2022\/11\/DELTA1BIS.jpg 1160w\" sizes=\"(max-width: 800px) 100vw, 800px\" \/>\t\t\t\t\t\t\t\t\t\t\t\t\t\t\t<\/div>\n\t\t\t\t<\/div>\n\t\t\t\t<div class=\"elementor-element elementor-element-594dde7a gallery-spacing-custom elementor-widget elementor-widget-image-gallery\" data-id=\"594dde7a\" data-element_type=\"widget\" data-e-type=\"widget\" data-widget_type=\"image-gallery.default\">\n\t\t\t\t<div class=\"elementor-widget-container\">\n\t\t\t\t\t\t\t<div class=\"elementor-image-gallery\">\n\t\t\t<div id='gallery-1' class='gallery galleryid-7047 gallery-columns-2 gallery-size-medium'><figure class='gallery-item'>\n\t\t\t<div class='gallery-icon landscape'>\n\t\t\t\t<a data-elementor-open-lightbox=\"yes\" data-elementor-lightbox-slideshow=\"594dde7a\" data-elementor-lightbox-title=\"ANR DELTA_1\" data-e-action-hash=\"#elementor-action%3Aaction%3Dlightbox%26settings%3DeyJpZCI6ODAyNywidXJsIjoiaHR0cHM6XC9cL3d3dy5jZXJlZ2UuZnJcL3dwLWNvbnRlbnRcL3VwbG9hZHNcLzIwMjJcLzExXC9BTlItREVMVEFfMS5qcGciLCJzbGlkZXNob3ciOiI1OTRkZGU3YSJ9\" href='https:\/\/www.cerege.fr\/wp-content\/uploads\/2022\/11\/ANR-DELTA_1.jpg'><img decoding=\"async\" width=\"300\" height=\"188\" src=\"https:\/\/www.cerege.fr\/wp-content\/uploads\/2022\/11\/ANR-DELTA_1-300x188.jpg\" class=\"attachment-medium size-medium\" alt=\"\" srcset=\"https:\/\/www.cerege.fr\/wp-content\/uploads\/2022\/11\/ANR-DELTA_1-300x188.jpg 300w, https:\/\/www.cerege.fr\/wp-content\/uploads\/2022\/11\/ANR-DELTA_1-18x12.jpg 18w, https:\/\/www.cerege.fr\/wp-content\/uploads\/2022\/11\/ANR-DELTA_1.jpg 398w\" sizes=\"(max-width: 300px) 100vw, 300px\" \/><\/a>\n\t\t\t<\/div><\/figure><figure class='gallery-item'>\n\t\t\t<div class='gallery-icon landscape'>\n\t\t\t\t<a data-elementor-open-lightbox=\"yes\" data-elementor-lightbox-slideshow=\"594dde7a\" data-elementor-lightbox-title=\"ANR DELTA_3\" data-e-action-hash=\"#elementor-action%3Aaction%3Dlightbox%26settings%3DeyJpZCI6ODAyOSwidXJsIjoiaHR0cHM6XC9cL3d3dy5jZXJlZ2UuZnJcL3dwLWNvbnRlbnRcL3VwbG9hZHNcLzIwMjJcLzExXC9BTlItREVMVEFfMy5qcGciLCJzbGlkZXNob3ciOiI1OTRkZGU3YSJ9\" href='https:\/\/www.cerege.fr\/wp-content\/uploads\/2022\/11\/ANR-DELTA_3.jpg'><img decoding=\"async\" width=\"300\" height=\"187\" src=\"https:\/\/www.cerege.fr\/wp-content\/uploads\/2022\/11\/ANR-DELTA_3-300x187.jpg\" class=\"attachment-medium size-medium\" alt=\"\" srcset=\"https:\/\/www.cerege.fr\/wp-content\/uploads\/2022\/11\/ANR-DELTA_3-300x187.jpg 300w, https:\/\/www.cerege.fr\/wp-content\/uploads\/2022\/11\/ANR-DELTA_3-18x12.jpg 18w, https:\/\/www.cerege.fr\/wp-content\/uploads\/2022\/11\/ANR-DELTA_3.jpg 431w\" sizes=\"(max-width: 300px) 100vw, 300px\" \/><\/a>\n\t\t\t<\/div><\/figure><figure class='gallery-item'>\n\t\t\t<div class='gallery-icon landscape'>\n\t\t\t\t<a data-elementor-open-lightbox=\"yes\" data-elementor-lightbox-slideshow=\"594dde7a\" data-elementor-lightbox-title=\"DELATA3BIS\" data-e-action-hash=\"#elementor-action%3Aaction%3Dlightbox%26settings%3DeyJpZCI6ODAzMSwidXJsIjoiaHR0cHM6XC9cL3d3dy5jZXJlZ2UuZnJcL3dwLWNvbnRlbnRcL3VwbG9hZHNcLzIwMjJcLzExXC9ERUxBVEEzQklTLmpwZyIsInNsaWRlc2hvdyI6IjU5NGRkZTdhIn0%3D\" href='https:\/\/www.cerege.fr\/wp-content\/uploads\/2022\/11\/DELATA3BIS.jpg'><img loading=\"lazy\" decoding=\"async\" width=\"300\" height=\"188\" src=\"https:\/\/www.cerege.fr\/wp-content\/uploads\/2022\/11\/DELATA3BIS-300x188.jpg\" class=\"attachment-medium size-medium\" alt=\"\" srcset=\"https:\/\/www.cerege.fr\/wp-content\/uploads\/2022\/11\/DELATA3BIS-300x188.jpg 300w, https:\/\/www.cerege.fr\/wp-content\/uploads\/2022\/11\/DELATA3BIS-1024x640.jpg 1024w, https:\/\/www.cerege.fr\/wp-content\/uploads\/2022\/11\/DELATA3BIS-768x480.jpg 768w, https:\/\/www.cerege.fr\/wp-content\/uploads\/2022\/11\/DELATA3BIS-18x12.jpg 18w, https:\/\/www.cerege.fr\/wp-content\/uploads\/2022\/11\/DELATA3BIS-1320x825.jpg 1320w, https:\/\/www.cerege.fr\/wp-content\/uploads\/2022\/11\/DELATA3BIS.jpg 1392w\" sizes=\"(max-width: 300px) 100vw, 300px\" \/><\/a>\n\t\t\t<\/div><\/figure><figure class='gallery-item'>\n\t\t\t<div class='gallery-icon landscape'>\n\t\t\t\t<a data-elementor-open-lightbox=\"yes\" data-elementor-lightbox-slideshow=\"594dde7a\" data-elementor-lightbox-title=\"CEREGE_ANR_DELTA\" data-e-action-hash=\"#elementor-action%3Aaction%3Dlightbox%26settings%3DeyJpZCI6ODAzMywidXJsIjoiaHR0cHM6XC9cL3d3dy5jZXJlZ2UuZnJcL3dwLWNvbnRlbnRcL3VwbG9hZHNcLzIwMjJcLzExXC9ERUxUQTJCSVMuanBnIiwic2xpZGVzaG93IjoiNTk0ZGRlN2EifQ%3D%3D\" href='https:\/\/www.cerege.fr\/wp-content\/uploads\/2022\/11\/DELTA2BIS.jpg'><img loading=\"lazy\" decoding=\"async\" width=\"300\" height=\"188\" src=\"https:\/\/www.cerege.fr\/wp-content\/uploads\/2022\/11\/DELTA2BIS-300x188.jpg\" class=\"attachment-medium size-medium\" alt=\"\" srcset=\"https:\/\/www.cerege.fr\/wp-content\/uploads\/2022\/11\/DELTA2BIS-300x188.jpg 300w, https:\/\/www.cerege.fr\/wp-content\/uploads\/2022\/11\/DELTA2BIS-1024x640.jpg 1024w, https:\/\/www.cerege.fr\/wp-content\/uploads\/2022\/11\/DELTA2BIS-768x480.jpg 768w, https:\/\/www.cerege.fr\/wp-content\/uploads\/2022\/11\/DELTA2BIS-18x12.jpg 18w, https:\/\/www.cerege.fr\/wp-content\/uploads\/2022\/11\/DELTA2BIS-1320x825.jpg 1320w, https:\/\/www.cerege.fr\/wp-content\/uploads\/2022\/11\/DELTA2BIS.jpg 1392w\" sizes=\"(max-width: 300px) 100vw, 300px\" \/><\/a>\n\t\t\t<\/div><\/figure>\n\t\t<\/div>\n\t\t<\/div>\n\t\t\t\t\t\t<\/div>\n\t\t\t\t<\/div>\n\t\t\t\t<div class=\"elementor-element elementor-element-2a961b0 elementor-widget elementor-widget-image\" data-id=\"2a961b0\" data-element_type=\"widget\" data-e-type=\"widget\" data-widget_type=\"image.default\">\n\t\t\t\t<div class=\"elementor-widget-container\">\n\t\t\t\t\t\t\t\t\t\t\t\t\t\t\t<img loading=\"lazy\" decoding=\"async\" width=\"608\" height=\"229\" src=\"https:\/\/www.cerege.fr\/wp-content\/uploads\/2022\/11\/ANR-DELTA_4.jpg\" class=\"attachment-large size-large wp-image-8030\" alt=\"\" srcset=\"https:\/\/www.cerege.fr\/wp-content\/uploads\/2022\/11\/ANR-DELTA_4.jpg 608w, https:\/\/www.cerege.fr\/wp-content\/uploads\/2022\/11\/ANR-DELTA_4-300x113.jpg 300w, https:\/\/www.cerege.fr\/wp-content\/uploads\/2022\/11\/ANR-DELTA_4-18x7.jpg 18w\" sizes=\"(max-width: 608px) 100vw, 608px\" \/>\t\t\t\t\t\t\t\t\t\t\t\t\t\t\t<\/div>\n\t\t\t\t<\/div>\n\t\t\t\t\t<\/div>\n\t\t<\/div>\n\t\t\t\t\t<\/div>\n\t\t<\/section>\n\t\t\t\t<div class=\"elementor-element elementor-element-43482c7a elementor-widget elementor-widget-spacer\" data-id=\"43482c7a\" data-element_type=\"widget\" data-e-type=\"widget\" data-widget_type=\"spacer.default\">\n\t\t\t\t<div class=\"elementor-widget-container\">\n\t\t\t\t\t\t\t<div class=\"elementor-spacer\">\n\t\t\t<div class=\"elementor-spacer-inner\"><\/div>\n\t\t<\/div>\n\t\t\t\t\t\t<\/div>\n\t\t\t\t<\/div>\n\t\t\t\t<div class=\"elementor-element elementor-element-2d0515aa elementor-widget elementor-widget-spacer\" data-id=\"2d0515aa\" data-element_type=\"widget\" data-e-type=\"widget\" data-widget_type=\"spacer.default\">\n\t\t\t\t<div class=\"elementor-widget-container\">\n\t\t\t\t\t\t\t<div class=\"elementor-spacer\">\n\t\t\t<div class=\"elementor-spacer-inner\"><\/div>\n\t\t<\/div>\n\t\t\t\t\t\t<\/div>\n\t\t\t\t<\/div>\n\t\t\t\t\t<\/div>\n\t\t<\/div>\n\t\t\t\t\t<\/div>\n\t\t<\/section>\n\t\t\t\t<\/div>\n\t\t","protected":false},"excerpt":{"rendered":"<p>Compte tenu du r\u00e9chauffement climatique en cours, la contribution de l&#8217;inlandsis de l&#8217;Antarctique oriental \u00e0 l&#8217;\u00e9l\u00e9vation du niveau de la mer au cours des prochains si\u00e8cles est largement inconnue et [&hellip;]<\/p>\n","protected":false},"author":551,"featured_media":16058,"parent":4955,"menu_order":0,"comment_status":"closed","ping_status":"closed","template":"","meta":{"_acf_changed":false,"footnotes":""},"class_list":["post-7047","page","type-page","status-publish","has-post-thumbnail","hentry"],"acf":[],"publishpress_future_action":{"enabled":false,"date":"2026-05-08 06:20:14","action":"change-status","newStatus":"draft","terms":[],"taxonomy":"","extraData":[]},"publishpress_future_workflow_manual_trigger":{"enabledWorkflows":[]},"_links":{"self":[{"href":"https:\/\/www.cerege.fr\/fr\/wp-json\/wp\/v2\/pages\/7047","targetHints":{"allow":["GET"]}}],"collection":[{"href":"https:\/\/www.cerege.fr\/fr\/wp-json\/wp\/v2\/pages"}],"about":[{"href":"https:\/\/www.cerege.fr\/fr\/wp-json\/wp\/v2\/types\/page"}],"author":[{"embeddable":true,"href":"https:\/\/www.cerege.fr\/fr\/wp-json\/wp\/v2\/users\/551"}],"replies":[{"embeddable":true,"href":"https:\/\/www.cerege.fr\/fr\/wp-json\/wp\/v2\/comments?post=7047"}],"version-history":[{"count":5,"href":"https:\/\/www.cerege.fr\/fr\/wp-json\/wp\/v2\/pages\/7047\/revisions"}],"predecessor-version":[{"id":27277,"href":"https:\/\/www.cerege.fr\/fr\/wp-json\/wp\/v2\/pages\/7047\/revisions\/27277"}],"up":[{"embeddable":true,"href":"https:\/\/www.cerege.fr\/fr\/wp-json\/wp\/v2\/pages\/4955"}],"wp:featuredmedia":[{"embeddable":true,"href":"https:\/\/www.cerege.fr\/fr\/wp-json\/wp\/v2\/media\/16058"}],"wp:attachment":[{"href":"https:\/\/www.cerege.fr\/fr\/wp-json\/wp\/v2\/media?parent=7047"}],"curies":[{"name":"wp","href":"https:\/\/api.w.org\/{rel}","templated":true}]}}