{"id":7965,"date":"2022-11-15T11:02:13","date_gmt":"2022-11-15T10:02:13","guid":{"rendered":"https:\/\/www.cerege.fr\/?page_id=7965"},"modified":"2023-01-02T18:11:28","modified_gmt":"2023-01-02T17:11:28","slug":"technicien-et-ingenieur","status":"publish","type":"page","link":"https:\/\/www.cerege.fr\/fr\/communication\/metiers\/technicien-et-ingenieur\/","title":{"rendered":"Technicien et Ing\u00e9nieur"},"content":{"rendered":"\t\t<div data-elementor-type=\"wp-page\" data-elementor-id=\"7965\" class=\"elementor elementor-7965\" data-elementor-post-type=\"page\">\n\t\t\t\t\t\t<section class=\"elementor-section elementor-top-section elementor-element elementor-element-78e9128d elementor-section-full_width elementor-section-height-min-height elementor-section-height-default elementor-section-items-middle\" data-id=\"78e9128d\" data-element_type=\"section\" data-e-type=\"section\" data-settings=\"{&quot;background_background&quot;:&quot;classic&quot;}\">\n\t\t\t\t\t\t<div class=\"elementor-container elementor-column-gap-default\">\n\t\t\t\t\t<div class=\"elementor-column elementor-col-100 elementor-top-column elementor-element elementor-element-3f543192\" data-id=\"3f543192\" data-element_type=\"column\" data-e-type=\"column\">\n\t\t\t<div class=\"elementor-widget-wrap\">\n\t\t\t\t\t\t\t<\/div>\n\t\t<\/div>\n\t\t\t\t\t<\/div>\n\t\t<\/section>\n\t\t\t\t<section class=\"elementor-section elementor-top-section elementor-element elementor-element-7c7ac7a4 elementor-section-boxed elementor-section-height-default elementor-section-height-default\" data-id=\"7c7ac7a4\" data-element_type=\"section\" data-e-type=\"section\">\n\t\t\t\t\t\t<div class=\"elementor-container elementor-column-gap-default\">\n\t\t\t\t\t<div class=\"elementor-column elementor-col-100 elementor-top-column elementor-element elementor-element-3877c5b8\" data-id=\"3877c5b8\" data-element_type=\"column\" data-e-type=\"column\">\n\t\t\t<div class=\"elementor-widget-wrap elementor-element-populated\">\n\t\t\t\t\t\t<div class=\"elementor-element elementor-element-445ab9cb elementor-widget elementor-widget-shortcode\" data-id=\"445ab9cb\" data-element_type=\"widget\" data-e-type=\"widget\" data-widget_type=\"shortcode.default\">\n\t\t\t\t<div class=\"elementor-widget-container\">\n\t\t\t\t\t\t\t<div class=\"elementor-shortcode\"><nav aria-label=\"breadcrumbs\">\n            <div class=\"breadcrumb-container theme1\">\n                <ol>\n                                    <\/ol>\n            <\/div>\n        <\/nav>    <script type=\"application\/ld+json\">\n        {\n            \"@context\": \"http:\/\/schema.org\",\n            \"@type\": \"BreadcrumbList\",\n            \"itemListElement\": [\n                            ]\n        }\n    <\/script>\n   \n    <script>\n            <\/script>\n<\/div>\n\t\t\t\t\t\t<\/div>\n\t\t\t\t<\/div>\n\t\t\t\t<section class=\"elementor-section elementor-inner-section elementor-element elementor-element-69824250 elementor-section-boxed elementor-section-height-default elementor-section-height-default\" data-id=\"69824250\" data-element_type=\"section\" data-e-type=\"section\">\n\t\t\t\t\t\t<div class=\"elementor-container elementor-column-gap-wide\">\n\t\t\t\t\t<div class=\"elementor-column elementor-col-50 elementor-inner-column elementor-element elementor-element-8fef50d\" data-id=\"8fef50d\" data-element_type=\"column\" data-e-type=\"column\">\n\t\t\t<div class=\"elementor-widget-wrap elementor-element-populated\">\n\t\t\t\t\t\t<div class=\"elementor-element elementor-element-3f1fa535 elementor-widget elementor-widget-text-editor\" data-id=\"3f1fa535\" data-element_type=\"widget\" data-e-type=\"widget\" data-widget_type=\"text-editor.default\">\n\t\t\t\t<div class=\"elementor-widget-container\">\n\t\t\t\t\t\t\t\t\t<div class=\"job-single-blocs\"><div id=\"description\" class=\"job-single-bloc\"><div><div id=\"para_nb_1\" class=\"paragraphe_simple\"><div class=\"para-titre para-texte\"><p>Les ing\u00e9nieurs et techniciens repr\u00e9sentent une grande diversit\u00e9 de comp\u00e9tences et m\u00e9tiers au service de la recherche : statistique, secr\u00e9tariat, documentation, droit, informatique, \u00e9dition, graphisme, traduction, communication\u2026<\/p><div class=\"rte\"><p>Les ing\u00e9nieurs, techniciens et personnels administratifs apportent un soutien technique \u00e0 la production, la diffusion et la valorisation des travaux scientifiques de l&#8217;unit\u00e9.<\/p><p>Ils peuvent travailler dans :<\/p><\/div><ul><li><strong>Les \u00e9tablissements d&#8217;enseignement sup\u00e9rieur<\/strong> (universit\u00e9s, instituts nationaux polytechniques, \u00e9coles d&#8217;ing\u00e9nieurs) et les \u00e9tablissements publics de recherche ou d&#8217;enseignement sup\u00e9rieur et de recherche\u00a0;<\/li><li><strong>Les grands \u00e9tablissements <\/strong>(Coll\u00e8ge de France, Institut de France, Conservatoire National des Arts et M\u00e9tiers, Mus\u00e9um national d&#8217;histoire naturelle, Observatoire de Paris)\u00a0;<\/li><li>Les \u00e9tablissements sous tutelle du minist\u00e8re de l&#8217;\u00c9ducation nationale (<abbr title=\"Institut national de recherche p\u00e9dagogique\">INRP<\/abbr>, <abbr title=\"Centre national de documentation p\u00e9dagogique\">CNDP<\/abbr>, <abbr title=\"Centre national d\u2019enseignement \u00e0 distance\">CNED<\/abbr>, <abbr title=\"Office national d'information sur les enseignements et les professions\">ONISEP<\/abbr>, <abbr title=\"Centre d\u2019\u00e9tudes et de recherches sur les qualifications\">CEREQ.<\/abbr>)\u00a0;<\/li><li>Les rectorats d&#8217;acad\u00e9mie\u00a0;<\/li><li>Les lyc\u00e9es.<\/li><\/ul><\/div><\/div><div id=\"para_nb_3\" class=\"paragraphe_simple\"><div class=\"para-titre para-texte\">\u00a0<\/div><\/div><div id=\"para_nb_6\" class=\"paragraphe_simple\"><div class=\"para-titre para-texte\"><div class=\"rte\">\u00a0<\/div><\/div><\/div><\/div><\/div><\/div>\t\t\t\t\t\t\t\t<\/div>\n\t\t\t\t<\/div>\n\t\t\t\t\t<\/div>\n\t\t<\/div>\n\t\t\t\t<div class=\"elementor-column elementor-col-50 elementor-inner-column elementor-element elementor-element-52d2be42\" data-id=\"52d2be42\" data-element_type=\"column\" data-e-type=\"column\">\n\t\t\t<div class=\"elementor-widget-wrap elementor-element-populated\">\n\t\t\t\t\t\t<div class=\"elementor-element elementor-element-24028e30 elementor-widget elementor-widget-image\" data-id=\"24028e30\" data-element_type=\"widget\" data-e-type=\"widget\" data-widget_type=\"image.default\">\n\t\t\t\t<div class=\"elementor-widget-container\">\n\t\t\t\t\t\t\t\t\t\t\t\t\t\t\t<img fetchpriority=\"high\" decoding=\"async\" width=\"800\" height=\"500\" src=\"https:\/\/www.cerege.fr\/wp-content\/uploads\/2022\/10\/\u00a9CEREGE_ASTER_LN2C_Nucleides289-1024x640.jpg\" class=\"attachment-large size-large wp-image-6487\" alt=\"\" srcset=\"https:\/\/www.cerege.fr\/wp-content\/uploads\/2022\/10\/\u00a9CEREGE_ASTER_LN2C_Nucleides289-1024x640.jpg 1024w, https:\/\/www.cerege.fr\/wp-content\/uploads\/2022\/10\/\u00a9CEREGE_ASTER_LN2C_Nucleides289-300x188.jpg 300w, https:\/\/www.cerege.fr\/wp-content\/uploads\/2022\/10\/\u00a9CEREGE_ASTER_LN2C_Nucleides289-768x480.jpg 768w, https:\/\/www.cerege.fr\/wp-content\/uploads\/2022\/10\/\u00a9CEREGE_ASTER_LN2C_Nucleides289-1536x960.jpg 1536w, https:\/\/www.cerege.fr\/wp-content\/uploads\/2022\/10\/\u00a9CEREGE_ASTER_LN2C_Nucleides289-scaled.jpg 2048w, https:\/\/www.cerege.fr\/wp-content\/uploads\/2022\/10\/\u00a9CEREGE_ASTER_LN2C_Nucleides289-18x12.jpg 18w, https:\/\/www.cerege.fr\/wp-content\/uploads\/2022\/10\/\u00a9CEREGE_ASTER_LN2C_Nucleides289-1320x825.jpg 1320w\" sizes=\"(max-width: 800px) 100vw, 800px\" \/>\t\t\t\t\t\t\t\t\t\t\t\t\t\t\t<\/div>\n\t\t\t\t<\/div>\n\t\t\t\t<div class=\"elementor-element elementor-element-63a4e501 gallery-spacing-custom elementor-widget elementor-widget-image-gallery\" data-id=\"63a4e501\" data-element_type=\"widget\" data-e-type=\"widget\" data-widget_type=\"image-gallery.default\">\n\t\t\t\t<div class=\"elementor-widget-container\">\n\t\t\t\t\t\t\t<div class=\"elementor-image-gallery\">\n\t\t\t<div id='gallery-1' class='gallery galleryid-7965 gallery-columns-2 gallery-size-thumbnail'><figure class='gallery-item'>\n\t\t\t<div class='gallery-icon landscape'>\n\t\t\t\t<a data-elementor-open-lightbox=\"yes\" data-elementor-lightbox-slideshow=\"63a4e501\" data-elementor-lightbox-title=\"Anaelle Alacaino\" data-e-action-hash=\"#elementor-action%3Aaction%3Dlightbox%26settings%3DeyJpZCI6NzkxOCwidXJsIjoiaHR0cHM6XC9cL3d3dy5jZXJlZ2UuZnJcL3dwLWNvbnRlbnRcL3VwbG9hZHNcLzIwMjJcLzExXC9BbmFlbGxlLUFsYWNhaW5vLXNjYWxlZC5qcGciLCJzbGlkZXNob3ciOiI2M2E0ZTUwMSJ9\" href='https:\/\/www.cerege.fr\/wp-content\/uploads\/2022\/11\/Anaelle-Alacaino-scaled.jpg'><img decoding=\"async\" width=\"150\" height=\"150\" src=\"https:\/\/www.cerege.fr\/wp-content\/uploads\/2022\/11\/Anaelle-Alacaino-150x150.jpg\" class=\"attachment-thumbnail size-thumbnail\" alt=\"\" \/><\/a>\n\t\t\t<\/div><\/figure><figure class='gallery-item'>\n\t\t\t<div class='gallery-icon portrait'>\n\t\t\t\t<a data-elementor-open-lightbox=\"yes\" data-elementor-lightbox-slideshow=\"63a4e501\" data-elementor-lightbox-title=\"12.\" data-e-action-hash=\"#elementor-action%3Aaction%3Dlightbox%26settings%3DeyJpZCI6ODE5NSwidXJsIjoiaHR0cHM6XC9cL3d3dy5jZXJlZ2UuZnJcL3dwLWNvbnRlbnRcL3VwbG9hZHNcLzIwMjJcLzExXC8xMi4uanBnIiwic2xpZGVzaG93IjoiNjNhNGU1MDEifQ%3D%3D\" href='https:\/\/www.cerege.fr\/wp-content\/uploads\/2022\/11\/12..jpg'><img decoding=\"async\" width=\"150\" height=\"150\" src=\"https:\/\/www.cerege.fr\/wp-content\/uploads\/2022\/11\/12.-150x150.jpg\" class=\"attachment-thumbnail size-thumbnail\" alt=\"\" \/><\/a>\n\t\t\t<\/div><\/figure><figure class='gallery-item'>\n\t\t\t<div class='gallery-icon portrait'>\n\t\t\t\t<a data-elementor-open-lightbox=\"yes\" data-elementor-lightbox-slideshow=\"63a4e501\" data-elementor-lightbox-title=\"projet RECALL\" data-e-action-hash=\"#elementor-action%3Aaction%3Dlightbox%26settings%3DeyJpZCI6ODA1OCwidXJsIjoiaHR0cHM6XC9cL3d3dy5jZXJlZ2UuZnJcL3dwLWNvbnRlbnRcL3VwbG9hZHNcLzIwMjJcLzExXC9wcm9qZXQtUkVDQUxMMi1zY2FsZWQuanBnIiwic2xpZGVzaG93IjoiNjNhNGU1MDEifQ%3D%3D\" href='https:\/\/www.cerege.fr\/wp-content\/uploads\/2022\/11\/projet-RECALL2-scaled.jpg'><img loading=\"lazy\" decoding=\"async\" width=\"150\" height=\"150\" src=\"https:\/\/www.cerege.fr\/wp-content\/uploads\/2022\/11\/projet-RECALL2-150x150.jpg\" class=\"attachment-thumbnail size-thumbnail\" alt=\"\" \/><\/a>\n\t\t\t<\/div><\/figure><figure class='gallery-item'>\n\t\t\t<div class='gallery-icon landscape'>\n\t\t\t\t<a data-elementor-open-lightbox=\"yes\" data-elementor-lightbox-slideshow=\"63a4e501\" data-elementor-lightbox-title=\"860_dsc_0194-3\" data-e-action-hash=\"#elementor-action%3Aaction%3Dlightbox%26settings%3DeyJpZCI6ODE5NiwidXJsIjoiaHR0cHM6XC9cL3d3dy5jZXJlZ2UuZnJcL3dwLWNvbnRlbnRcL3VwbG9hZHNcLzIwMjJcLzExXC84NjBfZHNjXzAxOTQtMy5qcGciLCJzbGlkZXNob3ciOiI2M2E0ZTUwMSJ9\" href='https:\/\/www.cerege.fr\/wp-content\/uploads\/2022\/11\/860_dsc_0194-3.jpg'><img loading=\"lazy\" decoding=\"async\" width=\"150\" height=\"150\" src=\"https:\/\/www.cerege.fr\/wp-content\/uploads\/2022\/11\/860_dsc_0194-3-150x150.jpg\" class=\"attachment-thumbnail size-thumbnail\" alt=\"\" \/><\/a>\n\t\t\t<\/div><\/figure>\n\t\t<\/div>\n\t\t<\/div>\n\t\t\t\t\t\t<\/div>\n\t\t\t\t<\/div>\n\t\t\t\t\t<\/div>\n\t\t<\/div>\n\t\t\t\t\t<\/div>\n\t\t<\/section>\n\t\t\t\t<div class=\"elementor-element elementor-element-68d26e18 elementor-widget elementor-widget-text-editor\" data-id=\"68d26e18\" data-element_type=\"widget\" data-e-type=\"widget\" data-widget_type=\"text-editor.default\">\n\t\t\t\t<div class=\"elementor-widget-container\">\n\t\t\t\t\t\t\t\t\t<h2>T\u00e9moignages d&#8217;ing\u00e9nieur.e.s et de technicien.e.s \u00a0<\/h2><p>\u00a0<\/p>\t\t\t\t\t\t\t\t<\/div>\n\t\t\t\t<\/div>\n\t\t\t\t<section class=\"elementor-section elementor-inner-section elementor-element elementor-element-432c3ee elementor-section-boxed elementor-section-height-default elementor-section-height-default\" data-id=\"432c3ee\" data-element_type=\"section\" data-e-type=\"section\">\n\t\t\t\t\t\t<div class=\"elementor-container elementor-column-gap-default\">\n\t\t\t\t\t<div class=\"elementor-column elementor-col-50 elementor-inner-column elementor-element elementor-element-bfeb47f\" data-id=\"bfeb47f\" data-element_type=\"column\" data-e-type=\"column\">\n\t\t\t<div class=\"elementor-widget-wrap elementor-element-populated\">\n\t\t\t\t\t\t<div class=\"elementor-element elementor-element-d241f3d elementor-position-top elementor-widget elementor-widget-image-box\" data-id=\"d241f3d\" data-element_type=\"widget\" data-e-type=\"widget\" data-widget_type=\"image-box.default\">\n\t\t\t\t<div class=\"elementor-widget-container\">\n\t\t\t\t\t<div class=\"elementor-image-box-wrapper\"><figure class=\"elementor-image-box-img\"><a href=\"https:\/\/www.cerege.fr\/wp-content\/uploads\/2022\/12\/D.-Borschneck_Temoignage_Metier.pdf\" target=\"_blank\" tabindex=\"-1\"><img loading=\"lazy\" decoding=\"async\" width=\"150\" height=\"150\" src=\"https:\/\/www.cerege.fr\/wp-content\/uploads\/2022\/12\/20181011_092010_0-150x150.jpg\" class=\"attachment-thumbnail size-thumbnail wp-image-10955\" alt=\"\" \/><\/a><\/figure><div class=\"elementor-image-box-content\"><h2 class=\"elementor-image-box-title\"><a href=\"https:\/\/www.cerege.fr\/wp-content\/uploads\/2022\/12\/D.-Borschneck_Temoignage_Metier.pdf\" target=\"_blank\">Daniel Borschneck<\/a><\/h2><\/div><\/div>\t\t\t\t<\/div>\n\t\t\t\t<\/div>\n\t\t\t\t<div class=\"elementor-element elementor-element-d69bcd0 elementor-position-inline-start elementor-widget__width-initial elementor-view-stacked elementor-shape-square elementor-mobile-position-block-start elementor-widget elementor-widget-icon-box\" data-id=\"d69bcd0\" data-element_type=\"widget\" data-e-type=\"widget\" data-widget_type=\"icon-box.default\">\n\t\t\t\t<div class=\"elementor-widget-container\">\n\t\t\t\t\t\t\t<div class=\"elementor-icon-box-wrapper\">\n\n\t\t\t\t\t\t<div class=\"elementor-icon-box-icon\">\n\t\t\t\t<a href=\"https:\/\/www.cerege.fr\/wp-content\/uploads\/2022\/12\/D.-Borschneck_Temoignage_Metier.pdf\" target=\"_blank\" class=\"elementor-icon\" tabindex=\"-1\" aria-label=\"Ing\u00e9nieur de recherche - Equipe Environnement Durable\">\n\t\t\t\t<i aria-hidden=\"true\" class=\"far fa-file-pdf\"><\/i>\t\t\t\t<\/a>\n\t\t\t<\/div>\n\t\t\t\n\t\t\t\t\t\t<div class=\"elementor-icon-box-content\">\n\n\t\t\t\t\t\t\t\t\t<p class=\"elementor-icon-box-title\">\n\t\t\t\t\t\t<a href=\"https:\/\/www.cerege.fr\/wp-content\/uploads\/2022\/12\/D.-Borschneck_Temoignage_Metier.pdf\" target=\"_blank\" >\n\t\t\t\t\t\t\tIng\u00e9nieur de recherche - Equipe Environnement Durable\t\t\t\t\t\t<\/a>\n\t\t\t\t\t<\/p>\n\t\t\t\t\n\t\t\t\t\t\t\t\t\t<p class=\"elementor-icon-box-description\">\n\t\t\t\t\t\t\"Nous avons une grande libert\u00e9 dans notre travail et nous avons la chance extraordinaire de pouvoir mettre en \u0153uvre nos id\u00e9es (parfois un peu farfelues\u2026) pour essayer de comprendre comment le monde fonctionne,....\"\t\t\t\t\t<\/p>\n\t\t\t\t\n\t\t\t<\/div>\n\t\t\t\n\t\t<\/div>\n\t\t\t\t\t\t<\/div>\n\t\t\t\t<\/div>\n\t\t\t\t<div class=\"elementor-element elementor-element-7817213 elementor-position-top elementor-widget elementor-widget-image-box\" data-id=\"7817213\" data-element_type=\"widget\" data-e-type=\"widget\" data-widget_type=\"image-box.default\">\n\t\t\t\t<div class=\"elementor-widget-container\">\n\t\t\t\t\t<div class=\"elementor-image-box-wrapper\"><figure class=\"elementor-image-box-img\"><a href=\"https:\/\/www.cerege.fr\/wp-content\/uploads\/2022\/12\/Vlad_Vidal.mp3\" target=\"_blank\" tabindex=\"-1\"><img loading=\"lazy\" decoding=\"async\" width=\"213\" height=\"214\" src=\"https:\/\/www.cerege.fr\/wp-content\/uploads\/2022\/12\/vidalW.jpg\" class=\"attachment-full size-full wp-image-10949\" alt=\"\" srcset=\"https:\/\/www.cerege.fr\/wp-content\/uploads\/2022\/12\/vidalW.jpg 213w, https:\/\/www.cerege.fr\/wp-content\/uploads\/2022\/12\/vidalW-150x150.jpg 150w, https:\/\/www.cerege.fr\/wp-content\/uploads\/2022\/12\/vidalW-12x12.jpg 12w\" sizes=\"(max-width: 213px) 100vw, 213px\" \/><\/a><\/figure><div class=\"elementor-image-box-content\"><h2 class=\"elementor-image-box-title\"><a href=\"https:\/\/www.cerege.fr\/wp-content\/uploads\/2022\/12\/Vlad_Vidal.mp3\" target=\"_blank\">Vladimir Vidal<\/a><\/h2><\/div><\/div>\t\t\t\t<\/div>\n\t\t\t\t<\/div>\n\t\t\t\t<div class=\"elementor-element elementor-element-dcb5d40 elementor-position-inline-start elementor-widget__width-initial elementor-view-stacked elementor-shape-square elementor-mobile-position-block-start elementor-widget elementor-widget-icon-box\" data-id=\"dcb5d40\" data-element_type=\"widget\" data-e-type=\"widget\" data-widget_type=\"icon-box.default\">\n\t\t\t\t<div class=\"elementor-widget-container\">\n\t\t\t\t\t\t\t<div class=\"elementor-icon-box-wrapper\">\n\n\t\t\t\t\t\t<div class=\"elementor-icon-box-icon\">\n\t\t\t\t<a href=\"https:\/\/www.cerege.fr\/wp-content\/uploads\/2022\/12\/Vlad_Vidal.mp3\" target=\"_blank\" class=\"elementor-icon\" tabindex=\"-1\" aria-label=\" Ing\u00e9nieur de recherche -  Equipe Enironnement Durable\u200b\">\n\t\t\t\t<i aria-hidden=\"true\" class=\"fas fa-play-circle\"><\/i>\t\t\t\t<\/a>\n\t\t\t<\/div>\n\t\t\t\n\t\t\t\t\t\t<div class=\"elementor-icon-box-content\">\n\n\t\t\t\t\t\t\t\t\t<p class=\"elementor-icon-box-title\">\n\t\t\t\t\t\t<a href=\"https:\/\/www.cerege.fr\/wp-content\/uploads\/2022\/12\/Vlad_Vidal.mp3\" target=\"_blank\" >\n\t\t\t\t\t\t\t Ing\u00e9nieur de recherche -  Equipe Enironnement Durable\u200b\t\t\t\t\t\t<\/a>\n\t\t\t\t\t<\/p>\n\t\t\t\t\n\t\t\t\t\t\t\t\t\t<p class=\"elementor-icon-box-description\">\n\t\t\t\t\t\t\"Je travaille au CEREGE dans un laboratoire qui regarde l'impact des nouvelles technologies sur l'environnement,....\" \t\t\t\t\t<\/p>\n\t\t\t\t\n\t\t\t<\/div>\n\t\t\t\n\t\t<\/div>\n\t\t\t\t\t\t<\/div>\n\t\t\t\t<\/div>\n\t\t\t\t\t<\/div>\n\t\t<\/div>\n\t\t\t\t<div class=\"elementor-column elementor-col-50 elementor-inner-column elementor-element elementor-element-2baecc9\" data-id=\"2baecc9\" data-element_type=\"column\" data-e-type=\"column\">\n\t\t\t<div class=\"elementor-widget-wrap elementor-element-populated\">\n\t\t\t\t\t\t<div class=\"elementor-element elementor-element-b7f1b9c elementor-position-top elementor-widget elementor-widget-image-box\" data-id=\"b7f1b9c\" data-element_type=\"widget\" data-e-type=\"widget\" data-widget_type=\"image-box.default\">\n\t\t\t\t<div class=\"elementor-widget-container\">\n\t\t\t\t\t<div class=\"elementor-image-box-wrapper\"><figure class=\"elementor-image-box-img\"><a href=\"https:\/\/www.cerege.fr\/wp-content\/uploads\/2022\/12\/PDF-J.-Fleury_Temoignage_Metier.pdf\" target=\"_blank\" tabindex=\"-1\"><img decoding=\"async\" src=\"https:\/\/www.cerege.fr\/wp-content\/uploads\/elementor\/thumbs\/PastedGraphic-1-pz22tr224r68xceams7n72lmspeavwi3te0t2n3bjy.jpg\" title=\"Drone Jules Fleury\" alt=\"Drone Jules Fleury\" loading=\"lazy\" \/><\/a><\/figure><div class=\"elementor-image-box-content\"><h2 class=\"elementor-image-box-title\"><a href=\"https:\/\/www.cerege.fr\/wp-content\/uploads\/2022\/12\/PDF-J.-Fleury_Temoignage_Metier.pdf\" target=\"_blank\">Jules Fleury<\/a><\/h2><\/div><\/div>\t\t\t\t<\/div>\n\t\t\t\t<\/div>\n\t\t\t\t<div class=\"elementor-element elementor-element-e2251fe elementor-position-inline-start elementor-widget__width-initial elementor-view-stacked elementor-shape-square elementor-mobile-position-block-start elementor-widget elementor-widget-icon-box\" data-id=\"e2251fe\" data-element_type=\"widget\" data-e-type=\"widget\" data-widget_type=\"icon-box.default\">\n\t\t\t\t<div class=\"elementor-widget-container\">\n\t\t\t\t\t\t\t<div class=\"elementor-icon-box-wrapper\">\n\n\t\t\t\t\t\t<div class=\"elementor-icon-box-icon\">\n\t\t\t\t<a href=\"https:\/\/www.cerege.fr\/wp-content\/uploads\/2022\/12\/PDF-J.-Fleury_Temoignage_Metier.pdf\" target=\"_blank\" class=\"elementor-icon\" tabindex=\"-1\" aria-label=\" Ing\u00e9nieur de recherche - Equipe Ressources R\u00e9servoirs et Hydrosyst\u00e8me\">\n\t\t\t\t<i aria-hidden=\"true\" class=\"far fa-file-pdf\"><\/i>\t\t\t\t<\/a>\n\t\t\t<\/div>\n\t\t\t\n\t\t\t\t\t\t<div class=\"elementor-icon-box-content\">\n\n\t\t\t\t\t\t\t\t\t<p class=\"elementor-icon-box-title\">\n\t\t\t\t\t\t<a href=\"https:\/\/www.cerege.fr\/wp-content\/uploads\/2022\/12\/PDF-J.-Fleury_Temoignage_Metier.pdf\" target=\"_blank\" >\n\t\t\t\t\t\t\t Ing\u00e9nieur de recherche - Equipe Ressources R\u00e9servoirs et Hydrosyst\u00e8me\t\t\t\t\t\t<\/a>\n\t\t\t\t\t<\/p>\n\t\t\t\t\n\t\t\t\t\t\t\t\t\t<p class=\"elementor-icon-box-description\">\n\t\t\t\t\t\t\"Nous travaillons en ce moment beaucoup sur l\u2019utilisation de la technique de la photogramm\u00e9trie, qui permet de restituer le relief avec beaucoup de pr\u00e9cision \u00e0 partir de photographies, aux domaines de la g\u00e9omorphologie fluviale, littorale,....\"\n\t\t\t\t\t<\/p>\n\t\t\t\t\n\t\t\t<\/div>\n\t\t\t\n\t\t<\/div>\n\t\t\t\t\t\t<\/div>\n\t\t\t\t<\/div>\n\t\t\t\t<div class=\"elementor-element elementor-element-33b5f74 elementor-position-top elementor-widget elementor-widget-image-box\" data-id=\"33b5f74\" data-element_type=\"widget\" data-e-type=\"widget\" data-widget_type=\"image-box.default\">\n\t\t\t\t<div class=\"elementor-widget-container\">\n\t\t\t\t\t<div class=\"elementor-image-box-wrapper\"><figure class=\"elementor-image-box-img\"><a href=\"https:\/\/www.cerege.fr\/wp-content\/uploads\/2022\/12\/200320_mode_lisateurs_-_cerege_-_sophie_viseur-2.mp3\" target=\"_blank\" tabindex=\"-1\"><img loading=\"lazy\" decoding=\"async\" width=\"150\" height=\"150\" src=\"https:\/\/www.cerege.fr\/wp-content\/uploads\/2022\/12\/SViseur-e1670855589998-150x150.jpg\" class=\"attachment-thumbnail size-thumbnail wp-image-10950\" alt=\"\" srcset=\"https:\/\/www.cerege.fr\/wp-content\/uploads\/2022\/12\/SViseur-e1670855589998-150x150.jpg 150w, https:\/\/www.cerege.fr\/wp-content\/uploads\/2022\/12\/SViseur-e1670855589998-13x12.jpg 13w\" sizes=\"(max-width: 150px) 100vw, 150px\" \/><\/a><\/figure><div class=\"elementor-image-box-content\"><h2 class=\"elementor-image-box-title\"><a href=\"https:\/\/www.cerege.fr\/wp-content\/uploads\/2022\/12\/200320_mode_lisateurs_-_cerege_-_sophie_viseur-2.mp3\" target=\"_blank\">Sophie Viseur <\/a><\/h2><\/div><\/div>\t\t\t\t<\/div>\n\t\t\t\t<\/div>\n\t\t\t\t<div class=\"elementor-element elementor-element-f418f5c elementor-position-inline-start elementor-widget__width-initial elementor-view-stacked elementor-shape-square elementor-mobile-position-block-start elementor-widget elementor-widget-icon-box\" data-id=\"f418f5c\" data-element_type=\"widget\" data-e-type=\"widget\" data-widget_type=\"icon-box.default\">\n\t\t\t\t<div class=\"elementor-widget-container\">\n\t\t\t\t\t\t\t<div class=\"elementor-icon-box-wrapper\">\n\n\t\t\t\t\t\t<div class=\"elementor-icon-box-icon\">\n\t\t\t\t<a href=\"https:\/\/www.cerege.fr\/wp-content\/uploads\/2022\/12\/200320_mode_lisateurs_-_cerege_-_sophie_viseur-2.mp3\" target=\"_blank\" class=\"elementor-icon\" tabindex=\"-1\" aria-label=\"Ing\u00e9nieure de recherche - Equipe Ressources reservoirs et  Hydrosyst\u00e8me\">\n\t\t\t\t<i aria-hidden=\"true\" class=\"fas fa-play-circle\"><\/i>\t\t\t\t<\/a>\n\t\t\t<\/div>\n\t\t\t\n\t\t\t\t\t\t<div class=\"elementor-icon-box-content\">\n\n\t\t\t\t\t\t\t\t\t<p class=\"elementor-icon-box-title\">\n\t\t\t\t\t\t<a href=\"https:\/\/www.cerege.fr\/wp-content\/uploads\/2022\/12\/200320_mode_lisateurs_-_cerege_-_sophie_viseur-2.mp3\" target=\"_blank\" >\n\t\t\t\t\t\t\tIng\u00e9nieure de recherche - Equipe Ressources reservoirs et  Hydrosyst\u00e8me\t\t\t\t\t\t<\/a>\n\t\t\t\t\t<\/p>\n\t\t\t\t\n\t\t\t\t\t\t\t\t\t<p class=\"elementor-icon-box-description\">\n\t\t\t\t\t\t\"Mon travail c'est d'aider en faisant des m\u00e9thodes pour mod\u00e9liser des objets g\u00e9ologiques souterrains, ce qui me plait \u00e9norm\u00e9ment c'est de mettre en place des m\u00e9thodes math\u00e9matiques et informatiques pour \u00e9tudier des objets...\"\u200b\t\t\t\t\t<\/p>\n\t\t\t\t\n\t\t\t<\/div>\n\t\t\t\n\t\t<\/div>\n\t\t\t\t\t\t<\/div>\n\t\t\t\t<\/div>\n\t\t\t\t\t<\/div>\n\t\t<\/div>\n\t\t\t\t\t<\/div>\n\t\t<\/section>\n\t\t\t\t\t<\/div>\n\t\t<\/div>\n\t\t\t\t\t<\/div>\n\t\t<\/section>\n\t\t\t\t<\/div>\n\t\t","protected":false},"excerpt":{"rendered":"<p>Les ing\u00e9nieurs et techniciens repr\u00e9sentent une grande diversit\u00e9 de comp\u00e9tences et m\u00e9tiers au service de la recherche : statistique, secr\u00e9tariat, documentation, droit, informatique, \u00e9dition, graphisme, traduction, communication\u2026 Les ing\u00e9nieurs, techniciens [&hellip;]<\/p>\n","protected":false},"author":724,"featured_media":6650,"parent":889,"menu_order":0,"comment_status":"closed","ping_status":"closed","template":"","meta":{"_acf_changed":false,"footnotes":""},"class_list":["post-7965","page","type-page","status-publish","has-post-thumbnail","hentry"],"acf":[],"publishpress_future_action":{"enabled":false,"date":"2026-04-22 00:05:59","action":"change-status","newStatus":"draft","terms":[],"taxonomy":"","extraData":[]},"publishpress_future_workflow_manual_trigger":{"enabledWorkflows":[]},"_links":{"self":[{"href":"https:\/\/www.cerege.fr\/fr\/wp-json\/wp\/v2\/pages\/7965","targetHints":{"allow":["GET"]}}],"collection":[{"href":"https:\/\/www.cerege.fr\/fr\/wp-json\/wp\/v2\/pages"}],"about":[{"href":"https:\/\/www.cerege.fr\/fr\/wp-json\/wp\/v2\/types\/page"}],"author":[{"embeddable":true,"href":"https:\/\/www.cerege.fr\/fr\/wp-json\/wp\/v2\/users\/724"}],"replies":[{"embeddable":true,"href":"https:\/\/www.cerege.fr\/fr\/wp-json\/wp\/v2\/comments?post=7965"}],"version-history":[{"count":5,"href":"https:\/\/www.cerege.fr\/fr\/wp-json\/wp\/v2\/pages\/7965\/revisions"}],"predecessor-version":[{"id":12859,"href":"https:\/\/www.cerege.fr\/fr\/wp-json\/wp\/v2\/pages\/7965\/revisions\/12859"}],"up":[{"embeddable":true,"href":"https:\/\/www.cerege.fr\/fr\/wp-json\/wp\/v2\/pages\/889"}],"wp:featuredmedia":[{"embeddable":true,"href":"https:\/\/www.cerege.fr\/fr\/wp-json\/wp\/v2\/media\/6650"}],"wp:attachment":[{"href":"https:\/\/www.cerege.fr\/fr\/wp-json\/wp\/v2\/media?parent=7965"}],"curies":[{"name":"wp","href":"https:\/\/api.w.org\/{rel}","templated":true}]}}