{"id":817,"date":"2022-06-21T16:56:56","date_gmt":"2022-06-21T14:56:56","guid":{"rendered":"https:\/\/www.cerege.fr\/sciences\/"},"modified":"2025-11-05T15:15:51","modified_gmt":"2025-11-05T14:15:51","slug":"sciences","status":"publish","type":"page","link":"https:\/\/www.cerege.fr\/fr\/sciences\/","title":{"rendered":"Sciences"},"content":{"rendered":"\t\t<div data-elementor-type=\"wp-page\" data-elementor-id=\"817\" class=\"elementor elementor-817\" data-elementor-post-type=\"page\">\n\t\t\t\t\t\t<section class=\"elementor-section elementor-top-section elementor-element elementor-element-2f6fae85 elementor-section-full_width elementor-section-height-min-height elementor-section-height-default elementor-section-items-middle\" data-id=\"2f6fae85\" data-element_type=\"section\" data-e-type=\"section\" data-settings=\"{&quot;background_background&quot;:&quot;classic&quot;}\">\n\t\t\t\t\t\t<div class=\"elementor-container elementor-column-gap-default\">\n\t\t\t\t\t<div class=\"elementor-column elementor-col-100 elementor-top-column elementor-element elementor-element-1c9f45bc\" data-id=\"1c9f45bc\" data-element_type=\"column\" data-e-type=\"column\">\n\t\t\t<div class=\"elementor-widget-wrap\">\n\t\t\t\t\t\t\t<\/div>\n\t\t<\/div>\n\t\t\t\t\t<\/div>\n\t\t<\/section>\n\t\t\t\t<section class=\"elementor-section elementor-top-section elementor-element elementor-element-2703d9a4 elementor-section-boxed elementor-section-height-default elementor-section-height-default\" data-id=\"2703d9a4\" data-element_type=\"section\" data-e-type=\"section\">\n\t\t\t\t\t\t<div class=\"elementor-container elementor-column-gap-default\">\n\t\t\t\t\t<div class=\"elementor-column elementor-col-100 elementor-top-column elementor-element elementor-element-7395c942\" data-id=\"7395c942\" data-element_type=\"column\" data-e-type=\"column\">\n\t\t\t<div class=\"elementor-widget-wrap elementor-element-populated\">\n\t\t\t\t\t\t<div class=\"elementor-element elementor-element-1a77e211 elementor-widget elementor-widget-shortcode\" data-id=\"1a77e211\" data-element_type=\"widget\" data-e-type=\"widget\" data-widget_type=\"shortcode.default\">\n\t\t\t\t<div class=\"elementor-widget-container\">\n\t\t\t\t\t\t\t<div class=\"elementor-shortcode\"><nav aria-label=\"breadcrumbs\">\n            <div class=\"breadcrumb-container theme1\">\n                <ol>\n                                    <\/ol>\n            <\/div>\n        <\/nav>    <script type=\"application\/ld+json\">\n        {\n            \"@context\": \"http:\/\/schema.org\",\n            \"@type\": \"BreadcrumbList\",\n            \"itemListElement\": [\n                            ]\n        }\n    <\/script>\n   \n    <script>\n            <\/script>\n<\/div>\n\t\t\t\t\t\t<\/div>\n\t\t\t\t<\/div>\n\t\t\t\t<div class=\"elementor-element elementor-element-2bcd08f8 elementor-widget elementor-widget-text-editor\" data-id=\"2bcd08f8\" data-element_type=\"widget\" data-e-type=\"widget\" data-widget_type=\"text-editor.default\">\n\t\t\t\t<div class=\"elementor-widget-container\">\n\t\t\t\t\t\t\t\t\t<p>En s\u2019alliant \u00e0 d\u2019autres grandes <strong>structures de recherche nationales et \u00e9trang\u00e8res<\/strong> mais aussi aux <strong>acteurs industriels et technologiques<\/strong>, le <strong>CEREGE<\/strong> est aujourd\u2019hui un <strong>p\u00f4le d\u2019excellence<\/strong> dans son domaine <em>(appr\u00e9ciation HCERES 2023)<\/em>. Il a su maintenir depuis sa cr\u00e9ation un \u00e9quilibre indispensable entre <strong>recherche et enjeux soci\u00e9taux<\/strong> autour de th\u00e8mes tels que les <strong>g\u00e9osciences, le d\u00e9veloppement durable, les risques naturels et anthropiques, le climat, les environnements actuels, les processus de formation et d\u00e9formation de la surface terrestre en conditions naturelles et sous les contraintes anthropiques.<\/strong><\/p><p>Cette <strong>pluridisciplinarit\u00e9<\/strong> est un fait remarquable dans le paysage de la recherche fran\u00e7aise.<\/p><p>Le CEREGE s\u2019organise aujourd\u2019hui autour de <strong>quatre \u00c9quipes-Th\u00e9matiques: <\/strong>Climat, Terre &amp; Plan\u00e8tes, Environnement Durable et Ressources, Hydrosyst\u00e8mes et Carbonates.<\/p><p>La recherche au CEREGE comprends \u00e9galement des <strong>th\u00e9matiques\u00a0 transverses<\/strong> du CEREGE pouvant conduire \u00e0 des approches originales de recherche et d\u2019expertise, \u00e0 rendre les projets existants collaboratifs ainsi qu\u2019\u00e0 soumettre de nouveaux projets.<\/p><p><strong>\u00a0<\/strong><\/p>\t\t\t\t\t\t\t\t<\/div>\n\t\t\t\t<\/div>\n\t\t\t\t\t<\/div>\n\t\t<\/div>\n\t\t\t\t\t<\/div>\n\t\t<\/section>\n\t\t\t\t<section class=\"elementor-section elementor-top-section elementor-element elementor-element-103f6bb elementor-section-boxed elementor-section-height-default elementor-section-height-default\" data-id=\"103f6bb\" data-element_type=\"section\" data-e-type=\"section\">\n\t\t\t\t\t\t<div class=\"elementor-container elementor-column-gap-default\">\n\t\t\t\t\t<div class=\"elementor-column elementor-col-100 elementor-top-column elementor-element elementor-element-8237626\" data-id=\"8237626\" data-element_type=\"column\" data-e-type=\"column\">\n\t\t\t<div class=\"elementor-widget-wrap elementor-element-populated\">\n\t\t\t\t\t\t<div class=\"elementor-element elementor-element-f30107a elementor-widget__width-initial science_image_box eael-infobox-shape-square eael-infobox-hover-img-shape-square elementor-widget elementor-widget-eael-info-box\" data-id=\"f30107a\" data-element_type=\"widget\" data-e-type=\"widget\" data-widget_type=\"eael-info-box.default\">\n\t\t\t\t<div class=\"elementor-widget-container\">\n\t\t\t\t\t            <a href=\"https:\/\/www.cerege.fr\/sciences\/terre-et-planetes\/\">\n\t            <div class=\"eael-infobox icon-on-top\">\n\t            <div class=\"infobox-icon\">\n\n                            <img decoding=\"async\" src=\"https:\/\/www.cerege.fr\/wp-content\/uploads\/elementor\/thumbs\/TP_magali-rizza-rmyeps128u34pd6wx1ndc6ouuz33v29299jvzbesgc.jpg\" alt=\"\">\n            \n            \n            \n        <\/div>\n            <div class=\"infobox-content\">\n                    <div class=\"infobox-title-section\">\n                <h3 class=\"title\">Terre et Plan\u00e8tes<\/h3>            <\/div>\n            <div><p class=\"Standard\">L\u2019\u00e9quipe Terre et Plan\u00e8tes rassemble des g\u00e9ologues et g\u00e9ographes physiciens sur l\u2019\u00e9tude des for\u00e7ages internes (tectonique) et externes (g\u00e9omorphologiques) participant \u00e0 l\u2019\u00e9laboration des paysages et des reliefs.<\/p><\/div>        <\/div>\n            <\/div>\n\n\t\t            <\/a>\n\t\t\t\t\t\t<\/div>\n\t\t\t\t<\/div>\n\t\t\t\t<div class=\"elementor-element elementor-element-46f3500 elementor-widget__width-initial science_image_box eael-infobox-shape-square eael-infobox-hover-img-shape-square elementor-widget elementor-widget-eael-info-box\" data-id=\"46f3500\" data-element_type=\"widget\" data-e-type=\"widget\" data-widget_type=\"eael-info-box.default\">\n\t\t\t\t<div class=\"elementor-widget-container\">\n\t\t\t\t\t            <a href=\"https:\/\/www.cerege.fr\/sciences\/climat\/\">\n\t            <div class=\"eael-infobox icon-on-top\">\n\t            <div class=\"infobox-icon\">\n\n                            <img decoding=\"async\" src=\"https:\/\/www.cerege.fr\/wp-content\/uploads\/elementor\/thumbs\/jom_VERGOZ_CNRS-IRD_034-rmyeq2dac0ha92rw8o49lm2xe7o57qe3yoq89czgjw.jpg\" alt=\"\">\n            \n            \n            \n        <\/div>\n            <div class=\"infobox-content\">\n                    <div class=\"infobox-title-section\">\n                <h3 class=\"title\">Climat<\/h3>            <\/div>\n            <div><p class=\"Standard\">Les recherches men\u00e9es par l\u2019\u00e9quipe Climat se focalisent sur\u00a0la compr\u00e9hension de la dynamique des climats pass\u00e9s, pr\u00e9sents et futurs.<\/p><\/div>        <\/div>\n            <\/div>\n\n\t\t            <\/a>\n\t\t\t\t\t\t<\/div>\n\t\t\t\t<\/div>\n\t\t\t\t<div class=\"elementor-element elementor-element-2ea5bc1 elementor-widget__width-initial science_image_box eael-infobox-shape-square eael-infobox-hover-img-shape-square elementor-widget elementor-widget-eael-info-box\" data-id=\"2ea5bc1\" data-element_type=\"widget\" data-e-type=\"widget\" data-widget_type=\"eael-info-box.default\">\n\t\t\t\t<div class=\"elementor-widget-container\">\n\t\t\t\t\t            <a href=\"https:\/\/www.cerege.fr\/sciences\/environnement-durable\/\">\n\t            <div class=\"eael-infobox icon-on-top\">\n\t            <div class=\"infobox-icon\">\n\n                            <img decoding=\"async\" src=\"https:\/\/www.cerege.fr\/wp-content\/uploads\/elementor\/thumbs\/themes-ED-rmyenaqe7kow2esmeh1t9b82fdb8jtek8zkre136vg.jpg\" alt=\"\">\n            \n            \n            \n        <\/div>\n            <div class=\"infobox-content\">\n                    <div class=\"infobox-title-section\">\n                <h3 class=\"title\">Environnement Durable<\/h3>            <\/div>\n            <div><p class=\"Standard\">L\u2019\u00e9quipe Environnement Durable aborde l\u2019impact des activit\u00e9s humaines sur notre Environnement, la pr\u00e9servation durable des ressources continentales \u00e9tant des enjeux scientifiques majeurs pour les d\u00e9cennies \u00e0 venir.<\/p><\/div>        <\/div>\n            <\/div>\n\n\t\t            <\/a>\n\t\t\t\t\t\t<\/div>\n\t\t\t\t<\/div>\n\t\t\t\t<div class=\"elementor-element elementor-element-e535cdb elementor-widget__width-initial science_image_box eael-infobox-shape-square eael-infobox-hover-img-shape-square elementor-widget elementor-widget-eael-info-box\" data-id=\"e535cdb\" data-element_type=\"widget\" data-e-type=\"widget\" data-widget_type=\"eael-info-box.default\">\n\t\t\t\t<div class=\"elementor-widget-container\">\n\t\t\t\t\t            <a href=\"https:\/\/www.cerege.fr\/sciences\/ressources-hydrosystemes-et-carbonates\/\">\n\t            <div class=\"eael-infobox icon-on-top\">\n\t            <div class=\"infobox-icon\">\n\n                            <img decoding=\"async\" src=\"https:\/\/www.cerege.fr\/wp-content\/uploads\/elementor\/thumbs\/3-Barra-du-Cengle-vue-depuis-le-bas-scaled-rmyeimha88akc7l0oyblczok3ecj9zulxusuhi0nt8.jpg\" alt=\"\">\n            \n            \n            \n        <\/div>\n            <div class=\"infobox-content\">\n                    <div class=\"infobox-title-section\">\n                <h3 class=\"title\">Ressources, Hydrosyst\u00e8mes et Carbonates<\/h3>            <\/div>\n            <div><p class=\"Standard\">L\u2019\u00e9quipe Ressources Hydrosyst\u00e8mes et Carbonates s\u2019int\u00e9resse aux phases fluides qui participent \u00e0 de nombreux processus g\u00e9ologiques et constituent des enjeux importants en termes de ressources<\/p><\/div>        <\/div>\n            <\/div>\n\n\t\t            <\/a>\n\t\t\t\t\t\t<\/div>\n\t\t\t\t<\/div>\n\t\t\t\t<div class=\"elementor-element elementor-element-b52c0dd elementor-widget__width-initial science_image_box eael-infobox-shape-square eael-infobox-hover-img-shape-square elementor-widget elementor-widget-eael-info-box\" data-id=\"b52c0dd\" data-element_type=\"widget\" data-e-type=\"widget\" data-widget_type=\"eael-info-box.default\">\n\t\t\t\t<div class=\"elementor-widget-container\">\n\t\t\t\t\t            <a href=\"https:\/\/www.cerege.fr\/sciences\/axes-transverses\/\">\n\t            <div class=\"eael-infobox icon-on-top\">\n\t            <div class=\"infobox-icon\">\n\n                            <img decoding=\"async\" src=\"https:\/\/www.cerege.fr\/wp-content\/uploads\/elementor\/thumbs\/CEREGE_Observations3-rmyemkeww7ov1buuo5o9bhv5skwykai2tdb5ya67po.jpg\" alt=\"\">\n            \n            \n            \n        <\/div>\n            <div class=\"infobox-content\">\n                    <div class=\"infobox-title-section\">\n                <h3 class=\"title\">Axes transverses<\/h3>            <\/div>\n            <div><p class=\"Standard\">Les axes transverses du CEREGE cr\u00e9ent des synergies entre les scientifiques des diff\u00e9rentes \u00e9quipes de l\u2019UMR visant \u00e0 conduire \u00e0 des approches originales de recherche et d\u2019expertise, \u00e0 rendre les projets existants collaboratifs ainsi qu\u2019\u00e0 soumettre de nouveaux projets<\/p><\/div>        <\/div>\n            <\/div>\n\n\t\t            <\/a>\n\t\t\t\t\t\t<\/div>\n\t\t\t\t<\/div>\n\t\t\t\t\t<\/div>\n\t\t<\/div>\n\t\t\t\t\t<\/div>\n\t\t<\/section>\n\t\t\t\t<\/div>\n\t\t","protected":false},"excerpt":{"rendered":"<p>En s\u2019alliant \u00e0 d\u2019autres grandes structures de recherche nationales et \u00e9trang\u00e8res mais aussi aux acteurs industriels et technologiques, le CEREGE est aujourd\u2019hui un p\u00f4le d\u2019excellence dans son domaine (appr\u00e9ciation HCERES [&hellip;]<\/p>\n","protected":false},"author":1,"featured_media":3373,"parent":0,"menu_order":2,"comment_status":"closed","ping_status":"closed","template":"","meta":{"_acf_changed":false,"footnotes":""},"class_list":["post-817","page","type-page","status-publish","has-post-thumbnail","hentry"],"acf":[],"publishpress_future_action":{"enabled":false,"date":"2026-05-16 09:05:38","action":"change-status","newStatus":"draft","terms":[],"taxonomy":"","extraData":[]},"publishpress_future_workflow_manual_trigger":{"enabledWorkflows":[]},"_links":{"self":[{"href":"https:\/\/www.cerege.fr\/fr\/wp-json\/wp\/v2\/pages\/817","targetHints":{"allow":["GET"]}}],"collection":[{"href":"https:\/\/www.cerege.fr\/fr\/wp-json\/wp\/v2\/pages"}],"about":[{"href":"https:\/\/www.cerege.fr\/fr\/wp-json\/wp\/v2\/types\/page"}],"author":[{"embeddable":true,"href":"https:\/\/www.cerege.fr\/fr\/wp-json\/wp\/v2\/users\/1"}],"replies":[{"embeddable":true,"href":"https:\/\/www.cerege.fr\/fr\/wp-json\/wp\/v2\/comments?post=817"}],"version-history":[{"count":5,"href":"https:\/\/www.cerege.fr\/fr\/wp-json\/wp\/v2\/pages\/817\/revisions"}],"predecessor-version":[{"id":28509,"href":"https:\/\/www.cerege.fr\/fr\/wp-json\/wp\/v2\/pages\/817\/revisions\/28509"}],"wp:featuredmedia":[{"embeddable":true,"href":"https:\/\/www.cerege.fr\/fr\/wp-json\/wp\/v2\/media\/3373"}],"wp:attachment":[{"href":"https:\/\/www.cerege.fr\/fr\/wp-json\/wp\/v2\/media?parent=817"}],"curies":[{"name":"wp","href":"https:\/\/api.w.org\/{rel}","templated":true}]}}