{"id":818,"date":"2022-06-21T16:56:56","date_gmt":"2022-06-21T14:56:56","guid":{"rendered":"https:\/\/www.cerege.fr\/equipements\/"},"modified":"2024-04-11T09:34:19","modified_gmt":"2024-04-11T07:34:19","slug":"equipements","status":"publish","type":"page","link":"https:\/\/www.cerege.fr\/fr\/equipements\/","title":{"rendered":"\u00c9quipements"},"content":{"rendered":"\t\t<div data-elementor-type=\"wp-page\" data-elementor-id=\"818\" class=\"elementor elementor-818\" data-elementor-post-type=\"page\">\n\t\t\t\t\t\t<section class=\"elementor-section elementor-top-section elementor-element elementor-element-323d2855 elementor-section-full_width elementor-section-height-min-height elementor-section-height-default elementor-section-items-middle\" data-id=\"323d2855\" data-element_type=\"section\" data-e-type=\"section\" data-settings=\"{&quot;background_background&quot;:&quot;classic&quot;}\">\n\t\t\t\t\t\t<div class=\"elementor-container elementor-column-gap-default\">\n\t\t\t\t\t<div class=\"elementor-column elementor-col-100 elementor-top-column elementor-element elementor-element-2f31c7ab\" data-id=\"2f31c7ab\" data-element_type=\"column\" data-e-type=\"column\">\n\t\t\t<div class=\"elementor-widget-wrap\">\n\t\t\t\t\t\t\t<\/div>\n\t\t<\/div>\n\t\t\t\t\t<\/div>\n\t\t<\/section>\n\t\t\t\t<section class=\"elementor-section elementor-top-section elementor-element elementor-element-15524ecf elementor-section-boxed elementor-section-height-default elementor-section-height-default\" data-id=\"15524ecf\" data-element_type=\"section\" data-e-type=\"section\">\n\t\t\t\t\t\t<div class=\"elementor-container elementor-column-gap-default\">\n\t\t\t\t\t<div class=\"elementor-column elementor-col-100 elementor-top-column elementor-element elementor-element-4351c3f3\" data-id=\"4351c3f3\" data-element_type=\"column\" data-e-type=\"column\">\n\t\t\t<div class=\"elementor-widget-wrap elementor-element-populated\">\n\t\t\t\t\t\t<div class=\"elementor-element elementor-element-7411edbe elementor-widget elementor-widget-shortcode\" data-id=\"7411edbe\" data-element_type=\"widget\" data-e-type=\"widget\" data-widget_type=\"shortcode.default\">\n\t\t\t\t<div class=\"elementor-widget-container\">\n\t\t\t\t\t\t\t<div class=\"elementor-shortcode\"><nav aria-label=\"breadcrumbs\">\n            <div class=\"breadcrumb-container theme1\">\n                <ol>\n                                    <\/ol>\n            <\/div>\n        <\/nav>    <script type=\"application\/ld+json\">\n        {\n            \"@context\": \"http:\/\/schema.org\",\n            \"@type\": \"BreadcrumbList\",\n            \"itemListElement\": [\n                            ]\n        }\n    <\/script>\n   \n    <script>\n            <\/script>\n<\/div>\n\t\t\t\t\t\t<\/div>\n\t\t\t\t<\/div>\n\t\t\t\t\t<\/div>\n\t\t<\/div>\n\t\t\t\t\t<\/div>\n\t\t<\/section>\n\t\t\t\t<section class=\"elementor-section elementor-top-section elementor-element elementor-element-68c91f44 elementor-section-boxed elementor-section-height-default elementor-section-height-default\" data-id=\"68c91f44\" data-element_type=\"section\" data-e-type=\"section\">\n\t\t\t\t\t\t<div class=\"elementor-container elementor-column-gap-default\">\n\t\t\t\t\t<div class=\"elementor-column elementor-col-100 elementor-top-column elementor-element elementor-element-2a34daf6\" data-id=\"2a34daf6\" data-element_type=\"column\" data-e-type=\"column\">\n\t\t\t<div class=\"elementor-widget-wrap elementor-element-populated\">\n\t\t\t\t\t\t<div class=\"elementor-element elementor-element-a5cc9f1 elementor-widget elementor-widget-text-editor\" data-id=\"a5cc9f1\" data-element_type=\"widget\" data-e-type=\"widget\" data-widget_type=\"text-editor.default\">\n\t\t\t\t<div class=\"elementor-widget-container\">\n\t\t\t\t\t\t\t\t\t<p>Le CEREGE d\u00e9veloppe et utilise des <strong>plateformes et des\u00a0\u00e9quipements de pointe uniques au niveau national et international<\/strong>.<\/p><p>Les \u00e9quipements, pilot\u00e9s par\u00a0des <strong>personnels techniques qualifi\u00e9s<\/strong> au sein de nombreux laboratoires et plateformes, sont regroup\u00e9s en p\u00f4les techniques rattach\u00e9s aux 4 \u00e9quipes de recherche du CEREGE.<\/p><p>Parmi les \u00e9quipements exceptionnels, on compte le <a href=\"https:\/\/www.cerege.fr\/equipements\/moyen-national-aster-ln2c-2\/\" target=\"_blank\" rel=\"noopener\">Laboratoire National des Nucl\u00e9ides Cosmog\u00e9niques (LN2C)<\/a> h\u00e9bergeant l&#8217;acc\u00e9l\u00e9rateur ASTER, labellis\u00e9 \u00abinstrument national\u00bb CNRS-INSU, le <a href=\"https:\/\/www.cerege.fr\/equipements\/poles-techniques\/geochimie-organique-inorganique-et-isotopique-2\/\" target=\"_blank\" rel=\"noopener\">spectrom\u00e8tre Aix-MICADAS (laboratoire LGO2i)<\/a>, les <a href=\"https:\/\/www.cerege.fr\/equipements\/poles-techniques\/isotopes-radiogeniques-et-non-conventionnels-envitop\/outils-plateforme-envitop\/\" target=\"_blank\" rel=\"noopener\">spectrom\u00e8tres HR et MC-ICPMS (plateforme ENVITOP)<\/a> et <a href=\"https:\/\/www.cerege.fr\/equipements\/poles-techniques\/analyse-des-isotopes-stables-paniss-2\/outils\/\" target=\"_blank\" rel=\"noopener\">IRMS (plateforme PANISS)<\/a> ainsi que les <a href=\"https:\/\/www.cerege.fr\/equipements\/poles-techniques\/imagerie-2d-et-3d-par-rayons-x-matrix\/outils-matrix\/\" target=\"_blank\" rel=\"noopener\">micro et nano-tomographes RX (plateforme MATRIX)<\/a>.<\/p><p>Le CEREGE\u00a0<strong>d\u00e9veloppe \u00e9galement en interne des instruments uniques et innovants<\/strong> : des dispositifs robotis\u00e9s de tri, des spectrom\u00e8tres RX, des plateformes de m\u00e9socosmes aquatiques, un banc de visualisation haute d\u00e9finition de carottes s\u00e9dimentaires, des magn\u00e9tom\u00e8tres et susceptibilim\u00e8tres \u2026<\/p><p>Cinq plateformes du CEREGE font partie de l\u2019<a href=\"https:\/\/www.regef.fr\" target=\"_blank\" rel=\"noopener\">infrastructure de recherche\u00a0R\u00e9GEF<\/a> (r\u00e9seau g\u00e9ochimique et exp\u00e9rimental fran\u00e7ais, CNRS-INSU) et six plateformes b\u00e9n\u00e9ficient de la labellisation \u00ab\u00a0<a href=\"https:\/\/plateformes.univ-amu.fr\/fr\" target=\"_blank\" rel=\"noopener\">Plateforme Technologique Aix-Marseille<\/a>\u00a0\u00bb (Aix-Marseille Universit\u00e9, CNRS, INSERM).<\/p><p>L&#8217;ouverture \u00e0 d&#8217;autres laboratoires acad\u00e9miques ou industriels pour de la prestation externe est en particulier propos\u00e9e par les plateformes labellis\u00e9es &#8220;<a href=\"https:\/\/www.univ-amu.fr\/fr\/public\/les-plateformes-technologiques\" target=\"_blank\" rel=\"noopener\">Plateforme Technologique Aix-Marseille<\/a>&#8220;.<\/p>\t\t\t\t\t\t\t\t<\/div>\n\t\t\t\t<\/div>\n\t\t\t\t\t<\/div>\n\t\t<\/div>\n\t\t\t\t\t<\/div>\n\t\t<\/section>\n\t\t\t\t<section class=\"elementor-section elementor-top-section elementor-element elementor-element-dcee77b elementor-section-boxed elementor-section-height-default elementor-section-height-default\" data-id=\"dcee77b\" data-element_type=\"section\" data-e-type=\"section\" data-settings=\"{&quot;background_background&quot;:&quot;classic&quot;}\">\n\t\t\t\t\t\t<div class=\"elementor-container elementor-column-gap-default\">\n\t\t\t\t\t<div class=\"elementor-column elementor-col-100 elementor-top-column elementor-element elementor-element-c59ced7\" data-id=\"c59ced7\" data-element_type=\"column\" data-e-type=\"column\">\n\t\t\t<div class=\"elementor-widget-wrap elementor-element-populated\">\n\t\t\t\t\t\t<div class=\"elementor-element elementor-element-66bfc30 elementor-widget__width-initial science_image_box eael-infobox-shape-square eael-infobox-hover-img-shape-square elementor-widget elementor-widget-eael-info-box\" data-id=\"66bfc30\" data-element_type=\"widget\" data-e-type=\"widget\" data-widget_type=\"eael-info-box.default\">\n\t\t\t\t<div class=\"elementor-widget-container\">\n\t\t\t\t\t            <a href=\"https:\/\/www.cerege.fr\/equipements\/poles-techniques\/\">\n\t            <div class=\"eael-infobox icon-on-top\">\n\t            <div class=\"infobox-icon\">\n\n                            <img decoding=\"async\" src=\"https:\/\/www.cerege.fr\/wp-content\/uploads\/elementor\/thumbs\/CNRS_20210103_0066-scaled-puqpq4vgt2o45nx4n8ib5nn8kh41of0pllqr02pfv0.jpg\" alt=\"\">\n            \n            \n            \n        <\/div>\n            <div class=\"infobox-content\">\n                    <div class=\"infobox-title-section\">\n                <h3 class=\"title\">P\u00f4les Techniques<\/h3>            <\/div>\n            <div><p>Le parc analytique du CEREGE, rattach\u00e9 aux \u00e9quipes de recherche, est regroup\u00e9 en p\u00f4les techniques: G\u00e9ochimie, Imagerie, G\u00e9ophysique, Mod\u00e9lisation et Calculs, Terrain, Pr\u00e9paration \u00e9chantillons, Eco-technologies.<\/p><\/div>        <\/div>\n            <\/div>\n\n\t\t            <\/a>\n\t\t\t\t\t\t<\/div>\n\t\t\t\t<\/div>\n\t\t\t\t<div class=\"elementor-element elementor-element-b117f93 elementor-widget__width-initial science_image_box eael-infobox-shape-square eael-infobox-hover-img-shape-square elementor-widget elementor-widget-eael-info-box\" data-id=\"b117f93\" data-element_type=\"widget\" data-e-type=\"widget\" data-widget_type=\"eael-info-box.default\">\n\t\t\t\t<div class=\"elementor-widget-container\">\n\t\t\t\t\t            <a href=\"https:\/\/www.cerege.fr\/fr\/equipment\/laboratoire-national-des-nucleides-cosmogeniques\/\">\n\t            <div class=\"eael-infobox icon-on-top\">\n\t            <div class=\"infobox-icon\">\n\n                            <img decoding=\"async\" src=\"https:\/\/www.cerege.fr\/wp-content\/uploads\/elementor\/thumbs\/CNRS_20210103_0073-scaled-puqq4lm1zagytmwq6hlmj08lnxte4qg0975qvd9c3w.jpg\" alt=\"\">\n            \n            \n            \n        <\/div>\n            <div class=\"infobox-content\">\n                    <div class=\"infobox-title-section\">\n                <h3 class=\"title\">Instrument National LN2C-ASTER<\/h3>            <\/div>\n            <div><p>Le CEREGE h\u00e9berge le Laboratoire National des Nucl\u00e9ides Cosmog\u00e9niques (ASTER-LN2C, comprenant une plateforme de pr\u00e9paration chimique et l\u2019Instrument ASTER), inclus dans l\u2019Infrastructure de Recherche R\u00e9GEF.<\/p><\/div>        <\/div>\n            <\/div>\n\n\t\t            <\/a>\n\t\t\t\t\t\t<\/div>\n\t\t\t\t<\/div>\n\t\t\t\t<div class=\"elementor-element elementor-element-abcab89 elementor-widget__width-initial science_image_box eael-infobox-shape-square eael-infobox-hover-img-shape-square elementor-widget elementor-widget-eael-info-box\" data-id=\"abcab89\" data-element_type=\"widget\" data-e-type=\"widget\" data-widget_type=\"eael-info-box.default\">\n\t\t\t\t<div class=\"elementor-widget-container\">\n\t\t\t\t\t            <a href=\"https:\/\/www.cerege.fr\/equipements\/investissements-davenir\/\">\n\t            <div class=\"eael-infobox icon-on-top\">\n\t            <div class=\"infobox-icon\">\n\n                            <img decoding=\"async\" src=\"https:\/\/www.cerege.fr\/wp-content\/uploads\/elementor\/thumbs\/equipexnanoid2-puqqzsv6ub6m7nl4zh4ssmsfje10n1b8vmqzd0zvkc.jpg\" alt=\"\">\n            \n            \n            \n        <\/div>\n            <div class=\"infobox-content\">\n                    <div class=\"infobox-title-section\">\n                <h3 class=\"title\">Equipements d'excellence<\/h3>            <\/div>\n            <div><p>Le CEREGE est laur\u00e9at de l\u2019appel d\u2019offre Equipex ainsi que de Programmes d&#8217;Investissement d&#8217;Avenir (PIA)<\/p><\/div>        <\/div>\n            <\/div>\n\n\t\t            <\/a>\n\t\t\t\t\t\t<\/div>\n\t\t\t\t<\/div>\n\t\t\t\t\t<\/div>\n\t\t<\/div>\n\t\t\t\t\t<\/div>\n\t\t<\/section>\n\t\t\t\t<\/div>\n\t\t","protected":false},"excerpt":{"rendered":"<p>Le CEREGE d\u00e9veloppe et utilise des plateformes et des\u00a0\u00e9quipements de pointe uniques au niveau national et international. Les \u00e9quipements, pilot\u00e9s par\u00a0des personnels techniques qualifi\u00e9s au sein de nombreux laboratoires et [&hellip;]<\/p>\n","protected":false},"author":1,"featured_media":9052,"parent":0,"menu_order":3,"comment_status":"closed","ping_status":"closed","template":"","meta":{"_acf_changed":false,"footnotes":""},"class_list":["post-818","page","type-page","status-publish","has-post-thumbnail","hentry"],"acf":[],"publishpress_future_action":{"enabled":false,"date":"2026-04-24 09:18:29","action":"change-status","newStatus":"draft","terms":[],"taxonomy":"","extraData":[]},"publishpress_future_workflow_manual_trigger":{"enabledWorkflows":[]},"_links":{"self":[{"href":"https:\/\/www.cerege.fr\/fr\/wp-json\/wp\/v2\/pages\/818","targetHints":{"allow":["GET"]}}],"collection":[{"href":"https:\/\/www.cerege.fr\/fr\/wp-json\/wp\/v2\/pages"}],"about":[{"href":"https:\/\/www.cerege.fr\/fr\/wp-json\/wp\/v2\/types\/page"}],"author":[{"embeddable":true,"href":"https:\/\/www.cerege.fr\/fr\/wp-json\/wp\/v2\/users\/1"}],"replies":[{"embeddable":true,"href":"https:\/\/www.cerege.fr\/fr\/wp-json\/wp\/v2\/comments?post=818"}],"version-history":[{"count":5,"href":"https:\/\/www.cerege.fr\/fr\/wp-json\/wp\/v2\/pages\/818\/revisions"}],"predecessor-version":[{"id":23249,"href":"https:\/\/www.cerege.fr\/fr\/wp-json\/wp\/v2\/pages\/818\/revisions\/23249"}],"wp:featuredmedia":[{"embeddable":true,"href":"https:\/\/www.cerege.fr\/fr\/wp-json\/wp\/v2\/media\/9052"}],"wp:attachment":[{"href":"https:\/\/www.cerege.fr\/fr\/wp-json\/wp\/v2\/media?parent=818"}],"curies":[{"name":"wp","href":"https:\/\/api.w.org\/{rel}","templated":true}]}}