{"id":819,"date":"2022-06-21T16:56:56","date_gmt":"2022-06-21T14:56:56","guid":{"rendered":"https:\/\/www.cerege.fr\/formation\/"},"modified":"2023-04-06T15:44:35","modified_gmt":"2023-04-06T13:44:35","slug":"formations","status":"publish","type":"page","link":"https:\/\/www.cerege.fr\/fr\/formations\/","title":{"rendered":"Formation"},"content":{"rendered":"\t\t<div data-elementor-type=\"wp-page\" data-elementor-id=\"819\" class=\"elementor elementor-819\" data-elementor-post-type=\"page\">\n\t\t\t\t\t\t<section class=\"elementor-section elementor-top-section elementor-element elementor-element-2e0717e1 elementor-section-full_width elementor-section-height-min-height elementor-section-height-default elementor-section-items-middle\" data-id=\"2e0717e1\" data-element_type=\"section\" data-e-type=\"section\" data-settings=\"{&quot;background_background&quot;:&quot;classic&quot;}\">\n\t\t\t\t\t\t<div class=\"elementor-container elementor-column-gap-default\">\n\t\t\t\t\t<div class=\"elementor-column elementor-col-100 elementor-top-column elementor-element elementor-element-1c688f5\" data-id=\"1c688f5\" data-element_type=\"column\" data-e-type=\"column\">\n\t\t\t<div class=\"elementor-widget-wrap\">\n\t\t\t\t\t\t\t<\/div>\n\t\t<\/div>\n\t\t\t\t\t<\/div>\n\t\t<\/section>\n\t\t\t\t<section class=\"elementor-section elementor-top-section elementor-element elementor-element-4c2c7f9 elementor-section-boxed elementor-section-height-default elementor-section-height-default\" data-id=\"4c2c7f9\" data-element_type=\"section\" data-e-type=\"section\">\n\t\t\t\t\t\t<div class=\"elementor-container elementor-column-gap-default\">\n\t\t\t\t\t<div class=\"elementor-column elementor-col-100 elementor-top-column elementor-element elementor-element-70915837\" data-id=\"70915837\" data-element_type=\"column\" data-e-type=\"column\">\n\t\t\t<div class=\"elementor-widget-wrap elementor-element-populated\">\n\t\t\t\t\t\t<div class=\"elementor-element elementor-element-7564c121 elementor-widget elementor-widget-shortcode\" data-id=\"7564c121\" data-element_type=\"widget\" data-e-type=\"widget\" data-widget_type=\"shortcode.default\">\n\t\t\t\t<div class=\"elementor-widget-container\">\n\t\t\t\t\t\t\t<div class=\"elementor-shortcode\"><nav aria-label=\"breadcrumbs\">\n            <div class=\"breadcrumb-container theme1\">\n                <ol>\n                                    <\/ol>\n            <\/div>\n        <\/nav>    <script type=\"application\/ld+json\">\n        {\n            \"@context\": \"http:\/\/schema.org\",\n            \"@type\": \"BreadcrumbList\",\n            \"itemListElement\": [\n                            ]\n        }\n    <\/script>\n   \n    <script>\n            <\/script>\n<\/div>\n\t\t\t\t\t\t<\/div>\n\t\t\t\t<\/div>\n\t\t\t\t<section class=\"elementor-section elementor-inner-section elementor-element elementor-element-37044e99 elementor-reverse-mobile elementor-section-boxed elementor-section-height-default elementor-section-height-default\" data-id=\"37044e99\" data-element_type=\"section\" data-e-type=\"section\">\n\t\t\t\t\t\t<div class=\"elementor-container elementor-column-gap-default\">\n\t\t\t\t\t<div class=\"elementor-column elementor-col-50 elementor-inner-column elementor-element elementor-element-4253962a\" data-id=\"4253962a\" data-element_type=\"column\" data-e-type=\"column\">\n\t\t\t<div class=\"elementor-widget-wrap elementor-element-populated\">\n\t\t\t\t\t\t<div class=\"elementor-element elementor-element-3e0b5aad gallery-spacing-custom elementor-widget elementor-widget-image-gallery\" data-id=\"3e0b5aad\" data-element_type=\"widget\" data-e-type=\"widget\" data-widget_type=\"image-gallery.default\">\n\t\t\t\t<div class=\"elementor-widget-container\">\n\t\t\t\t\t\t\t<div class=\"elementor-image-gallery\">\n\t\t\t<div id='gallery-1' class='gallery galleryid-819 gallery-columns-2 gallery-size-medium'><figure class='gallery-item'>\n\t\t\t<div class='gallery-icon landscape'>\n\t\t\t\t<a data-elementor-open-lightbox=\"yes\" data-elementor-lightbox-slideshow=\"3e0b5aad\" data-elementor-lightbox-title=\"\u00a9CEREGE_ASTER_Reportage245\" data-e-action-hash=\"#elementor-action%3Aaction%3Dlightbox%26settings%3DeyJpZCI6NjMwNCwidXJsIjoiaHR0cHM6XC9cL3d3dy5jZXJlZ2UuZnJcL3dwLWNvbnRlbnRcL3VwbG9hZHNcLzIwMjJcLzEwXC9cdTAwYTlDRVJFR0VfQVNURVJfUmVwb3J0YWdlMjQ1LXNjYWxlZC5qcGciLCJzbGlkZXNob3ciOiIzZTBiNWFhZCJ9\" href='https:\/\/www.cerege.fr\/wp-content\/uploads\/2022\/10\/\u00a9CEREGE_ASTER_Reportage245-scaled.jpg'><img fetchpriority=\"high\" decoding=\"async\" width=\"300\" height=\"169\" src=\"https:\/\/www.cerege.fr\/wp-content\/uploads\/2022\/10\/\u00a9CEREGE_ASTER_Reportage245-300x169.jpg\" class=\"attachment-medium size-medium\" alt=\"\" srcset=\"https:\/\/www.cerege.fr\/wp-content\/uploads\/2022\/10\/\u00a9CEREGE_ASTER_Reportage245-300x169.jpg 300w, https:\/\/www.cerege.fr\/wp-content\/uploads\/2022\/10\/\u00a9CEREGE_ASTER_Reportage245-1024x577.jpg 1024w, https:\/\/www.cerege.fr\/wp-content\/uploads\/2022\/10\/\u00a9CEREGE_ASTER_Reportage245-768x432.jpg 768w, https:\/\/www.cerege.fr\/wp-content\/uploads\/2022\/10\/\u00a9CEREGE_ASTER_Reportage245-1536x865.jpg 1536w, https:\/\/www.cerege.fr\/wp-content\/uploads\/2022\/10\/\u00a9CEREGE_ASTER_Reportage245-scaled.jpg 2048w, https:\/\/www.cerege.fr\/wp-content\/uploads\/2022\/10\/\u00a9CEREGE_ASTER_Reportage245-18x10.jpg 18w, https:\/\/www.cerege.fr\/wp-content\/uploads\/2022\/10\/\u00a9CEREGE_ASTER_Reportage245-1320x743.jpg 1320w\" sizes=\"(max-width: 300px) 100vw, 300px\" \/><\/a>\n\t\t\t<\/div><\/figure><figure class='gallery-item'>\n\t\t\t<div class='gallery-icon landscape'>\n\t\t\t\t<a data-elementor-open-lightbox=\"yes\" data-elementor-lightbox-slideshow=\"3e0b5aad\" data-elementor-lightbox-title=\"CEREGE_formation_CIVIS31\" data-e-action-hash=\"#elementor-action%3Aaction%3Dlightbox%26settings%3DeyJpZCI6NjMxNCwidXJsIjoiaHR0cHM6XC9cL3d3dy5jZXJlZ2UuZnJcL3dwLWNvbnRlbnRcL3VwbG9hZHNcLzIwMjJcLzEwXC9DRVJFR0VfZm9ybWF0aW9uX0NJVklTMzEtc2NhbGVkLmpwZyIsInNsaWRlc2hvdyI6IjNlMGI1YWFkIn0%3D\" href='https:\/\/www.cerege.fr\/wp-content\/uploads\/2022\/10\/CEREGE_formation_CIVIS31-scaled.jpg'><img decoding=\"async\" width=\"300\" height=\"169\" src=\"https:\/\/www.cerege.fr\/wp-content\/uploads\/2022\/10\/CEREGE_formation_CIVIS31-300x169.jpg\" class=\"attachment-medium size-medium\" alt=\"\" srcset=\"https:\/\/www.cerege.fr\/wp-content\/uploads\/2022\/10\/CEREGE_formation_CIVIS31-300x169.jpg 300w, https:\/\/www.cerege.fr\/wp-content\/uploads\/2022\/10\/CEREGE_formation_CIVIS31-1024x577.jpg 1024w, https:\/\/www.cerege.fr\/wp-content\/uploads\/2022\/10\/CEREGE_formation_CIVIS31-768x432.jpg 768w, https:\/\/www.cerege.fr\/wp-content\/uploads\/2022\/10\/CEREGE_formation_CIVIS31-1536x865.jpg 1536w, https:\/\/www.cerege.fr\/wp-content\/uploads\/2022\/10\/CEREGE_formation_CIVIS31-scaled.jpg 2048w, https:\/\/www.cerege.fr\/wp-content\/uploads\/2022\/10\/CEREGE_formation_CIVIS31-18x10.jpg 18w, https:\/\/www.cerege.fr\/wp-content\/uploads\/2022\/10\/CEREGE_formation_CIVIS31-1320x743.jpg 1320w\" sizes=\"(max-width: 300px) 100vw, 300px\" \/><\/a>\n\t\t\t<\/div><\/figure><figure class='gallery-item'>\n\t\t\t<div class='gallery-icon landscape'>\n\t\t\t\t<a data-elementor-open-lightbox=\"yes\" data-elementor-lightbox-slideshow=\"3e0b5aad\" data-elementor-lightbox-title=\"CEREGE_formation_CIVIS55\" data-e-action-hash=\"#elementor-action%3Aaction%3Dlightbox%26settings%3DeyJpZCI6NjMxNSwidXJsIjoiaHR0cHM6XC9cL3d3dy5jZXJlZ2UuZnJcL3dwLWNvbnRlbnRcL3VwbG9hZHNcLzIwMjJcLzEwXC9DRVJFR0VfZm9ybWF0aW9uX0NJVklTNTUtc2NhbGVkLmpwZyIsInNsaWRlc2hvdyI6IjNlMGI1YWFkIn0%3D\" href='https:\/\/www.cerege.fr\/wp-content\/uploads\/2022\/10\/CEREGE_formation_CIVIS55-scaled.jpg'><img decoding=\"async\" width=\"300\" height=\"169\" src=\"https:\/\/www.cerege.fr\/wp-content\/uploads\/2022\/10\/CEREGE_formation_CIVIS55-300x169.jpg\" class=\"attachment-medium size-medium\" alt=\"\" srcset=\"https:\/\/www.cerege.fr\/wp-content\/uploads\/2022\/10\/CEREGE_formation_CIVIS55-300x169.jpg 300w, https:\/\/www.cerege.fr\/wp-content\/uploads\/2022\/10\/CEREGE_formation_CIVIS55-1024x577.jpg 1024w, https:\/\/www.cerege.fr\/wp-content\/uploads\/2022\/10\/CEREGE_formation_CIVIS55-768x432.jpg 768w, https:\/\/www.cerege.fr\/wp-content\/uploads\/2022\/10\/CEREGE_formation_CIVIS55-1536x865.jpg 1536w, https:\/\/www.cerege.fr\/wp-content\/uploads\/2022\/10\/CEREGE_formation_CIVIS55-scaled.jpg 2048w, https:\/\/www.cerege.fr\/wp-content\/uploads\/2022\/10\/CEREGE_formation_CIVIS55-18x10.jpg 18w, https:\/\/www.cerege.fr\/wp-content\/uploads\/2022\/10\/CEREGE_formation_CIVIS55-1320x743.jpg 1320w\" sizes=\"(max-width: 300px) 100vw, 300px\" \/><\/a>\n\t\t\t<\/div><\/figure><figure class='gallery-item'>\n\t\t\t<div class='gallery-icon landscape'>\n\t\t\t\t<a data-elementor-open-lightbox=\"yes\" data-elementor-lightbox-slideshow=\"3e0b5aad\" data-elementor-lightbox-title=\"DSC_0679\" data-e-action-hash=\"#elementor-action%3Aaction%3Dlightbox%26settings%3DeyJpZCI6NjM2NywidXJsIjoiaHR0cHM6XC9cL3d3dy5jZXJlZ2UuZnJcL3dwLWNvbnRlbnRcL3VwbG9hZHNcLzIwMjJcLzEwXC9EU0NfMDY3OS1zY2FsZWQuanBnIiwic2xpZGVzaG93IjoiM2UwYjVhYWQifQ%3D%3D\" href='https:\/\/www.cerege.fr\/wp-content\/uploads\/2022\/10\/DSC_0679-scaled.jpg'><img loading=\"lazy\" decoding=\"async\" width=\"300\" height=\"171\" src=\"https:\/\/www.cerege.fr\/wp-content\/uploads\/2022\/10\/DSC_0679-300x171.jpg\" class=\"attachment-medium size-medium\" alt=\"\" srcset=\"https:\/\/www.cerege.fr\/wp-content\/uploads\/2022\/10\/DSC_0679-300x171.jpg 300w, https:\/\/www.cerege.fr\/wp-content\/uploads\/2022\/10\/DSC_0679-1024x585.jpg 1024w, https:\/\/www.cerege.fr\/wp-content\/uploads\/2022\/10\/DSC_0679-768x439.jpg 768w, https:\/\/www.cerege.fr\/wp-content\/uploads\/2022\/10\/DSC_0679-1536x878.jpg 1536w, https:\/\/www.cerege.fr\/wp-content\/uploads\/2022\/10\/DSC_0679-scaled.jpg 2048w, https:\/\/www.cerege.fr\/wp-content\/uploads\/2022\/10\/DSC_0679-18x10.jpg 18w, https:\/\/www.cerege.fr\/wp-content\/uploads\/2022\/10\/DSC_0679-1320x754.jpg 1320w\" sizes=\"(max-width: 300px) 100vw, 300px\" \/><\/a>\n\t\t\t<\/div><\/figure>\n\t\t<\/div>\n\t\t<\/div>\n\t\t\t\t\t\t<\/div>\n\t\t\t\t<\/div>\n\t\t\t\t<div class=\"elementor-element elementor-element-17f0126 elementor-widget-divider--view-line elementor-widget elementor-widget-divider\" data-id=\"17f0126\" data-element_type=\"widget\" data-e-type=\"widget\" data-widget_type=\"divider.default\">\n\t\t\t\t<div class=\"elementor-widget-container\">\n\t\t\t\t\t\t\t<div class=\"elementor-divider\">\n\t\t\t<span class=\"elementor-divider-separator\">\n\t\t\t\t\t\t<\/span>\n\t\t<\/div>\n\t\t\t\t\t\t<\/div>\n\t\t\t\t<\/div>\n\t\t\t\t<div class=\"elementor-element elementor-element-c5de50d elementor-widget elementor-widget-text-editor\" data-id=\"c5de50d\" data-element_type=\"widget\" data-e-type=\"widget\" data-widget_type=\"text-editor.default\">\n\t\t\t\t<div class=\"elementor-widget-container\">\n\t\t\t\t\t\t\t\t\t<p><a href=\"https:\/\/www.cerege.fr\/formations\/offres-de-stages-m1-m2\/\">Offres de Stages M1 et M2<\/a><br \/>D\u00e9couvrir le monde de la recherche dans le cadre d\u2019un stage de master.<\/p><p><a href=\"https:\/\/www.cerege.fr\/formations\/offres-de-theses\/\">Offres de th\u00e8ses<\/a><br \/>Faire un doctorat au CEREGE.<\/p>\t\t\t\t\t\t\t\t<\/div>\n\t\t\t\t<\/div>\n\t\t\t\t\t<\/div>\n\t\t<\/div>\n\t\t\t\t<div class=\"elementor-column elementor-col-50 elementor-inner-column elementor-element elementor-element-1569c48e\" data-id=\"1569c48e\" data-element_type=\"column\" data-e-type=\"column\">\n\t\t\t<div class=\"elementor-widget-wrap elementor-element-populated\">\n\t\t\t\t\t\t<div class=\"elementor-element elementor-element-3519ee5c elementor-widget elementor-widget-text-editor\" data-id=\"3519ee5c\" data-element_type=\"widget\" data-e-type=\"widget\" data-widget_type=\"text-editor.default\">\n\t\t\t\t<div class=\"elementor-widget-container\">\n\t\t\t\t\t\t\t\t\t<p>Depuis la premi\u00e8re ann\u00e9e de Licence jusqu\u2019au Doctorat, le CEREGE et ses personnels portent l\u2019enseignement des Sciences de la Terre et de l\u2019Environnement \u00e0 AMU.<\/p><p>Nos formations s\u2019appuient sur un large spectre d\u2019expertise permettant de couvrir un ensemble de disciplines allant de la pal\u00e9ontologie \u00e0 la plan\u00e9tologie, en passant par la g\u00e9ochimie, g\u00e9ologie ou encore g\u00e9ophysique. Des enseignements vari\u00e9s sont propos\u00e9s dans nos maquettes permettant l\u2019acquisition d\u2019une formation compl\u00e8te en G\u00e9osciences.<\/p><p>En plus des 40 enseignants-chercheurs d\u2019AMU travaillant au sein du CEREGE, de nombreux chercheurs et ing\u00e9nieurs s\u2019impliquent aussi dans nos formations pour partager leur expertise. Une des forces majeures de nos formations est le parc de plateformes exceptionnel du CEREGE permettant de former nos \u00e9tudiants aux techniques de pointes en Sciences de la Terre.<\/p><p>Au sein des premiers cycles universitaires d\u2019AMU, le CEREGE est principalement impliqu\u00e9 dans la <a href=\"https:\/\/formations.univ-amu.fr\/fr\/licence\/3SVT\" target=\"_blank\" rel=\"noopener\">Licence SVT<\/a> et son <a href=\"https:\/\/formations.univ-amu.fr\/fr\/licence\/3SVT\/PRSVT3AE\" target=\"_blank\" rel=\"noopener\">parcours Terre<\/a>. Les membres du CEREGE participent aussi activement aux enseignements d&#8217;autres parcours de la Licence SVT :<\/p><ul><li><a href=\"https:\/\/formations.univ-amu.fr\/fr\/licence\/3SVT\/PRSVT3AD\" target=\"_blank\" rel=\"noopener\">parcours Mer,<\/a><\/li><li><a href=\"https:\/\/formations.univ-amu.fr\/fr\/licence\/3SVT\/PRSVT3AF\" target=\"_blank\" rel=\"noopener\">parcours Sciences Biologiques et g\u00e9ologiques<\/a>,<\/li><li><a href=\"https:\/\/formations.univ-amu.fr\/fr\/licence\/3SVT\/PRSVT3AB\" target=\"_blank\" rel=\"noopener\">parcours Environnement, pollutions et milieux,<\/a><\/li><li><a href=\"https:\/\/formations.univ-amu.fr\/fr\/licence\/3SVT\/PRSVT3AC\" target=\"_blank\" rel=\"noopener\">parcours Homme et Environnement.<\/a><\/li><\/ul><p>Le CEREGE porte aussi la Licence <a href=\"https:\/\/formations.univ-amu.fr\/fr\/licence\/3SVT\/PRSVT3AJ\" target=\"_blank\" rel=\"noopener\">Technicien G\u00e9ologue<\/a>.<\/p><p>L\u2019OSU Pyth\u00e9as h\u00e9berge \u00e9galement un large spectre de <a href=\"https:\/\/masters.osupytheas.fr\/\" target=\"_blank\" rel=\"noopener\">Masters<\/a>, notamment dans le domaine des Sciences de la Terre et de l\u2019Environnement. Le CEREGE est fortement impliqu\u00e9 dans le <a href=\"https:\/\/www.cerege.fr\/formations\/masters\/\">Master Sciences de la Terre et des Plan\u00e8tes, Environnement (STPE)<\/a> et le <a href=\"https:\/\/www.cerege.fr\/formations\/masters-gee\/\">Master Gestion de l\u2019Environnement (GeE)<\/a><\/p><p>Les enseignants du CEREGE participent aussi aux enseignements de G\u00e9osciences au sein d\u2019autres masters\u00a0:<\/p><ul><li><a href=\"https:\/\/masters.osupytheas.fr\/formations\/master-mer\/\" target=\"_blank\" rel=\"noopener\">Master Sciences de la Mer<\/a><\/li><li><a href=\"https:\/\/sciences.univ-amu.fr\/fr\/formation\/masters\/master-bio-geosciences\/parcours-preparation-lagregation-sv-stu\" target=\"_blank\" rel=\"noopener\">Master Biog\u00e9osciences<\/a>, pr\u00e9parant \u00e0 l\u2019Agr\u00e9gation de SV-STU<\/li><li><a href=\"https:\/\/formations.univ-amu.fr\/fr\/master\/5HSA\/PRHSA5AE\" target=\"_blank\" rel=\"noopener\">Master Arch\u00e9ologie, Sciences pour l\u2019Arch\u00e9ologie<\/a><\/li><\/ul><p>Un <a href=\"https:\/\/www.cerege.fr\/formations\/cmi-geologie-des-ressources-et-du-developpement-durable\/\">CMI<\/a> et deux <a href=\"https:\/\/www.cerege.fr\/formations\/ecoles-doctorales\/\">\u00e9coles doctorales <\/a>viennent compl\u00e9ter et soutenir nos activit\u00e9s d\u2019enseignement.<\/p><p>Enfin les cours et les colloques de la <a href=\"https:\/\/www.college-de-france.fr\/chaire\/edouard-bard-evolution-du-climat-et-de-ocean-chaire-statutaire\" target=\"_blank\" rel=\"noopener\">chaire de l\u2019\u00e9volution du climat et de l\u2019oc\u00e9an<\/a> du <a href=\"https:\/\/www.cerege.fr\/fr\/formations\/enseignements-college-de-france\/\" target=\"_blank\" rel=\"noopener\">Coll\u00e8ge de France<\/a> sont publics et ouverts \u00e0 tous en pr\u00e9sentiel \u00e0 Paris ou occasionnellement hors de Paris, notamment \u00e0 Aix-Marseille.<\/p>\t\t\t\t\t\t\t\t<\/div>\n\t\t\t\t<\/div>\n\t\t\t\t\t<\/div>\n\t\t<\/div>\n\t\t\t\t\t<\/div>\n\t\t<\/section>\n\t\t\t\t\t<\/div>\n\t\t<\/div>\n\t\t\t\t\t<\/div>\n\t\t<\/section>\n\t\t\t\t<section class=\"elementor-section elementor-top-section elementor-element elementor-element-1f73c55 elementor-section-boxed elementor-section-height-default elementor-section-height-default\" data-id=\"1f73c55\" data-element_type=\"section\" data-e-type=\"section\">\n\t\t\t\t\t\t<div class=\"elementor-container elementor-column-gap-default\">\n\t\t\t\t\t<div class=\"elementor-column elementor-col-100 elementor-top-column elementor-element elementor-element-2ff7a458\" data-id=\"2ff7a458\" data-element_type=\"column\" data-e-type=\"column\">\n\t\t\t<div class=\"elementor-widget-wrap elementor-element-populated\">\n\t\t\t\t\t\t<section class=\"elementor-section elementor-inner-section elementor-element elementor-element-2e76d926 elementor-section-full_width elementor-section-height-default elementor-section-height-default\" data-id=\"2e76d926\" data-element_type=\"section\" data-e-type=\"section\">\n\t\t\t\t\t\t<div class=\"elementor-container elementor-column-gap-wider\">\n\t\t\t\t\t<div class=\"elementor-column elementor-col-100 elementor-inner-column elementor-element elementor-element-19e62850\" data-id=\"19e62850\" data-element_type=\"column\" data-e-type=\"column\">\n\t\t\t<div class=\"elementor-widget-wrap elementor-element-populated\">\n\t\t\t\t\t\t<div class=\"elementor-element elementor-element-93785a5 elementor-widget__width-initial science_image_box eael-infobox-shape-square eael-infobox-hover-img-shape-square elementor-widget elementor-widget-eael-info-box\" data-id=\"93785a5\" data-element_type=\"widget\" data-e-type=\"widget\" data-widget_type=\"eael-info-box.default\">\n\t\t\t\t<div class=\"elementor-widget-container\">\n\t\t\t\t\t            <a href=\"https:\/\/www.cerege.fr\/formations\/licence-svt\/\">\n\t            <div class=\"eael-infobox icon-on-top\">\n\t            <div class=\"infobox-icon\">\n\n                            <img decoding=\"async\" src=\"https:\/\/www.cerege.fr\/wp-content\/uploads\/elementor\/thumbs\/IMG_7943-e1678292558526-q37xz7hhz5uz8m5gdlokb5rxos2m70ksebtbjomyz0.jpg\" alt=\"\">\n            \n            \n            \n        <\/div>\n            <div class=\"infobox-content\">\n                    <div class=\"infobox-title-section\">\n                <h3 class=\"title\">Licence SVT- Parcours Terre<\/h3>            <\/div>\n            <div><p class=\"Standard\"><span style=\"color: black\">Une formation port\u00e9e par le CEREGE abordant tout le spectre des G\u00e9osciences<\/span><\/p><\/div>        <\/div>\n            <\/div>\n\n\t\t            <\/a>\n\t\t\t\t\t\t<\/div>\n\t\t\t\t<\/div>\n\t\t\t\t<div class=\"elementor-element elementor-element-5cec9de9 elementor-widget__width-initial science_image_box eael-infobox-shape-square eael-infobox-hover-img-shape-square elementor-widget elementor-widget-eael-info-box\" data-id=\"5cec9de9\" data-element_type=\"widget\" data-e-type=\"widget\" data-widget_type=\"eael-info-box.default\">\n\t\t\t\t<div class=\"elementor-widget-container\">\n\t\t\t\t\t            <a href=\"https:\/\/www.cerege.fr\/formations\/masters\/\">\n\t            <div class=\"eael-infobox icon-on-top\">\n\t            <div class=\"infobox-icon\">\n\n                            <img decoding=\"async\" src=\"https:\/\/www.cerege.fr\/wp-content\/uploads\/elementor\/thumbs\/CEREGE_Master_STPE367-q3k3fqjjbcerayj80zo012nsqtkqkt5ayb7h3i4x3g.jpg\" alt=\"\">\n            \n            \n            \n        <\/div>\n            <div class=\"infobox-content\">\n                    <div class=\"infobox-title-section\">\n                <h3 class=\"title\">Master STPE<\/h3>            <\/div>\n            <div><p class=\"Standard\"><span style=\"color: black\">Pour se sp\u00e9cialiser en Sciences de la Terre, des Plan\u00e8tes et de l\u2019Environnement<\/span><\/p><\/div>        <\/div>\n            <\/div>\n\n\t\t            <\/a>\n\t\t\t\t\t\t<\/div>\n\t\t\t\t<\/div>\n\t\t\t\t<div class=\"elementor-element elementor-element-24c9aeb elementor-widget__width-initial science_image_box eael-infobox-shape-square eael-infobox-hover-img-shape-square elementor-widget elementor-widget-eael-info-box\" data-id=\"24c9aeb\" data-element_type=\"widget\" data-e-type=\"widget\" data-widget_type=\"eael-info-box.default\">\n\t\t\t\t<div class=\"elementor-widget-container\">\n\t\t\t\t\t            <a href=\"https:\/\/www.cerege.fr\/formations\/masters\/\">\n\t            <div class=\"eael-infobox icon-on-top\">\n\t            <div class=\"infobox-icon\">\n\n                            <img decoding=\"async\" src=\"https:\/\/www.cerege.fr\/wp-content\/uploads\/elementor\/thumbs\/CEREGE_Master_GeE382-scaled-q3jxvhz9ewas1fe29xq4d3pt2uitu17t384roh14lo.jpg\" alt=\"\">\n            \n            \n            \n        <\/div>\n            <div class=\"infobox-content\">\n                    <div class=\"infobox-title-section\">\n                <h3 class=\"title\">Master GeE<\/h3>            <\/div>\n            <div><p class=\"Standard\"><span style=\"color: black\">Pour se sp\u00e9cialiser en Gestion de l\u2019Environnement<\/span>.<\/p><\/div>        <\/div>\n            <\/div>\n\n\t\t            <\/a>\n\t\t\t\t\t\t<\/div>\n\t\t\t\t<\/div>\n\t\t\t\t<div class=\"elementor-element elementor-element-53e0984 elementor-widget__width-initial science_image_box eael-infobox-shape-square eael-infobox-hover-img-shape-square elementor-widget elementor-widget-eael-info-box\" data-id=\"53e0984\" data-element_type=\"widget\" data-e-type=\"widget\" data-widget_type=\"eael-info-box.default\">\n\t\t\t\t<div class=\"elementor-widget-container\">\n\t\t\t\t\t            <a href=\"https:\/\/www.cerege.fr\/formations\/cmi-geologie-des-ressources-et-du-developpement-durable\/\">\n\t            <div class=\"eael-infobox icon-on-top\">\n\t            <div class=\"infobox-icon\">\n\n                            <img decoding=\"async\" src=\"https:\/\/www.cerege.fr\/wp-content\/uploads\/elementor\/thumbs\/BMG_L_SVT_Terre_ROF-scaled-q3jylh8ob1v2xfnjknzws1pg58h1kvcqbt8w6siemk.jpg\" alt=\"\">\n            \n            \n            \n        <\/div>\n            <div class=\"infobox-content\">\n                    <div class=\"infobox-title-section\">\n                <h3 class=\"title\">CMI Geologie des Ressources et du Developpement Durable<\/h3>            <\/div>\n            <div><p class=\"Standard\"><span style=\"color: black\">Une formation de la licence au master<\/span><\/p><\/div>        <\/div>\n            <\/div>\n\n\t\t            <\/a>\n\t\t\t\t\t\t<\/div>\n\t\t\t\t<\/div>\n\t\t\t\t<div class=\"elementor-element elementor-element-be7a4d8 elementor-widget__width-initial science_image_box eael-infobox-shape-square eael-infobox-hover-img-shape-square elementor-widget elementor-widget-eael-info-box\" data-id=\"be7a4d8\" data-element_type=\"widget\" data-e-type=\"widget\" data-widget_type=\"eael-info-box.default\">\n\t\t\t\t<div class=\"elementor-widget-container\">\n\t\t\t\t\t            <a href=\"https:\/\/www.cerege.fr\/formations\/ecoles-doctorales\/\">\n\t            <div class=\"eael-infobox icon-on-top\">\n\t            <div class=\"infobox-icon\">\n\n                            <img decoding=\"async\" src=\"https:\/\/www.cerege.fr\/wp-content\/uploads\/elementor\/thumbs\/CEREGE_formation_doctorale_Nucleides_cosmo25-scaled-pwqi1wtwtzmtzi9i1ynk9whupxm0qnlqhxzgqbmsuk.jpg\" alt=\"\">\n            \n            \n            \n        <\/div>\n            <div class=\"infobox-content\">\n                    <div class=\"infobox-title-section\">\n                <h3 class=\"title\">Ecoles Doctorales<\/h3>            <\/div>\n            <div><p class=\"Standard\"><span style=\"color: black\">La formation doctorale au c\u0153ur de la recherche du CEREGE<\/span><\/p><\/div>        <\/div>\n            <\/div>\n\n\t\t            <\/a>\n\t\t\t\t\t\t<\/div>\n\t\t\t\t<\/div>\n\t\t\t\t<div class=\"elementor-element elementor-element-2832d8a elementor-widget__width-initial science_image_box eael-infobox-shape-square eael-infobox-hover-img-shape-square elementor-widget elementor-widget-eael-info-box\" data-id=\"2832d8a\" data-element_type=\"widget\" data-e-type=\"widget\" data-widget_type=\"eael-info-box.default\">\n\t\t\t\t<div class=\"elementor-widget-container\">\n\t\t\t\t\t            <a href=\"https:\/\/www.cerege.fr\/formations\/enseignements-college-de-france\/\">\n\t            <div class=\"eael-infobox icon-on-top\">\n\t            <div class=\"infobox-icon\">\n\n                            <img decoding=\"async\" src=\"https:\/\/www.cerege.fr\/wp-content\/uploads\/elementor\/thumbs\/College_de_France-q4khz3yxw1exmvv1mj8fjiuffsg9hrzk6iykp8t5sc.jpg\" alt=\"\">\n            \n            \n            \n        <\/div>\n            <div class=\"infobox-content\">\n                    <div class=\"infobox-title-section\">\n                <h3 class=\"title\">Enseignements du Coll\u00e8ge de France<\/h3>            <\/div>\n            <div><p class=\"Standard\"><span style=\"color: black\">Le Coll\u00e8ge de France promeut et enseigne la recherche en train de se faire dans les sciences, les lettres et les arts. <\/span><\/p><\/div>        <\/div>\n            <\/div>\n\n\t\t            <\/a>\n\t\t\t\t\t\t<\/div>\n\t\t\t\t<\/div>\n\t\t\t\t\t<\/div>\n\t\t<\/div>\n\t\t\t\t\t<\/div>\n\t\t<\/section>\n\t\t\t\t\t<\/div>\n\t\t<\/div>\n\t\t\t\t\t<\/div>\n\t\t<\/section>\n\t\t\t\t<\/div>\n\t\t","protected":false},"excerpt":{"rendered":"<p>Offres de Stages M1 et M2D\u00e9couvrir le monde de la recherche dans le cadre d\u2019un stage de master. Offres de th\u00e8sesFaire un doctorat au CEREGE. Depuis la premi\u00e8re ann\u00e9e de [&hellip;]<\/p>\n","protected":false},"author":1,"featured_media":6180,"parent":0,"menu_order":4,"comment_status":"closed","ping_status":"closed","template":"","meta":{"_acf_changed":false,"footnotes":""},"class_list":["post-819","page","type-page","status-publish","has-post-thumbnail","hentry"],"acf":[],"publishpress_future_action":{"enabled":false,"date":"2026-05-09 20:25:33","action":"change-status","newStatus":"draft","terms":[],"taxonomy":"","extraData":[]},"publishpress_future_workflow_manual_trigger":{"enabledWorkflows":[]},"_links":{"self":[{"href":"https:\/\/www.cerege.fr\/fr\/wp-json\/wp\/v2\/pages\/819","targetHints":{"allow":["GET"]}}],"collection":[{"href":"https:\/\/www.cerege.fr\/fr\/wp-json\/wp\/v2\/pages"}],"about":[{"href":"https:\/\/www.cerege.fr\/fr\/wp-json\/wp\/v2\/types\/page"}],"author":[{"embeddable":true,"href":"https:\/\/www.cerege.fr\/fr\/wp-json\/wp\/v2\/users\/1"}],"replies":[{"embeddable":true,"href":"https:\/\/www.cerege.fr\/fr\/wp-json\/wp\/v2\/comments?post=819"}],"version-history":[{"count":5,"href":"https:\/\/www.cerege.fr\/fr\/wp-json\/wp\/v2\/pages\/819\/revisions"}],"predecessor-version":[{"id":18338,"href":"https:\/\/www.cerege.fr\/fr\/wp-json\/wp\/v2\/pages\/819\/revisions\/18338"}],"wp:featuredmedia":[{"embeddable":true,"href":"https:\/\/www.cerege.fr\/fr\/wp-json\/wp\/v2\/media\/6180"}],"wp:attachment":[{"href":"https:\/\/www.cerege.fr\/fr\/wp-json\/wp\/v2\/media?parent=819"}],"curies":[{"name":"wp","href":"https:\/\/api.w.org\/{rel}","templated":true}]}}