{"id":821,"date":"2022-06-21T16:57:23","date_gmt":"2022-06-21T14:57:23","guid":{"rendered":"https:\/\/www.cerege.fr\/le-cerege\/notre-organisation\/"},"modified":"2025-10-20T14:23:42","modified_gmt":"2025-10-20T12:23:42","slug":"notre-organisation","status":"publish","type":"page","link":"https:\/\/www.cerege.fr\/fr\/le-cerege\/notre-organisation\/","title":{"rendered":"Notre organisation"},"content":{"rendered":"\t\t<div data-elementor-type=\"wp-page\" data-elementor-id=\"821\" class=\"elementor elementor-821\" data-elementor-post-type=\"page\">\n\t\t\t\t\t\t<section class=\"elementor-section elementor-top-section elementor-element elementor-element-3ec06c31 elementor-section-full_width elementor-section-height-min-height elementor-section-height-default elementor-section-items-middle\" data-id=\"3ec06c31\" data-element_type=\"section\" data-e-type=\"section\" data-settings=\"{&quot;background_background&quot;:&quot;classic&quot;}\">\n\t\t\t\t\t\t<div class=\"elementor-container elementor-column-gap-default\">\n\t\t\t\t\t<div class=\"elementor-column elementor-col-100 elementor-top-column elementor-element elementor-element-63d41c41\" data-id=\"63d41c41\" data-element_type=\"column\" data-e-type=\"column\">\n\t\t\t<div class=\"elementor-widget-wrap\">\n\t\t\t\t\t\t\t<\/div>\n\t\t<\/div>\n\t\t\t\t\t<\/div>\n\t\t<\/section>\n\t\t\t\t<section class=\"elementor-section elementor-top-section elementor-element elementor-element-494fb763 elementor-section-boxed elementor-section-height-default elementor-section-height-default\" data-id=\"494fb763\" data-element_type=\"section\" data-e-type=\"section\">\n\t\t\t\t\t\t<div class=\"elementor-container elementor-column-gap-default\">\n\t\t\t\t\t<div class=\"elementor-column elementor-col-100 elementor-top-column elementor-element elementor-element-18896e22\" data-id=\"18896e22\" data-element_type=\"column\" data-e-type=\"column\">\n\t\t\t<div class=\"elementor-widget-wrap elementor-element-populated\">\n\t\t\t\t\t\t<div class=\"elementor-element elementor-element-4eb0d9eb elementor-widget elementor-widget-shortcode\" data-id=\"4eb0d9eb\" data-element_type=\"widget\" data-e-type=\"widget\" data-widget_type=\"shortcode.default\">\n\t\t\t\t<div class=\"elementor-widget-container\">\n\t\t\t\t\t\t\t<div class=\"elementor-shortcode\"><nav aria-label=\"breadcrumbs\">\n            <div class=\"breadcrumb-container theme1\">\n                <ol>\n                                    <\/ol>\n            <\/div>\n        <\/nav>    <script type=\"application\/ld+json\">\n        {\n            \"@context\": \"http:\/\/schema.org\",\n            \"@type\": \"BreadcrumbList\",\n            \"itemListElement\": [\n                            ]\n        }\n    <\/script>\n   \n    <script>\n            <\/script>\n<\/div>\n\t\t\t\t\t\t<\/div>\n\t\t\t\t<\/div>\n\t\t\t\t<div class=\"elementor-element elementor-element-69da5f3 elementor-widget elementor-widget-text-editor\" data-id=\"69da5f3\" data-element_type=\"widget\" data-e-type=\"widget\" data-widget_type=\"text-editor.default\">\n\t\t\t\t<div class=\"elementor-widget-container\">\n\t\t\t\t\t\t\t\t\t<p style=\"text-align: left;\">Le CEREGE se structure autour d&#8217;instances d\u00e9cisionnelles et ex\u00e9cutives, le Comit\u00e9 de Direction et le Conseil d&#8217;Orientation Strat\u00e9gique (COS), ainsi qu&#8217;autour d&#8217;instances de proposition et de consultation : le Conseil de Laboratoire, la Commission Formation-Recherche et la Commission du Personnel.<\/p><p style=\"text-align: left;\">Le<strong> comit\u00e9 de direction<\/strong> ayant pris sa place au 1er janvier 2024, est constitu\u00e9 de 6 membres ayant des missions compl\u00e9mentaires: \u2028<br \/>. <strong>Lucilla Benedetti<\/strong>, DR CNRS, Directrice<br \/>. <strong>Najat Comte,<\/strong> CNRS, Responsable Administrative<br \/>. <strong>M\u00e9lanie Auffan,<\/strong> DR CNRS, Directrice Adjointe<br \/>. <strong>Laurence Vidal,<\/strong> Pr AMU, Directrice Adjointe.<br \/>. <strong>Daniel Borschneck<\/strong>, IR CNRS, Directeur Technique CEREGE Arbois<br \/>. <strong>Philippe L\u00e9onide,<\/strong> MCF AMU, Directeur Technique CEREGE St Charles<\/p><p style=\"text-align: left;\">Le CEREGE pr\u00e9sente quatre \u00c9quipes-Th\u00e9matiques (Climat, Environnement Durable, Terre et Plan\u00e8tes, Ressources Hydrosyst\u00e8mes et Carbonates) et un Service d&#8217;Appui \u00e0 la Recherche (SAR).<\/p><p>Par ailleurs des cellules, des commissions, des charg\u00e9s de mission et des r\u00e9f\u00e9rents, permettent un travail volontaire sur des sujets port\u00e9s par la direction: transition environnementale, parit\u00e9, collections, culture scientifique, doctorants&#8230;<\/p>\t\t\t\t\t\t\t\t<\/div>\n\t\t\t\t<\/div>\n\t\t\t\t<div class=\"elementor-element elementor-element-fac12a8 elementor-widget elementor-widget-image\" data-id=\"fac12a8\" data-element_type=\"widget\" data-e-type=\"widget\" data-widget_type=\"image.default\">\n\t\t\t\t<div class=\"elementor-widget-container\">\n\t\t\t\t\t\t\t\t\t\t\t\t\t\t\t<img decoding=\"async\" src=\"https:\/\/www.cerege.fr\/wp-content\/uploads\/2025\/03\/Organigramme-fonctionnel_100325.png\" title=\"\" alt=\"\" loading=\"lazy\" \/>\t\t\t\t\t\t\t\t\t\t\t\t\t\t\t<\/div>\n\t\t\t\t<\/div>\n\t\t\t\t<div class=\"elementor-element elementor-element-97e918a elementor-widget elementor-widget-image\" data-id=\"97e918a\" data-element_type=\"widget\" data-e-type=\"widget\" data-widget_type=\"image.default\">\n\t\t\t\t<div class=\"elementor-widget-container\">\n\t\t\t\t\t\t\t\t\t\t\t\t\t\t\t<img fetchpriority=\"high\" decoding=\"async\" width=\"800\" height=\"450\" src=\"https:\/\/www.cerege.fr\/wp-content\/uploads\/2025\/10\/Organigramme-fonctionnel-1024x576.jpg\" class=\"attachment-large size-large wp-image-28398\" alt=\"\" srcset=\"https:\/\/www.cerege.fr\/wp-content\/uploads\/2025\/10\/Organigramme-fonctionnel-1024x576.jpg 1024w, https:\/\/www.cerege.fr\/wp-content\/uploads\/2025\/10\/Organigramme-fonctionnel-300x169.jpg 300w, https:\/\/www.cerege.fr\/wp-content\/uploads\/2025\/10\/Organigramme-fonctionnel-768x432.jpg 768w, https:\/\/www.cerege.fr\/wp-content\/uploads\/2025\/10\/Organigramme-fonctionnel-1536x864.jpg 1536w, https:\/\/www.cerege.fr\/wp-content\/uploads\/2025\/10\/Organigramme-fonctionnel-scaled.jpg 2048w, https:\/\/www.cerege.fr\/wp-content\/uploads\/2025\/10\/Organigramme-fonctionnel-18x10.jpg 18w, https:\/\/www.cerege.fr\/wp-content\/uploads\/2025\/10\/Organigramme-fonctionnel-1320x743.jpg 1320w\" sizes=\"(max-width: 800px) 100vw, 800px\" \/>\t\t\t\t\t\t\t\t\t\t\t\t\t\t\t<\/div>\n\t\t\t\t<\/div>\n\t\t\t\t<div class=\"elementor-element elementor-element-ee1e3a1 elementor-widget elementor-widget-image\" data-id=\"ee1e3a1\" data-element_type=\"widget\" data-e-type=\"widget\" data-widget_type=\"image.default\">\n\t\t\t\t<div class=\"elementor-widget-container\">\n\t\t\t\t\t\t\t\t\t\t\t\t\t\t\t<img decoding=\"async\" width=\"800\" height=\"450\" src=\"https:\/\/www.cerege.fr\/wp-content\/uploads\/2025\/10\/Organigramme-hierarchique-1024x576.jpg\" class=\"attachment-large size-large wp-image-28399\" alt=\"\" srcset=\"https:\/\/www.cerege.fr\/wp-content\/uploads\/2025\/10\/Organigramme-hierarchique-1024x576.jpg 1024w, https:\/\/www.cerege.fr\/wp-content\/uploads\/2025\/10\/Organigramme-hierarchique-300x169.jpg 300w, https:\/\/www.cerege.fr\/wp-content\/uploads\/2025\/10\/Organigramme-hierarchique-768x432.jpg 768w, https:\/\/www.cerege.fr\/wp-content\/uploads\/2025\/10\/Organigramme-hierarchique-1536x864.jpg 1536w, https:\/\/www.cerege.fr\/wp-content\/uploads\/2025\/10\/Organigramme-hierarchique-scaled.jpg 2048w, https:\/\/www.cerege.fr\/wp-content\/uploads\/2025\/10\/Organigramme-hierarchique-18x10.jpg 18w, https:\/\/www.cerege.fr\/wp-content\/uploads\/2025\/10\/Organigramme-hierarchique-1320x743.jpg 1320w\" sizes=\"(max-width: 800px) 100vw, 800px\" \/>\t\t\t\t\t\t\t\t\t\t\t\t\t\t\t<\/div>\n\t\t\t\t<\/div>\n\t\t\t\t<div class=\"elementor-element elementor-element-579ea32 elementor-widget elementor-widget-image-gallery\" data-id=\"579ea32\" data-element_type=\"widget\" data-e-type=\"widget\" data-widget_type=\"image-gallery.default\">\n\t\t\t\t<div class=\"elementor-widget-container\">\n\t\t\t\t\t\t\t<div class=\"elementor-image-gallery\">\n\t\t\t\t\t<\/div>\n\t\t\t\t\t\t<\/div>\n\t\t\t\t<\/div>\n\t\t\t\t<div class=\"elementor-element elementor-element-a6ebdb3 elementor-widget-divider--view-line elementor-widget elementor-widget-divider\" data-id=\"a6ebdb3\" data-element_type=\"widget\" data-e-type=\"widget\" data-widget_type=\"divider.default\">\n\t\t\t\t<div class=\"elementor-widget-container\">\n\t\t\t\t\t\t\t<div class=\"elementor-divider\">\n\t\t\t<span class=\"elementor-divider-separator\">\n\t\t\t\t\t\t<\/span>\n\t\t<\/div>\n\t\t\t\t\t\t<\/div>\n\t\t\t\t<\/div>\n\t\t\t\t\t<\/div>\n\t\t<\/div>\n\t\t\t\t\t<\/div>\n\t\t<\/section>\n\t\t\t\t<section class=\"elementor-section elementor-top-section elementor-element elementor-element-91186a5 elementor-section-boxed elementor-section-height-default elementor-section-height-default\" data-id=\"91186a5\" data-element_type=\"section\" data-e-type=\"section\">\n\t\t\t\t\t\t<div class=\"elementor-container elementor-column-gap-default\">\n\t\t\t\t\t<div class=\"elementor-column elementor-col-33 elementor-top-column elementor-element elementor-element-1fa43ea\" data-id=\"1fa43ea\" data-element_type=\"column\" data-e-type=\"column\">\n\t\t\t<div class=\"elementor-widget-wrap elementor-element-populated\">\n\t\t\t\t\t\t<div class=\"elementor-element elementor-element-6353095 elementor-position-top elementor-widget elementor-widget-image-box\" data-id=\"6353095\" data-element_type=\"widget\" data-e-type=\"widget\" data-widget_type=\"image-box.default\">\n\t\t\t\t<div class=\"elementor-widget-container\">\n\t\t\t\t\t<div class=\"elementor-image-box-wrapper\"><figure class=\"elementor-image-box-img\"><a href=\"https:\/\/www.cerege.fr\/gouvernance\/\" tabindex=\"-1\"><img decoding=\"async\" width=\"2048\" height=\"1153\" src=\"https:\/\/www.cerege.fr\/wp-content\/uploads\/2023\/06\/20230120_102817-scaled.jpg\" class=\"attachment-full size-full wp-image-19480\" alt=\"\" srcset=\"https:\/\/www.cerege.fr\/wp-content\/uploads\/2023\/06\/20230120_102817-scaled.jpg 2048w, https:\/\/www.cerege.fr\/wp-content\/uploads\/2023\/06\/20230120_102817-300x169.jpg 300w, https:\/\/www.cerege.fr\/wp-content\/uploads\/2023\/06\/20230120_102817-1024x577.jpg 1024w, https:\/\/www.cerege.fr\/wp-content\/uploads\/2023\/06\/20230120_102817-768x432.jpg 768w, https:\/\/www.cerege.fr\/wp-content\/uploads\/2023\/06\/20230120_102817-1536x865.jpg 1536w, https:\/\/www.cerege.fr\/wp-content\/uploads\/2023\/06\/20230120_102817-18x10.jpg 18w, https:\/\/www.cerege.fr\/wp-content\/uploads\/2023\/06\/20230120_102817-1320x743.jpg 1320w\" sizes=\"(max-width: 2048px) 100vw, 2048px\" \/><\/a><\/figure><div class=\"elementor-image-box-content\"><h3 class=\"elementor-image-box-title\"><a href=\"https:\/\/www.cerege.fr\/gouvernance\/\">Gouvernance<\/a><\/h3><p class=\"elementor-image-box-description\">Les instances de gouvernance, Conseils et commissions du laboratoire...<\/p><\/div><\/div>\t\t\t\t<\/div>\n\t\t\t\t<\/div>\n\t\t\t\t\t<\/div>\n\t\t<\/div>\n\t\t\t\t<div class=\"elementor-column elementor-col-33 elementor-top-column elementor-element elementor-element-a30f2de\" data-id=\"a30f2de\" data-element_type=\"column\" data-e-type=\"column\">\n\t\t\t<div class=\"elementor-widget-wrap elementor-element-populated\">\n\t\t\t\t\t\t<div class=\"elementor-element elementor-element-0ab3fb2 elementor-position-top elementor-widget elementor-widget-image-box\" data-id=\"0ab3fb2\" data-element_type=\"widget\" data-e-type=\"widget\" data-widget_type=\"image-box.default\">\n\t\t\t\t<div class=\"elementor-widget-container\">\n\t\t\t\t\t<div class=\"elementor-image-box-wrapper\"><figure class=\"elementor-image-box-img\"><a href=\"https:\/\/www.cerege.fr\/cellules\/\" tabindex=\"-1\"><img loading=\"lazy\" decoding=\"async\" width=\"2048\" height=\"1153\" src=\"https:\/\/www.cerege.fr\/wp-content\/uploads\/2023\/06\/20230612_163400-scaled.jpg\" class=\"attachment-full size-full wp-image-19217\" alt=\"\" srcset=\"https:\/\/www.cerege.fr\/wp-content\/uploads\/2023\/06\/20230612_163400-scaled.jpg 2048w, https:\/\/www.cerege.fr\/wp-content\/uploads\/2023\/06\/20230612_163400-300x169.jpg 300w, https:\/\/www.cerege.fr\/wp-content\/uploads\/2023\/06\/20230612_163400-1024x577.jpg 1024w, https:\/\/www.cerege.fr\/wp-content\/uploads\/2023\/06\/20230612_163400-768x432.jpg 768w, https:\/\/www.cerege.fr\/wp-content\/uploads\/2023\/06\/20230612_163400-1536x865.jpg 1536w, https:\/\/www.cerege.fr\/wp-content\/uploads\/2023\/06\/20230612_163400-18x10.jpg 18w, https:\/\/www.cerege.fr\/wp-content\/uploads\/2023\/06\/20230612_163400-1320x743.jpg 1320w\" sizes=\"(max-width: 2048px) 100vw, 2048px\" \/><\/a><\/figure><div class=\"elementor-image-box-content\"><h3 class=\"elementor-image-box-title\"><a href=\"https:\/\/www.cerege.fr\/cellules\/\">Fonctions transverses<\/a><\/h3><p class=\"elementor-image-box-description\">L'implication de certains personnels CEREGE dans des missions, cellules et commissions indispensable \u00e0 la qualit\u00e9 de vie de l'unit\u00e9 (s\u00e9curit\u00e9, \u00e9galit\u00e9, transition, r\u00e9f\u00e9rents...)<\/p><\/div><\/div>\t\t\t\t<\/div>\n\t\t\t\t<\/div>\n\t\t\t\t\t<\/div>\n\t\t<\/div>\n\t\t\t\t<div class=\"elementor-column elementor-col-33 elementor-top-column elementor-element elementor-element-cc85d25\" data-id=\"cc85d25\" data-element_type=\"column\" data-e-type=\"column\">\n\t\t\t<div class=\"elementor-widget-wrap elementor-element-populated\">\n\t\t\t\t\t\t<div class=\"elementor-element elementor-element-72137f5 elementor-position-top elementor-widget elementor-widget-image-box\" data-id=\"72137f5\" data-element_type=\"widget\" data-e-type=\"widget\" data-widget_type=\"image-box.default\">\n\t\t\t\t<div class=\"elementor-widget-container\">\n\t\t\t\t\t<div class=\"elementor-image-box-wrapper\"><figure class=\"elementor-image-box-img\"><a href=\"https:\/\/www.cerege.fr\/fr\/le-cerege\/notre-organisation\/frise-temporelle\/\" tabindex=\"-1\"><img loading=\"lazy\" decoding=\"async\" width=\"2048\" height=\"1153\" src=\"https:\/\/www.cerege.fr\/wp-content\/uploads\/2023\/04\/20220927_144252-scaled.jpg\" class=\"attachment-full size-full wp-image-18433\" alt=\"\" srcset=\"https:\/\/www.cerege.fr\/wp-content\/uploads\/2023\/04\/20220927_144252-scaled.jpg 2048w, https:\/\/www.cerege.fr\/wp-content\/uploads\/2023\/04\/20220927_144252-300x169.jpg 300w, https:\/\/www.cerege.fr\/wp-content\/uploads\/2023\/04\/20220927_144252-1024x577.jpg 1024w, https:\/\/www.cerege.fr\/wp-content\/uploads\/2023\/04\/20220927_144252-768x432.jpg 768w, https:\/\/www.cerege.fr\/wp-content\/uploads\/2023\/04\/20220927_144252-1536x865.jpg 1536w, https:\/\/www.cerege.fr\/wp-content\/uploads\/2023\/04\/20220927_144252-18x10.jpg 18w, https:\/\/www.cerege.fr\/wp-content\/uploads\/2023\/04\/20220927_144252-1320x743.jpg 1320w\" sizes=\"(max-width: 2048px) 100vw, 2048px\" \/><\/a><\/figure><div class=\"elementor-image-box-content\"><h3 class=\"elementor-image-box-title\"><a href=\"https:\/\/www.cerege.fr\/fr\/le-cerege\/notre-organisation\/frise-temporelle\/\">Frise temporelle<\/a><\/h3><p class=\"elementor-image-box-description\">Les temps forts du CEREGE depuis sa cr\u00e9ation en 1996<\/p><\/div><\/div>\t\t\t\t<\/div>\n\t\t\t\t<\/div>\n\t\t\t\t\t<\/div>\n\t\t<\/div>\n\t\t\t\t\t<\/div>\n\t\t<\/section>\n\t\t\t\t<\/div>\n\t\t","protected":false},"excerpt":{"rendered":"<p>Le CEREGE se structure autour d&#8217;instances d\u00e9cisionnelles et ex\u00e9cutives, le Comit\u00e9 de Direction et le Conseil d&#8217;Orientation Strat\u00e9gique (COS), ainsi qu&#8217;autour d&#8217;instances de proposition et de consultation : le Conseil [&hellip;]<\/p>\n","protected":false},"author":1,"featured_media":17759,"parent":816,"menu_order":6,"comment_status":"closed","ping_status":"closed","template":"","meta":{"_acf_changed":false,"footnotes":""},"class_list":["post-821","page","type-page","status-publish","has-post-thumbnail","hentry"],"acf":[],"publishpress_future_action":{"enabled":false,"date":"2026-04-15 19:08:47","action":"change-status","newStatus":"draft","terms":[],"taxonomy":"","extraData":[]},"publishpress_future_workflow_manual_trigger":{"enabledWorkflows":[]},"_links":{"self":[{"href":"https:\/\/www.cerege.fr\/fr\/wp-json\/wp\/v2\/pages\/821","targetHints":{"allow":["GET"]}}],"collection":[{"href":"https:\/\/www.cerege.fr\/fr\/wp-json\/wp\/v2\/pages"}],"about":[{"href":"https:\/\/www.cerege.fr\/fr\/wp-json\/wp\/v2\/types\/page"}],"author":[{"embeddable":true,"href":"https:\/\/www.cerege.fr\/fr\/wp-json\/wp\/v2\/users\/1"}],"replies":[{"embeddable":true,"href":"https:\/\/www.cerege.fr\/fr\/wp-json\/wp\/v2\/comments?post=821"}],"version-history":[{"count":5,"href":"https:\/\/www.cerege.fr\/fr\/wp-json\/wp\/v2\/pages\/821\/revisions"}],"predecessor-version":[{"id":28402,"href":"https:\/\/www.cerege.fr\/fr\/wp-json\/wp\/v2\/pages\/821\/revisions\/28402"}],"up":[{"embeddable":true,"href":"https:\/\/www.cerege.fr\/fr\/wp-json\/wp\/v2\/pages\/816"}],"wp:featuredmedia":[{"embeddable":true,"href":"https:\/\/www.cerege.fr\/fr\/wp-json\/wp\/v2\/media\/17759"}],"wp:attachment":[{"href":"https:\/\/www.cerege.fr\/fr\/wp-json\/wp\/v2\/media?parent=821"}],"curies":[{"name":"wp","href":"https:\/\/api.w.org\/{rel}","templated":true}]}}