{"id":823,"date":"2022-06-21T16:57:23","date_gmt":"2022-06-21T14:57:23","guid":{"rendered":"https:\/\/www.cerege.fr\/le-cerege\/instituts-detablissement\/"},"modified":"2026-02-19T15:53:17","modified_gmt":"2026-02-19T14:53:17","slug":"instituts-detablissement","status":"publish","type":"page","link":"https:\/\/www.cerege.fr\/fr\/le-cerege\/instituts-detablissement\/","title":{"rendered":"Nos instituts d&#8217;\u00e9tablissement"},"content":{"rendered":"\t\t<div data-elementor-type=\"wp-page\" data-elementor-id=\"823\" class=\"elementor elementor-823\" data-elementor-post-type=\"page\">\n\t\t\t\t\t\t<section class=\"elementor-section elementor-top-section elementor-element elementor-element-315f3a03 elementor-section-boxed elementor-section-height-default elementor-section-height-default\" data-id=\"315f3a03\" data-element_type=\"section\" data-e-type=\"section\">\n\t\t\t\t\t\t<div class=\"elementor-container elementor-column-gap-default\">\n\t\t\t\t\t<div class=\"elementor-column elementor-col-100 elementor-top-column elementor-element elementor-element-754e307f\" data-id=\"754e307f\" data-element_type=\"column\" data-e-type=\"column\">\n\t\t\t<div class=\"elementor-widget-wrap elementor-element-populated\">\n\t\t\t\t\t\t<div class=\"elementor-element elementor-element-2fae8290 elementor-widget elementor-widget-shortcode\" data-id=\"2fae8290\" data-element_type=\"widget\" data-e-type=\"widget\" data-widget_type=\"shortcode.default\">\n\t\t\t\t<div class=\"elementor-widget-container\">\n\t\t\t\t\t\t\t<div class=\"elementor-shortcode\"><nav aria-label=\"breadcrumbs\">\n            <div class=\"breadcrumb-container theme1\">\n                <ol>\n                                    <\/ol>\n            <\/div>\n        <\/nav>    <script type=\"application\/ld+json\">\n        {\n            \"@context\": \"http:\/\/schema.org\",\n            \"@type\": \"BreadcrumbList\",\n            \"itemListElement\": [\n                            ]\n        }\n    <\/script>\n   \n    <script>\n            <\/script>\n<\/div>\n\t\t\t\t\t\t<\/div>\n\t\t\t\t<\/div>\n\t\t\t\t<div class=\"elementor-element elementor-element-bb3b26a elementor-widget__width-initial elementor-widget elementor-widget-text-editor\" data-id=\"bb3b26a\" data-element_type=\"widget\" data-e-type=\"widget\" data-widget_type=\"text-editor.default\">\n\t\t\t\t<div class=\"elementor-widget-container\">\n\t\t\t\t\t\t\t\t\t<p class=\"p1\"><strong>Les <span class=\"s1\">instituts d\u2019\u00e9tablissement<\/span> facilitent le lien entre <span class=\"s1\">recherche et formation<\/span>, encouragent l\u2019<span class=\"s1\">interdisciplinarit\u00e9<\/span>, et ouvrent des passerelles vers le monde <span class=\"s1\">socio-\u00e9conomique et culturel<\/span>.\u00a0<\/strong><\/p><p class=\"p1\">Le <span class=\"s1\">CEREGE<\/span> anime 5 de ces instituts, contribuant \u00e0 relever les grands d\u00e9fis soci\u00e9taux, les changements globaux et les questions fondamentales sur l\u2019<span class=\"s1\">origine de l\u2019Univers<\/span>.<\/p>\t\t\t\t\t\t\t\t<\/div>\n\t\t\t\t<\/div>\n\t\t\t\t<div class=\"elementor-element elementor-element-2da2da9 elementor-widget-divider--view-line elementor-widget elementor-widget-divider\" data-id=\"2da2da9\" data-element_type=\"widget\" data-e-type=\"widget\" data-widget_type=\"divider.default\">\n\t\t\t\t<div class=\"elementor-widget-container\">\n\t\t\t\t\t\t\t<div class=\"elementor-divider\">\n\t\t\t<span class=\"elementor-divider-separator\">\n\t\t\t\t\t\t<\/span>\n\t\t<\/div>\n\t\t\t\t\t\t<\/div>\n\t\t\t\t<\/div>\n\t\t\t\t<div class=\"elementor-element elementor-element-4b48db6 elementor-widget elementor-widget-text-editor\" data-id=\"4b48db6\" data-element_type=\"widget\" data-e-type=\"widget\" data-widget_type=\"text-editor.default\">\n\t\t\t\t<div class=\"elementor-widget-container\">\n\t\t\t\t\t\t\t\t\t<p>D\u00e9couvrez tous nos institut d&#8217;\u00e9tablissement :<\/p>\t\t\t\t\t\t\t\t<\/div>\n\t\t\t\t<\/div>\n\t\t\t\t<div class=\"elementor-element elementor-element-e4dcffc elementor-widget elementor-widget-toggle\" data-id=\"e4dcffc\" data-element_type=\"widget\" data-e-type=\"widget\" data-widget_type=\"toggle.default\">\n\t\t\t\t<div class=\"elementor-widget-container\">\n\t\t\t\t\t\t\t<div class=\"elementor-toggle\">\n\t\t\t\t\t\t\t<div class=\"elementor-toggle-item\">\n\t\t\t\t\t<div id=\"elementor-tab-title-2391\" class=\"elementor-tab-title\" data-tab=\"1\" role=\"button\" aria-controls=\"elementor-tab-content-2391\" aria-expanded=\"false\">\n\t\t\t\t\t\t\t\t\t\t\t\t<span class=\"elementor-toggle-icon elementor-toggle-icon-left\" aria-hidden=\"true\">\n\t\t\t\t\t\t\t\t\t\t\t\t\t\t\t<span class=\"elementor-toggle-icon-closed\"><i class=\"fas fa-caret-right\"><\/i><\/span>\n\t\t\t\t\t\t\t\t<span class=\"elementor-toggle-icon-opened\"><i class=\"elementor-toggle-icon-opened fas fa-caret-up\"><\/i><\/span>\n\t\t\t\t\t\t\t\t\t\t\t\t\t<\/span>\n\t\t\t\t\t\t\t\t\t\t\t\t<a class=\"elementor-toggle-title\" tabindex=\"0\">Institut M\u00e9diterran\u00e9en pour la Transition Environnementale (AMU)<\/a>\n\t\t\t\t\t<\/div>\n\n\t\t\t\t\t<div id=\"elementor-tab-content-2391\" class=\"elementor-tab-content elementor-clearfix\" data-tab=\"1\" role=\"region\" aria-labelledby=\"elementor-tab-title-2391\"><p class=\"p1\">ITEM agit par la connaissance scientifique <span class=\"s1\">interdisciplinaire<\/span> pour transmettre aux g\u00e9n\u00e9rations futures une <span class=\"s1\">terre habitable<\/span>.<\/p><p class=\"p2\"><span class=\"s2\">L\u2019institut se concentre sur la <\/span>transition environnementale<span class=\"s2\">, les <\/span>sciences de la durabilit\u00e9<span class=\"s2\"> et les <\/span>changements globaux<span class=\"s2\">, en d\u00e9veloppant des <\/span>solutions concr\u00e8tes<span class=\"s2\"> gr\u00e2ce \u00e0 la <\/span>recherche-action<span class=\"s2\">.<\/span><\/p><p class=\"p1\"><a href=\"https:\/\/institut-item.univ-amu.fr\/fr\" target=\"_blank\" rel=\"noopener\">En savoir plus<\/a><\/p><\/div>\n\t\t\t\t<\/div>\n\t\t\t\t\t\t\t<div class=\"elementor-toggle-item\">\n\t\t\t\t\t<div id=\"elementor-tab-title-2392\" class=\"elementor-tab-title\" data-tab=\"2\" role=\"button\" aria-controls=\"elementor-tab-content-2392\" aria-expanded=\"false\">\n\t\t\t\t\t\t\t\t\t\t\t\t<span class=\"elementor-toggle-icon elementor-toggle-icon-left\" aria-hidden=\"true\">\n\t\t\t\t\t\t\t\t\t\t\t\t\t\t\t<span class=\"elementor-toggle-icon-closed\"><i class=\"fas fa-caret-right\"><\/i><\/span>\n\t\t\t\t\t\t\t\t<span class=\"elementor-toggle-icon-opened\"><i class=\"elementor-toggle-icon-opened fas fa-caret-up\"><\/i><\/span>\n\t\t\t\t\t\t\t\t\t\t\t\t\t<\/span>\n\t\t\t\t\t\t\t\t\t\t\t\t<a class=\"elementor-toggle-title\" tabindex=\"0\">Institut des Sciences de l'Oc\u00e9an (AMU)<\/a>\n\t\t\t\t\t<\/div>\n\n\t\t\t\t\t<div id=\"elementor-tab-content-2392\" class=\"elementor-tab-content elementor-clearfix\" data-tab=\"2\" role=\"region\" aria-labelledby=\"elementor-tab-title-2392\"><p class=\"p1\">OCEAN forme une nouvelle g\u00e9n\u00e9ration de <span class=\"s1\">chercheurs, ing\u00e9nieurs, juristes et gestionnaires<\/span> pour relever les d\u00e9fis des <span class=\"s1\">sciences marines<\/span>.<\/p><p class=\"p2\"><span class=\"s2\">L\u2019institut travaille sur <\/span>l\u2019oc\u00e9anographie et le climat<span class=\"s2\">, les <\/span>sciences du num\u00e9rique<span class=\"s2\">, la <\/span>biotechnologie marine<span class=\"s2\">, la <\/span>pollution et radio-\u00e9cologie<span class=\"s2\">, l\u2019<\/span>ing\u00e9nierie marine<span class=\"s2\"> et l\u2019<\/span>\u00e9conomie bleue<span class=\"s2\">, en combinant recherche et innovation pour prot\u00e9ger et valoriser les oc\u00e9ans.<\/span><\/p><p><a href=\"https:\/\/institut-ocean.univ-amu.fr\/fr\" target=\"_blank\" rel=\"noopener\">En savoir plus<\/a><\/p><\/div>\n\t\t\t\t<\/div>\n\t\t\t\t\t\t\t<div class=\"elementor-toggle-item\">\n\t\t\t\t\t<div id=\"elementor-tab-title-2393\" class=\"elementor-tab-title\" data-tab=\"3\" role=\"button\" aria-controls=\"elementor-tab-content-2393\" aria-expanded=\"false\">\n\t\t\t\t\t\t\t\t\t\t\t\t<span class=\"elementor-toggle-icon elementor-toggle-icon-left\" aria-hidden=\"true\">\n\t\t\t\t\t\t\t\t\t\t\t\t\t\t\t<span class=\"elementor-toggle-icon-closed\"><i class=\"fas fa-caret-right\"><\/i><\/span>\n\t\t\t\t\t\t\t\t<span class=\"elementor-toggle-icon-opened\"><i class=\"elementor-toggle-icon-opened fas fa-caret-up\"><\/i><\/span>\n\t\t\t\t\t\t\t\t\t\t\t\t\t<\/span>\n\t\t\t\t\t\t\t\t\t\t\t\t<a class=\"elementor-toggle-title\" tabindex=\"0\">Institut Origines, des plan\u00e8tes \u00e0 la vie (AMU)<\/a>\n\t\t\t\t\t<\/div>\n\n\t\t\t\t\t<div id=\"elementor-tab-content-2393\" class=\"elementor-tab-content elementor-clearfix\" data-tab=\"3\" role=\"region\" aria-labelledby=\"elementor-tab-title-2393\"><p class=\"p1\">ORIGINES explore les grandes questions scientifiques sur la <span class=\"s1\">formation des plan\u00e8tes<\/span> et l\u2019<span class=\"s1\">\u00e9mergence de la vie<\/span>.<\/p><p class=\"p1\">L\u2019institut travaille sur <span class=\"s1\">l\u2019astrobiologie<\/span>, la <span class=\"s1\">mati\u00e8re primordiale<\/span>, l\u2019<span class=\"s1\">astrochimie<\/span>, l\u2019<span class=\"s1\">habitabilit\u00e9<\/span>, les <span class=\"s1\">exoplan\u00e8tes<\/span> et les <span class=\"s1\">concepts du vivant<\/span>, en d\u00e9veloppant une approche interdisciplinaire alliant physique, chimie, biologie et philosophie des sciences.<\/p><p><a href=\"https:\/\/institut-origines.univ-amu.fr\/fr\" target=\"_blank\" rel=\"noopener\">En savoir plus<\/a><\/p><\/div>\n\t\t\t\t<\/div>\n\t\t\t\t\t\t\t<div class=\"elementor-toggle-item\">\n\t\t\t\t\t<div id=\"elementor-tab-title-2394\" class=\"elementor-tab-title\" data-tab=\"4\" role=\"button\" aria-controls=\"elementor-tab-content-2394\" aria-expanded=\"false\">\n\t\t\t\t\t\t\t\t\t\t\t\t<span class=\"elementor-toggle-icon elementor-toggle-icon-left\" aria-hidden=\"true\">\n\t\t\t\t\t\t\t\t\t\t\t\t\t\t\t<span class=\"elementor-toggle-icon-closed\"><i class=\"fas fa-caret-right\"><\/i><\/span>\n\t\t\t\t\t\t\t\t<span class=\"elementor-toggle-icon-opened\"><i class=\"elementor-toggle-icon-opened fas fa-caret-up\"><\/i><\/span>\n\t\t\t\t\t\t\t\t\t\t\t\t\t<\/span>\n\t\t\t\t\t\t\t\t\t\t\t\t<a class=\"elementor-toggle-title\" tabindex=\"0\">Institut Arch\u00e9ologie m\u00e9diterran\u00e9enne (AMU)<\/a>\n\t\t\t\t\t<\/div>\n\n\t\t\t\t\t<div id=\"elementor-tab-content-2394\" class=\"elementor-tab-content elementor-clearfix\" data-tab=\"4\" role=\"region\" aria-labelledby=\"elementor-tab-title-2394\"><p class=\"p1\"><span class=\"s1\">ARKAIA est un <\/span>p\u00f4le de convergence en arch\u00e9ologie et arch\u00e9osciences<span class=\"s1\">.<\/span><\/p><p class=\"p2\">L\u2019institut \u00e9tudie les <span class=\"s2\">espaces m\u00e9diterran\u00e9ens terrestres et maritimes<\/span> de la Pr\u00e9histoire aux p\u00e9riodes r\u00e9centes, en combinant <span class=\"s2\">patrimoine, cultures mat\u00e9rielles, pal\u00e9oenvironnements, bioarch\u00e9ologie, arch\u00e9om\u00e9trie et diachronie<\/span>, avec des approches innovantes alliant sciences humaines, bio- et g\u00e9osciences et techniques d\u2019ing\u00e9nieur.<\/p><p><a href=\"https:\/\/institut-arkaia.univ-amu.fr\/fr\" target=\"_blank\" rel=\"noopener\">En savoir plus<\/a><\/p><\/div>\n\t\t\t\t<\/div>\n\t\t\t\t\t\t\t<div class=\"elementor-toggle-item\">\n\t\t\t\t\t<div id=\"elementor-tab-title-2395\" class=\"elementor-tab-title\" data-tab=\"5\" role=\"button\" aria-controls=\"elementor-tab-content-2395\" aria-expanded=\"false\">\n\t\t\t\t\t\t\t\t\t\t\t\t<span class=\"elementor-toggle-icon elementor-toggle-icon-left\" aria-hidden=\"true\">\n\t\t\t\t\t\t\t\t\t\t\t\t\t\t\t<span class=\"elementor-toggle-icon-closed\"><i class=\"fas fa-caret-right\"><\/i><\/span>\n\t\t\t\t\t\t\t\t<span class=\"elementor-toggle-icon-opened\"><i class=\"elementor-toggle-icon-opened fas fa-caret-up\"><\/i><\/span>\n\t\t\t\t\t\t\t\t\t\t\t\t\t<\/span>\n\t\t\t\t\t\t\t\t\t\t\t\t<a class=\"elementor-toggle-title\" tabindex=\"0\">Institut Carnot Eau & Environnement<\/a>\n\t\t\t\t\t<\/div>\n\n\t\t\t\t\t<div id=\"elementor-tab-content-2395\" class=\"elementor-tab-content elementor-clearfix\" data-tab=\"5\" role=\"region\" aria-labelledby=\"elementor-tab-title-2395\"><p class=\"p1\">L\u2019Institut Carnot rassemble 11 unit\u00e9s de recherche et l\u2019Institut de la Filtration et des Techniques S\u00e9paratives pour r\u00e9pondre aux besoins de <span class=\"s1\">recherche et d\u2019innovation<\/span> dans le secteur de l\u2019eau.<\/p><p class=\"p2\"><span class=\"s2\">Il mobilise des expertises en <\/span>sciences de la terre et de l\u2019environnement<span class=\"s2\">, <\/span>sciences humaines et sociales<span class=\"s2\"> et <\/span>technologies appliqu\u00e9es<span class=\"s2\">, pour am\u00e9liorer la gestion des <\/span>ressources en eau<span class=\"s2\"> et des <\/span>\u00e9cosyst\u00e8mes aquatiques<span class=\"s2\">, en partenariat avec le monde socio-\u00e9conomique.<\/span><\/p><p><a href=\"https:\/\/carnot-eau-environnement.fr\" target=\"_blank\" rel=\"noopener\">En savoir plus<\/a><\/p><\/div>\n\t\t\t\t<\/div>\n\t\t\t\t\t\t\t\t<\/div>\n\t\t\t\t\t\t<\/div>\n\t\t\t\t<\/div>\n\t\t\t\t\t<\/div>\n\t\t<\/div>\n\t\t\t\t\t<\/div>\n\t\t<\/section>\n\t\t\t\t<\/div>\n\t\t","protected":false},"excerpt":{"rendered":"<p>Les instituts d\u2019\u00e9tablissement facilitent le lien entre recherche et formation, encouragent l\u2019interdisciplinarit\u00e9, et ouvrent des passerelles vers le monde socio-\u00e9conomique et culturel.\u00a0 Le CEREGE anime 5 de ces instituts, contribuant [&hellip;]<\/p>\n","protected":false},"author":1,"featured_media":13125,"parent":816,"menu_order":8,"comment_status":"closed","ping_status":"closed","template":"","meta":{"_acf_changed":false,"footnotes":""},"class_list":["post-823","page","type-page","status-publish","has-post-thumbnail","hentry"],"acf":[],"publishpress_future_action":{"enabled":false,"date":"2026-05-10 06:13:09","action":"change-status","newStatus":"draft","terms":[],"taxonomy":"","extraData":[]},"publishpress_future_workflow_manual_trigger":{"enabledWorkflows":[]},"_links":{"self":[{"href":"https:\/\/www.cerege.fr\/fr\/wp-json\/wp\/v2\/pages\/823","targetHints":{"allow":["GET"]}}],"collection":[{"href":"https:\/\/www.cerege.fr\/fr\/wp-json\/wp\/v2\/pages"}],"about":[{"href":"https:\/\/www.cerege.fr\/fr\/wp-json\/wp\/v2\/types\/page"}],"author":[{"embeddable":true,"href":"https:\/\/www.cerege.fr\/fr\/wp-json\/wp\/v2\/users\/1"}],"replies":[{"embeddable":true,"href":"https:\/\/www.cerege.fr\/fr\/wp-json\/wp\/v2\/comments?post=823"}],"version-history":[{"count":6,"href":"https:\/\/www.cerege.fr\/fr\/wp-json\/wp\/v2\/pages\/823\/revisions"}],"predecessor-version":[{"id":29033,"href":"https:\/\/www.cerege.fr\/fr\/wp-json\/wp\/v2\/pages\/823\/revisions\/29033"}],"up":[{"embeddable":true,"href":"https:\/\/www.cerege.fr\/fr\/wp-json\/wp\/v2\/pages\/816"}],"wp:featuredmedia":[{"embeddable":true,"href":"https:\/\/www.cerege.fr\/fr\/wp-json\/wp\/v2\/media\/13125"}],"wp:attachment":[{"href":"https:\/\/www.cerege.fr\/fr\/wp-json\/wp\/v2\/media?parent=823"}],"curies":[{"name":"wp","href":"https:\/\/api.w.org\/{rel}","templated":true}]}}