{"id":824,"date":"2022-06-21T16:57:23","date_gmt":"2022-06-21T14:57:23","guid":{"rendered":"https:\/\/www.cerege.fr\/le-cerege\/partenariats-et-collaborations\/"},"modified":"2026-02-19T17:03:02","modified_gmt":"2026-02-19T16:03:02","slug":"partenariats-et-collaborations","status":"publish","type":"page","link":"https:\/\/www.cerege.fr\/fr\/le-cerege\/partenariats-et-collaborations\/","title":{"rendered":"Nos partenariats et collaborations"},"content":{"rendered":"\t\t<div data-elementor-type=\"wp-page\" data-elementor-id=\"824\" class=\"elementor elementor-824\" data-elementor-post-type=\"page\">\n\t\t\t\t\t\t<section class=\"elementor-section elementor-top-section elementor-element elementor-element-130643c9 elementor-section-boxed elementor-section-height-default elementor-section-height-default\" data-id=\"130643c9\" data-element_type=\"section\" data-e-type=\"section\">\n\t\t\t\t\t\t<div class=\"elementor-container elementor-column-gap-default\">\n\t\t\t\t\t<div class=\"elementor-column elementor-col-100 elementor-top-column elementor-element elementor-element-1367995e\" data-id=\"1367995e\" data-element_type=\"column\" data-e-type=\"column\">\n\t\t\t<div class=\"elementor-widget-wrap elementor-element-populated\">\n\t\t\t\t\t\t<div class=\"elementor-element elementor-element-7f38a28a elementor-widget elementor-widget-shortcode\" data-id=\"7f38a28a\" data-element_type=\"widget\" data-e-type=\"widget\" data-widget_type=\"shortcode.default\">\n\t\t\t\t<div class=\"elementor-widget-container\">\n\t\t\t\t\t\t\t<div class=\"elementor-shortcode\"><nav aria-label=\"breadcrumbs\">\n            <div class=\"breadcrumb-container theme1\">\n                <ol>\n                                    <\/ol>\n            <\/div>\n        <\/nav>    <script type=\"application\/ld+json\">\n        {\n            \"@context\": \"http:\/\/schema.org\",\n            \"@type\": \"BreadcrumbList\",\n            \"itemListElement\": [\n                            ]\n        }\n    <\/script>\n   \n    <script>\n            <\/script>\n<\/div>\n\t\t\t\t\t\t<\/div>\n\t\t\t\t<\/div>\n\t\t\t\t<div class=\"elementor-element elementor-element-5ffa359c elementor-widget elementor-widget-text-editor\" data-id=\"5ffa359c\" data-element_type=\"widget\" data-e-type=\"widget\" data-widget_type=\"text-editor.default\">\n\t\t\t\t<div class=\"elementor-widget-container\">\n\t\t\t\t\t\t\t\t\t<p class=\"p4\"><span class=\"s3\">Une grande partie de la recherche au <\/span>CEREGE<span class=\"s3\"> s\u2019appuie sur des <\/span>collaborations nationales, europ\u00e9ennes et internationales<span class=\"s3\"> :<\/span><\/p><ul><li><p class=\"p1\">plus de <span class=\"s1\">75\u202f% des publications<\/span> entre 2016 et 2021 ont des co-auteurs internationaux,<\/p><\/li><li><p class=\"p1\">environ <span class=\"s1\">140 scientifiques invit\u00e9s<\/span> accueillis sur la m\u00eame p\u00e9riode,<\/p><\/li><li><p class=\"p1\">coordination de <span class=\"s1\">projets multi-laboratoires<\/span> (ex. 7 projets ANR).<\/p><\/li><\/ul><p class=\"p1\">Les th\u00e9matiques phares du CEREGE r\u00e9pondent \u00e0 des <span class=\"s1\">enjeux soci\u00e9taux et industriels<\/span> : traitement de l\u2019eau, ressources \u00e9nerg\u00e9tiques et stockage, recyclage des d\u00e9chets, d\u00e9veloppement de mat\u00e9riaux avanc\u00e9s. Ces collaborations permettent au CEREGE de produire une <span class=\"s1\">recherche \u00e0 forte valeur scientifique et technologique<\/span>, align\u00e9e avec les besoins actuels et futurs de la soci\u00e9t\u00e9 et de l\u2019environnement.<\/p>\t\t\t\t\t\t\t\t<\/div>\n\t\t\t\t<\/div>\n\t\t\t\t<div class=\"elementor-element elementor-element-d411636 elementor-widget-divider--view-line elementor-widget elementor-widget-divider\" data-id=\"d411636\" data-element_type=\"widget\" data-e-type=\"widget\" data-widget_type=\"divider.default\">\n\t\t\t\t<div class=\"elementor-widget-container\">\n\t\t\t\t\t\t\t<div class=\"elementor-divider\">\n\t\t\t<span class=\"elementor-divider-separator\">\n\t\t\t\t\t\t<\/span>\n\t\t<\/div>\n\t\t\t\t\t\t<\/div>\n\t\t\t\t<\/div>\n\t\t\t\t<section class=\"elementor-section elementor-inner-section elementor-element elementor-element-02aa37d elementor-section-boxed elementor-section-height-default elementor-section-height-default\" data-id=\"02aa37d\" data-element_type=\"section\" data-e-type=\"section\">\n\t\t\t\t\t\t<div class=\"elementor-container elementor-column-gap-default\">\n\t\t\t\t\t<div class=\"elementor-column elementor-col-50 elementor-inner-column elementor-element elementor-element-d964634\" data-id=\"d964634\" data-element_type=\"column\" data-e-type=\"column\">\n\t\t\t<div class=\"elementor-widget-wrap elementor-element-populated\">\n\t\t\t\t\t\t<div class=\"elementor-element elementor-element-ac11129 elementor-align-center elementor-widget elementor-widget-button\" data-id=\"ac11129\" data-element_type=\"widget\" data-e-type=\"widget\" data-widget_type=\"button.default\">\n\t\t\t\t<div class=\"elementor-widget-container\">\n\t\t\t\t\t\t\t\t\t<div class=\"elementor-button-wrapper\">\n\t\t\t\t\t<a class=\"elementor-button elementor-button-link elementor-size-sm\" href=\"https:\/\/www.cerege.fr\/fr\/le-cerege\/partenariats-et-collaborations\/collaborations\/\">\n\t\t\t\t\t\t<span class=\"elementor-button-content-wrapper\">\n\t\t\t\t\t\t\t\t\t<span class=\"elementor-button-text\">Nos collaborations scientifiques<\/span>\n\t\t\t\t\t<\/span>\n\t\t\t\t\t<\/a>\n\t\t\t\t<\/div>\n\t\t\t\t\t\t\t\t<\/div>\n\t\t\t\t<\/div>\n\t\t\t\t\t<\/div>\n\t\t<\/div>\n\t\t\t\t<div class=\"elementor-column elementor-col-50 elementor-inner-column elementor-element elementor-element-555a6b5\" data-id=\"555a6b5\" data-element_type=\"column\" data-e-type=\"column\">\n\t\t\t<div class=\"elementor-widget-wrap elementor-element-populated\">\n\t\t\t\t\t\t<div class=\"elementor-element elementor-element-8467d75 elementor-align-center elementor-widget elementor-widget-button\" data-id=\"8467d75\" data-element_type=\"widget\" data-e-type=\"widget\" data-widget_type=\"button.default\">\n\t\t\t\t<div class=\"elementor-widget-container\">\n\t\t\t\t\t\t\t\t\t<div class=\"elementor-button-wrapper\">\n\t\t\t\t\t<a class=\"elementor-button elementor-button-link elementor-size-sm\" href=\"https:\/\/www.cerege.fr\/fr\/le-cerege\/partenariats-et-collaborations\/partenariats\/\">\n\t\t\t\t\t\t<span class=\"elementor-button-content-wrapper\">\n\t\t\t\t\t\t\t\t\t<span class=\"elementor-button-text\">Nos partenariats socio-\u00e9conomiques<\/span>\n\t\t\t\t\t<\/span>\n\t\t\t\t\t<\/a>\n\t\t\t\t<\/div>\n\t\t\t\t\t\t\t\t<\/div>\n\t\t\t\t<\/div>\n\t\t\t\t\t<\/div>\n\t\t<\/div>\n\t\t\t\t\t<\/div>\n\t\t<\/section>\n\t\t\t\t\t<\/div>\n\t\t<\/div>\n\t\t\t\t\t<\/div>\n\t\t<\/section>\n\t\t\t\t<\/div>\n\t\t","protected":false},"excerpt":{"rendered":"<p>Une grande partie de la recherche au CEREGE s\u2019appuie sur des collaborations nationales, europ\u00e9ennes et internationales : plus de 75\u202f% des publications entre 2016 et 2021 ont des co-auteurs internationaux, [&hellip;]<\/p>\n","protected":false},"author":1,"featured_media":13119,"parent":816,"menu_order":9,"comment_status":"closed","ping_status":"closed","template":"","meta":{"_acf_changed":false,"footnotes":""},"class_list":["post-824","page","type-page","status-publish","has-post-thumbnail","hentry"],"acf":[],"publishpress_future_action":{"enabled":false,"date":"2026-05-11 10:58:33","action":"change-status","newStatus":"draft","terms":[],"taxonomy":"","extraData":[]},"publishpress_future_workflow_manual_trigger":{"enabledWorkflows":[]},"_links":{"self":[{"href":"https:\/\/www.cerege.fr\/fr\/wp-json\/wp\/v2\/pages\/824","targetHints":{"allow":["GET"]}}],"collection":[{"href":"https:\/\/www.cerege.fr\/fr\/wp-json\/wp\/v2\/pages"}],"about":[{"href":"https:\/\/www.cerege.fr\/fr\/wp-json\/wp\/v2\/types\/page"}],"author":[{"embeddable":true,"href":"https:\/\/www.cerege.fr\/fr\/wp-json\/wp\/v2\/users\/1"}],"replies":[{"embeddable":true,"href":"https:\/\/www.cerege.fr\/fr\/wp-json\/wp\/v2\/comments?post=824"}],"version-history":[{"count":5,"href":"https:\/\/www.cerege.fr\/fr\/wp-json\/wp\/v2\/pages\/824\/revisions"}],"predecessor-version":[{"id":29053,"href":"https:\/\/www.cerege.fr\/fr\/wp-json\/wp\/v2\/pages\/824\/revisions\/29053"}],"up":[{"embeddable":true,"href":"https:\/\/www.cerege.fr\/fr\/wp-json\/wp\/v2\/pages\/816"}],"wp:featuredmedia":[{"embeddable":true,"href":"https:\/\/www.cerege.fr\/fr\/wp-json\/wp\/v2\/media\/13119"}],"wp:attachment":[{"href":"https:\/\/www.cerege.fr\/fr\/wp-json\/wp\/v2\/media?parent=824"}],"curies":[{"name":"wp","href":"https:\/\/api.w.org\/{rel}","templated":true}]}}