{"id":826,"date":"2022-06-21T16:57:38","date_gmt":"2022-06-21T14:57:38","guid":{"rendered":"https:\/\/www.cerege.fr\/le-cerege\/partenariats-et-collaborations\/collaborations-internationales\/"},"modified":"2026-02-19T17:04:55","modified_gmt":"2026-02-19T16:04:55","slug":"collaborations","status":"publish","type":"page","link":"https:\/\/www.cerege.fr\/fr\/le-cerege\/partenariats-et-collaborations\/collaborations\/","title":{"rendered":"Nos collaborations scientifiques"},"content":{"rendered":"\t\t<div data-elementor-type=\"wp-page\" data-elementor-id=\"826\" class=\"elementor elementor-826\" data-elementor-post-type=\"page\">\n\t\t\t\t\t\t<section class=\"elementor-section elementor-top-section elementor-element elementor-element-3a518aac elementor-section-boxed elementor-section-height-default elementor-section-height-default\" data-id=\"3a518aac\" data-element_type=\"section\" data-e-type=\"section\">\n\t\t\t\t\t\t<div class=\"elementor-container elementor-column-gap-default\">\n\t\t\t\t\t<div class=\"elementor-column elementor-col-100 elementor-top-column elementor-element elementor-element-3122dae7\" data-id=\"3122dae7\" data-element_type=\"column\" data-e-type=\"column\">\n\t\t\t<div class=\"elementor-widget-wrap elementor-element-populated\">\n\t\t\t\t\t\t<div class=\"elementor-element elementor-element-1b04ba0e elementor-widget elementor-widget-shortcode\" data-id=\"1b04ba0e\" data-element_type=\"widget\" data-e-type=\"widget\" data-widget_type=\"shortcode.default\">\n\t\t\t\t<div class=\"elementor-widget-container\">\n\t\t\t\t\t\t\t<div class=\"elementor-shortcode\"><nav aria-label=\"breadcrumbs\">\n            <div class=\"breadcrumb-container theme1\">\n                <ol>\n                                    <\/ol>\n            <\/div>\n        <\/nav>    <script type=\"application\/ld+json\">\n        {\n            \"@context\": \"http:\/\/schema.org\",\n            \"@type\": \"BreadcrumbList\",\n            \"itemListElement\": [\n                            ]\n        }\n    <\/script>\n   \n    <script>\n            <\/script>\n<\/div>\n\t\t\t\t\t\t<\/div>\n\t\t\t\t<\/div>\n\t\t\t\t<div class=\"elementor-element elementor-element-dc1e2c9 elementor-widget elementor-widget-text-editor\" data-id=\"dc1e2c9\" data-element_type=\"widget\" data-e-type=\"widget\" data-widget_type=\"text-editor.default\">\n\t\t\t\t<div class=\"elementor-widget-container\">\n\t\t\t\t\t\t\t\t\t<p class=\"p4\"><strong><span class=\"s3\">Une grande partie de la recherche au <\/span>CEREGE<span class=\"s3\"> s\u2019appuie sur des <\/span>collaborations nationales et internationales.<\/strong><\/p><p>En quelques chiffres cl\u00e9s cela repr\u00e9sente \u00a0:<\/p><ul><li><p class=\"p1\">plus de <span class=\"s1\">75\u202f% des publications<\/span> entre 2016 et 2021 ont des co-auteurs internationaux,<\/p><\/li><li><p class=\"p1\">environ <span class=\"s1\">140 scientifiques invit\u00e9s<\/span> accueillis sur la m\u00eame p\u00e9riode,<\/p><\/li><li><p class=\"p1\">la coordination de 7 <span class=\"s1\">projets ANR multi-laboratoires.<\/span><\/p><\/li><\/ul>\t\t\t\t\t\t\t\t<\/div>\n\t\t\t\t<\/div>\n\t\t\t\t<div class=\"elementor-element elementor-element-59e5354 elementor-widget-divider--view-line elementor-widget elementor-widget-divider\" data-id=\"59e5354\" data-element_type=\"widget\" data-e-type=\"widget\" data-widget_type=\"divider.default\">\n\t\t\t\t<div class=\"elementor-widget-container\">\n\t\t\t\t\t\t\t<div class=\"elementor-divider\">\n\t\t\t<span class=\"elementor-divider-separator\">\n\t\t\t\t\t\t<\/span>\n\t\t<\/div>\n\t\t\t\t\t\t<\/div>\n\t\t\t\t<\/div>\n\t\t\t\t<div class=\"elementor-element elementor-element-1e54793 elementor-widget elementor-widget-heading\" data-id=\"1e54793\" data-element_type=\"widget\" data-e-type=\"widget\" data-widget_type=\"heading.default\">\n\t\t\t\t<div class=\"elementor-widget-container\">\n\t\t\t\t\t<h2 class=\"elementor-heading-title elementor-size-default\">Aper\u00e7u de nos collaborations<\/h2>\t\t\t\t<\/div>\n\t\t\t\t<\/div>\n\t\t\t\t<div class=\"elementor-element elementor-element-5b7bcb4e elementor-widget elementor-widget-text-editor\" data-id=\"5b7bcb4e\" data-element_type=\"widget\" data-e-type=\"widget\" data-widget_type=\"text-editor.default\">\n\t\t\t\t<div class=\"elementor-widget-container\">\n\t\t\t\t\t\t\t\t\t<p class=\"p1\">Pour cela le CEREGE s\u2019appuie sur de nombreux programmes de recherche internationaux pour d\u00e9velopper ses collaborations : de l\u2019UE (H2020), de l\u2019ANR (PCRI), du CNRS (IRP, PICS), de l\u2019IRD (JEAI, LMI) et, de l&#8217;Agence fran\u00e7aise pour le D\u00e9veloppement (AFD).<\/p><p>Les quatre \u00e9quipes du CEREGE ont d\u00e9velopp\u00e9 des collaborations internationales via des projets financ\u00e9s par : l\u2019UE (Marie Sklodowska-Curie Actions), l\u2019ANR (PCR), l\u2019INSU (EC2CO, IMAGO), la Fondation pour la recherche sur la Biodiversit\u00e9, l\u2019AMU (Institut ARKAIA) et, la NSF (USA).<\/p><p><em>Les diff\u00e9rents projets sont pr\u00e9sent\u00e9s dans les pages \u00e9quipes.<\/em><\/p>\t\t\t\t\t\t\t\t<\/div>\n\t\t\t\t<\/div>\n\t\t\t\t<div class=\"elementor-element elementor-element-7d62d34 elementor-widget elementor-widget-text-editor\" data-id=\"7d62d34\" data-element_type=\"widget\" data-e-type=\"widget\" data-widget_type=\"text-editor.default\">\n\t\t\t\t<div class=\"elementor-widget-container\">\n\t\t\t\t\t\t\t\t\t<iframe style=\"width: 100%; height: 300px; border: 0;\" allowfullscreen src=\"\/\/umap.incubateur.anct.gouv.fr\/fr\/map\/cerege-international-collaborations_2231?scaleControl=false&#038;miniMap=false&#038;scrollWheelZoom=false&#038;zoomControl=true&#038;editMode=disabled&#038;moreControl=true&#038;searchControl=null&#038;tilelayersControl=null&#038;embedControl=null&#038;datalayersControl=true&#038;onLoadPanel=databrowser&#038;captionBar=false&#038;captionMenus=true\"><\/iframe><p><a href=\"\/\/umap.incubateur.anct.gouv.fr\/fr\/map\/cerege-international-collaborations_2231?scaleControl=false&#038;miniMap=false&#038;scrollWheelZoom=true&#038;zoomControl=true&#038;editMode=disabled&#038;moreControl=true&#038;searchControl=null&#038;tilelayersControl=null&#038;embedControl=null&#038;datalayersControl=true&#038;onLoadPanel=databrowser&#038;captionBar=false&#038;captionMenus=true\">Voir en plein \u00e9cran<\/a><\/p>\t\t\t\t\t\t\t\t<\/div>\n\t\t\t\t<\/div>\n\t\t\t\t<div class=\"elementor-element elementor-element-39d172c elementor-widget elementor-widget-toggle\" data-id=\"39d172c\" data-element_type=\"widget\" data-e-type=\"widget\" data-widget_type=\"toggle.default\">\n\t\t\t\t<div class=\"elementor-widget-container\">\n\t\t\t\t\t\t\t<div class=\"elementor-toggle\">\n\t\t\t\t\t\t\t<div class=\"elementor-toggle-item\">\n\t\t\t\t\t<div id=\"elementor-tab-title-6061\" class=\"elementor-tab-title\" data-tab=\"1\" role=\"button\" aria-controls=\"elementor-tab-content-6061\" aria-expanded=\"false\">\n\t\t\t\t\t\t\t\t\t\t\t\t<span class=\"elementor-toggle-icon elementor-toggle-icon-left\" aria-hidden=\"true\">\n\t\t\t\t\t\t\t\t\t\t\t\t\t\t\t<span class=\"elementor-toggle-icon-closed\"><i class=\"fas fa-caret-right\"><\/i><\/span>\n\t\t\t\t\t\t\t\t<span class=\"elementor-toggle-icon-opened\"><i class=\"elementor-toggle-icon-opened fas fa-caret-up\"><\/i><\/span>\n\t\t\t\t\t\t\t\t\t\t\t\t\t<\/span>\n\t\t\t\t\t\t\t\t\t\t\t\t<a class=\"elementor-toggle-title\" tabindex=\"0\">Quels sont nos th\u00e9matiques de recherche internationales ?<\/a>\n\t\t\t\t\t<\/div>\n\n\t\t\t\t\t<div id=\"elementor-tab-content-6061\" class=\"elementor-tab-content elementor-clearfix\" data-tab=\"1\" role=\"region\" aria-labelledby=\"elementor-tab-title-6061\"><p class=\"p1\">Les projets internationaux du CEREGE couvrent :<\/p><ul><li class=\"p1\">Gestion des sols agricoles et r\u00e9habilitation des sols miniers<\/li><li class=\"p1\">Ressources aquif\u00e8res et fonctionnement hydrologique des lacs et lagunes<\/li><li class=\"p1\">Risque sismique et morpho-tectonique<\/li><li class=\"p1\">G\u00e9ochronologie et hydroclimats continentaux pass\u00e9s<\/li><li class=\"p1\">Pal\u00e9oc\u00e9anographie<\/li><li class=\"p1\">Nanotechnologies et utilisation des nanomat\u00e9riaux<\/li><li class=\"p1\">Socio-\u00e9cosyst\u00e8mes face aux changements globaux<\/li><\/ul><\/div>\n\t\t\t\t<\/div>\n\t\t\t\t\t\t\t<div class=\"elementor-toggle-item\">\n\t\t\t\t\t<div id=\"elementor-tab-title-6062\" class=\"elementor-tab-title\" data-tab=\"2\" role=\"button\" aria-controls=\"elementor-tab-content-6062\" aria-expanded=\"false\">\n\t\t\t\t\t\t\t\t\t\t\t\t<span class=\"elementor-toggle-icon elementor-toggle-icon-left\" aria-hidden=\"true\">\n\t\t\t\t\t\t\t\t\t\t\t\t\t\t\t<span class=\"elementor-toggle-icon-closed\"><i class=\"fas fa-caret-right\"><\/i><\/span>\n\t\t\t\t\t\t\t\t<span class=\"elementor-toggle-icon-opened\"><i class=\"elementor-toggle-icon-opened fas fa-caret-up\"><\/i><\/span>\n\t\t\t\t\t\t\t\t\t\t\t\t\t<\/span>\n\t\t\t\t\t\t\t\t\t\t\t\t<a class=\"elementor-toggle-title\" tabindex=\"0\">Quid de nos dispositifs de formation \u00e0 l'international  ?<\/a>\n\t\t\t\t\t<\/div>\n\n\t\t\t\t\t<div id=\"elementor-tab-content-6062\" class=\"elementor-tab-content elementor-clearfix\" data-tab=\"2\" role=\"region\" aria-labelledby=\"elementor-tab-title-6062\"><p class=\"p1\">Le CEREGE d\u00e9veloppe \u00e9galement la formation \u00e0 l\u2019international :<\/p><ul><li class=\"p1\"><span class=\"s1\">Programme Erasmus (2019-2022)<\/span> : consortium de 3 universit\u00e9s europ\u00e9ennes, port\u00e9 par le CEREGE pour AMU<\/li><li class=\"p1\"><span class=\"s1\">Doctorats internationaux<\/span> : 14 th\u00e8ses supervis\u00e9es depuis 2016 en co-direction ou co-tutelle avec des universit\u00e9s \u00e9trang\u00e8res<\/li><li class=\"p1\"><span class=\"s1\">Projet CIVIS<\/span> : cr\u00e9ation de modules d\u2019enseignement communs et le <span class=\"s1\">Master Joint CIVIS Climate-Environment-Energy<\/span><\/li><\/ul><\/div>\n\t\t\t\t<\/div>\n\t\t\t\t\t\t\t\t<\/div>\n\t\t\t\t\t\t<\/div>\n\t\t\t\t<\/div>\n\t\t\t\t<div class=\"elementor-element elementor-element-5aa46df elementor-widget-divider--view-line elementor-widget elementor-widget-divider\" data-id=\"5aa46df\" data-element_type=\"widget\" data-e-type=\"widget\" data-widget_type=\"divider.default\">\n\t\t\t\t<div class=\"elementor-widget-container\">\n\t\t\t\t\t\t\t<div class=\"elementor-divider\">\n\t\t\t<span class=\"elementor-divider-separator\">\n\t\t\t\t\t\t<\/span>\n\t\t<\/div>\n\t\t\t\t\t\t<\/div>\n\t\t\t\t<\/div>\n\t\t\t\t<div class=\"elementor-element elementor-element-b3b1601 elementor-widget elementor-widget-heading\" data-id=\"b3b1601\" data-element_type=\"widget\" data-e-type=\"widget\" data-widget_type=\"heading.default\">\n\t\t\t\t<div class=\"elementor-widget-container\">\n\t\t\t\t\t<h2 class=\"elementor-heading-title elementor-size-default\">Sciences aux Sud<\/h2>\t\t\t\t<\/div>\n\t\t\t\t<\/div>\n\t\t\t\t<div class=\"elementor-element elementor-element-0e1ae14 elementor-widget elementor-widget-text-editor\" data-id=\"0e1ae14\" data-element_type=\"widget\" data-e-type=\"widget\" data-widget_type=\"text-editor.default\">\n\t\t\t\t<div class=\"elementor-widget-container\">\n\t\t\t\t\t\t\t\t\t<p class=\"p1\">Le CEREGE s\u2019engage dans des collaborations sur le long terme avec les pays du Sud, notamment gr\u00e2ce aux programmes de l\u2019AFD et de la Banque Mondiale, aux ervices de coop\u00e9ration et d\u2019action culturelles (SCAC) des ambassades aux moyens mis \u00e0 disposition par l\u2019IRD.<\/p><p class=\"p1\"><span style=\"text-decoration: underline;\">Exemples de collaborations :<\/span><\/p><ul><li class=\"p1\"><span class=\"s1\">2 l<\/span>aboratoires mixtes internationaux<span class=\"s1\"> avec des partenaires africains<\/span><\/li><li class=\"p1\"><span class=\"s1\">2 j<\/span>eunes \u00e9quipes attach\u00e9es \u00e0 l\u2019IRD<\/li><li class=\"p1\">4 o<span class=\"s1\">bservatoires hydro-\u00e9co-climatiques<\/span> au Sud (financ\u00e9s par IRD, CNRS et ANR)<\/li><li class=\"p1\">3 partenariats avec le Congo et l\u2019Inde via ANR et CEFIPRA<\/li><\/ul>\t\t\t\t\t\t\t\t<\/div>\n\t\t\t\t<\/div>\n\t\t\t\t\t<\/div>\n\t\t<\/div>\n\t\t\t\t\t<\/div>\n\t\t<\/section>\n\t\t\t\t<\/div>\n\t\t","protected":false},"excerpt":{"rendered":"<p>Une grande partie de la recherche au CEREGE s\u2019appuie sur des collaborations nationales et internationales. En quelques chiffres cl\u00e9s cela repr\u00e9sente \u00a0: plus de 75\u202f% des publications entre 2016 et [&hellip;]<\/p>\n","protected":false},"author":1,"featured_media":13119,"parent":824,"menu_order":11,"comment_status":"closed","ping_status":"closed","template":"","meta":{"_acf_changed":false,"footnotes":""},"class_list":["post-826","page","type-page","status-publish","has-post-thumbnail","hentry"],"acf":[],"publishpress_future_action":{"enabled":false,"date":"2026-04-17 09:46:08","action":"change-status","newStatus":"draft","terms":[],"taxonomy":"","extraData":[]},"publishpress_future_workflow_manual_trigger":{"enabledWorkflows":[]},"_links":{"self":[{"href":"https:\/\/www.cerege.fr\/fr\/wp-json\/wp\/v2\/pages\/826","targetHints":{"allow":["GET"]}}],"collection":[{"href":"https:\/\/www.cerege.fr\/fr\/wp-json\/wp\/v2\/pages"}],"about":[{"href":"https:\/\/www.cerege.fr\/fr\/wp-json\/wp\/v2\/types\/page"}],"author":[{"embeddable":true,"href":"https:\/\/www.cerege.fr\/fr\/wp-json\/wp\/v2\/users\/1"}],"replies":[{"embeddable":true,"href":"https:\/\/www.cerege.fr\/fr\/wp-json\/wp\/v2\/comments?post=826"}],"version-history":[{"count":6,"href":"https:\/\/www.cerege.fr\/fr\/wp-json\/wp\/v2\/pages\/826\/revisions"}],"predecessor-version":[{"id":29057,"href":"https:\/\/www.cerege.fr\/fr\/wp-json\/wp\/v2\/pages\/826\/revisions\/29057"}],"up":[{"embeddable":true,"href":"https:\/\/www.cerege.fr\/fr\/wp-json\/wp\/v2\/pages\/824"}],"wp:featuredmedia":[{"embeddable":true,"href":"https:\/\/www.cerege.fr\/fr\/wp-json\/wp\/v2\/media\/13119"}],"wp:attachment":[{"href":"https:\/\/www.cerege.fr\/fr\/wp-json\/wp\/v2\/media?parent=826"}],"curies":[{"name":"wp","href":"https:\/\/api.w.org\/{rel}","templated":true}]}}