{"id":837,"date":"2022-06-21T16:59:24","date_gmt":"2022-06-21T14:59:24","guid":{"rendered":"https:\/\/www.cerege.fr\/sciences\/terre-et-planetes\/enseignement-terre-et-planetes\/"},"modified":"2023-05-26T11:10:18","modified_gmt":"2023-05-26T09:10:18","slug":"enseignement-terre-et-planetes","status":"publish","type":"page","link":"https:\/\/www.cerege.fr\/fr\/sciences\/terre-et-planetes\/enseignement-terre-et-planetes\/","title":{"rendered":"Enseignement Terre et Plan\u00e8tes"},"content":{"rendered":"\t\t<div data-elementor-type=\"wp-page\" data-elementor-id=\"837\" class=\"elementor elementor-837\" data-elementor-post-type=\"page\">\n\t\t\t\t\t\t<section class=\"elementor-section elementor-top-section elementor-element elementor-element-34d23517 elementor-section-full_width elementor-section-height-min-height elementor-section-height-default elementor-section-items-middle\" data-id=\"34d23517\" data-element_type=\"section\" data-e-type=\"section\" data-settings=\"{&quot;background_background&quot;:&quot;classic&quot;}\">\n\t\t\t\t\t\t<div class=\"elementor-container elementor-column-gap-default\">\n\t\t\t\t\t<div class=\"elementor-column elementor-col-100 elementor-top-column elementor-element elementor-element-442fb743\" data-id=\"442fb743\" data-element_type=\"column\" data-e-type=\"column\">\n\t\t\t<div class=\"elementor-widget-wrap\">\n\t\t\t\t\t\t\t<\/div>\n\t\t<\/div>\n\t\t\t\t\t<\/div>\n\t\t<\/section>\n\t\t\t\t<section class=\"elementor-section elementor-top-section elementor-element elementor-element-6b3c1ca6 elementor-section-boxed elementor-section-height-default elementor-section-height-default\" data-id=\"6b3c1ca6\" data-element_type=\"section\" data-e-type=\"section\">\n\t\t\t\t\t\t<div class=\"elementor-container elementor-column-gap-default\">\n\t\t\t\t\t<div class=\"elementor-column elementor-col-100 elementor-top-column elementor-element elementor-element-2ac1e88\" data-id=\"2ac1e88\" data-element_type=\"column\" data-e-type=\"column\">\n\t\t\t<div class=\"elementor-widget-wrap elementor-element-populated\">\n\t\t\t\t\t\t<div class=\"elementor-element elementor-element-7681a558 elementor-widget elementor-widget-shortcode\" data-id=\"7681a558\" data-element_type=\"widget\" data-e-type=\"widget\" data-widget_type=\"shortcode.default\">\n\t\t\t\t<div class=\"elementor-widget-container\">\n\t\t\t\t\t\t\t<div class=\"elementor-shortcode\"><nav aria-label=\"breadcrumbs\">\n            <div class=\"breadcrumb-container theme1\">\n                <ol>\n                                    <\/ol>\n            <\/div>\n        <\/nav>    <script type=\"application\/ld+json\">\n        {\n            \"@context\": \"http:\/\/schema.org\",\n            \"@type\": \"BreadcrumbList\",\n            \"itemListElement\": [\n                            ]\n        }\n    <\/script>\n   \n    <script>\n            <\/script>\n<\/div>\n\t\t\t\t\t\t<\/div>\n\t\t\t\t<\/div>\n\t\t\t\t<div class=\"elementor-element elementor-element-2fc13eb2 elementor-widget elementor-widget-text-editor\" data-id=\"2fc13eb2\" data-element_type=\"widget\" data-e-type=\"widget\" data-widget_type=\"text-editor.default\">\n\t\t\t\t<div class=\"elementor-widget-container\">\n\t\t\t\t\t\t\t\t\t<p>L\u2019\u00e9quipe Terre et Plan\u00e8te est fortement impliqu\u00e9e dans les enseignements du CEREGE.<\/p><p>Au niveau Licence les universitaires de l\u2019\u00e9quipe enseignent principalement dans le parcours Terre de la <a href=\"https:\/\/www.cerege.fr\/formations\/licence-svt\/\">Licence SVT<\/a>.<\/p><p>Au niveau <a href=\"https:\/\/www.cerege.fr\/formations\/masters\/\">Master<\/a> les deux principales formations concern\u00e9es sont la finalit\u00e9 G\u00e9osciences de l\u2019Environnement du Master STPE et le Parcours GERINAT du <a href=\"https:\/\/www.cerege.fr\/formations\/masters-gee\/\">Master GEE<\/a>, dans lesquelles s\u2019impliquent aussi les chercheurs et ing\u00e9nieurs de l\u2019\u00e9quipe pour transmettre l\u2019expertise li\u00e9e aux plateformes.<\/p><p>De nombreux <a href=\"https:\/\/www.cerege.fr\/formations\/offres-de-stages-m1-m2\/\">stages de M1 et M2<\/a> sont propos\u00e9s au sein de l\u2019\u00e9quipe chaque ann\u00e9e, en lien avec les axes th\u00e9matiques.<\/p><p>Un effort constant d\u2019\u00e9volution de nos enseignements est au c\u0153ur des pr\u00e9occupations de l\u2019\u00e9quipe, en particulier via une internationalisation croissante des formations et le d\u00e9veloppement de p\u00e9dagogies innovantes (r\u00e9alit\u00e9 virtuelle).<\/p><p>Des <a href=\"https:\/\/www.regef.fr\/retour-sur-la-formation-doctorale-organisee-par-le-laboratoire-national-des-nucleides-cosmogeniques-ln2c-cerege\/\" target=\"_blank\" rel=\"noopener\">formations de pointe au niveau doctoral<\/a> sont aussi propos\u00e9s en lien avec les plateformes, telles que le LN2C.<\/p>\t\t\t\t\t\t\t\t<\/div>\n\t\t\t\t<\/div>\n\t\t\t\t\t<\/div>\n\t\t<\/div>\n\t\t\t\t\t<\/div>\n\t\t<\/section>\n\t\t\t\t<section class=\"elementor-section elementor-top-section elementor-element elementor-element-15aa9ca elementor-section-boxed elementor-section-height-default elementor-section-height-default\" data-id=\"15aa9ca\" data-element_type=\"section\" data-e-type=\"section\">\n\t\t\t\t\t\t<div class=\"elementor-container elementor-column-gap-default\">\n\t\t\t\t\t<div class=\"elementor-column elementor-col-100 elementor-top-column elementor-element elementor-element-7252f21\" data-id=\"7252f21\" data-element_type=\"column\" data-e-type=\"column\">\n\t\t\t<div class=\"elementor-widget-wrap elementor-element-populated\">\n\t\t\t\t\t\t<div class=\"elementor-element elementor-element-b4f998b elementor-widget__width-initial science_image_box eael-infobox-shape-square eael-infobox-hover-img-shape-square elementor-widget elementor-widget-eael-info-box\" data-id=\"b4f998b\" data-element_type=\"widget\" data-e-type=\"widget\" data-widget_type=\"eael-info-box.default\">\n\t\t\t\t<div class=\"elementor-widget-container\">\n\t\t\t\t\t            <a href=\"https:\/\/www.cerege.fr\/formations\/licence-svt\/\">\n\t            <div class=\"eael-infobox icon-on-top\">\n\t            <div class=\"infobox-icon\">\n\n                            <img decoding=\"async\" src=\"https:\/\/www.cerege.fr\/wp-content\/uploads\/elementor\/thumbs\/IMG_7943-e1678292558526-q37xz7hhz5uz8m5gdlokb5rxos2m70ksebtbjomyz0.jpg\" alt=\"\">\n            \n            \n            \n        <\/div>\n            <div class=\"infobox-content\">\n                    <div class=\"infobox-title-section\">\n                <h3 class=\"title\">Licence SVT- parcours Terre<\/h3>            <\/div>\n            <div><p class=\"Standard\"><span style=\"color: black\">Une formation port\u00e9e par le CEREGE abordant tout le spectre des G\u00e9osciences<\/span><\/p><\/div>        <\/div>\n            <\/div>\n\n\t\t            <\/a>\n\t\t\t\t\t\t<\/div>\n\t\t\t\t<\/div>\n\t\t\t\t<div class=\"elementor-element elementor-element-f35436c elementor-widget__width-initial science_image_box eael-infobox-shape-square eael-infobox-hover-img-shape-square elementor-widget elementor-widget-eael-info-box\" data-id=\"f35436c\" data-element_type=\"widget\" data-e-type=\"widget\" data-widget_type=\"eael-info-box.default\">\n\t\t\t\t<div class=\"elementor-widget-container\">\n\t\t\t\t\t            <a href=\"https:\/\/www.cerege.fr\/formations\/masters\/\">\n\t            <div class=\"eael-infobox icon-on-top\">\n\t            <div class=\"infobox-icon\">\n\n                            <img decoding=\"async\" src=\"https:\/\/www.cerege.fr\/wp-content\/uploads\/elementor\/thumbs\/CEREGE_Master_STPE367-q3k3fqjjbcerayj80zo012nsqtkqkt5ayb7h3i4x3g.jpg\" alt=\"\">\n            \n            \n            \n        <\/div>\n            <div class=\"infobox-content\">\n                    <div class=\"infobox-title-section\">\n                <h3 class=\"title\">Master STPE - finalit\u00e9 G\u00e9osciences de l'Environnement<\/h3>            <\/div>\n            <div><p class=\"Standard\"><span style=\"color: black\">Pour se sp\u00e9cialiser en Sciences de la Terre, des Plan\u00e8tes et de l\u2019Environnement<\/span><\/p><\/div>        <\/div>\n            <\/div>\n\n\t\t            <\/a>\n\t\t\t\t\t\t<\/div>\n\t\t\t\t<\/div>\n\t\t\t\t<div class=\"elementor-element elementor-element-3bf2be6 elementor-widget__width-initial science_image_box eael-infobox-shape-square eael-infobox-hover-img-shape-square elementor-widget elementor-widget-eael-info-box\" data-id=\"3bf2be6\" data-element_type=\"widget\" data-e-type=\"widget\" data-widget_type=\"eael-info-box.default\">\n\t\t\t\t<div class=\"elementor-widget-container\">\n\t\t\t\t\t            <a href=\"https:\/\/www.cerege.fr\/formations\/masters\/\">\n\t            <div class=\"eael-infobox icon-on-top\">\n\t            <div class=\"infobox-icon\">\n\n                            <img decoding=\"async\" src=\"https:\/\/www.cerege.fr\/wp-content\/uploads\/elementor\/thumbs\/CEREGE_Master_GeE382-scaled-q3jxvhz9ewas1fe29xq4d3pt2uitu17t384roh14lo.jpg\" alt=\"\">\n            \n            \n            \n        <\/div>\n            <div class=\"infobox-content\">\n                    <div class=\"infobox-title-section\">\n                <h3 class=\"title\">Master GeE - parcours GERINAT<\/h3>            <\/div>\n            <div><p class=\"Standard\"><span style=\"color: black\">Pour se sp\u00e9cialiser en Gestion des Risques<\/span>.<\/p><\/div>        <\/div>\n            <\/div>\n\n\t\t            <\/a>\n\t\t\t\t\t\t<\/div>\n\t\t\t\t<\/div>\n\t\t\t\t\t<\/div>\n\t\t<\/div>\n\t\t\t\t\t<\/div>\n\t\t<\/section>\n\t\t\t\t<\/div>\n\t\t","protected":false},"excerpt":{"rendered":"<p>L\u2019\u00e9quipe Terre et Plan\u00e8te est fortement impliqu\u00e9e dans les enseignements du CEREGE. Au niveau Licence les universitaires de l\u2019\u00e9quipe enseignent principalement dans le parcours Terre de la Licence SVT. Au [&hellip;]<\/p>\n","protected":false},"author":1,"featured_media":6180,"parent":827,"menu_order":22,"comment_status":"closed","ping_status":"closed","template":"","meta":{"_acf_changed":false,"footnotes":""},"class_list":["post-837","page","type-page","status-publish","has-post-thumbnail","hentry"],"acf":[],"publishpress_future_action":{"enabled":false,"date":"2026-05-10 15:46:26","action":"change-status","newStatus":"draft","terms":[],"taxonomy":"","extraData":[]},"publishpress_future_workflow_manual_trigger":{"enabledWorkflows":[]},"_links":{"self":[{"href":"https:\/\/www.cerege.fr\/fr\/wp-json\/wp\/v2\/pages\/837","targetHints":{"allow":["GET"]}}],"collection":[{"href":"https:\/\/www.cerege.fr\/fr\/wp-json\/wp\/v2\/pages"}],"about":[{"href":"https:\/\/www.cerege.fr\/fr\/wp-json\/wp\/v2\/types\/page"}],"author":[{"embeddable":true,"href":"https:\/\/www.cerege.fr\/fr\/wp-json\/wp\/v2\/users\/1"}],"replies":[{"embeddable":true,"href":"https:\/\/www.cerege.fr\/fr\/wp-json\/wp\/v2\/comments?post=837"}],"version-history":[{"count":5,"href":"https:\/\/www.cerege.fr\/fr\/wp-json\/wp\/v2\/pages\/837\/revisions"}],"predecessor-version":[{"id":18883,"href":"https:\/\/www.cerege.fr\/fr\/wp-json\/wp\/v2\/pages\/837\/revisions\/18883"}],"up":[{"embeddable":true,"href":"https:\/\/www.cerege.fr\/fr\/wp-json\/wp\/v2\/pages\/827"}],"wp:featuredmedia":[{"embeddable":true,"href":"https:\/\/www.cerege.fr\/fr\/wp-json\/wp\/v2\/media\/6180"}],"wp:attachment":[{"href":"https:\/\/www.cerege.fr\/fr\/wp-json\/wp\/v2\/media?parent=837"}],"curies":[{"name":"wp","href":"https:\/\/api.w.org\/{rel}","templated":true}]}}