{"id":856,"date":"2022-06-21T17:02:11","date_gmt":"2022-06-21T15:02:11","guid":{"rendered":"https:\/\/www.cerege.fr\/equipements\/poles-techniques\/"},"modified":"2025-07-09T13:40:46","modified_gmt":"2025-07-09T11:40:46","slug":"poles-techniques","status":"publish","type":"page","link":"https:\/\/www.cerege.fr\/fr\/equipements\/poles-techniques\/","title":{"rendered":"P\u00f4les Techniques"},"content":{"rendered":"\t\t<div data-elementor-type=\"wp-page\" data-elementor-id=\"856\" class=\"elementor elementor-856\" data-elementor-post-type=\"page\">\n\t\t\t\t\t\t<section class=\"elementor-section elementor-top-section elementor-element elementor-element-53ee571f elementor-section-full_width elementor-section-height-min-height elementor-section-height-default elementor-section-items-middle\" data-id=\"53ee571f\" data-element_type=\"section\" data-e-type=\"section\" data-settings=\"{&quot;background_background&quot;:&quot;classic&quot;}\">\n\t\t\t\t\t\t<div class=\"elementor-container elementor-column-gap-default\">\n\t\t\t\t\t<div class=\"elementor-column elementor-col-100 elementor-top-column elementor-element elementor-element-59ce18e7\" data-id=\"59ce18e7\" data-element_type=\"column\" data-e-type=\"column\">\n\t\t\t<div class=\"elementor-widget-wrap\">\n\t\t\t\t\t\t\t<\/div>\n\t\t<\/div>\n\t\t\t\t\t<\/div>\n\t\t<\/section>\n\t\t\t\t<section class=\"elementor-section elementor-top-section elementor-element elementor-element-62c4dbae elementor-section-boxed elementor-section-height-default elementor-section-height-default\" data-id=\"62c4dbae\" data-element_type=\"section\" data-e-type=\"section\">\n\t\t\t\t\t\t<div class=\"elementor-container elementor-column-gap-default\">\n\t\t\t\t\t<div class=\"elementor-column elementor-col-100 elementor-top-column elementor-element elementor-element-1ce357e2\" data-id=\"1ce357e2\" data-element_type=\"column\" data-e-type=\"column\">\n\t\t\t<div class=\"elementor-widget-wrap elementor-element-populated\">\n\t\t\t\t\t\t<div class=\"elementor-element elementor-element-3e3c5661 elementor-widget elementor-widget-shortcode\" data-id=\"3e3c5661\" data-element_type=\"widget\" data-e-type=\"widget\" data-widget_type=\"shortcode.default\">\n\t\t\t\t<div class=\"elementor-widget-container\">\n\t\t\t\t\t\t\t<div class=\"elementor-shortcode\"><nav aria-label=\"breadcrumbs\">\n            <div class=\"breadcrumb-container theme1\">\n                <ol>\n                                    <\/ol>\n            <\/div>\n        <\/nav>    <script type=\"application\/ld+json\">\n        {\n            \"@context\": \"http:\/\/schema.org\",\n            \"@type\": \"BreadcrumbList\",\n            \"itemListElement\": [\n                            ]\n        }\n    <\/script>\n   \n    <script>\n            <\/script>\n<\/div>\n\t\t\t\t\t\t<\/div>\n\t\t\t\t<\/div>\n\t\t\t\t<section class=\"elementor-section elementor-inner-section elementor-element elementor-element-a32738b sous_menu_bulle elementor-section-boxed elementor-section-height-default elementor-section-height-default\" data-id=\"a32738b\" data-element_type=\"section\" data-e-type=\"section\">\n\t\t\t\t\t\t<div class=\"elementor-container elementor-column-gap-default\">\n\t\t\t\t\t<div class=\"elementor-column elementor-col-100 elementor-inner-column elementor-element elementor-element-963415e\" data-id=\"963415e\" data-element_type=\"column\" data-e-type=\"column\">\n\t\t\t<div class=\"elementor-widget-wrap elementor-element-populated\">\n\t\t\t\t\t\t<div class=\"elementor-element elementor-element-5aeb669 elementor-icon-list--layout-inline elementor-align-center sommaire elementor-list-item-link-full_width elementor-widget elementor-widget-icon-list\" data-id=\"5aeb669\" data-element_type=\"widget\" data-e-type=\"widget\" data-widget_type=\"icon-list.default\">\n\t\t\t\t<div class=\"elementor-widget-container\">\n\t\t\t\t\t\t\t<ul class=\"elementor-icon-list-items elementor-inline-items\">\n\t\t\t\t\t\t\t<li class=\"elementor-icon-list-item elementor-inline-item\">\n\t\t\t\t\t\t\t\t\t\t\t<a href=\"#ancre1\">\n\n\t\t\t\t\t\t\t\t\t\t\t<span class=\"elementor-icon-list-text\">G\u00e9ochimie<\/span>\n\t\t\t\t\t\t\t\t\t\t\t<\/a>\n\t\t\t\t\t\t\t\t\t<\/li>\n\t\t\t\t\t\t\t\t<li class=\"elementor-icon-list-item elementor-inline-item\">\n\t\t\t\t\t\t\t\t\t\t\t<a href=\"#ancre1\">\n\n\t\t\t\t\t\t\t\t\t\t\t<span class=\"elementor-icon-list-text\">Imagerie<\/span>\n\t\t\t\t\t\t\t\t\t\t\t<\/a>\n\t\t\t\t\t\t\t\t\t<\/li>\n\t\t\t\t\t\t\t\t<li class=\"elementor-icon-list-item elementor-inline-item\">\n\t\t\t\t\t\t\t\t\t\t\t<a href=\"#ancre1\">\n\n\t\t\t\t\t\t\t\t\t\t\t<span class=\"elementor-icon-list-text\">G\u00e9ophysique<\/span>\n\t\t\t\t\t\t\t\t\t\t\t<\/a>\n\t\t\t\t\t\t\t\t\t<\/li>\n\t\t\t\t\t\t\t\t<li class=\"elementor-icon-list-item elementor-inline-item\">\n\t\t\t\t\t\t\t\t\t\t\t<a href=\"#ancre2\">\n\n\t\t\t\t\t\t\t\t\t\t\t<span class=\"elementor-icon-list-text\">Mod\u00e9lisation et calculs<\/span>\n\t\t\t\t\t\t\t\t\t\t\t<\/a>\n\t\t\t\t\t\t\t\t\t<\/li>\n\t\t\t\t\t\t<\/ul>\n\t\t\t\t\t\t<\/div>\n\t\t\t\t<\/div>\n\t\t\t\t<div class=\"elementor-element elementor-element-981deca elementor-icon-list--layout-inline elementor-align-center sommaire elementor-list-item-link-full_width elementor-widget elementor-widget-icon-list\" data-id=\"981deca\" data-element_type=\"widget\" data-e-type=\"widget\" data-widget_type=\"icon-list.default\">\n\t\t\t\t<div class=\"elementor-widget-container\">\n\t\t\t\t\t\t\t<ul class=\"elementor-icon-list-items elementor-inline-items\">\n\t\t\t\t\t\t\t<li class=\"elementor-icon-list-item elementor-inline-item\">\n\t\t\t\t\t\t\t\t\t\t\t<a href=\"#ancre2\">\n\n\t\t\t\t\t\t\t\t\t\t\t<span class=\"elementor-icon-list-text\">Terrain<\/span>\n\t\t\t\t\t\t\t\t\t\t\t<\/a>\n\t\t\t\t\t\t\t\t\t<\/li>\n\t\t\t\t\t\t\t\t<li class=\"elementor-icon-list-item elementor-inline-item\">\n\t\t\t\t\t\t\t\t\t\t\t<a href=\"#ancre2\">\n\n\t\t\t\t\t\t\t\t\t\t\t<span class=\"elementor-icon-list-text\">Pr\u00e9paration d'\u00e9chantillons<\/span>\n\t\t\t\t\t\t\t\t\t\t\t<\/a>\n\t\t\t\t\t\t\t\t\t<\/li>\n\t\t\t\t\t\t\t\t<li class=\"elementor-icon-list-item elementor-inline-item\">\n\t\t\t\t\t\t\t\t\t\t\t<a href=\"#ancre3\">\n\n\t\t\t\t\t\t\t\t\t\t\t<span class=\"elementor-icon-list-text\">Eco-technologies<\/span>\n\t\t\t\t\t\t\t\t\t\t\t<\/a>\n\t\t\t\t\t\t\t\t\t<\/li>\n\t\t\t\t\t\t<\/ul>\n\t\t\t\t\t\t<\/div>\n\t\t\t\t<\/div>\n\t\t\t\t\t<\/div>\n\t\t<\/div>\n\t\t\t\t\t<\/div>\n\t\t<\/section>\n\t\t\t\t\t<\/div>\n\t\t<\/div>\n\t\t\t\t\t<\/div>\n\t\t<\/section>\n\t\t\t\t<section class=\"elementor-section elementor-top-section elementor-element elementor-element-80879d6 elementor-section-boxed elementor-section-height-default elementor-section-height-default\" data-id=\"80879d6\" data-element_type=\"section\" data-e-type=\"section\">\n\t\t\t\t\t\t<div class=\"elementor-container elementor-column-gap-default\">\n\t\t\t\t\t<div class=\"elementor-column elementor-col-100 elementor-top-column elementor-element elementor-element-f0ccac3\" data-id=\"f0ccac3\" data-element_type=\"column\" data-e-type=\"column\">\n\t\t\t<div class=\"elementor-widget-wrap elementor-element-populated\">\n\t\t\t\t\t\t<div class=\"elementor-element elementor-element-a87b049 elementor-widget elementor-widget-text-editor\" data-id=\"a87b049\" data-element_type=\"widget\" data-e-type=\"widget\" data-widget_type=\"text-editor.default\">\n\t\t\t\t<div class=\"elementor-widget-container\">\n\t\t\t\t\t\t\t\t\t<p>La richesse des moyens analytiques disponibles au CEREGE constitue une de ses grandes forces sur laquelle s\u2019appuient les 4 \u00e9quipes scientifiques actuelles. Ces instruments sont rattach\u00e9s aux \u00e9quipes au sein de nombreux laboratoires et plateformes qui ont \u00e9t\u00e9 regroup\u00e9s en comp\u00e9tences dans des p\u00f4les techniques.<\/p>\t\t\t\t\t\t\t\t<\/div>\n\t\t\t\t<\/div>\n\t\t\t\t<section class=\"elementor-section elementor-inner-section elementor-element elementor-element-74ddbfd elementor-section-full_width elementor-section-height-default elementor-section-height-default\" data-id=\"74ddbfd\" data-element_type=\"section\" data-e-type=\"section\">\n\t\t\t\t\t\t<div class=\"elementor-container elementor-column-gap-wider\">\n\t\t\t\t\t<div class=\"elementor-column elementor-col-100 elementor-inner-column elementor-element elementor-element-db67e63\" data-id=\"db67e63\" data-element_type=\"column\" data-e-type=\"column\">\n\t\t\t<div class=\"elementor-widget-wrap elementor-element-populated\">\n\t\t\t\t\t\t<div class=\"elementor-element elementor-element-e672bb7 elementor-widget elementor-widget-menu-anchor\" data-id=\"e672bb7\" data-element_type=\"widget\" data-e-type=\"widget\" data-widget_type=\"menu-anchor.default\">\n\t\t\t\t<div class=\"elementor-widget-container\">\n\t\t\t\t\t\t\t<div class=\"elementor-menu-anchor\" id=\"ancre1\"><\/div>\n\t\t\t\t\t\t<\/div>\n\t\t\t\t<\/div>\n\t\t\t\t<div class=\"elementor-element elementor-element-72caab7 elementor-widget__width-initial science_image_box eael-infobox-shape-square eael-infobox-hover-img-shape-square elementor-widget elementor-widget-eael-info-box\" data-id=\"72caab7\" data-element_type=\"widget\" data-e-type=\"widget\" data-widget_type=\"eael-info-box.default\">\n\t\t\t\t<div class=\"elementor-widget-container\">\n\t\t\t\t\t        <div class=\"eael-infobox icon-on-top\">\n\t            <div class=\"infobox-icon\">\n\n                            <img decoding=\"async\" src=\"https:\/\/www.cerege.fr\/wp-content\/uploads\/elementor\/thumbs\/CEREGE_Pole_Geochimie-pxw8xtmuqzt5odbb7obzbyvzgibik2dprfw4x783gs.png\" alt=\"\">\n            \n            \n            \n        <\/div>\n            <div class=\"infobox-content\">\n                    <div class=\"infobox-title-section\">\n                <h3 class=\"title\">G\u00e9ochimie<\/h3>            <\/div>\n            <div><p><a href=\"https:\/\/www.cerege.fr\/equipements\/poles-techniques\/analyse-des-isotopes-stables-paniss-2\/\">. Analyse des Isotopes Stables (PANISS)<\/a><\/p><p style=\"text-align: left\"><a href=\"https:\/\/www.cerege.fr\/equipements\/poles-techniques\/chimie-elementaire-la-icp-ms\/\">. Chimie \u00e9l\u00e9mentaire (LA-ICP-MS)<\/a><\/p><p style=\"text-align: left\"><a href=\"https:\/\/www.cerege.fr\/equipements\/poles-techniques\/geochimie-organique-inorganique-et-isotopique-2\/\">. G\u00e9ochimie organique, inorganique et isotopique (LGO2i)<\/a><\/p><p style=\"text-align: left\"><a href=\"https:\/\/www.cerege.fr\/equipements\/poles-techniques\/hydro-terrain\/\">. Hydro-terrain<\/a><\/p><p><a href=\"https:\/\/www.cerege.fr\/equipements\/poles-techniques\/isotopes-radiogeniques-et-non-conventionnels-envitop\/\">. Isotopes radiog\u00e9niques et non conventionnels (ENVITOP)<\/a><\/p><\/div>        <\/div>\n            <\/div>\n\n\t\t\t\t\t\t<\/div>\n\t\t\t\t<\/div>\n\t\t\t\t<div class=\"elementor-element elementor-element-4a7b45c elementor-widget__width-initial science_image_box eael-infobox-shape-square eael-infobox-hover-img-shape-square elementor-widget elementor-widget-eael-info-box\" data-id=\"4a7b45c\" data-element_type=\"widget\" data-e-type=\"widget\" data-widget_type=\"eael-info-box.default\">\n\t\t\t\t<div class=\"elementor-widget-container\">\n\t\t\t\t\t        <div class=\"eael-infobox icon-on-top\">\n\t            <div class=\"infobox-icon\">\n\n                            <img decoding=\"async\" src=\"https:\/\/www.cerege.fr\/wp-content\/uploads\/elementor\/thumbs\/CEREGE_MATRIXb_Imagerie-scaled-pxw98uaqv2w5rtb4vfsjk6si540esc4fxz71fyvyj0.jpg\" alt=\"\">\n            \n            \n            \n        <\/div>\n            <div class=\"infobox-content\">\n                    <div class=\"infobox-title-section\">\n                <h3 class=\"title\">Imagerie<\/h3>            <\/div>\n            <div><p style=\"text-align: left\"><a href=\"https:\/\/www.cerege.fr\/equipements\/poles-techniques\/chimie-elementaire-la-icp-ms\/\">. Chimie \u00e9l\u00e9mentaire (LA-ICP-MS)<\/a><\/p><p style=\"text-align: left\"><a href=\"https:\/\/www.cerege.fr\/equipements\/poles-techniques\/geomodelisation\/\">. G\u00e9omod\u00e9lisation<\/a><\/p><p style=\"text-align: left\"><a href=\"https:\/\/www.cerege.fr\/equipements\/poles-techniques\/imagerie-2d-et-3d-par-rayons-x-matrix\/\">. Imagerie 2D et 3D par rayons X (MATRIX)<\/a><\/p><p style=\"text-align: left\"><a href=\"https:\/\/www.cerege.fr\/equipements\/poles-techniques\/imagerie-et-geomatique-sigeo\/\">. Imagerie et G\u00e9omatique (SIGEO)<\/a><\/p><p style=\"text-align: left\"><a href=\"https:\/\/www.cerege.fr\/equipements\/poles-techniques\/geophysique-et-petrographie\/\">. G\u00e9ophysique et P\u00e9trographie<\/a><\/p><p style=\"text-align: left\"><a href=\"https:\/\/www.cerege.fr\/equipements\/poles-techniques\/micropaleontologie-automatisee\/\">. Micropal\u00e9ontologie automatis\u00e9e (MANTA)<\/a><\/p><p>. <a href=\"https:\/\/www.cerege.fr\/equipements\/poles-techniques\/sedimentologie\/\">S\u00e9dimentologie (Sedim)<\/a><\/p><\/div>        <\/div>\n            <\/div>\n\n\t\t\t\t\t\t<\/div>\n\t\t\t\t<\/div>\n\t\t\t\t<div class=\"elementor-element elementor-element-7c4f6df elementor-widget__width-initial science_image_box eael-infobox-shape-square eael-infobox-hover-img-shape-square elementor-widget elementor-widget-eael-info-box\" data-id=\"7c4f6df\" data-element_type=\"widget\" data-e-type=\"widget\" data-widget_type=\"eael-info-box.default\">\n\t\t\t\t<div class=\"elementor-widget-container\">\n\t\t\t\t\t        <div class=\"eael-infobox icon-on-top\">\n\t            <div class=\"infobox-icon\">\n\n                            <img decoding=\"async\" src=\"https:\/\/www.cerege.fr\/wp-content\/uploads\/elementor\/thumbs\/geophy_IMG_20220512_111552678_HDR-scaled-pyt1kytb4deqxt4jpe67ty5nzvqexfwz2gz5dde170.jpg\" alt=\"\">\n            \n            \n            \n        <\/div>\n            <div class=\"infobox-content\">\n                    <div class=\"infobox-title-section\">\n                <h3 class=\"title\">G\u00e9ophysique<\/h3>            <\/div>\n            <div><p style=\"text-align: left\"><a href=\"https:\/\/www.cerege.fr\/equipements\/poles-techniques\/caracterisation-des-colloides\/\">. Caract\u00e9risation des Collo\u00efdes<\/a><\/p><p style=\"text-align: left\"><a href=\"https:\/\/www.cerege.fr\/equipements\/poles-techniques\/geomodelisation\/\">. G\u00e9omod\u00e9lisation<\/a><\/p><p style=\"text-align: left\"><a href=\"https:\/\/www.cerege.fr\/equipements\/poles-techniques\/geophysique-et-petrographie\/\">. G\u00e9ophysique et P\u00e9trographie<\/a><\/p><p style=\"text-align: left\"><a href=\"https:\/\/www.cerege.fr\/equipements\/poles-techniques\/modelisation-acoustique\/\">. Mod\u00e9lisation exp\u00e9rimentale &amp; d&#8217;Acoustique<\/a><\/p><p style=\"text-align: left\">. <a href=\"https:\/\/www.cerege.fr\/equipements\/poles-techniques\/petrographie-et-petrophysique\/\">P\u00e9trographie et P\u00e9trophysique<\/a><\/p><p style=\"text-align: left\">. <a href=\"https:\/\/www.cerege.fr\/equipements\/poles-techniques\/sedimentologie\/\">S\u00e9dimentologie (Sedim)<\/a><\/p><\/div>        <\/div>\n            <\/div>\n\n\t\t\t\t\t\t<\/div>\n\t\t\t\t<\/div>\n\t\t\t\t<div class=\"elementor-element elementor-element-34cf16b elementor-widget elementor-widget-menu-anchor\" data-id=\"34cf16b\" data-element_type=\"widget\" data-e-type=\"widget\" data-widget_type=\"menu-anchor.default\">\n\t\t\t\t<div class=\"elementor-widget-container\">\n\t\t\t\t\t\t\t<div class=\"elementor-menu-anchor\" id=\"ancre2\"><\/div>\n\t\t\t\t\t\t<\/div>\n\t\t\t\t<\/div>\n\t\t\t\t<div class=\"elementor-element elementor-element-d7ce1eb elementor-widget__width-initial science_image_box eael-infobox-shape-square eael-infobox-hover-img-shape-square elementor-widget elementor-widget-eael-info-box\" data-id=\"d7ce1eb\" data-element_type=\"widget\" data-e-type=\"widget\" data-widget_type=\"eael-info-box.default\">\n\t\t\t\t<div class=\"elementor-widget-container\">\n\t\t\t\t\t        <div class=\"eael-infobox icon-on-top\">\n\t            <div class=\"infobox-icon\">\n\n                            <img decoding=\"async\" src=\"https:\/\/www.cerege.fr\/wp-content\/uploads\/elementor\/thumbs\/Projet-VirtualField-2-q0i80oq8yobjt3af3y32byvodwnkfqo1g8ybowp3m4.png\" alt=\"\">\n            \n            \n            \n        <\/div>\n            <div class=\"infobox-content\">\n                    <div class=\"infobox-title-section\">\n                <h3 class=\"title\">Mod\u00e9lisation et Calculs<\/h3>            <\/div>\n            <div><p><a href=\"https:\/\/www.cerege.fr\/equipements\/poles-techniques\/geomodelisation\/\">. G\u00e9omod\u00e9lisation<\/a><\/p><p><a href=\"https:\/\/www.cerege.fr\/equipements\/poles-techniques\/imagerie-et-geomatique-sigeo\/\">. Imagerie et G\u00e9omatique (SIGEO)<\/a><\/p><\/div>        <\/div>\n            <\/div>\n\n\t\t\t\t\t\t<\/div>\n\t\t\t\t<\/div>\n\t\t\t\t<div class=\"elementor-element elementor-element-4b4d7da elementor-widget__width-initial science_image_box eael-infobox-shape-square eael-infobox-hover-img-shape-square elementor-widget elementor-widget-eael-info-box\" data-id=\"4b4d7da\" data-element_type=\"widget\" data-e-type=\"widget\" data-widget_type=\"eael-info-box.default\">\n\t\t\t\t<div class=\"elementor-widget-container\">\n\t\t\t\t\t        <div class=\"eael-infobox icon-on-top\">\n\t            <div class=\"infobox-icon\">\n\n                            <img decoding=\"async\" src=\"https:\/\/www.cerege.fr\/wp-content\/uploads\/elementor\/thumbs\/terrain_gps_polynesie-scaled-pxwbgy3lasjv7gy942by1z2on96irq4xmgopsw4498.jpg\" alt=\"\">\n            \n            \n            \n        <\/div>\n            <div class=\"infobox-content\">\n                    <div class=\"infobox-title-section\">\n                <h3 class=\"title\">Terrain<\/h3>            <\/div>\n            <div><p style=\"text-align: left\"><a href=\"https:\/\/www.cerege.fr\/equipements\/poles-techniques\/hydro-terrain\/\">. Hydro-terrain<\/a><\/p><p style=\"text-align: left\"><a href=\"https:\/\/www.cerege.fr\/equipements\/poles-techniques\/imagerie-et-geomatique-sigeo\/\">. Imagerie et G\u00e9omatique (SIGEO)<\/a><\/p><p style=\"text-align: left\"><a href=\"https:\/\/www.cerege.fr\/equipements\/poles-techniques\/geophysique-et-petrographie\/\">. G\u00e9ophysique et P\u00e9trographie<\/a><\/p><p>. <a href=\"https:\/\/www.cerege.fr\/equipements\/poles-techniques\/sedimentologie\/\">S\u00e9dimentologie (Sedim)<\/a><\/p><\/div>        <\/div>\n            <\/div>\n\n\t\t\t\t\t\t<\/div>\n\t\t\t\t<\/div>\n\t\t\t\t<div class=\"elementor-element elementor-element-1460118 elementor-widget__width-initial science_image_box eael-infobox-shape-square eael-infobox-hover-img-shape-square elementor-widget elementor-widget-eael-info-box\" data-id=\"1460118\" data-element_type=\"widget\" data-e-type=\"widget\" data-widget_type=\"eael-info-box.default\">\n\t\t\t\t<div class=\"elementor-widget-container\">\n\t\t\t\t\t        <div class=\"eael-infobox icon-on-top\">\n\t            <div class=\"infobox-icon\">\n\n                            <img decoding=\"async\" src=\"https:\/\/www.cerege.fr\/wp-content\/uploads\/elementor\/thumbs\/CNRS_echantillons-scaled-q185axad0lrwxjz2zyx0ikjizr7tprcc4330xw96rw.jpg\" alt=\"\">\n            \n            \n            \n        <\/div>\n            <div class=\"infobox-content\">\n                    <div class=\"infobox-title-section\">\n                <h3 class=\"title\">Pr\u00e9paration d'\u00e9chantillons<\/h3>            <\/div>\n            <div><p><a href=\"https:\/\/www.cerege.fr\/equipements\/poles-techniques\/petrographie-et-petrophysique\/\">. P\u00e9trographie et P\u00e9trophysique<\/a><\/p><p><a href=\"https:\/\/www.cerege.fr\/equipements\/poles-techniques\/preparation-analyse-des-sols\/\">. Pr\u00e9paration &amp; Analyse des Sols<\/a><\/p><p style=\"text-align: left\"><a href=\"https:\/\/www.cerege.fr\/equipements\/poles-techniques\/preparation-micropaleontologique\/\">. Pr\u00e9paration Micropal\u00e9ontologique<\/a><\/p><p>. <a href=\"https:\/\/www.cerege.fr\/equipements\/poles-techniques\/sedimentologie\/\">S\u00e9dimentologie (Sedim)<\/a><\/p><\/div>        <\/div>\n            <\/div>\n\n\t\t\t\t\t\t<\/div>\n\t\t\t\t<\/div>\n\t\t\t\t\t<\/div>\n\t\t<\/div>\n\t\t\t\t\t<\/div>\n\t\t<\/section>\n\t\t\t\t\t<\/div>\n\t\t<\/div>\n\t\t\t\t\t<\/div>\n\t\t<\/section>\n\t\t\t\t<section class=\"elementor-section elementor-top-section elementor-element elementor-element-01d98d7 elementor-section-boxed elementor-section-height-default elementor-section-height-default\" data-id=\"01d98d7\" data-element_type=\"section\" data-e-type=\"section\">\n\t\t\t\t\t\t<div class=\"elementor-container elementor-column-gap-default\">\n\t\t\t\t\t<div class=\"elementor-column elementor-col-100 elementor-top-column elementor-element elementor-element-a3ff685\" data-id=\"a3ff685\" data-element_type=\"column\" data-e-type=\"column\">\n\t\t\t<div class=\"elementor-widget-wrap elementor-element-populated\">\n\t\t\t\t\t\t<div class=\"elementor-element elementor-element-24428af elementor-widget elementor-widget-menu-anchor\" data-id=\"24428af\" data-element_type=\"widget\" data-e-type=\"widget\" data-widget_type=\"menu-anchor.default\">\n\t\t\t\t<div class=\"elementor-widget-container\">\n\t\t\t\t\t\t\t<div class=\"elementor-menu-anchor\" id=\"ancre3\"><\/div>\n\t\t\t\t\t\t<\/div>\n\t\t\t\t<\/div>\n\t\t\t\t<section class=\"elementor-section elementor-inner-section elementor-element elementor-element-5eaab70 elementor-section-full_width elementor-section-height-default elementor-section-height-default\" data-id=\"5eaab70\" data-element_type=\"section\" data-e-type=\"section\">\n\t\t\t\t\t\t<div class=\"elementor-container elementor-column-gap-wider\">\n\t\t\t\t\t<div class=\"elementor-column elementor-col-100 elementor-inner-column elementor-element elementor-element-c4f177c\" data-id=\"c4f177c\" data-element_type=\"column\" data-e-type=\"column\">\n\t\t\t<div class=\"elementor-widget-wrap elementor-element-populated\">\n\t\t\t\t\t\t<div class=\"elementor-element elementor-element-9acd142 elementor-widget__width-initial science_image_box eael-infobox-shape-square eael-infobox-hover-img-shape-square elementor-widget elementor-widget-eael-info-box\" data-id=\"9acd142\" data-element_type=\"widget\" data-e-type=\"widget\" data-widget_type=\"eael-info-box.default\">\n\t\t\t\t<div class=\"elementor-widget-container\">\n\t\t\t\t\t            <a >\n\t            <div class=\"eael-infobox icon-on-top\">\n\t            <div class=\"infobox-icon\">\n\n                            <img decoding=\"async\" src=\"https:\/\/www.cerege.fr\/wp-content\/uploads\/elementor\/thumbs\/Eco-technologies-1-pxwdj4j2n43hfn7aymn1br78axkb7tmctm36804n7w.jpeg\" alt=\"\">\n            \n            \n            \n        <\/div>\n            <div class=\"infobox-content\">\n                    <div class=\"infobox-title-section\">\n                <h3 class=\"title\">Eco-technologies<\/h3>            <\/div>\n            <div><p style=\"text-align: left\"><a href=\"https:\/\/www.cerege.fr\/equipements\/poles-techniques\/cirene\/\">. Centre d&#8217;Innovation et de Recherche en Environnement et en Eco-technologies (CIRENE)<\/a><\/p><p><a href=\"https:\/\/www.cerege.fr\/equipements\/poles-techniques\/caracterisation-des-colloides\/\">. Caract\u00e9risation des Collo\u00efdes<\/a><\/p><\/div>        <\/div>\n            <\/div>\n\n\t\t            <\/a>\n\t\t\t\t\t\t<\/div>\n\t\t\t\t<\/div>\n\t\t\t\t\t<\/div>\n\t\t<\/div>\n\t\t\t\t\t<\/div>\n\t\t<\/section>\n\t\t\t\t\t<\/div>\n\t\t<\/div>\n\t\t\t\t\t<\/div>\n\t\t<\/section>\n\t\t\t\t<\/div>\n\t\t","protected":false},"excerpt":{"rendered":"<p>G\u00e9ochimie Imagerie G\u00e9ophysique Mod\u00e9lisation et calculs Terrain Pr\u00e9paration d&#8217;\u00e9chantillons Eco-technologies La richesse des moyens analytiques disponibles au CEREGE constitue une de ses grandes forces sur laquelle s\u2019appuient les 4 \u00e9quipes [&hellip;]<\/p>\n","protected":false},"author":1,"featured_media":3322,"parent":818,"menu_order":41,"comment_status":"closed","ping_status":"closed","template":"","meta":{"_acf_changed":false,"footnotes":""},"class_list":["post-856","page","type-page","status-publish","has-post-thumbnail","hentry"],"acf":[],"publishpress_future_action":{"enabled":false,"date":"2026-04-17 16:40:09","action":"change-status","newStatus":"draft","terms":[],"taxonomy":"","extraData":[]},"publishpress_future_workflow_manual_trigger":{"enabledWorkflows":[]},"_links":{"self":[{"href":"https:\/\/www.cerege.fr\/fr\/wp-json\/wp\/v2\/pages\/856","targetHints":{"allow":["GET"]}}],"collection":[{"href":"https:\/\/www.cerege.fr\/fr\/wp-json\/wp\/v2\/pages"}],"about":[{"href":"https:\/\/www.cerege.fr\/fr\/wp-json\/wp\/v2\/types\/page"}],"author":[{"embeddable":true,"href":"https:\/\/www.cerege.fr\/fr\/wp-json\/wp\/v2\/users\/1"}],"replies":[{"embeddable":true,"href":"https:\/\/www.cerege.fr\/fr\/wp-json\/wp\/v2\/comments?post=856"}],"version-history":[{"count":5,"href":"https:\/\/www.cerege.fr\/fr\/wp-json\/wp\/v2\/pages\/856\/revisions"}],"predecessor-version":[{"id":27867,"href":"https:\/\/www.cerege.fr\/fr\/wp-json\/wp\/v2\/pages\/856\/revisions\/27867"}],"up":[{"embeddable":true,"href":"https:\/\/www.cerege.fr\/fr\/wp-json\/wp\/v2\/pages\/818"}],"wp:featuredmedia":[{"embeddable":true,"href":"https:\/\/www.cerege.fr\/fr\/wp-json\/wp\/v2\/media\/3322"}],"wp:attachment":[{"href":"https:\/\/www.cerege.fr\/fr\/wp-json\/wp\/v2\/media?parent=856"}],"curies":[{"name":"wp","href":"https:\/\/api.w.org\/{rel}","templated":true}]}}