{"id":8563,"date":"2022-11-18T11:25:50","date_gmt":"2022-11-18T10:25:50","guid":{"rendered":"https:\/\/www.cerege.fr\/?page_id=8563"},"modified":"2023-02-02T10:59:59","modified_gmt":"2023-02-02T09:59:59","slug":"outils","status":"publish","type":"page","link":"https:\/\/www.cerege.fr\/fr\/equipements\/poles-techniques\/analyse-des-isotopes-stables-paniss-2\/outils\/","title":{"rendered":"Outils de la plateforme PANISS"},"content":{"rendered":"\t\t<div data-elementor-type=\"wp-page\" data-elementor-id=\"8563\" class=\"elementor elementor-8563\" data-elementor-post-type=\"page\">\n\t\t\t\t\t\t<section class=\"elementor-section elementor-top-section elementor-element elementor-element-211c0cf3 elementor-section-full_width elementor-section-height-min-height elementor-section-height-default elementor-section-items-middle\" data-id=\"211c0cf3\" data-element_type=\"section\" data-e-type=\"section\" data-settings=\"{&quot;background_background&quot;:&quot;classic&quot;}\">\n\t\t\t\t\t\t<div class=\"elementor-container elementor-column-gap-default\">\n\t\t\t\t\t<div class=\"elementor-column elementor-col-100 elementor-top-column elementor-element elementor-element-4271ae9f\" data-id=\"4271ae9f\" data-element_type=\"column\" data-e-type=\"column\">\n\t\t\t<div class=\"elementor-widget-wrap\">\n\t\t\t\t\t\t\t<\/div>\n\t\t<\/div>\n\t\t\t\t\t<\/div>\n\t\t<\/section>\n\t\t\t\t<section class=\"elementor-section elementor-top-section elementor-element elementor-element-4edd15a9 elementor-section-boxed elementor-section-height-default elementor-section-height-default\" data-id=\"4edd15a9\" data-element_type=\"section\" data-e-type=\"section\">\n\t\t\t\t\t\t<div class=\"elementor-container elementor-column-gap-default\">\n\t\t\t\t\t<div class=\"elementor-column elementor-col-100 elementor-top-column elementor-element elementor-element-3eb9b00e\" data-id=\"3eb9b00e\" data-element_type=\"column\" data-e-type=\"column\">\n\t\t\t<div class=\"elementor-widget-wrap elementor-element-populated\">\n\t\t\t\t\t\t<div class=\"elementor-element elementor-element-17662ff7 elementor-widget elementor-widget-shortcode\" data-id=\"17662ff7\" data-element_type=\"widget\" data-e-type=\"widget\" data-widget_type=\"shortcode.default\">\n\t\t\t\t<div class=\"elementor-widget-container\">\n\t\t\t\t\t\t\t<div class=\"elementor-shortcode\"><nav aria-label=\"breadcrumbs\">\n            <div class=\"breadcrumb-container theme1\">\n                <ol>\n                                    <\/ol>\n            <\/div>\n        <\/nav>    <script type=\"application\/ld+json\">\n        {\n            \"@context\": \"http:\/\/schema.org\",\n            \"@type\": \"BreadcrumbList\",\n            \"itemListElement\": [\n                            ]\n        }\n    <\/script>\n   \n    <script>\n            <\/script>\n<\/div>\n\t\t\t\t\t\t<\/div>\n\t\t\t\t<\/div>\n\t\t\t\t\t<\/div>\n\t\t<\/div>\n\t\t\t\t\t<\/div>\n\t\t<\/section>\n\t\t\t\t<section class=\"elementor-section elementor-top-section elementor-element elementor-element-49b43f4 elementor-section-boxed elementor-section-height-default elementor-section-height-default\" data-id=\"49b43f4\" data-element_type=\"section\" data-e-type=\"section\">\n\t\t\t\t\t\t<div class=\"elementor-container elementor-column-gap-extended\">\n\t\t\t\t\t<div class=\"elementor-column elementor-col-50 elementor-top-column elementor-element elementor-element-2c5bba5\" data-id=\"2c5bba5\" data-element_type=\"column\" data-e-type=\"column\">\n\t\t\t<div class=\"elementor-widget-wrap elementor-element-populated\">\n\t\t\t\t\t\t<div class=\"elementor-element elementor-element-6cc4672 elementor-widget elementor-widget-image\" data-id=\"6cc4672\" data-element_type=\"widget\" data-e-type=\"widget\" data-widget_type=\"image.default\">\n\t\t\t\t<div class=\"elementor-widget-container\">\n\t\t\t\t\t\t\t\t\t\t\t\t\t\t\t<img fetchpriority=\"high\" decoding=\"async\" width=\"800\" height=\"500\" src=\"https:\/\/www.cerege.fr\/wp-content\/uploads\/2023\/02\/CEREGE_PANISS70-1024x640.jpg\" class=\"attachment-large size-large wp-image-16432\" alt=\"\" srcset=\"https:\/\/www.cerege.fr\/wp-content\/uploads\/2023\/02\/CEREGE_PANISS70-1024x640.jpg 1024w, https:\/\/www.cerege.fr\/wp-content\/uploads\/2023\/02\/CEREGE_PANISS70-300x188.jpg 300w, https:\/\/www.cerege.fr\/wp-content\/uploads\/2023\/02\/CEREGE_PANISS70-768x480.jpg 768w, https:\/\/www.cerege.fr\/wp-content\/uploads\/2023\/02\/CEREGE_PANISS70-1536x960.jpg 1536w, https:\/\/www.cerege.fr\/wp-content\/uploads\/2023\/02\/CEREGE_PANISS70-scaled.jpg 2048w, https:\/\/www.cerege.fr\/wp-content\/uploads\/2023\/02\/CEREGE_PANISS70-18x12.jpg 18w, https:\/\/www.cerege.fr\/wp-content\/uploads\/2023\/02\/CEREGE_PANISS70-1320x825.jpg 1320w\" sizes=\"(max-width: 800px) 100vw, 800px\" \/>\t\t\t\t\t\t\t\t\t\t\t\t\t\t\t<\/div>\n\t\t\t\t<\/div>\n\t\t\t\t\t<\/div>\n\t\t<\/div>\n\t\t\t\t<div class=\"elementor-column elementor-col-50 elementor-top-column elementor-element elementor-element-cc8bf30\" data-id=\"cc8bf30\" data-element_type=\"column\" data-e-type=\"column\">\n\t\t\t<div class=\"elementor-widget-wrap elementor-element-populated\">\n\t\t\t\t\t\t<div class=\"elementor-element elementor-element-3fa4c9a elementor-widget elementor-widget-heading\" data-id=\"3fa4c9a\" data-element_type=\"widget\" data-e-type=\"widget\" data-widget_type=\"heading.default\">\n\t\t\t\t<div class=\"elementor-widget-container\">\n\t\t\t\t\t<h2 class=\"elementor-heading-title elementor-size-default\">Carbonates <\/h2>\t\t\t\t<\/div>\n\t\t\t\t<\/div>\n\t\t\t\t<div class=\"elementor-element elementor-element-0637622 elementor-widget elementor-widget-text-editor\" data-id=\"0637622\" data-element_type=\"widget\" data-e-type=\"widget\" data-widget_type=\"text-editor.default\">\n\t\t\t\t<div class=\"elementor-widget-container\">\n\t\t\t\t\t\t\t\t\t<ul><li>Un Spectrom\u00e8tre de masse (Delta V Plus, Thermo Scientific) reli\u00e9 \u00e0 1 ligne de pr\u00e9paration automatis\u00e9e des carbonates (Carbonates Device Kiel IV, Thermo Scientific).<br \/>Cette ligne automatis\u00e9e reli\u00e9e au spectrom\u00e8tre de la masse permet la mesure d<sup>13<\/sup>C et d<sup>18<\/sup>0 avec une tr\u00e8s grande pr\u00e9cision de micro\u00e9chantillons (20-150 \u00b5g) de carbonates<\/li><\/ul><ul><li>Un Spectrom\u00e8tre laser IRIS (Delta Ray) avec URI Connect, Thermo Scientific).<br \/>Il permet les mesures \u03b4<sup>13<\/sup>C et \u03b4<sup>18<\/sup>O sur des \u00e9chantillons de carbonates \u2265 200-550 \u03bcg et du CO2\u00a0en continu et il permet \u00e9galement les mesures \u03b4<sup>13<\/sup>C sur Carbone Inorganique Dissous dans l\u2019eau.<\/li><\/ul>\t\t\t\t\t\t\t\t<\/div>\n\t\t\t\t<\/div>\n\t\t\t\t\t<\/div>\n\t\t<\/div>\n\t\t\t\t\t<\/div>\n\t\t<\/section>\n\t\t\t\t<section class=\"elementor-section elementor-top-section elementor-element elementor-element-3aa0163 elementor-section-boxed elementor-section-height-default elementor-section-height-default\" data-id=\"3aa0163\" data-element_type=\"section\" data-e-type=\"section\">\n\t\t\t\t\t\t<div class=\"elementor-container elementor-column-gap-default\">\n\t\t\t\t\t<div class=\"elementor-column elementor-col-50 elementor-top-column elementor-element elementor-element-19fca42\" data-id=\"19fca42\" data-element_type=\"column\" data-e-type=\"column\">\n\t\t\t<div class=\"elementor-widget-wrap elementor-element-populated\">\n\t\t\t\t\t\t<div class=\"elementor-element elementor-element-7bf8dd9 elementor-widget elementor-widget-image\" data-id=\"7bf8dd9\" data-element_type=\"widget\" data-e-type=\"widget\" data-widget_type=\"image.default\">\n\t\t\t\t<div class=\"elementor-widget-container\">\n\t\t\t\t\t\t\t\t\t\t\t\t\t\t\t<img decoding=\"async\" width=\"800\" height=\"500\" src=\"https:\/\/www.cerege.fr\/wp-content\/uploads\/2022\/12\/Graphique_Paniss-1024x640.jpg\" class=\"attachment-large size-large wp-image-12573\" alt=\"\" srcset=\"https:\/\/www.cerege.fr\/wp-content\/uploads\/2022\/12\/Graphique_Paniss-1024x640.jpg 1024w, https:\/\/www.cerege.fr\/wp-content\/uploads\/2022\/12\/Graphique_Paniss-300x187.jpg 300w, https:\/\/www.cerege.fr\/wp-content\/uploads\/2022\/12\/Graphique_Paniss-768x480.jpg 768w, https:\/\/www.cerege.fr\/wp-content\/uploads\/2022\/12\/Graphique_Paniss-18x12.jpg 18w, https:\/\/www.cerege.fr\/wp-content\/uploads\/2022\/12\/Graphique_Paniss.jpg 1226w\" sizes=\"(max-width: 800px) 100vw, 800px\" \/>\t\t\t\t\t\t\t\t\t\t\t\t\t\t\t<\/div>\n\t\t\t\t<\/div>\n\t\t\t\t\t<\/div>\n\t\t<\/div>\n\t\t\t\t<div class=\"elementor-column elementor-col-50 elementor-top-column elementor-element elementor-element-5560687\" data-id=\"5560687\" data-element_type=\"column\" data-e-type=\"column\">\n\t\t\t<div class=\"elementor-widget-wrap elementor-element-populated\">\n\t\t\t\t\t\t<div class=\"elementor-element elementor-element-22f8afd elementor-widget elementor-widget-heading\" data-id=\"22f8afd\" data-element_type=\"widget\" data-e-type=\"widget\" data-widget_type=\"heading.default\">\n\t\t\t\t<div class=\"elementor-widget-container\">\n\t\t\t\t\t<h2 class=\"elementor-heading-title elementor-size-default\">Clumped isotopes Carbonates<\/h2>\t\t\t\t<\/div>\n\t\t\t\t<\/div>\n\t\t\t\t<div class=\"elementor-element elementor-element-069966e elementor-widget elementor-widget-text-editor\" data-id=\"069966e\" data-element_type=\"widget\" data-e-type=\"widget\" data-widget_type=\"text-editor.default\">\n\t\t\t\t<div class=\"elementor-widget-container\">\n\t\t\t\t\t\t\t\t\t<ul><li>Un spectrom\u00e8tre de masse (MAT253 Plus, Thermo Scientific) reli\u00e9 \u00e0 1 ligne de pr\u00e9paration automatis\u00e9e des carbonates (Carbonates Device Kiel IV, Thermo Scientific).<br \/>Cette ligne automatis\u00e9e reli\u00e9e au spectrom\u00e8tre de la masse permet la mesure \u220647 et \u220648 avec une tr\u00e8s grande pr\u00e9cision d\u2019\u00e9chantillons (100-1000 \u00b5g) de carbonates<\/li><\/ul>\t\t\t\t\t\t\t\t<\/div>\n\t\t\t\t<\/div>\n\t\t\t\t\t<\/div>\n\t\t<\/div>\n\t\t\t\t\t<\/div>\n\t\t<\/section>\n\t\t\t\t<section class=\"elementor-section elementor-top-section elementor-element elementor-element-4208397 elementor-section-boxed elementor-section-height-default elementor-section-height-default\" data-id=\"4208397\" data-element_type=\"section\" data-e-type=\"section\">\n\t\t\t\t\t\t<div class=\"elementor-container elementor-column-gap-default\">\n\t\t\t\t\t<div class=\"elementor-column elementor-col-50 elementor-top-column elementor-element elementor-element-7133416\" data-id=\"7133416\" data-element_type=\"column\" data-e-type=\"column\">\n\t\t\t<div class=\"elementor-widget-wrap elementor-element-populated\">\n\t\t\t\t\t\t<div class=\"elementor-element elementor-element-8686c9e elementor-widget elementor-widget-image\" data-id=\"8686c9e\" data-element_type=\"widget\" data-e-type=\"widget\" data-widget_type=\"image.default\">\n\t\t\t\t<div class=\"elementor-widget-container\">\n\t\t\t\t\t\t\t\t\t\t\t\t\t\t\t<img decoding=\"async\" width=\"400\" height=\"250\" src=\"https:\/\/www.cerege.fr\/wp-content\/uploads\/2023\/01\/Outil-Silicates-1.jpg\" class=\"attachment-large size-large wp-image-13376\" alt=\"\" srcset=\"https:\/\/www.cerege.fr\/wp-content\/uploads\/2023\/01\/Outil-Silicates-1.jpg 400w, https:\/\/www.cerege.fr\/wp-content\/uploads\/2023\/01\/Outil-Silicates-1-300x188.jpg 300w, https:\/\/www.cerege.fr\/wp-content\/uploads\/2023\/01\/Outil-Silicates-1-18x12.jpg 18w\" sizes=\"(max-width: 400px) 100vw, 400px\" \/>\t\t\t\t\t\t\t\t\t\t\t\t\t\t\t<\/div>\n\t\t\t\t<\/div>\n\t\t\t\t\t<\/div>\n\t\t<\/div>\n\t\t\t\t<div class=\"elementor-column elementor-col-50 elementor-top-column elementor-element elementor-element-2598fb9\" data-id=\"2598fb9\" data-element_type=\"column\" data-e-type=\"column\">\n\t\t\t<div class=\"elementor-widget-wrap elementor-element-populated\">\n\t\t\t\t\t\t<div class=\"elementor-element elementor-element-b87c54a elementor-widget elementor-widget-heading\" data-id=\"b87c54a\" data-element_type=\"widget\" data-e-type=\"widget\" data-widget_type=\"heading.default\">\n\t\t\t\t<div class=\"elementor-widget-container\">\n\t\t\t\t\t<h2 class=\"elementor-heading-title elementor-size-default\">Silicates  <\/h2>\t\t\t\t<\/div>\n\t\t\t\t<\/div>\n\t\t\t\t<div class=\"elementor-element elementor-element-6a32b5a elementor-widget elementor-widget-text-editor\" data-id=\"6a32b5a\" data-element_type=\"widget\" data-e-type=\"widget\" data-widget_type=\"text-editor.default\">\n\t\t\t\t<div class=\"elementor-widget-container\">\n\t\t\t\t\t\t\t\t\t<ul><li>Une ligne de fluorination-laser-IRMS de l\u2019oxyg\u00e8ne des silicates, avec BrF5 et laser Infra-Rouge \u00e0 CO2 (CO2-laser 30W).<br \/>Cette ligne reli\u00e9e au spectrom\u00e8tre de masse permet l\u2019extraction de l\u2019oxyg\u00e8ne des silicates et oxydes et les mesures avec une tr\u00e8s grande pr\u00e9cision de la triple composition de l\u2019oxyg\u00e8ne sur \u00e9chantillons de silicates et oxydes (silicates, silicates biog\u00e9niques et (micro)m\u00e9t\u00e9orites) de 0,3 \u00e0 2 mg<\/li><li>Une ligne de d\u00e9shydratation sous flux d\u2019azote et \u00e0 tr\u00e8s haute temp\u00e9rature (1100\u00b0C). Elle permet la d\u00e9shydroxylation des \u00e9chantillons de silice amorphe hydrat\u00e9e pr\u00e9alable \u00e0 leur analyse en fluorination-laser-IRMS<\/li><\/ul>\t\t\t\t\t\t\t\t<\/div>\n\t\t\t\t<\/div>\n\t\t\t\t\t<\/div>\n\t\t<\/div>\n\t\t\t\t\t<\/div>\n\t\t<\/section>\n\t\t\t\t<section class=\"elementor-section elementor-top-section elementor-element elementor-element-a3ef209 elementor-section-boxed elementor-section-height-default elementor-section-height-default\" data-id=\"a3ef209\" data-element_type=\"section\" data-e-type=\"section\">\n\t\t\t\t\t\t<div class=\"elementor-container elementor-column-gap-default\">\n\t\t\t\t\t<div class=\"elementor-column elementor-col-50 elementor-top-column elementor-element elementor-element-0da380e\" data-id=\"0da380e\" data-element_type=\"column\" data-e-type=\"column\">\n\t\t\t<div class=\"elementor-widget-wrap elementor-element-populated\">\n\t\t\t\t\t\t<div class=\"elementor-element elementor-element-96a9f99 elementor-widget elementor-widget-image\" data-id=\"96a9f99\" data-element_type=\"widget\" data-e-type=\"widget\" data-widget_type=\"image.default\">\n\t\t\t\t<div class=\"elementor-widget-container\">\n\t\t\t\t\t\t\t\t\t\t\t\t\t\t\t<img loading=\"lazy\" decoding=\"async\" width=\"400\" height=\"250\" src=\"https:\/\/www.cerege.fr\/wp-content\/uploads\/2023\/01\/Outil-Eaux.jpg\" class=\"attachment-large size-large wp-image-13361\" alt=\"\" srcset=\"https:\/\/www.cerege.fr\/wp-content\/uploads\/2023\/01\/Outil-Eaux.jpg 400w, https:\/\/www.cerege.fr\/wp-content\/uploads\/2023\/01\/Outil-Eaux-300x188.jpg 300w, https:\/\/www.cerege.fr\/wp-content\/uploads\/2023\/01\/Outil-Eaux-18x12.jpg 18w\" sizes=\"(max-width: 400px) 100vw, 400px\" \/>\t\t\t\t\t\t\t\t\t\t\t\t\t\t\t<\/div>\n\t\t\t\t<\/div>\n\t\t\t\t\t<\/div>\n\t\t<\/div>\n\t\t\t\t<div class=\"elementor-column elementor-col-50 elementor-top-column elementor-element elementor-element-1fb1d5a\" data-id=\"1fb1d5a\" data-element_type=\"column\" data-e-type=\"column\">\n\t\t\t<div class=\"elementor-widget-wrap elementor-element-populated\">\n\t\t\t\t\t\t<div class=\"elementor-element elementor-element-14c7aed elementor-widget elementor-widget-heading\" data-id=\"14c7aed\" data-element_type=\"widget\" data-e-type=\"widget\" data-widget_type=\"heading.default\">\n\t\t\t\t<div class=\"elementor-widget-container\">\n\t\t\t\t\t<h2 class=\"elementor-heading-title elementor-size-default\">Eaux<\/h2>\t\t\t\t<\/div>\n\t\t\t\t<\/div>\n\t\t\t\t<div class=\"elementor-element elementor-element-89bf693 elementor-widget elementor-widget-text-editor\" data-id=\"89bf693\" data-element_type=\"widget\" data-e-type=\"widget\" data-widget_type=\"text-editor.default\">\n\t\t\t\t<div class=\"elementor-widget-container\">\n\t\t\t\t\t\t\t\t\t<ul><li>Un spectrom\u00e8tre laser CRDS (Cavity Ring-Down Spectroscopy, Picarro L2140-i)<br \/>Il permet les mesures de tr\u00e8s hautes pr\u00e9cisions de \u03b4D, \u03b4<sup>17<\/sup>O et \u03b4<sup>18<\/sup>O sur de \u00e9chantillons d\u2019eau de 2 ml et sur la vapeur d\u2019eau.<\/li><\/ul><p>\u00a0<\/p>\t\t\t\t\t\t\t\t<\/div>\n\t\t\t\t<\/div>\n\t\t\t\t\t<\/div>\n\t\t<\/div>\n\t\t\t\t\t<\/div>\n\t\t<\/section>\n\t\t\t\t<section class=\"elementor-section elementor-top-section elementor-element elementor-element-8a4c778 elementor-section-boxed elementor-section-height-default elementor-section-height-default\" data-id=\"8a4c778\" data-element_type=\"section\" data-e-type=\"section\">\n\t\t\t\t\t\t<div class=\"elementor-container elementor-column-gap-default\">\n\t\t\t\t\t<div class=\"elementor-column elementor-col-50 elementor-top-column elementor-element elementor-element-f3c6cf7\" data-id=\"f3c6cf7\" data-element_type=\"column\" data-e-type=\"column\">\n\t\t\t<div class=\"elementor-widget-wrap elementor-element-populated\">\n\t\t\t\t\t\t<div class=\"elementor-element elementor-element-aefd84b elementor-widget elementor-widget-image\" data-id=\"aefd84b\" data-element_type=\"widget\" data-e-type=\"widget\" data-widget_type=\"image.default\">\n\t\t\t\t<div class=\"elementor-widget-container\">\n\t\t\t\t\t\t\t\t\t\t\t\t\t\t\t<img loading=\"lazy\" decoding=\"async\" width=\"400\" height=\"250\" src=\"https:\/\/www.cerege.fr\/wp-content\/uploads\/2023\/01\/Outil-Organique.jpeg\" class=\"attachment-large size-large wp-image-13362\" alt=\"\" srcset=\"https:\/\/www.cerege.fr\/wp-content\/uploads\/2023\/01\/Outil-Organique.jpeg 400w, https:\/\/www.cerege.fr\/wp-content\/uploads\/2023\/01\/Outil-Organique-300x188.jpeg 300w, https:\/\/www.cerege.fr\/wp-content\/uploads\/2023\/01\/Outil-Organique-18x12.jpeg 18w\" sizes=\"(max-width: 400px) 100vw, 400px\" \/>\t\t\t\t\t\t\t\t\t\t\t\t\t\t\t<\/div>\n\t\t\t\t<\/div>\n\t\t\t\t\t<\/div>\n\t\t<\/div>\n\t\t\t\t<div class=\"elementor-column elementor-col-50 elementor-top-column elementor-element elementor-element-7359757\" data-id=\"7359757\" data-element_type=\"column\" data-e-type=\"column\">\n\t\t\t<div class=\"elementor-widget-wrap elementor-element-populated\">\n\t\t\t\t\t\t<div class=\"elementor-element elementor-element-6501cb1 elementor-widget elementor-widget-heading\" data-id=\"6501cb1\" data-element_type=\"widget\" data-e-type=\"widget\" data-widget_type=\"heading.default\">\n\t\t\t\t<div class=\"elementor-widget-container\">\n\t\t\t\t\t<h2 class=\"elementor-heading-title elementor-size-default\">Compos\u00e9s organiques <\/h2>\t\t\t\t<\/div>\n\t\t\t\t<\/div>\n\t\t\t\t<div class=\"elementor-element elementor-element-a96a48f elementor-widget elementor-widget-text-editor\" data-id=\"a96a48f\" data-element_type=\"widget\" data-e-type=\"widget\" data-widget_type=\"text-editor.default\">\n\t\t\t\t<div class=\"elementor-widget-container\">\n\t\t\t\t\t\t\t\t\t<ul><li>Un Spectrom\u00e8tre de masse \u00e0 flux continu\u00a0(Delta V Plus,\u00a0Thermo Scientific), reli\u00e9 par une interface\u00a0(ConFlo IV) \u00e0 un analyseur \u00e9l\u00e9mentaire (Flash EA IsoLink CN, option SmartEA) et un chromatographe en phase gazeuse (GC 1310-Isolink II) \u00e9quip\u00e9 d\u2019un passeur automatique d\u2019\u00e9chantillons (Triplus RSH).<br \/>Permet les mesures du \u03b4<sup>13<\/sup>C et du \u03b4<sup>15<\/sup>N de poudres et les mesures du \u03b4D et du \u03b4<sup>13<\/sup>C de mol\u00e9cules organiques s\u00e9par\u00e9es par chromatographie en phase gazeuse.<\/li><\/ul>\t\t\t\t\t\t\t\t<\/div>\n\t\t\t\t<\/div>\n\t\t\t\t\t<\/div>\n\t\t<\/div>\n\t\t\t\t\t<\/div>\n\t\t<\/section>\n\t\t\t\t<\/div>\n\t\t","protected":false},"excerpt":{"rendered":"<p>Carbonates Un Spectrom\u00e8tre de masse (Delta V Plus, Thermo Scientific) reli\u00e9 \u00e0 1 ligne de pr\u00e9paration automatis\u00e9e des carbonates (Carbonates Device Kiel IV, Thermo Scientific).Cette ligne automatis\u00e9e reli\u00e9e au spectrom\u00e8tre [&hellip;]<\/p>\n","protected":false},"author":551,"featured_media":13299,"parent":9261,"menu_order":0,"comment_status":"closed","ping_status":"closed","template":"","meta":{"_acf_changed":false,"footnotes":""},"class_list":["post-8563","page","type-page","status-publish","has-post-thumbnail","hentry"],"acf":[],"publishpress_future_action":{"enabled":false,"date":"2026-04-16 07:11:24","action":"change-status","newStatus":"draft","terms":[],"taxonomy":"","extraData":[]},"publishpress_future_workflow_manual_trigger":{"enabledWorkflows":[]},"_links":{"self":[{"href":"https:\/\/www.cerege.fr\/fr\/wp-json\/wp\/v2\/pages\/8563","targetHints":{"allow":["GET"]}}],"collection":[{"href":"https:\/\/www.cerege.fr\/fr\/wp-json\/wp\/v2\/pages"}],"about":[{"href":"https:\/\/www.cerege.fr\/fr\/wp-json\/wp\/v2\/types\/page"}],"author":[{"embeddable":true,"href":"https:\/\/www.cerege.fr\/fr\/wp-json\/wp\/v2\/users\/551"}],"replies":[{"embeddable":true,"href":"https:\/\/www.cerege.fr\/fr\/wp-json\/wp\/v2\/comments?post=8563"}],"version-history":[{"count":5,"href":"https:\/\/www.cerege.fr\/fr\/wp-json\/wp\/v2\/pages\/8563\/revisions"}],"predecessor-version":[{"id":16441,"href":"https:\/\/www.cerege.fr\/fr\/wp-json\/wp\/v2\/pages\/8563\/revisions\/16441"}],"up":[{"embeddable":true,"href":"https:\/\/www.cerege.fr\/fr\/wp-json\/wp\/v2\/pages\/9261"}],"wp:featuredmedia":[{"embeddable":true,"href":"https:\/\/www.cerege.fr\/fr\/wp-json\/wp\/v2\/media\/13299"}],"wp:attachment":[{"href":"https:\/\/www.cerege.fr\/fr\/wp-json\/wp\/v2\/media?parent=8563"}],"curies":[{"name":"wp","href":"https:\/\/api.w.org\/{rel}","templated":true}]}}