{"id":8585,"date":"2022-11-18T12:02:35","date_gmt":"2022-11-18T11:02:35","guid":{"rendered":"https:\/\/www.cerege.fr\/?page_id=8585"},"modified":"2023-01-09T21:15:09","modified_gmt":"2023-01-09T20:15:09","slug":"applications-lpm","status":"publish","type":"page","link":"https:\/\/www.cerege.fr\/fr\/equipements\/poles-techniques\/preparation-micropaleontologique\/applications-lpm\/","title":{"rendered":"Applications LPM"},"content":{"rendered":"\t\t<div data-elementor-type=\"wp-page\" data-elementor-id=\"8585\" class=\"elementor elementor-8585\" data-elementor-post-type=\"page\">\n\t\t\t\t\t\t<section class=\"elementor-section elementor-top-section elementor-element elementor-element-536dce96 elementor-section-full_width elementor-section-height-min-height elementor-section-height-default elementor-section-items-middle\" data-id=\"536dce96\" data-element_type=\"section\" data-e-type=\"section\" data-settings=\"{&quot;background_background&quot;:&quot;classic&quot;}\">\n\t\t\t\t\t\t<div class=\"elementor-container elementor-column-gap-default\">\n\t\t\t\t\t<div class=\"elementor-column elementor-col-100 elementor-top-column elementor-element elementor-element-38b8ae4b\" data-id=\"38b8ae4b\" data-element_type=\"column\" data-e-type=\"column\">\n\t\t\t<div class=\"elementor-widget-wrap\">\n\t\t\t\t\t\t\t<\/div>\n\t\t<\/div>\n\t\t\t\t\t<\/div>\n\t\t<\/section>\n\t\t\t\t<section class=\"elementor-section elementor-top-section elementor-element elementor-element-2bdeb4f5 elementor-section-boxed elementor-section-height-default elementor-section-height-default\" data-id=\"2bdeb4f5\" data-element_type=\"section\" data-e-type=\"section\">\n\t\t\t\t\t\t<div class=\"elementor-container elementor-column-gap-default\">\n\t\t\t\t\t<div class=\"elementor-column elementor-col-100 elementor-top-column elementor-element elementor-element-6c301001\" data-id=\"6c301001\" data-element_type=\"column\" data-e-type=\"column\">\n\t\t\t<div class=\"elementor-widget-wrap elementor-element-populated\">\n\t\t\t\t\t\t<div class=\"elementor-element elementor-element-46161c0b elementor-widget elementor-widget-shortcode\" data-id=\"46161c0b\" data-element_type=\"widget\" data-e-type=\"widget\" data-widget_type=\"shortcode.default\">\n\t\t\t\t<div class=\"elementor-widget-container\">\n\t\t\t\t\t\t\t<div class=\"elementor-shortcode\"><nav aria-label=\"breadcrumbs\">\n            <div class=\"breadcrumb-container theme1\">\n                <ol>\n                                    <\/ol>\n            <\/div>\n        <\/nav>    <script type=\"application\/ld+json\">\n        {\n            \"@context\": \"http:\/\/schema.org\",\n            \"@type\": \"BreadcrumbList\",\n            \"itemListElement\": [\n                            ]\n        }\n    <\/script>\n   \n    <script>\n            <\/script>\n<\/div>\n\t\t\t\t\t\t<\/div>\n\t\t\t\t<\/div>\n\t\t\t\t\t<\/div>\n\t\t<\/div>\n\t\t\t\t\t<\/div>\n\t\t<\/section>\n\t\t\t\t<section class=\"elementor-section elementor-top-section elementor-element elementor-element-7174892 elementor-section-boxed elementor-section-height-default elementor-section-height-default\" data-id=\"7174892\" data-element_type=\"section\" data-e-type=\"section\">\n\t\t\t\t\t\t<div class=\"elementor-container elementor-column-gap-extended\">\n\t\t\t\t\t<div class=\"elementor-column elementor-col-50 elementor-top-column elementor-element elementor-element-72e832b9\" data-id=\"72e832b9\" data-element_type=\"column\" data-e-type=\"column\">\n\t\t\t<div class=\"elementor-widget-wrap elementor-element-populated\">\n\t\t\t\t\t\t<div class=\"elementor-element elementor-element-56b80ded elementor-widget elementor-widget-image\" data-id=\"56b80ded\" data-element_type=\"widget\" data-e-type=\"widget\" data-widget_type=\"image.default\">\n\t\t\t\t<div class=\"elementor-widget-container\">\n\t\t\t\t\t\t\t\t\t\t\t\t\t\t\t<img fetchpriority=\"high\" decoding=\"async\" width=\"518\" height=\"620\" src=\"https:\/\/www.cerege.fr\/wp-content\/uploads\/2022\/12\/20-LOGO-LPM.png\" class=\"attachment-large size-large wp-image-11682\" alt=\"\" srcset=\"https:\/\/www.cerege.fr\/wp-content\/uploads\/2022\/12\/20-LOGO-LPM.png 518w, https:\/\/www.cerege.fr\/wp-content\/uploads\/2022\/12\/20-LOGO-LPM-251x300.png 251w, https:\/\/www.cerege.fr\/wp-content\/uploads\/2022\/12\/20-LOGO-LPM-10x12.png 10w\" sizes=\"(max-width: 518px) 100vw, 518px\" \/>\t\t\t\t\t\t\t\t\t\t\t\t\t\t\t<\/div>\n\t\t\t\t<\/div>\n\t\t\t\t\t<\/div>\n\t\t<\/div>\n\t\t\t\t<div class=\"elementor-column elementor-col-50 elementor-top-column elementor-element elementor-element-152f629f\" data-id=\"152f629f\" data-element_type=\"column\" data-e-type=\"column\">\n\t\t\t<div class=\"elementor-widget-wrap elementor-element-populated\">\n\t\t\t\t\t\t<div class=\"elementor-element elementor-element-eb2c317 elementor-widget elementor-widget-heading\" data-id=\"eb2c317\" data-element_type=\"widget\" data-e-type=\"widget\" data-widget_type=\"heading.default\">\n\t\t\t\t<div class=\"elementor-widget-container\">\n\t\t\t\t\t<h1 class=\"elementor-heading-title elementor-size-default\">Applications LPM<\/h1>\t\t\t\t<\/div>\n\t\t\t\t<\/div>\n\t\t\t\t<div class=\"elementor-element elementor-element-7236c16 elementor-widget elementor-widget-spacer\" data-id=\"7236c16\" data-element_type=\"widget\" data-e-type=\"widget\" data-widget_type=\"spacer.default\">\n\t\t\t\t<div class=\"elementor-widget-container\">\n\t\t\t\t\t\t\t<div class=\"elementor-spacer\">\n\t\t\t<div class=\"elementor-spacer-inner\"><\/div>\n\t\t<\/div>\n\t\t\t\t\t\t<\/div>\n\t\t\t\t<\/div>\n\t\t\t\t<div class=\"elementor-element elementor-element-7a29f819 elementor-widget elementor-widget-heading\" data-id=\"7a29f819\" data-element_type=\"widget\" data-e-type=\"widget\" data-widget_type=\"heading.default\">\n\t\t\t\t<div class=\"elementor-widget-container\">\n\t\t\t\t\t<h2 class=\"elementor-heading-title elementor-size-default\">T\u00e9moins des climats et des environnements pr\u00e9sents\u00a0&amp; pass\u00e9s: les bio-indicateurs<\/h2>\t\t\t\t<\/div>\n\t\t\t\t<\/div>\n\t\t\t\t<div class=\"elementor-element elementor-element-1e0241e3 elementor-widget elementor-widget-text-editor\" data-id=\"1e0241e3\" data-element_type=\"widget\" data-e-type=\"widget\" data-widget_type=\"text-editor.default\">\n\t\t\t\t<div class=\"elementor-widget-container\">\n\t\t\t\t\t\t\t\t\t<p>Les <strong>changements climatiques<\/strong> du pass\u00e9 sont survenus de mani\u00e8re cyclique en r\u00e9ponse aux changements des param\u00e8tres orbitaux. Les activit\u00e9s humaines ont boulevers\u00e9 ces changements naturels par la modification de la concentration en gaz \u00e0 effet de serre. Le climat impacte l\u2019environnement dans lequel tous les organismes vivent.<\/p><p>Pour \u00e9valuer les m\u00e9canismes et l\u2019ampleur du changement climatique, les chercheurs de l\u2019<a href=\"https:\/\/www.cerege.fr\/sciences\/climat\/equipe-climat\/\">\u00e9quipe CLIMAT<\/a> travaillent sur la <strong>reconstitution et l\u2019\u00e9volution<\/strong> <strong>de certains param\u00e8tres environnementaux<\/strong> (temp\u00e9ratures de surface de l\u2019oc\u00e9an, salinit\u00e9, pH, temp\u00e9ratures atmosph\u00e9riques, pr\u00e9cipitations, \u00e9vaporation, etc) \u00e0 diff\u00e9rentes \u00e9chelles de temps (million d\u2019ann\u00e9es jusqu\u2019au si\u00e8cle) et dans diff\u00e9rentes parties du globe.<\/p><p>Pour cela, ils collectent des <strong>archives s\u00e9dimentaires<\/strong> (carottes oc\u00e9aniques et continentales, coupes g\u00e9ologiques). Ces archives contiennent des fossiles microscopiques, organismes vivants qui se sont d\u00e9velopp\u00e9s, qui sont morts, qui se sont d\u00e9pos\u00e9s en m\u00eame temps que le s\u00e9diment, et qui se sont fossilis\u00e9s. Pour qu\u2019ils soient fossilis\u00e9s, les organismes doivent poss\u00e9der un squelette ou une enveloppe qui se conserve dans le s\u00e9diment. Ces micro-fossiles t\u00e9moignent des conditions environnementales qui pr\u00e9valaient lors de leur d\u00e9veloppement\u00a0: ce sont des indicateurs biologiques ou <strong>bio-indicateurs fossiles.<\/strong><\/p><p>Pour valider leurs interpr\u00e9tations sur les environnements fossiles, les chercheurs s\u2019appuient sur une <strong>calibration moderne<\/strong>. C\u2019est-\u00e0-dire qu\u2019ils mesurent les param\u00e8tres environnementaux dans lesquels les <strong>bio-indicateurs<\/strong> actuels vivent. En effet, ces organismes, g\u00e9n\u00e9ralement unicellulaires, sont tr\u00e8s sensibles aux variations des param\u00e8tres physico-chimiques de leur milieu et r\u00e9pondent rapidement \u00e0 toute modification du milieu. La relation entre l\u2019abondance d\u2019un <strong>bio-indicateur actuel<\/strong> et les param\u00e8tres physico-chimiques est traduite par des fonctions statistiques qui peuvent \u00eatre ensuite appliqu\u00e9es aux bio-indicateurs fossiles (principe d\u2019actualisme &#8211; stabilit\u00e9 morphologique des esp\u00e8ces et stabilit\u00e9 \u00e9cologique des assemblages d\u2019esp\u00e8ces). Enfin de nombreux chercheurs travaillent sur les bio-indicateurs actuels afin de mieux comprendre comment ils r\u00e9pondent au <strong>changement climatique en cours<\/strong>.<\/p><p><strong>Depuis les ann\u00e9es \u201980<\/strong>, l\u2019\u00e9mergence d\u2019une pollution croissante (6 <sup>\u00e8me<\/sup> continent) par les plastics\/ microplastics est devenu un enjeu soci\u00e9tal majeur. Les microplastiques (taille &lt;5 mm) sont dispers\u00e9s dans tous les environnements et m\u00eame dans certains \u00eatres vivants. Ils proviennent de la fragmentation des macroplastiques et sont achemin\u00e9s par les fleuves jusqu\u2019\u00e0 l\u2019oc\u00e9an mondial. L\u00e0, apr\u00e8s avoir flott\u00e9s quelque temps, ils finissent par se d\u00e9poser et s\u2019accumuler dans le s\u00e9diment, au fond. Indestructibles, dans quelques si\u00e8cles ou mill\u00e9naires, les g\u00e9n\u00e9rations futures pourront retrouver dans le s\u00e9diment, ces \u00ab\u00a0fossiles\u00a0\u00bb \u2013 <strong>indicateurs d\u2019activit\u00e9 anthropique<\/strong>.<\/p>\t\t\t\t\t\t\t\t<\/div>\n\t\t\t\t<\/div>\n\t\t\t\t\t<\/div>\n\t\t<\/div>\n\t\t\t\t\t<\/div>\n\t\t<\/section>\n\t\t\t\t<\/div>\n\t\t","protected":false},"excerpt":{"rendered":"<p>Applications LPM T\u00e9moins des climats et des environnements pr\u00e9sents\u00a0&#038; pass\u00e9s: les bio-indicateurs Les changements climatiques du pass\u00e9 sont survenus de mani\u00e8re cyclique en r\u00e9ponse aux changements des param\u00e8tres orbitaux. Les [&hellip;]<\/p>\n","protected":false},"author":551,"featured_media":13868,"parent":9364,"menu_order":0,"comment_status":"closed","ping_status":"closed","template":"","meta":{"_acf_changed":false,"footnotes":""},"class_list":["post-8585","page","type-page","status-publish","has-post-thumbnail","hentry"],"acf":[],"publishpress_future_action":{"enabled":false,"date":"2026-05-12 18:38:49","action":"change-status","newStatus":"draft","terms":[],"taxonomy":"","extraData":[]},"publishpress_future_workflow_manual_trigger":{"enabledWorkflows":[]},"_links":{"self":[{"href":"https:\/\/www.cerege.fr\/fr\/wp-json\/wp\/v2\/pages\/8585","targetHints":{"allow":["GET"]}}],"collection":[{"href":"https:\/\/www.cerege.fr\/fr\/wp-json\/wp\/v2\/pages"}],"about":[{"href":"https:\/\/www.cerege.fr\/fr\/wp-json\/wp\/v2\/types\/page"}],"author":[{"embeddable":true,"href":"https:\/\/www.cerege.fr\/fr\/wp-json\/wp\/v2\/users\/551"}],"replies":[{"embeddable":true,"href":"https:\/\/www.cerege.fr\/fr\/wp-json\/wp\/v2\/comments?post=8585"}],"version-history":[{"count":5,"href":"https:\/\/www.cerege.fr\/fr\/wp-json\/wp\/v2\/pages\/8585\/revisions"}],"predecessor-version":[{"id":13880,"href":"https:\/\/www.cerege.fr\/fr\/wp-json\/wp\/v2\/pages\/8585\/revisions\/13880"}],"up":[{"embeddable":true,"href":"https:\/\/www.cerege.fr\/fr\/wp-json\/wp\/v2\/pages\/9364"}],"wp:featuredmedia":[{"embeddable":true,"href":"https:\/\/www.cerege.fr\/fr\/wp-json\/wp\/v2\/media\/13868"}],"wp:attachment":[{"href":"https:\/\/www.cerege.fr\/fr\/wp-json\/wp\/v2\/media?parent=8585"}],"curies":[{"name":"wp","href":"https:\/\/api.w.org\/{rel}","templated":true}]}}