{"id":871,"date":"2022-06-21T17:02:48","date_gmt":"2022-06-21T15:02:48","guid":{"rendered":"https:\/\/www.cerege.fr\/equipements\/investissements-davenir\/equipex-nano-id-2011-2019\/"},"modified":"2023-01-03T18:40:41","modified_gmt":"2023-01-03T17:40:41","slug":"equipex-nano-id","status":"publish","type":"page","link":"https:\/\/www.cerege.fr\/fr\/equipements\/investissements-davenir\/equipex-nano-id\/","title":{"rendered":"Equipex NANO-ID"},"content":{"rendered":"\t\t<div data-elementor-type=\"wp-page\" data-elementor-id=\"871\" class=\"elementor elementor-871\" data-elementor-post-type=\"page\">\n\t\t\t\t\t\t<section class=\"elementor-section elementor-top-section elementor-element elementor-element-1732653f elementor-section-full_width elementor-section-height-min-height elementor-section-height-default elementor-section-items-middle\" data-id=\"1732653f\" data-element_type=\"section\" data-e-type=\"section\" data-settings=\"{&quot;background_background&quot;:&quot;classic&quot;}\">\n\t\t\t\t\t\t<div class=\"elementor-container elementor-column-gap-default\">\n\t\t\t\t\t<div class=\"elementor-column elementor-col-100 elementor-top-column elementor-element elementor-element-2f7ef2b7\" data-id=\"2f7ef2b7\" data-element_type=\"column\" data-e-type=\"column\">\n\t\t\t<div class=\"elementor-widget-wrap\">\n\t\t\t\t\t\t\t<\/div>\n\t\t<\/div>\n\t\t\t\t\t<\/div>\n\t\t<\/section>\n\t\t\t\t<section class=\"elementor-section elementor-top-section elementor-element elementor-element-6b6137cc elementor-section-boxed elementor-section-height-default elementor-section-height-default\" data-id=\"6b6137cc\" data-element_type=\"section\" data-e-type=\"section\">\n\t\t\t\t\t\t<div class=\"elementor-container elementor-column-gap-default\">\n\t\t\t\t\t<div class=\"elementor-column elementor-col-100 elementor-top-column elementor-element elementor-element-1b6f5406\" data-id=\"1b6f5406\" data-element_type=\"column\" data-e-type=\"column\">\n\t\t\t<div class=\"elementor-widget-wrap elementor-element-populated\">\n\t\t\t\t\t\t<div class=\"elementor-element elementor-element-2e78e6ed elementor-widget elementor-widget-shortcode\" data-id=\"2e78e6ed\" data-element_type=\"widget\" data-e-type=\"widget\" data-widget_type=\"shortcode.default\">\n\t\t\t\t<div class=\"elementor-widget-container\">\n\t\t\t\t\t\t\t<div class=\"elementor-shortcode\"><nav aria-label=\"breadcrumbs\">\n            <div class=\"breadcrumb-container theme1\">\n                <ol>\n                                    <\/ol>\n            <\/div>\n        <\/nav>    <script type=\"application\/ld+json\">\n        {\n            \"@context\": \"http:\/\/schema.org\",\n            \"@type\": \"BreadcrumbList\",\n            \"itemListElement\": [\n                            ]\n        }\n    <\/script>\n   \n    <script>\n            <\/script>\n<\/div>\n\t\t\t\t\t\t<\/div>\n\t\t\t\t<\/div>\n\t\t\t\t<section class=\"elementor-section elementor-inner-section elementor-element elementor-element-7b673ffa elementor-section-boxed elementor-section-height-default elementor-section-height-default\" data-id=\"7b673ffa\" data-element_type=\"section\" data-e-type=\"section\">\n\t\t\t\t\t\t<div class=\"elementor-container elementor-column-gap-default\">\n\t\t\t\t\t<div class=\"elementor-column elementor-col-33 elementor-inner-column elementor-element elementor-element-425888f9\" data-id=\"425888f9\" data-element_type=\"column\" data-e-type=\"column\">\n\t\t\t<div class=\"elementor-widget-wrap elementor-element-populated\">\n\t\t\t\t\t\t<div class=\"elementor-element elementor-element-7a2da3bb elementor-widget elementor-widget-image\" data-id=\"7a2da3bb\" data-element_type=\"widget\" data-e-type=\"widget\" data-widget_type=\"image.default\">\n\t\t\t\t<div class=\"elementor-widget-container\">\n\t\t\t\t\t\t\t\t\t\t\t\t\t\t\t<img fetchpriority=\"high\" decoding=\"async\" width=\"480\" height=\"480\" src=\"https:\/\/www.cerege.fr\/wp-content\/uploads\/2022\/12\/PIA_LOGO.png\" class=\"attachment-large size-large wp-image-9877\" alt=\"\" srcset=\"https:\/\/www.cerege.fr\/wp-content\/uploads\/2022\/12\/PIA_LOGO.png 480w, https:\/\/www.cerege.fr\/wp-content\/uploads\/2022\/12\/PIA_LOGO-300x300.png 300w, https:\/\/www.cerege.fr\/wp-content\/uploads\/2022\/12\/PIA_LOGO-150x150.png 150w, https:\/\/www.cerege.fr\/wp-content\/uploads\/2022\/12\/PIA_LOGO-12x12.png 12w\" sizes=\"(max-width: 480px) 100vw, 480px\" \/>\t\t\t\t\t\t\t\t\t\t\t\t\t\t\t<\/div>\n\t\t\t\t<\/div>\n\t\t\t\t\t<\/div>\n\t\t<\/div>\n\t\t\t\t<div class=\"elementor-column elementor-col-33 elementor-inner-column elementor-element elementor-element-cf016e4\" data-id=\"cf016e4\" data-element_type=\"column\" data-e-type=\"column\">\n\t\t\t<div class=\"elementor-widget-wrap elementor-element-populated\">\n\t\t\t\t\t\t<div class=\"elementor-element elementor-element-687b3702 elementor-widget elementor-widget-image\" data-id=\"687b3702\" data-element_type=\"widget\" data-e-type=\"widget\" data-widget_type=\"image.default\">\n\t\t\t\t<div class=\"elementor-widget-container\">\n\t\t\t\t\t\t\t\t\t\t\t\t\t\t\t<img decoding=\"async\" width=\"800\" height=\"342\" src=\"https:\/\/www.cerege.fr\/wp-content\/uploads\/2022\/12\/logo-anr-1024x438.gif\" class=\"attachment-large size-large wp-image-9876\" alt=\"\" srcset=\"https:\/\/www.cerege.fr\/wp-content\/uploads\/2022\/12\/logo-anr-1024x438.gif 1024w, https:\/\/www.cerege.fr\/wp-content\/uploads\/2022\/12\/logo-anr-300x128.gif 300w, https:\/\/www.cerege.fr\/wp-content\/uploads\/2022\/12\/logo-anr-768x329.gif 768w, https:\/\/www.cerege.fr\/wp-content\/uploads\/2022\/12\/logo-anr-1536x657.gif 1536w, https:\/\/www.cerege.fr\/wp-content\/uploads\/2022\/12\/logo-anr-2048x876.gif 2048w, https:\/\/www.cerege.fr\/wp-content\/uploads\/2022\/12\/logo-anr-18x8.gif 18w, https:\/\/www.cerege.fr\/wp-content\/uploads\/2022\/12\/logo-anr-1320x565.gif 1320w\" sizes=\"(max-width: 800px) 100vw, 800px\" \/>\t\t\t\t\t\t\t\t\t\t\t\t\t\t\t<\/div>\n\t\t\t\t<\/div>\n\t\t\t\t\t<\/div>\n\t\t<\/div>\n\t\t\t\t<div class=\"elementor-column elementor-col-33 elementor-inner-column elementor-element elementor-element-58ed427b\" data-id=\"58ed427b\" data-element_type=\"column\" data-e-type=\"column\">\n\t\t\t<div class=\"elementor-widget-wrap elementor-element-populated\">\n\t\t\t\t\t\t\t<\/div>\n\t\t<\/div>\n\t\t\t\t\t<\/div>\n\t\t<\/section>\n\t\t\t\t<section class=\"elementor-section elementor-inner-section elementor-element elementor-element-2413c1a9 elementor-reverse-mobile elementor-section-boxed elementor-section-height-default elementor-section-height-default\" data-id=\"2413c1a9\" data-element_type=\"section\" data-e-type=\"section\">\n\t\t\t\t\t\t<div class=\"elementor-container elementor-column-gap-default\">\n\t\t\t\t\t<div class=\"elementor-column elementor-col-100 elementor-inner-column elementor-element elementor-element-5050c262\" data-id=\"5050c262\" data-element_type=\"column\" data-e-type=\"column\">\n\t\t\t<div class=\"elementor-widget-wrap\">\n\t\t\t\t\t\t\t<\/div>\n\t\t<\/div>\n\t\t\t\t\t<\/div>\n\t\t<\/section>\n\t\t\t\t<section class=\"elementor-section elementor-inner-section elementor-element elementor-element-1b8d662 elementor-section-boxed elementor-section-height-default elementor-section-height-default\" data-id=\"1b8d662\" data-element_type=\"section\" data-e-type=\"section\">\n\t\t\t\t\t\t<div class=\"elementor-container elementor-column-gap-default\">\n\t\t\t\t\t<div class=\"elementor-column elementor-col-33 elementor-inner-column elementor-element elementor-element-460a3d32\" data-id=\"460a3d32\" data-element_type=\"column\" data-e-type=\"column\">\n\t\t\t<div class=\"elementor-widget-wrap elementor-element-populated\">\n\t\t\t\t\t\t<div class=\"elementor-element elementor-element-7ea00966 elementor-widget-divider--view-line elementor-widget elementor-widget-divider\" data-id=\"7ea00966\" data-element_type=\"widget\" data-e-type=\"widget\" data-widget_type=\"divider.default\">\n\t\t\t\t<div class=\"elementor-widget-container\">\n\t\t\t\t\t\t\t<div class=\"elementor-divider\">\n\t\t\t<span class=\"elementor-divider-separator\">\n\t\t\t\t\t\t<\/span>\n\t\t<\/div>\n\t\t\t\t\t\t<\/div>\n\t\t\t\t<\/div>\n\t\t\t\t<div class=\"elementor-element elementor-element-bcd2f94 elementor-widget elementor-widget-image\" data-id=\"bcd2f94\" data-element_type=\"widget\" data-e-type=\"widget\" data-widget_type=\"image.default\">\n\t\t\t\t<div class=\"elementor-widget-container\">\n\t\t\t\t\t\t\t\t\t\t\t\t\t\t\t<img decoding=\"async\" width=\"240\" height=\"93\" src=\"https:\/\/www.cerege.fr\/wp-content\/uploads\/2022\/12\/nanoid-site.png\" class=\"attachment-large size-large wp-image-12042\" alt=\"\" srcset=\"https:\/\/www.cerege.fr\/wp-content\/uploads\/2022\/12\/nanoid-site.png 240w, https:\/\/www.cerege.fr\/wp-content\/uploads\/2022\/12\/nanoid-site-18x7.png 18w\" sizes=\"(max-width: 240px) 100vw, 240px\" \/>\t\t\t\t\t\t\t\t\t\t\t\t\t\t\t<\/div>\n\t\t\t\t<\/div>\n\t\t\t\t<div class=\"elementor-element elementor-element-760df906 elementor-widget elementor-widget-text-editor\" data-id=\"760df906\" data-element_type=\"widget\" data-e-type=\"widget\" data-widget_type=\"text-editor.default\">\n\t\t\t\t<div class=\"elementor-widget-container\">\n\t\t\t\t\t\t\t\t\t<p><strong>2010-2019<\/strong><\/p><p><span style=\"font-weight: normal;\"><span style=\"color: #0f72bb;\"><strong>Coordinateur du projet<\/strong><br \/><\/span><\/span>CEA-LITEN (Grenoble)<\/p><p><span style=\"font-weight: normal;\"><span style=\"color: #0f72bb;\"><strong>Responsable scientifique CEREGE<\/strong><br \/><\/span><\/span><a href=\"https:\/\/www.cerege.fr\/fr\/author\/jerome-rose\/\" target=\"_blank\" rel=\"noopener\">J\u00e9r\u00f4me Rose<\/a><\/p><p><strong>Consortium<\/strong><\/p><p>8 partenaires (dont 2 partenaires industriels) repr\u00e9sentant tous les domaines d\u2019application de la nano-s\u00e9curit\u00e9<\/p>\t\t\t\t\t\t\t\t<\/div>\n\t\t\t\t<\/div>\n\t\t\t\t<div class=\"elementor-element elementor-element-487d39c elementor-widget elementor-widget-gallery\" data-id=\"487d39c\" data-element_type=\"widget\" data-e-type=\"widget\" data-settings=\"{&quot;columns&quot;:1,&quot;lazyload&quot;:&quot;yes&quot;,&quot;gallery_layout&quot;:&quot;grid&quot;,&quot;columns_tablet&quot;:2,&quot;columns_mobile&quot;:1,&quot;gap&quot;:{&quot;unit&quot;:&quot;px&quot;,&quot;size&quot;:10,&quot;sizes&quot;:[]},&quot;gap_tablet&quot;:{&quot;unit&quot;:&quot;px&quot;,&quot;size&quot;:10,&quot;sizes&quot;:[]},&quot;gap_mobile&quot;:{&quot;unit&quot;:&quot;px&quot;,&quot;size&quot;:10,&quot;sizes&quot;:[]},&quot;link_to&quot;:&quot;file&quot;,&quot;aspect_ratio&quot;:&quot;3:2&quot;,&quot;overlay_background&quot;:&quot;yes&quot;,&quot;content_hover_animation&quot;:&quot;fade-in&quot;}\" data-widget_type=\"gallery.default\">\n\t\t\t\t<div class=\"elementor-widget-container\">\n\t\t\t\t\t\t\t<div class=\"elementor-gallery__container\">\n\t\t\t\t\t\t\t<a class=\"e-gallery-item elementor-gallery-item elementor-animated-content\" href=\"https:\/\/www.cerege.fr\/wp-content\/uploads\/2022\/12\/Partenaires-NanoID.png\" data-elementor-open-lightbox=\"yes\" data-elementor-lightbox-slideshow=\"487d39c\" data-elementor-lightbox-title=\"Partenaires NanoID\" data-e-action-hash=\"#elementor-action%3Aaction%3Dlightbox%26settings%3DeyJpZCI6MTIwNDMsInVybCI6Imh0dHBzOlwvXC93d3cuY2VyZWdlLmZyXC93cC1jb250ZW50XC91cGxvYWRzXC8yMDIyXC8xMlwvUGFydGVuYWlyZXMtTmFub0lELnBuZyIsInNsaWRlc2hvdyI6IjQ4N2QzOWMifQ%3D%3D\">\n\t\t\t\t\t<div class=\"e-gallery-image elementor-gallery-item__image\" data-thumbnail=\"https:\/\/www.cerege.fr\/wp-content\/uploads\/2022\/12\/Partenaires-NanoID-300x167.png\" data-width=\"300\" data-height=\"167\" aria-label=\"\" role=\"img\" ><\/div>\n\t\t\t\t\t\t\t\t\t\t\t<div class=\"elementor-gallery-item__overlay\"><\/div>\n\t\t\t\t\t\t\t\t\t\t\t\t\t\t<\/a>\n\t\t\t\t\t<\/div>\n\t\t\t\t\t<\/div>\n\t\t\t\t<\/div>\n\t\t\t\t<div class=\"elementor-element elementor-element-6e7df08e elementor-widget-divider--view-line elementor-widget elementor-widget-divider\" data-id=\"6e7df08e\" data-element_type=\"widget\" data-e-type=\"widget\" data-widget_type=\"divider.default\">\n\t\t\t\t<div class=\"elementor-widget-container\">\n\t\t\t\t\t\t\t<div class=\"elementor-divider\">\n\t\t\t<span class=\"elementor-divider-separator\">\n\t\t\t\t\t\t<\/span>\n\t\t<\/div>\n\t\t\t\t\t\t<\/div>\n\t\t\t\t<\/div>\n\t\t\t\t\t<\/div>\n\t\t<\/div>\n\t\t\t\t<div class=\"elementor-column elementor-col-33 elementor-inner-column elementor-element elementor-element-2e5228bc\" data-id=\"2e5228bc\" data-element_type=\"column\" data-e-type=\"column\">\n\t\t\t<div class=\"elementor-widget-wrap elementor-element-populated\">\n\t\t\t\t\t\t<div class=\"elementor-element elementor-element-4807c9f2 elementor-widget elementor-widget-text-editor\" data-id=\"4807c9f2\" data-element_type=\"widget\" data-e-type=\"widget\" data-widget_type=\"text-editor.default\">\n\t\t\t\t<div class=\"elementor-widget-container\">\n\t\t\t\t\t\t\t\t\t<p>En 2010, l\u2019<a href=\"https:\/\/anr.fr\/\" target=\"_blank\" rel=\"noopener\">Agence Nationale de la Recherche<\/a> a retenu le projet Nano-ID dans le cadre de l\u2019appel d\u2019offre EQUIPEX des <a href=\"https:\/\/www.gouvernement.fr\/le-programme-d-investissements-d-avenir\" target=\"_blank\" rel=\"noopener\">Investissements d\u2019Avenir<\/a>.<\/p><div><p class=\"rtejustify\">L\u2019objectif de \u00a0Nano-ID\u00a0(2010-2019) a \u00e9t\u00e9 de mettre en place une plateforme nationale ouverte qui r\u00e9ponde aux besoins en recherche sur les risques associ\u00e9s au d\u00e9veloppement des nanotechnologies. Cette plateforme est compos\u00e9e d\u2019\u00e9quipements de caract\u00e9risation exceptionnels et de prototypes sp\u00e9cifiques capables de <strong>d\u00e9tecter<\/strong> et d\u2019identifier la nature chimique des <strong>nanoparticules dans des matrices complexes<\/strong>\u00a0: \u00e9quipements de protection, postes de travail, milieux biologiques, plantes, nourritures, sols, boissons, etc.\u00a0<\/p><p>La plateforme Nano-ID\u00a0comprend 2 \u00e9quipements principaux (microscope \u00e9lectronique \u00e0 transmission avec une platine cryog\u00e9nique &#8211; cryoTEM, et tomographes RX &#8211; micro-CT et nano-CT)\u00a0et diff\u00e9rents outils compl\u00e9mentaires qui constituent une plateforme capable de r\u00e9aliser l\u2019identification des nanoparticules dans des medias complexes.\u00a0<\/p><\/div>\t\t\t\t\t\t\t\t<\/div>\n\t\t\t\t<\/div>\n\t\t\t\t<div class=\"elementor-element elementor-element-7db2abc elementor-widget elementor-widget-image\" data-id=\"7db2abc\" data-element_type=\"widget\" data-e-type=\"widget\" data-widget_type=\"image.default\">\n\t\t\t\t<div class=\"elementor-widget-container\">\n\t\t\t\t\t\t\t\t\t\t\t\t\t\t\t<img loading=\"lazy\" decoding=\"async\" width=\"500\" height=\"400\" src=\"https:\/\/www.cerege.fr\/wp-content\/uploads\/2022\/12\/Equipements-Nano-ID.png\" class=\"attachment-large size-large wp-image-12059\" alt=\"\" srcset=\"https:\/\/www.cerege.fr\/wp-content\/uploads\/2022\/12\/Equipements-Nano-ID.png 500w, https:\/\/www.cerege.fr\/wp-content\/uploads\/2022\/12\/Equipements-Nano-ID-300x240.png 300w, https:\/\/www.cerege.fr\/wp-content\/uploads\/2022\/12\/Equipements-Nano-ID-15x12.png 15w\" sizes=\"(max-width: 500px) 100vw, 500px\" \/>\t\t\t\t\t\t\t\t\t\t\t\t\t\t\t<\/div>\n\t\t\t\t<\/div>\n\t\t\t\t<div class=\"elementor-element elementor-element-8c3577c elementor-widget elementor-widget-text-editor\" data-id=\"8c3577c\" data-element_type=\"widget\" data-e-type=\"widget\" data-widget_type=\"text-editor.default\">\n\t\t\t\t<div class=\"elementor-widget-container\">\n\t\t\t\t\t\t\t\t\t<p>En tant que partenaire du projet, le CEREGE\u00a0a apport\u00e9 son expertise forte sur les risques li\u00e9s aux nanotechnologies. En effet, il a \u00e9t\u00e9 un des premiers laboratoire fran\u00e7ais \u00e0 avoir d\u00e9velopp\u00e9 des recherches sur cette th\u00e9matique et \u00e0 avoir structur\u00e9 une partie importante de la recherche fran\u00e7aise dans le domaine (GDRi iCEINT<em>, <\/em><a href=\"http:\/\/www.labex-serenade.fr\/\" target=\"_blank\" rel=\"noopener\">Labex Serenade<\/a>).<\/p><p>Le CEREGE a acquis en 2012 deux tomographes RX : un <a href=\"https:\/\/www.cerege.fr\/equipements\/poles-techniques\/imagerie-2d-et-3d-par-rayons-x-matrix\/outils-matrix\/\">micro-tomographe<\/a> <em>MicroXCT-400<\/em> et un <a href=\"https:\/\/www.cerege.fr\/equipements\/poles-techniques\/imagerie-2d-et-3d-par-rayons-x-matrix\/outils-matrix\/\">nano-tomographe<\/a> <em>UltraXRM-L200<\/em> commercialis\u00e9s par <em>ZEISS.\u00a0<\/em><\/p><p>Le CEREGE dispose ainsi d\u2019une plateforme d\u2019imagerie 3D multi-\u00e9chelles et \u00e0 haute r\u00e9solution spatiale (jusqu\u2019\u00e0 l\u2019\u00e9chelle nanom\u00e9trique) tr\u00e8s performante et unique en France. Ces \u00e9quipements sont venus int\u00e9grer la\u00a0plateforme d\u2019<a href=\"https:\/\/www.cerege.fr\/equipements\/poles-techniques\/imagerie-2d-et-3d-par-rayons-x-matrix\/\" target=\"_blank\" rel=\"noopener\">imagerie RX 2D et 3D &#8211; MATRIX<\/a> de l&#8217;\u00e9quipe <a href=\"https:\/\/www.cerege.fr\/sciences\/environnement-durable\/\" target=\"_blank\" rel=\"noopener\">Environnement Durable<\/a>.\u00a0<\/p>\t\t\t\t\t\t\t\t<\/div>\n\t\t\t\t<\/div>\n\t\t\t\t\t<\/div>\n\t\t<\/div>\n\t\t\t\t<div class=\"elementor-column elementor-col-33 elementor-inner-column elementor-element elementor-element-13562c15\" data-id=\"13562c15\" data-element_type=\"column\" data-e-type=\"column\">\n\t\t\t<div class=\"elementor-widget-wrap elementor-element-populated\">\n\t\t\t\t\t\t<div class=\"elementor-element elementor-element-25d19104 elementor-widget elementor-widget-video\" data-id=\"25d19104\" data-element_type=\"widget\" data-e-type=\"widget\" data-settings=\"{&quot;youtube_url&quot;:&quot;https:\\\/\\\/www.youtube.com\\\/watch?v=Pd2YF9Wm7lQ&quot;,&quot;video_type&quot;:&quot;youtube&quot;,&quot;controls&quot;:&quot;yes&quot;}\" data-widget_type=\"video.default\">\n\t\t\t\t<div class=\"elementor-widget-container\">\n\t\t\t\t\t\t\t<div class=\"elementor-wrapper elementor-open-inline\">\n\t\t\t<div class=\"elementor-video\"><\/div>\t\t<\/div>\n\t\t\t\t\t\t<\/div>\n\t\t\t\t<\/div>\n\t\t\t\t<div class=\"elementor-element elementor-element-46dc31b6 elementor-widget elementor-widget-image\" data-id=\"46dc31b6\" data-element_type=\"widget\" data-e-type=\"widget\" data-widget_type=\"image.default\">\n\t\t\t\t<div class=\"elementor-widget-container\">\n\t\t\t\t\t\t\t\t\t\t\t\t\t\t\t<img loading=\"lazy\" decoding=\"async\" width=\"800\" height=\"486\" src=\"https:\/\/www.cerege.fr\/wp-content\/uploads\/2022\/12\/nano-tomo-e1671094984604-1024x622.jpg\" class=\"attachment-large size-large wp-image-10288\" alt=\"\" srcset=\"https:\/\/www.cerege.fr\/wp-content\/uploads\/2022\/12\/nano-tomo-e1671094984604-1024x622.jpg 1024w, https:\/\/www.cerege.fr\/wp-content\/uploads\/2022\/12\/nano-tomo-e1671094984604-300x182.jpg 300w, https:\/\/www.cerege.fr\/wp-content\/uploads\/2022\/12\/nano-tomo-e1671094984604-768x466.jpg 768w, https:\/\/www.cerege.fr\/wp-content\/uploads\/2022\/12\/nano-tomo-e1671094984604-1536x933.jpg 1536w, https:\/\/www.cerege.fr\/wp-content\/uploads\/2022\/12\/nano-tomo-e1671094984604-18x12.jpg 18w, https:\/\/www.cerege.fr\/wp-content\/uploads\/2022\/12\/nano-tomo-e1671094984604-1320x802.jpg 1320w, https:\/\/www.cerege.fr\/wp-content\/uploads\/2022\/12\/nano-tomo-e1671094984604.jpg 2042w\" sizes=\"(max-width: 800px) 100vw, 800px\" \/>\t\t\t\t\t\t\t\t\t\t\t\t\t\t\t<\/div>\n\t\t\t\t<\/div>\n\t\t\t\t<div class=\"elementor-element elementor-element-b3f1976 elementor-widget elementor-widget-gallery\" data-id=\"b3f1976\" data-element_type=\"widget\" data-e-type=\"widget\" data-settings=\"{&quot;columns&quot;:2,&quot;lazyload&quot;:&quot;yes&quot;,&quot;gallery_layout&quot;:&quot;grid&quot;,&quot;columns_tablet&quot;:2,&quot;columns_mobile&quot;:1,&quot;gap&quot;:{&quot;unit&quot;:&quot;px&quot;,&quot;size&quot;:10,&quot;sizes&quot;:[]},&quot;gap_tablet&quot;:{&quot;unit&quot;:&quot;px&quot;,&quot;size&quot;:10,&quot;sizes&quot;:[]},&quot;gap_mobile&quot;:{&quot;unit&quot;:&quot;px&quot;,&quot;size&quot;:10,&quot;sizes&quot;:[]},&quot;link_to&quot;:&quot;file&quot;,&quot;aspect_ratio&quot;:&quot;3:2&quot;,&quot;overlay_background&quot;:&quot;yes&quot;,&quot;content_hover_animation&quot;:&quot;fade-in&quot;}\" data-widget_type=\"gallery.default\">\n\t\t\t\t<div class=\"elementor-widget-container\">\n\t\t\t\t\t\t\t<div class=\"elementor-gallery__container\">\n\t\t\t\t\t\t\t<a class=\"e-gallery-item elementor-gallery-item elementor-animated-content\" href=\"https:\/\/www.cerege.fr\/wp-content\/uploads\/2022\/12\/micro-tomo-MATRIX-e1671094794539.jpg\" data-elementor-open-lightbox=\"yes\" data-elementor-lightbox-slideshow=\"b3f1976\" data-elementor-lightbox-title=\"@MATRIX micro-tomo\" data-e-action-hash=\"#elementor-action%3Aaction%3Dlightbox%26settings%3DeyJpZCI6MTAyODcsInVybCI6Imh0dHBzOlwvXC93d3cuY2VyZWdlLmZyXC93cC1jb250ZW50XC91cGxvYWRzXC8yMDIyXC8xMlwvbWljcm8tdG9tby1NQVRSSVgtZTE2NzEwOTQ3OTQ1MzkuanBnIiwic2xpZGVzaG93IjoiYjNmMTk3NiJ9\">\n\t\t\t\t\t<div class=\"e-gallery-image elementor-gallery-item__image\" data-thumbnail=\"https:\/\/www.cerege.fr\/wp-content\/uploads\/2022\/12\/micro-tomo-MATRIX-e1671094794539-768x499.jpg\" data-width=\"768\" data-height=\"499\" aria-label=\"\" role=\"img\" ><\/div>\n\t\t\t\t\t\t\t\t\t\t\t<div class=\"elementor-gallery-item__overlay\"><\/div>\n\t\t\t\t\t\t\t\t\t\t\t\t\t\t<\/a>\n\t\t\t\t\t\t\t<a class=\"e-gallery-item elementor-gallery-item elementor-animated-content\" href=\"https:\/\/www.cerege.fr\/wp-content\/uploads\/2022\/11\/\u00a9CEREGE_cafe_decouverte_Matrix70.jpg\" data-elementor-open-lightbox=\"yes\" data-elementor-lightbox-slideshow=\"b3f1976\" data-elementor-lightbox-title=\"\u00a9CEREGE_Matrix_echantillons\" data-e-action-hash=\"#elementor-action%3Aaction%3Dlightbox%26settings%3DeyJpZCI6OTUwNSwidXJsIjoiaHR0cHM6XC9cL3d3dy5jZXJlZ2UuZnJcL3dwLWNvbnRlbnRcL3VwbG9hZHNcLzIwMjJcLzExXC9cdTAwYTlDRVJFR0VfY2FmZV9kZWNvdXZlcnRlX01hdHJpeDcwLmpwZyIsInNsaWRlc2hvdyI6ImIzZjE5NzYifQ%3D%3D\">\n\t\t\t\t\t<div class=\"e-gallery-image elementor-gallery-item__image\" data-thumbnail=\"https:\/\/www.cerege.fr\/wp-content\/uploads\/2022\/11\/\u00a9CEREGE_cafe_decouverte_Matrix70-768x432.jpg\" data-width=\"768\" data-height=\"432\" aria-label=\"\" role=\"img\" ><\/div>\n\t\t\t\t\t\t\t\t\t\t\t<div class=\"elementor-gallery-item__overlay\"><\/div>\n\t\t\t\t\t\t\t\t\t\t\t\t\t\t<\/a>\n\t\t\t\t\t<\/div>\n\t\t\t\t\t<\/div>\n\t\t\t\t<\/div>\n\t\t\t\t<div class=\"elementor-element elementor-element-580aafe elementor-widget-divider--view-line elementor-widget elementor-widget-divider\" data-id=\"580aafe\" data-element_type=\"widget\" data-e-type=\"widget\" data-widget_type=\"divider.default\">\n\t\t\t\t<div class=\"elementor-widget-container\">\n\t\t\t\t\t\t\t<div class=\"elementor-divider\">\n\t\t\t<span class=\"elementor-divider-separator\">\n\t\t\t\t\t\t<\/span>\n\t\t<\/div>\n\t\t\t\t\t\t<\/div>\n\t\t\t\t<\/div>\n\t\t\t\t<div class=\"elementor-element elementor-element-8fa1035 elementor-widget elementor-widget-text-editor\" data-id=\"8fa1035\" data-element_type=\"widget\" data-e-type=\"widget\" data-widget_type=\"text-editor.default\">\n\t\t\t\t<div class=\"elementor-widget-container\">\n\t\t\t\t\t\t\t\t\t<p><strong>Publications<\/strong><\/p><ul><li><a href=\"https:\/\/hal.archives-ouvertes.fr\/hal-01426266\" target=\"_blank\" rel=\"noopener\">Auffan et al., 2014, Nanotoxicology<\/a><\/li><li><a href=\"https:\/\/hal.archives-ouvertes.fr\/hal-01426098\" target=\"_blank\" rel=\"noopener\"><em>Bossa et al., 2015, Cement &amp; Concrete Research<\/em><\/a><\/li><li><a href=\"https:\/\/hal.archives-ouvertes.fr\/hal-01516961\" target=\"_blank\" rel=\"noopener\"><em>Pradas et al., 2017, Environmental Science and Technology<\/em><\/a><\/li><li><a href=\"https:\/\/hal.archives-ouvertes.fr\/hal-01566237\" target=\"_blank\" rel=\"noopener\"><em>Avellan et al., 2017, Environmental Science and Technology<\/em><\/a><\/li><li><a href=\"https:\/\/www.nature.com\/articles\/s41598-018-21862-4\" target=\"_blank\" rel=\"noopener\"><em>Chaurand et al., 2018, Scientific Reports<\/em><\/a><\/li><li><a href=\"https:\/\/hal-amu.archives-ouvertes.fr\/hal-02051803\" target=\"_blank\" rel=\"noopener\"><em>Bossa et al., 2019, Environmental Science Nano.<\/em><\/a><\/li><li><a href=\"https:\/\/hal.archives-ouvertes.fr\/hal-01981510\" target=\"_blank\" rel=\"noopener\"><em>Vermillac et al., 2019, Optical Materials<\/em><\/a><\/li><\/ul>\t\t\t\t\t\t\t\t<\/div>\n\t\t\t\t<\/div>\n\t\t\t\t\t<\/div>\n\t\t<\/div>\n\t\t\t\t\t<\/div>\n\t\t<\/section>\n\t\t\t\t\t<\/div>\n\t\t<\/div>\n\t\t\t\t\t<\/div>\n\t\t<\/section>\n\t\t\t\t<\/div>\n\t\t","protected":false},"excerpt":{"rendered":"<p>2010-2019 Coordinateur du projetCEA-LITEN (Grenoble) Responsable scientifique CEREGEJ\u00e9r\u00f4me Rose Consortium 8 partenaires (dont 2 partenaires industriels) repr\u00e9sentant tous les domaines d\u2019application de la nano-s\u00e9curit\u00e9 En 2010, l\u2019Agence Nationale de la [&hellip;]<\/p>\n","protected":false},"author":1,"featured_media":9050,"parent":858,"menu_order":56,"comment_status":"closed","ping_status":"closed","template":"","meta":{"_acf_changed":false,"footnotes":""},"class_list":["post-871","page","type-page","status-publish","has-post-thumbnail","hentry"],"acf":[],"publishpress_future_action":{"enabled":false,"date":"2026-05-18 12:12:26","action":"change-status","newStatus":"draft","terms":[],"taxonomy":"","extraData":[]},"publishpress_future_workflow_manual_trigger":{"enabledWorkflows":[]},"_links":{"self":[{"href":"https:\/\/www.cerege.fr\/fr\/wp-json\/wp\/v2\/pages\/871","targetHints":{"allow":["GET"]}}],"collection":[{"href":"https:\/\/www.cerege.fr\/fr\/wp-json\/wp\/v2\/pages"}],"about":[{"href":"https:\/\/www.cerege.fr\/fr\/wp-json\/wp\/v2\/types\/page"}],"author":[{"embeddable":true,"href":"https:\/\/www.cerege.fr\/fr\/wp-json\/wp\/v2\/users\/1"}],"replies":[{"embeddable":true,"href":"https:\/\/www.cerege.fr\/fr\/wp-json\/wp\/v2\/comments?post=871"}],"version-history":[{"count":5,"href":"https:\/\/www.cerege.fr\/fr\/wp-json\/wp\/v2\/pages\/871\/revisions"}],"predecessor-version":[{"id":13032,"href":"https:\/\/www.cerege.fr\/fr\/wp-json\/wp\/v2\/pages\/871\/revisions\/13032"}],"up":[{"embeddable":true,"href":"https:\/\/www.cerege.fr\/fr\/wp-json\/wp\/v2\/pages\/858"}],"wp:featuredmedia":[{"embeddable":true,"href":"https:\/\/www.cerege.fr\/fr\/wp-json\/wp\/v2\/media\/9050"}],"wp:attachment":[{"href":"https:\/\/www.cerege.fr\/fr\/wp-json\/wp\/v2\/media?parent=871"}],"curies":[{"name":"wp","href":"https:\/\/api.w.org\/{rel}","templated":true}]}}